{"id":13858,"date":"2021-05-10T17:18:21","date_gmt":"2021-05-10T11:48:21","guid":{"rendered":"https:\/\/www.global-csg.com\/solutions\/apollon\/"},"modified":"2024-03-21T12:32:36","modified_gmt":"2024-03-21T07:02:36","slug":"apollon","status":"publish","type":"page","link":"https:\/\/www.global-csg.com\/fr\/solutions\/apollon\/","title":{"rendered":"APOLLO\u00a9"},"content":{"rendered":"<p>[vc_row full_width=&#8221;stretch_row&#8221; bg_overlay=&#8221;dark10&#8243; css=&#8221;.vc_custom_1622642580914{margin-top: 80px !important;padding-top: 160px !important;padding-bottom: 200px !important;background-image: url(https:\/\/www.global-csg.com\/wp-content\/uploads\/2021\/06\/csg-apollo-banner.jpg?id=3819) !important;background-position: center !important;background-repeat: no-repeat !important;background-size: cover !important;}&#8221; el_class=&#8221;large-device-padding inner-page-banner&#8221;][vc_column][vc_custom_heading text=&#8221;APOLLO<sup>\u00a9<\/sup>&#8221; font_container=&#8221;tag:h1|text_align:center|color:%23ffffff&#8221; use_theme_fonts=&#8221;yes&#8221; css=&#8221;.vc_custom_1622531041618{margin-bottom: 15px !important;}&#8221;][vc_custom_heading text=&#8221;Solution de sant\u00e9 innovante pour une vie dynamique&#8221; font_container=&#8221;tag:h4|text_align:center|color:%23ffffff&#8221; use_theme_fonts=&#8221;yes&#8221; css=&#8221;.vc_custom_1620646520709{margin-bottom: 15px !important;}&#8221;][\/vc_column][\/vc_row][vc_row equal_height=&#8221;yes&#8221; css=&#8221;.vc_custom_1623388995629{margin-top: 50px !important;margin-bottom: 30px !important;}&#8221; el_class=&#8221;large-device-padding solution-inner-intro-section&#8221;][vc_column offset=&#8221;vc_col-lg-5 vc_col-md-5&#8243;][vc_custom_heading text=&#8221;APOLLO<sup>\u00a9<\/sup> vous aide&#8221; font_container=&#8221;tag:h6|text_align:left|color:%2336ab9c&#8221; use_theme_fonts=&#8221;yes&#8221; css_animation=&#8221;fadeIn&#8221; el_class=&#8221;letter-spacing-2 font-weight-600 text-uppercase&#8221;][vc_custom_heading text=&#8221;Concevez des syst\u00e8mes de sant\u00e9 nouvelle g\u00e9n\u00e9ration, compatibles avec l&apos;IoT et conviviaux pour les patients, avec t\u00e9l\u00e9m\u00e9decine int\u00e9gr\u00e9e&#8221; use_theme_fonts=&#8221;yes&#8221; css_animation=&#8221;fadeIn&#8221; css=&#8221;.vc_custom_1622633863105{margin-bottom: 30px !important;}&#8221;][vc_empty_space height=&#8221;40px&#8221; el_class=&#8221;empty_space&#8221;][\/vc_column][vc_column offset=&#8221;vc_col-lg-7 vc_col-md-7&#8243;][vc_custom_heading text=&#8221;APOLLO<sup>\u00a9<\/sup> fournit des solutions de soins de sant\u00e9 compl\u00e8tes et holistiques comprenant des syst\u00e8mes de surveillance de pointe, des \u00e9quipements de num\u00e9risation adapt\u00e9s aux patients, des appareils portables compatibles IoT et l&apos;IA pour les soins de sant\u00e9 nouvelle g\u00e9n\u00e9ration avec t\u00e9l\u00e9m\u00e9decine int\u00e9gr\u00e9e. APOLLO<sup>\u00a9<\/sup> am\u00e9liore consid\u00e9rablement les soins aux patients gr\u00e2ce \u00e0 un acc\u00e8s facile aux donn\u00e9es et \u00e0 une assistance diagnostique bas\u00e9e sur les connaissances afin d&apos;am\u00e9liorer consid\u00e9rablement l&apos;impact des prestataires de t\u00e9l\u00e9m\u00e9decine sur les r\u00e9sultats. Cette solution nouvelle g\u00e9n\u00e9ration rend des soins de sant\u00e9 de qualit\u00e9 accessibles au bas de la pyramide dans le monde entier&#8221; font_container=&#8221;tag:p|font_size:17px|text_align:left|color:%231f1f1f|line_height:28px&#8221; use_theme_fonts=&#8221;yes&#8221; css_animation=&#8221;fadeIn&#8221;][\/vc_column][\/vc_row][vc_row full_width=&#8221;stretch_row&#8221; bg_overlay=&#8221;dark20&#8243; css=&#8221;.vc_custom_1623389044056{margin-bottom: 50px !important;background-image: url(https:\/\/www.global-csg.com\/wp-content\/uploads\/2021\/06\/apollo-oneliner.jpg?id=3820) !important;background-position: center !important;background-repeat: no-repeat !important;background-size: cover !important;}&#8221; el_class=&#8221;large-device-padding solutions-bg&#8221;][vc_column css=&#8221;.vc_custom_1555507892447{padding-top: 100px !important;padding-right: 70px !important;padding-bottom: 90px !important;padding-left: 70px !important;}&#8221;][vc_row_inner][vc_column_inner][vc_custom_heading text=&#8221;APOLLO<sup>\u00a9<\/sup> am\u00e9liore consid\u00e9rablement les soins aux patients gr\u00e2ce \u00e0 un acc\u00e8s facile aux donn\u00e9es et \u00e0 une assistance diagnostique bas\u00e9e sur les connaissances&#8221; font_container=&#8221;tag:h2|text_align:center|color:%23ffffff&#8221; use_theme_fonts=&#8221;yes&#8221; css_animation=&#8221;fadeIn&#8221; el_class=&#8221;font-weight-500&#8243;][\/vc_column_inner][\/vc_row_inner][\/vc_column][\/vc_row][vc_row el_class=&#8221;large-device-padding&#8221;][vc_column][vc_row_inner equal_height=&#8221;yes&#8221; content_placement=&#8221;middle&#8221; el_class=&#8221;solutions-offer-row-desktop&#8221;][vc_column_inner width=&#8221;1\/2&#8243;][vc_custom_heading text=&#8221;Points forts de la solution&#8221; font_container=&#8221;tag:h3|text_align:left&#8221; use_theme_fonts=&#8221;yes&#8221; css=&#8221;.vc_custom_1614150480740{margin-bottom: 20px !important;}&#8221;][vc_column_text]<\/p>\n<ul>\n<li><b>Technologie des \u00e9quipements m\u00e9dicaux<\/b>\n<ul>\n<li>Syst\u00e8mes de surveillance de pointe et \u00e9quipements de num\u00e9risation adapt\u00e9s aux patients<\/li>\n<li>Appareils portables compatibles IoT pour les soins de sant\u00e9 nouvelle g\u00e9n\u00e9ration avec t\u00e9l\u00e9m\u00e9decine int\u00e9gr\u00e9e<\/li>\n<\/ul>\n<\/li>\n<li><b>Appareils portables intelligents<\/b>\n<ul>\n<li>Surveillance continue des param\u00e8tres critiques<\/li>\n<li>Intervention pr\u00e9coce et r\u00e9cup\u00e9ration plus rapide<\/li>\n<li>D\u00e9tection de mod\u00e8les autonome tirant parti de l&#8217;IA<\/li>\n<li>Acc\u00e8s facile aux dossiers de sant\u00e9 gr\u00e2ce \u00e0 l&#8217;activation du cloud<\/li>\n<li>Co\u00fbt total de possession r\u00e9duit<\/li>\n<\/ul>\n<\/li>\n<li><b>Innovations de fabrication<\/b>\n<ul>\n<li>Impression 3D pour r\u00e9duire les co\u00fbts<\/li>\n<li>Plusieurs tailles d&#8217;appareil dans une seule version<\/li>\n<li>Flexibilit\u00e9 dans la personnalisation<\/li>\n<li>Robotique et automatisation pour minimiser les erreurs humaines<\/li>\n<li>Vision industrielle pour une assurance qualit\u00e9 sup\u00e9rieure et une qualification de sortie plus rapide<\/li>\n<\/ul>\n<\/li>\n<\/ul>\n<p>[\/vc_column_text][\/vc_column_inner][vc_column_inner width=&#8221;1\/2&#8243; css=&#8221;.vc_custom_1622642619336{background-image: url(https:\/\/www.global-csg.com\/wp-content\/uploads\/2021\/06\/apollo-solution-highlights.jpg?id=3821) !important;background-position: center !important;background-repeat: no-repeat !important;background-size: cover !important;}&#8221;][vc_empty_space height=&#8221;300px&#8221;][\/vc_column_inner][\/vc_row_inner][vc_row_inner equal_height=&#8221;yes&#8221; content_placement=&#8221;middle&#8221; el_class=&#8221;solutions-offer-row-mobile&#8221;][vc_column_inner width=&#8221;1\/2&#8243; css=&#8221;.vc_custom_1622642619336{background-image: url(https:\/\/www.global-csg.com\/wp-content\/uploads\/2021\/06\/apollo-solution-highlights.jpg?id=3821) !important;background-position: center !important;background-repeat: no-repeat !important;background-size: cover !important;}&#8221;][vc_empty_space height=&#8221;300px&#8221;][\/vc_column_inner][vc_column_inner width=&#8221;1\/2&#8243;][vc_empty_space height=&#8221;30px&#8221;][vc_custom_heading text=&#8221;Points forts de la solution&#8221; font_container=&#8221;tag:h3|text_align:left&#8221; use_theme_fonts=&#8221;yes&#8221; css=&#8221;.vc_custom_1614150480740{margin-bottom: 20px !important;}&#8221;][vc_column_text]<\/p>\n<ul>\n<li><b>Technologie des \u00e9quipements m\u00e9dicaux<\/b>\n<ul>\n<li>Syst\u00e8mes de surveillance de pointe et \u00e9quipements de num\u00e9risation adapt\u00e9s aux patients<\/li>\n<li>Appareils portables compatibles IoT pour les soins de sant\u00e9 nouvelle g\u00e9n\u00e9ration avec t\u00e9l\u00e9m\u00e9decine int\u00e9gr\u00e9e<\/li>\n<\/ul>\n<\/li>\n<li><b>Appareils portables intelligents<\/b>\n<ul>\n<li>Surveillance continue des param\u00e8tres critiques<\/li>\n<li>Intervention pr\u00e9coce et r\u00e9cup\u00e9ration plus rapide<\/li>\n<li>D\u00e9tection de mod\u00e8les autonome tirant parti de l&#8217;IA<\/li>\n<li>Acc\u00e8s facile aux dossiers de sant\u00e9 gr\u00e2ce \u00e0 l&#8217;activation du cloud<\/li>\n<li>Co\u00fbt total de possession r\u00e9duit<\/li>\n<\/ul>\n<\/li>\n<li><b>Innovations de fabrication<\/b>\n<ul>\n<li>Impression 3D pour r\u00e9duire les co\u00fbts<\/li>\n<li>Plusieurs tailles d&#8217;appareil dans une seule version<\/li>\n<li>Flexibilit\u00e9 dans la personnalisation<\/li>\n<li>Robotique et automatisation pour minimiser les erreurs humaines<\/li>\n<li>Vision industrielle pour une assurance qualit\u00e9 sup\u00e9rieure et une qualification de sortie plus rapide<\/li>\n<\/ul>\n<\/li>\n<\/ul>\n<p>[\/vc_column_text][\/vc_column_inner][\/vc_row_inner][vc_empty_space height=&#8221;82px&#8221;][\/vc_column][\/vc_row][vc_row full_width=&#8221;stretch_row_content_no_spaces&#8221; equal_height=&#8221;yes&#8221; content_placement=&#8221;middle&#8221; css=&#8221;.vc_custom_1615286818220{margin-bottom: 72px !important;}&#8221;][vc_column width=&#8221;2\/3&#8243; css=&#8221;.vc_custom_1622642638644{background-image: url(https:\/\/www.global-csg.com\/wp-content\/uploads\/2021\/06\/apollo-issues-addressed.jpg?id=3822) !important;background-position: center !important;background-repeat: no-repeat !important;background-size: cover !important;}&#8221; el_class=&#8221;large-device-padding&#8221;][vc_empty_space height=&#8221;350px&#8221;][\/vc_column][vc_column width=&#8221;1\/3&#8243; css=&#8221;.vc_custom_1623389116181{padding-top: 60px !important;padding-right: 50px !important;padding-bottom: 60px !important;padding-left: 50px !important;background-color: #156272 !important;}&#8221; el_class=&#8221;large-device-padding issues-addressed&#8221;][vc_custom_heading text=&#8221;Questions abord\u00e9es&#8221; font_container=&#8221;tag:h3|text_align:left|color:%23ffffff&#8221; use_theme_fonts=&#8221;yes&#8221; css_animation=&#8221;fadeIn&#8221; css=&#8221;.vc_custom_1614150501441{margin-bottom: 20px !important;}&#8221;]<div id='ins-list-icon-69f5c994e115b' class='ins-simple-icon-list margin-20px-bottom ins-icon-list-simple list-icon-medium select   ins-animated fadeIn' ><ul class='ins-simple-icon-list-inner list-style-none no-padding'><li class='ins-list-style margin-15px-bottom position-relative'><i class='ins-icon-list-icon margin-10px-right display-inline-block position-absolute left-0 fas fa-check'><\/i> CAPEX Intensive Equipment With Very High Total Cost of Ownership<\/li><li class='ins-list-style margin-15px-bottom position-relative'><i class='ins-icon-list-icon margin-10px-right display-inline-block position-absolute left-0 fas fa-check'><\/i> Inability to Continuously Monitor Vulnerable Patients Needing Proactive and Prompt Medical Intervention<\/li><li class='ins-list-style margin-15px-bottom position-relative'><i class='ins-icon-list-icon margin-10px-right display-inline-block position-absolute left-0 fas fa-check'><\/i> Lack of Access to Specialists for Remote Patients <\/li><li class='ins-list-style margin-15px-bottom position-relative'><i class='ins-icon-list-icon margin-10px-right display-inline-block position-absolute left-0 fas fa-check'><\/i> Lack of Patient Friendly Devices Results in Clinic Walk-Ins Wasting Valuable Expert Time<\/li><li class='ins-list-style margin-15px-bottom position-relative'><i class='ins-icon-list-icon margin-10px-right display-inline-block position-absolute left-0 fas fa-check'><\/i> Lack of Data Monitoring Eliminates Early Intervention and Quicker Recovery<\/li><li class='ins-list-style margin-15px-bottom position-relative'><i class='ins-icon-list-icon margin-10px-right display-inline-block position-absolute left-0 fas fa-check'><\/i> Significant Human Error Due to Lack of Automation<\/li><\/ul><\/div><script type=\"text\/javascript\">\n\t\t(function(jQuery) {jQuery(\"head\").append(\"<style>#ins-list-icon-69f5c994e115b .ins-list-style .ins-icon-list-icon{color: #ffffff;}#ins-list-icon-69f5c994e115b .ins-list-style{color: #ffffff;}<\/style>\")\n\t\t\t\t\t})(jQuery);\n\t\t\t\t\t\t<\/script>[\/vc_column][\/vc_row][vc_row full_width=&#8221;stretch_row&#8221; el_class=&#8221;large-device-padding&#8221;][vc_column][vc_custom_heading text=&#8221;R\u00e9sultats&#8221; font_container=&#8221;tag:h2|text_align:center&#8221; use_theme_fonts=&#8221;yes&#8221; css_animation=&#8221;fadeIn&#8221; css=&#8221;.vc_custom_1614150663314{margin-bottom: 20px !important;}&#8221;][vc_separator color=&#8221;custom&#8221; border_width=&#8221;3&#8243; el_width=&#8221;10&#8243; accent_color=&#8221;#156272&#8243;][vc_row_inner gap=&#8221;30&#8243;][vc_column_inner width=&#8221;1\/2&#8243;]<div id='ins-icon-69f5c994e124b' class='ins-float-icon-wrapper margin-20px-bottom ins-icon-box-align-left-basic   ins-animated fadeInUp' ><div class='ins-float-icon-inner custom-icon-box-img-main position-relative'><img src='https:\/\/www.global-csg.com\/wp-content\/uploads\/2021\/06\/1-7.png' alt='custom-icon'><\/div><div class='ins-float-icon-box-content ins-float-custom-icon-box-content'><div class='last-paragraph-no-margin'><p class='ins-float-icon-box-text  default'>NextGen Healthcare with Integrated Telemedicine<\/p><\/div><\/div><\/div><script type=\"text\/javascript\">\n\t\t(function(jQuery) {\n\t\t\t\t\t})(jQuery);\n\t\t\t\t\t\t<\/script>[\/vc_column_inner][vc_column_inner width=&#8221;1\/2&#8243;]<div id='ins-icon-69f5c994e1bc6' class='ins-float-icon-wrapper margin-20px-bottom ins-icon-box-align-left-basic   ins-animated fadeInUp' ><div class='ins-float-icon-inner custom-icon-box-img-main position-relative'><img src='https:\/\/www.global-csg.com\/wp-content\/uploads\/2021\/06\/2-8.png' alt='custom-icon'><\/div><div class='ins-float-icon-box-content ins-float-custom-icon-box-content'><div class='last-paragraph-no-margin'><p class='ins-float-icon-box-text  default'>Ready Access to Data and Knowledge Based Diagnostic Support<\/p><\/div><\/div><\/div><script type=\"text\/javascript\">\n\t\t(function(jQuery) {\n\t\t\t\t\t})(jQuery);\n\t\t\t\t\t\t<\/script>[\/vc_column_inner][\/vc_row_inner][vc_row_inner gap=&#8221;30&#8243;][vc_column_inner width=&#8221;1\/2&#8243;]<div id='ins-icon-69f5c994e219c' class='ins-float-icon-wrapper margin-20px-bottom ins-icon-box-align-left-basic   ins-animated fadeInUp' data-animation-delay=200><div class='ins-float-icon-inner custom-icon-box-img-main position-relative'><img src='https:\/\/www.global-csg.com\/wp-content\/uploads\/2021\/06\/3-8.png' alt='custom-icon'><\/div><div class='ins-float-icon-box-content ins-float-custom-icon-box-content'><div class='last-paragraph-no-margin'><p class='ins-float-icon-box-text  default'>Telemedicine\u2019s Impact on Outcomes Significantly Enhanced<\/p><\/div><\/div><\/div><script type=\"text\/javascript\">\n\t\t(function(jQuery) {\n\t\t\t\t\t})(jQuery);\n\t\t\t\t\t\t<\/script>[\/vc_column_inner][vc_column_inner width=&#8221;1\/2&#8243;]<div id='ins-icon-69f5c994e2713' class='ins-float-icon-wrapper margin-20px-bottom ins-icon-box-align-left-basic   ins-animated fadeInUp' data-animation-delay=200><div class='ins-float-icon-inner custom-icon-box-img-main position-relative'><img src='https:\/\/www.global-csg.com\/wp-content\/uploads\/2021\/06\/4-8.png' alt='custom-icon'><\/div><div class='ins-float-icon-box-content ins-float-custom-icon-box-content'><div class='last-paragraph-no-margin'><p class='ins-float-icon-box-text  default'>State-of-the-Art Monitoring Systems<\/p><\/div><\/div><\/div><script type=\"text\/javascript\">\n\t\t(function(jQuery) {\n\t\t\t\t\t})(jQuery);\n\t\t\t\t\t\t<\/script>[\/vc_column_inner][\/vc_row_inner][vc_row_inner gap=&#8221;30&#8243;][vc_column_inner width=&#8221;1\/2&#8243;]<div id='ins-icon-69f5c994e2c75' class='ins-float-icon-wrapper margin-20px-bottom ins-icon-box-align-left-basic   ins-animated fadeInUp' data-animation-delay=400><div class='ins-float-icon-inner custom-icon-box-img-main position-relative'><img src='https:\/\/www.global-csg.com\/wp-content\/uploads\/2021\/06\/5-5.png' alt='custom-icon'><\/div><div class='ins-float-icon-box-content ins-float-custom-icon-box-content'><div class='last-paragraph-no-margin'><p class='ins-float-icon-box-text  default'>Patient Friendly Scanning Equipment<\/p><\/div><\/div><\/div><script type=\"text\/javascript\">\n\t\t(function(jQuery) {\n\t\t\t\t\t})(jQuery);\n\t\t\t\t\t\t<\/script>[\/vc_column_inner][vc_column_inner width=&#8221;1\/2&#8243;]<div id='ins-icon-69f5c994e31b2' class='ins-float-icon-wrapper margin-20px-bottom ins-icon-box-align-left-basic   ins-animated fadeInUp' data-animation-delay=400><div class='ins-float-icon-inner custom-icon-box-img-main position-relative'><img src='https:\/\/www.global-csg.com\/wp-content\/uploads\/2021\/06\/6-3.png' alt='custom-icon'><\/div><div class='ins-float-icon-box-content ins-float-custom-icon-box-content'><div class='last-paragraph-no-margin'><p class='ins-float-icon-box-text  default'>Healthcare Accessible to the Bottom of the Pyramid<\/p><\/div><\/div><\/div><script type=\"text\/javascript\">\n\t\t(function(jQuery) {\n\t\t\t\t\t})(jQuery);\n\t\t\t\t\t\t<\/script>[\/vc_column_inner][\/vc_row_inner][vc_empty_space height=&#8221;62px&#8221;][\/vc_column][\/vc_row][vc_row full_width=&#8221;stretch_row&#8221; bg_overlay=&#8221;dark40&#8243; css=&#8221;.vc_custom_1629517000030{background-color: #129eba !important;}&#8221; el_class=&#8221;large-device-padding&#8221;][vc_column][vc_empty_space height=&#8221;40px&#8221;][vc_custom_heading text=&#8221;Collaborons ensemble&#8221; font_container=&#8221;tag:h2|text_align:center|color:%23ffffff&#8221; use_theme_fonts=&#8221;yes&#8221; css_animation=&#8221;fadeIn&#8221; css=&#8221;.vc_custom_1617088601108{margin-bottom: 25px !important;}&#8221;][vc_row_inner][vc_column_inner width=&#8221;1\/6&#8243;][\/vc_column_inner][vc_column_inner width=&#8221;2\/3&#8243;][vc_custom_heading text=&#8221;Mettez nos plateformes et nos solutions \u00e9prouv\u00e9es \u00e0 votre service pour fa\u00e7onner l&apos;avenir.&#8221; font_container=&#8221;tag:p|font_size:17px|text_align:center|color:%23ffffff|line_height:28px&#8221; use_theme_fonts=&#8221;yes&#8221; css_animation=&#8221;fadeIn&#8221; css=&#8221;.vc_custom_1617088613726{margin-bottom: 10px !important;padding-right: 12% !important;padding-left: 12% !important;}&#8221;][\/vc_column_inner][vc_column_inner width=&#8221;1\/6&#8243;][\/vc_column_inner][\/vc_row_inner][vc_raw_html]PGRpdiBpZD0iaW5zLWJ1dHRvbi02MDY1ODc2MWUxMmRlIiBjbGFzcz0iaW5zLWJ1dHRvbi13cmFwcGVyIHRleHQtY2VudGVyIDMwcHggaW5zLWFuaW1hdGVkIGZhZGVJblVwIGlucy1hbmltYXRlIiBkYXRhLWFuaW1hdGlvbi1kZWxheT0iMjAwIj48YSBjbGFzcz0iaW5zLWJ1dHRvbiB0aXRsZS1mb250IGxldHRlci1zcGFjaW5nLTEgdGV4dC13aGl0ZSBwYy1ib3JkZXIgcGMtYmcgYnRuLXNxdWFyZSBmb250LXdlaWdodC02MDAgYnRuLW1lZGl1bSB0ZXh0LXVwcGVyY2FzZSAiIGRhdGEtdG9nZ2xlPSJtb2RhbCIgZGF0YS10YXJnZXQ9IiNwb3B1cC1tb2RhbCI+Q09OVEFDVDwvYT48L2Rpdj4=[\/vc_raw_html][vc_empty_space height=&#8221;60px&#8221;][\/vc_column][\/vc_row]<\/p>\n","protected":false},"excerpt":{"rendered":"<p>[vc_row full_width=&#8221;stretch_row&#8221; bg_overlay=&#8221;dark10&#8243; css=&#8221;.vc_custom_1622642580914{margin-top: 80px !important;padding-top: 160px !important;padding-bottom: 200px !important;background-image: url(https:\/\/www.global-csg.com\/wp-content\/uploads\/2021\/06\/csg-apollo-banner.jpg?id=3819) !important;background-position: center !important;background-repeat: no-repeat !important;background-size: cover !important;}&#8221; el_class=&#8221;large-device-padding inner-page-banner&#8221;][vc_column][vc_custom_heading [&hellip;]<\/p>\n","protected":false},"author":1,"featured_media":0,"parent":13335,"menu_order":0,"comment_status":"closed","ping_status":"closed","template":"","meta":{"footnotes":""},"class_list":["post-13858","page","type-page","status-publish","hentry"],"_links":{"self":[{"href":"https:\/\/www.global-csg.com\/fr\/wp-json\/wp\/v2\/pages\/13858","targetHints":{"allow":["GET"]}}],"collection":[{"href":"https:\/\/www.global-csg.com\/fr\/wp-json\/wp\/v2\/pages"}],"about":[{"href":"https:\/\/www.global-csg.com\/fr\/wp-json\/wp\/v2\/types\/page"}],"author":[{"embeddable":true,"href":"https:\/\/www.global-csg.com\/fr\/wp-json\/wp\/v2\/users\/1"}],"replies":[{"embeddable":true,"href":"https:\/\/www.global-csg.com\/fr\/wp-json\/wp\/v2\/comments?post=13858"}],"version-history":[{"count":0,"href":"https:\/\/www.global-csg.com\/fr\/wp-json\/wp\/v2\/pages\/13858\/revisions"}],"up":[{"embeddable":true,"href":"https:\/\/www.global-csg.com\/fr\/wp-json\/wp\/v2\/pages\/13335"}],"wp:attachment":[{"href":"https:\/\/www.global-csg.com\/fr\/wp-json\/wp\/v2\/media?parent=13858"}],"curies":[{"name":"wp","href":"https:\/\/api.w.org\/{rel}","templated":true}]}}