{"id":13847,"date":"2021-05-10T17:24:04","date_gmt":"2021-05-10T11:54:04","guid":{"rendered":"https:\/\/www.global-csg.com\/solutions\/digiauto\/"},"modified":"2024-03-21T12:32:45","modified_gmt":"2024-03-21T07:02:45","slug":"digiauto","status":"publish","type":"page","link":"https:\/\/www.global-csg.com\/fr\/solutions\/digiauto\/","title":{"rendered":"DIGIAUTO\u00a9"},"content":{"rendered":"<p>[vc_row full_width=&#8221;stretch_row&#8221; bg_overlay=&#8221;dark10&#8243; css=&#8221;.vc_custom_1622642814974{margin-top: 80px !important;padding-top: 160px !important;padding-bottom: 200px !important;background-image: url(https:\/\/www.global-csg.com\/wp-content\/uploads\/2021\/06\/csg-digiauto-banner.jpg?id=3825) !important;background-position: center !important;background-repeat: no-repeat !important;background-size: cover !important;}&#8221; el_class=&#8221;large-device-padding inner-page-banner&#8221;][vc_column][vc_custom_heading text=&#8221;DIGIAUTO<sup>\u00a9<\/sup>&#8221; font_container=&#8221;tag:h1|text_align:center|color:%23ffffff&#8221; use_theme_fonts=&#8221;yes&#8221; css=&#8221;.vc_custom_1622531223082{margin-bottom: 15px !important;}&#8221;][vc_custom_heading text=&#8221;Innovation num\u00e9rique pour les v\u00e9hicules nouvelle g\u00e9n\u00e9ration&#8221; font_container=&#8221;tag:h4|text_align:center|color:%23ffffff&#8221; use_theme_fonts=&#8221;yes&#8221; css=&#8221;.vc_custom_1620647398737{margin-bottom: 15px !important;}&#8221;][\/vc_column][\/vc_row][vc_row equal_height=&#8221;yes&#8221; css=&#8221;.vc_custom_1623389201920{margin-top: 50px !important;margin-bottom: 20px !important;}&#8221; el_class=&#8221;large-device-padding solution-inner-intro-section&#8221;][vc_column offset=&#8221;vc_col-lg-5 vc_col-md-5&#8243;][vc_custom_heading text=&#8221;DIGIAUTO<sup>\u00a9<\/sup> vous aide&#8221; font_container=&#8221;tag:h6|text_align:left|color:%2336ab9c&#8221; use_theme_fonts=&#8221;yes&#8221; css_animation=&#8221;fadeIn&#8221; el_class=&#8221;letter-spacing-2 font-weight-600 text-uppercase&#8221;][vc_custom_heading text=&#8221;D\u00e9ployez l&apos;ADAS nouvelle g\u00e9n\u00e9ration, la s\u00e9curit\u00e9, l&apos;infodivertissement, la t\u00e9l\u00e9matique et les derni\u00e8res solutions EV int\u00e9gr\u00e9es&#8221; use_theme_fonts=&#8221;yes&#8221; css_animation=&#8221;fadeIn&#8221; css=&#8221;.vc_custom_1622634132916{margin-bottom: 30px !important;}&#8221;][vc_empty_space height=&#8221;40px&#8221; el_class=&#8221;empty_space&#8221;][\/vc_column][vc_column offset=&#8221;vc_col-lg-7 vc_col-md-7&#8243;][vc_custom_heading text=&#8221;DIGIAUTO<sup>\u00a9<\/sup> de CREATIVE propose une vari\u00e9t\u00e9 de solutions automobiles pour r\u00e9aliser la vision des v\u00e9hicules nouvelle g\u00e9n\u00e9ration en utilisant des technologies num\u00e9riques innovantes. DIGIAUTO<sup>\u00a9<\/sup> permet l&apos;\u00e9lectrification, l&apos;autonomie, la connectivit\u00e9 et la mobilit\u00e9 partag\u00e9e en plus d&apos;offrir des exp\u00e9riences substantiellement innovantes et riches au client. Notre pile de solutions englobe les ADAS, les solutions EV, la s\u00e9curit\u00e9 du conducteur et des passagers et des solutions r\u00e9volutionnaires en cabine pour l&apos;infodivertissement et la t\u00e9l\u00e9matique int\u00e9gr\u00e9s.&#8221; font_container=&#8221;tag:p|font_size:17px|text_align:left|color:%231f1f1f|line_height:28px&#8221; use_theme_fonts=&#8221;yes&#8221; css_animation=&#8221;fadeIn&#8221;][vc_empty_space height=&#8221;40px&#8221;][\/vc_column][\/vc_row][vc_row full_width=&#8221;stretch_row&#8221; bg_overlay=&#8221;dark10&#8243; css=&#8221;.vc_custom_1623389237701{margin-bottom: 50px !important;background-image: url(https:\/\/www.global-csg.com\/wp-content\/uploads\/2021\/06\/digiauto-oneliner.jpg?id=3826) !important;background-position: center !important;background-repeat: no-repeat !important;background-size: cover !important;}&#8221; el_class=&#8221;large-device-padding solutions-bg&#8221;][vc_column css=&#8221;.vc_custom_1555507892447{padding-top: 100px !important;padding-right: 70px !important;padding-bottom: 90px !important;padding-left: 70px !important;}&#8221;][vc_row_inner][vc_column_inner][vc_custom_heading text=&#8221;DIGIAUTO<sup>\u00a9<\/sup> alimente l&apos;ADAS, l&apos;infodivertissement et la t\u00e9l\u00e9matique nouvelle g\u00e9n\u00e9ration et offre une exp\u00e9rience client r\u00e9volutionnaire&#8221; font_container=&#8221;tag:h2|text_align:center|color:%23ffffff&#8221; use_theme_fonts=&#8221;yes&#8221; css_animation=&#8221;fadeIn&#8221; el_class=&#8221;font-weight-500&#8243;][\/vc_column_inner][\/vc_row_inner][\/vc_column][\/vc_row][vc_row el_class=&#8221;large-device-padding&#8221;][vc_column][vc_row_inner equal_height=&#8221;yes&#8221; content_placement=&#8221;middle&#8221; el_class=&#8221;solutions-offer-row-desktop&#8221;][vc_column_inner width=&#8221;1\/2&#8243;][vc_custom_heading text=&#8221;Points forts de la solution&#8221; font_container=&#8221;tag:h3|text_align:left&#8221; use_theme_fonts=&#8221;yes&#8221; css=&#8221;.vc_custom_1614150480740{margin-bottom: 20px !important;}&#8221;][vc_column_text]<\/p>\n<ul>\n<li>Assistance \u00e0 la conduite\/v\u00e9hicules sans conducteur avec correction de sortie de voie, d\u00e9tection d&#8217;angle mort et avertissement de collision<\/li>\n<li>Descente en c\u00f4te, ABS, r\u00e9gulateur de vitesse adaptatif, aide au stationnement et d\u00e9tection d&#8217;objets<\/li>\n<li>Lecteur audio int\u00e9gr\u00e9, radio, GPS, Bluetooth mains libres<\/li>\n<li>Reconnaissance vocale automatique, synth\u00e8se vocale, GSM\/GPRS, int\u00e9gration de capteurs et de commandes<\/li>\n<li>Syst\u00e8mes de gestion de batterie et robots de chargement<\/li>\n<\/ul>\n<p>[\/vc_column_text][\/vc_column_inner][vc_column_inner width=&#8221;1\/2&#8243; css=&#8221;.vc_custom_1622642777123{background-image: url(https:\/\/www.global-csg.com\/wp-content\/uploads\/2021\/06\/digiauto-solution-highlights.jpg?id=3827) !important;background-position: center !important;background-repeat: no-repeat !important;background-size: cover !important;}&#8221;][vc_empty_space height=&#8221;300px&#8221;][\/vc_column_inner][\/vc_row_inner][vc_row_inner equal_height=&#8221;yes&#8221; content_placement=&#8221;middle&#8221; el_class=&#8221;solutions-offer-row-mobile&#8221;][vc_column_inner width=&#8221;1\/2&#8243; css=&#8221;.vc_custom_1622642777123{background-image: url(https:\/\/www.global-csg.com\/wp-content\/uploads\/2021\/06\/digiauto-solution-highlights.jpg?id=3827) !important;background-position: center !important;background-repeat: no-repeat !important;background-size: cover !important;}&#8221;][vc_empty_space height=&#8221;300px&#8221;][\/vc_column_inner][vc_column_inner width=&#8221;1\/2&#8243;][vc_empty_space height=&#8221;30px&#8221;][vc_custom_heading text=&#8221;Points forts de la solution&#8221; font_container=&#8221;tag:h3|text_align:left&#8221; use_theme_fonts=&#8221;yes&#8221; css=&#8221;.vc_custom_1614150480740{margin-bottom: 20px !important;}&#8221;][vc_column_text]<\/p>\n<ul>\n<li>Assistance \u00e0 la conduite\/v\u00e9hicules sans conducteur avec correction de sortie de voie, d\u00e9tection d&#8217;angle mort et avertissement de collision<\/li>\n<li>Descente en c\u00f4te, ABS, r\u00e9gulateur de vitesse adaptatif, aide au stationnement et d\u00e9tection d&#8217;objets<\/li>\n<li>Lecteur audio int\u00e9gr\u00e9, radio, GPS, Bluetooth mains libres<\/li>\n<li>Reconnaissance vocale automatique, synth\u00e8se vocale, GSM\/GPRS, int\u00e9gration de capteurs et de commandes<\/li>\n<li>Syst\u00e8mes de gestion de batterie et robots de chargement<\/li>\n<\/ul>\n<p>[\/vc_column_text][\/vc_column_inner][\/vc_row_inner][vc_empty_space height=&#8221;82px&#8221;][\/vc_column][\/vc_row][vc_row full_width=&#8221;stretch_row_content_no_spaces&#8221; equal_height=&#8221;yes&#8221; content_placement=&#8221;middle&#8221; css=&#8221;.vc_custom_1615286818220{margin-bottom: 72px !important;}&#8221;][vc_column width=&#8221;2\/3&#8243; css=&#8221;.vc_custom_1622642797691{background-image: url(https:\/\/www.global-csg.com\/wp-content\/uploads\/2021\/06\/digiauto-issues-addressed.jpg?id=3828) !important;background-position: center !important;background-repeat: no-repeat !important;background-size: cover !important;}&#8221; el_class=&#8221;large-device-padding&#8221;][vc_empty_space height=&#8221;350px&#8221;][\/vc_column][vc_column width=&#8221;1\/3&#8243; css=&#8221;.vc_custom_1623389337569{padding-top: 60px !important;padding-right: 50px !important;padding-bottom: 60px !important;padding-left: 50px !important;background-color: #156272 !important;}&#8221; el_class=&#8221;large-device-padding issues-addressed&#8221;][vc_custom_heading text=&#8221;Questions abord\u00e9es&#8221; font_container=&#8221;tag:h3|text_align:left|color:%23ffffff&#8221; use_theme_fonts=&#8221;yes&#8221; css_animation=&#8221;fadeIn&#8221; css=&#8221;.vc_custom_1614150501441{margin-bottom: 20px !important;}&#8221;]<div id='ins-list-icon-6a04dfe15804a' class='ins-simple-icon-list margin-20px-bottom ins-icon-list-simple list-icon-medium select   ins-animated fadeIn' ><ul class='ins-simple-icon-list-inner list-style-none no-padding'><li class='ins-list-style margin-15px-bottom position-relative'><i class='ins-icon-list-icon margin-10px-right display-inline-block position-absolute left-0 fas fa-check'><\/i> Customer Experience Customization is Very Limited <\/li><li class='ins-list-style margin-15px-bottom position-relative'><i class='ins-icon-list-icon margin-10px-right display-inline-block position-absolute left-0 fas fa-check'><\/i> Incremental Cost of Ownership is High and Increases with Time<\/li><li class='ins-list-style margin-15px-bottom position-relative'><i class='ins-icon-list-icon margin-10px-right display-inline-block position-absolute left-0 fas fa-check'><\/i> Vehicle Service and After Sales Products are Still Driven by Legacy Processes<\/li><li class='ins-list-style margin-15px-bottom position-relative'><i class='ins-icon-list-icon margin-10px-right display-inline-block position-absolute left-0 fas fa-check'><\/i> Vehicle Operation and Maintenance Driven by Legacy Schedules and Not on Actual Vehicle Parameters and Usage Patterns<\/li><li class='ins-list-style margin-15px-bottom position-relative'><i class='ins-icon-list-icon margin-10px-right display-inline-block position-absolute left-0 fas fa-check'><\/i> Opportunities to Reduce Carbon Footprint Not Fully Realized<\/li><\/ul><\/div><script type=\"text\/javascript\">\n\t\t(function(jQuery) {jQuery(\"head\").append(\"<style>#ins-list-icon-6a04dfe15804a .ins-list-style .ins-icon-list-icon{color: #ffffff;}#ins-list-icon-6a04dfe15804a .ins-list-style{color: #ffffff;}<\/style>\")\n\t\t\t\t\t})(jQuery);\n\t\t\t\t\t\t<\/script>[\/vc_column][\/vc_row][vc_row full_width=&#8221;stretch_row&#8221; el_class=&#8221;large-device-padding&#8221;][vc_column][vc_custom_heading text=&#8221;R\u00e9sultats&#8221; font_container=&#8221;tag:h2|text_align:center&#8221; use_theme_fonts=&#8221;yes&#8221; css_animation=&#8221;fadeIn&#8221; css=&#8221;.vc_custom_1614150663314{margin-bottom: 20px !important;}&#8221;][vc_separator color=&#8221;custom&#8221; border_width=&#8221;3&#8243; el_width=&#8221;10&#8243; accent_color=&#8221;#156272&#8243;][vc_row_inner gap=&#8221;30&#8243;][vc_column_inner width=&#8221;1\/2&#8243;]<div id='ins-icon-6a04dfe15811e' class='ins-float-icon-wrapper margin-20px-bottom ins-icon-box-align-left-basic   ins-animated fadeInUp' ><div class='ins-float-icon-inner custom-icon-box-img-main position-relative'><img src='https:\/\/www.global-csg.com\/wp-content\/uploads\/2021\/06\/1-8.png' alt='custom-icon'><\/div><div class='ins-float-icon-box-content ins-float-custom-icon-box-content'><div class='last-paragraph-no-margin'><p class='ins-float-icon-box-text  default'>Significantly Improved Customer Experience<\/p><\/div><\/div><\/div><script type=\"text\/javascript\">\n\t\t(function(jQuery) {\n\t\t\t\t\t})(jQuery);\n\t\t\t\t\t\t<\/script>[\/vc_column_inner][vc_column_inner width=&#8221;1\/2&#8243;]<div id='ins-icon-6a04dfe1585c3' class='ins-float-icon-wrapper margin-20px-bottom ins-icon-box-align-left-basic   ins-animated fadeInUp' ><div class='ins-float-icon-inner custom-icon-box-img-main position-relative'><img src='https:\/\/www.global-csg.com\/wp-content\/uploads\/2021\/06\/2-9.png' alt='custom-icon'><\/div><div class='ins-float-icon-box-content ins-float-custom-icon-box-content'><div class='last-paragraph-no-margin'><p class='ins-float-icon-box-text  default'>Lower Total Cost of Ownership and Improved Return on Investment<\/p><\/div><\/div><\/div><script type=\"text\/javascript\">\n\t\t(function(jQuery) {\n\t\t\t\t\t})(jQuery);\n\t\t\t\t\t\t<\/script>[\/vc_column_inner][\/vc_row_inner][vc_row_inner gap=&#8221;30&#8243;][vc_column_inner width=&#8221;1\/2&#8243;]<div id='ins-icon-6a04dfe1589c4' class='ins-float-icon-wrapper margin-20px-bottom ins-icon-box-align-left-basic   ins-animated fadeInUp' data-animation-delay=200><div class='ins-float-icon-inner custom-icon-box-img-main position-relative'><img src='https:\/\/www.global-csg.com\/wp-content\/uploads\/2021\/06\/3-9.png' alt='custom-icon'><\/div><div class='ins-float-icon-box-content ins-float-custom-icon-box-content'><div class='last-paragraph-no-margin'><p class='ins-float-icon-box-text  default'>Data Analytics Driven Customized Service and Increased After Sales Revenue<\/p><\/div><\/div><\/div><script type=\"text\/javascript\">\n\t\t(function(jQuery) {\n\t\t\t\t\t})(jQuery);\n\t\t\t\t\t\t<\/script>[\/vc_column_inner][vc_column_inner width=&#8221;1\/2&#8243;]<div id='ins-icon-6a04dfe158dc9' class='ins-float-icon-wrapper margin-20px-bottom ins-icon-box-align-left-basic   ins-animated fadeInUp' data-animation-delay=200><div class='ins-float-icon-inner custom-icon-box-img-main position-relative'><img src='https:\/\/www.global-csg.com\/wp-content\/uploads\/2021\/06\/4-9.png' alt='custom-icon'><\/div><div class='ins-float-icon-box-content ins-float-custom-icon-box-content'><div class='last-paragraph-no-margin'><p class='ins-float-icon-box-text  default'>Enhanced Revenues and Sticky Customers<\/p><\/div><\/div><\/div><script type=\"text\/javascript\">\n\t\t(function(jQuery) {\n\t\t\t\t\t})(jQuery);\n\t\t\t\t\t\t<\/script>[\/vc_column_inner][\/vc_row_inner][vc_row_inner gap=&#8221;30&#8243;][vc_column_inner width=&#8221;1\/2&#8243;]<div id='ins-icon-6a04dfe159239' class='ins-float-icon-wrapper margin-20px-bottom ins-icon-box-align-left-basic   ins-animated fadeInUp' data-animation-delay=400><div class='ins-float-icon-inner custom-icon-box-img-main position-relative'><img src='https:\/\/www.global-csg.com\/wp-content\/uploads\/2021\/06\/5-6.png' alt='custom-icon'><\/div><div class='ins-float-icon-box-content ins-float-custom-icon-box-content'><div class='last-paragraph-no-margin'><p class='ins-float-icon-box-text  default'>Substantial Savings on Vehicle Operations<\/p><\/div><\/div><\/div><script type=\"text\/javascript\">\n\t\t(function(jQuery) {\n\t\t\t\t\t})(jQuery);\n\t\t\t\t\t\t<\/script>[\/vc_column_inner][vc_column_inner width=&#8221;1\/2&#8243;]<div id='ins-icon-6a04dfe159668' class='ins-float-icon-wrapper margin-20px-bottom ins-icon-box-align-left-basic   ins-animated fadeInUp' data-animation-delay=400><div class='ins-float-icon-inner custom-icon-box-img-main position-relative'><img src='https:\/\/www.global-csg.com\/wp-content\/uploads\/2021\/06\/6-4.png' alt='custom-icon'><\/div><div class='ins-float-icon-box-content ins-float-custom-icon-box-content'><div class='last-paragraph-no-margin'><p class='ins-float-icon-box-text  default'>Reduced Carbon Footprint<\/p><\/div><\/div><\/div><script type=\"text\/javascript\">\n\t\t(function(jQuery) {\n\t\t\t\t\t})(jQuery);\n\t\t\t\t\t\t<\/script>[\/vc_column_inner][\/vc_row_inner][vc_empty_space height=&#8221;62px&#8221;][\/vc_column][\/vc_row][vc_row full_width=&#8221;stretch_row&#8221; bg_overlay=&#8221;dark40&#8243; css=&#8221;.vc_custom_1629517084092{background-color: #129eba !important;}&#8221; el_class=&#8221;large-device-padding&#8221;][vc_column][vc_empty_space height=&#8221;40px&#8221;][vc_custom_heading text=&#8221;Collaborons ensemble&#8221; font_container=&#8221;tag:h2|text_align:center|color:%23ffffff&#8221; use_theme_fonts=&#8221;yes&#8221; css_animation=&#8221;fadeIn&#8221; css=&#8221;.vc_custom_1617088601108{margin-bottom: 25px !important;}&#8221;][vc_row_inner][vc_column_inner width=&#8221;1\/6&#8243;][\/vc_column_inner][vc_column_inner width=&#8221;2\/3&#8243;][vc_custom_heading text=&#8221;Mettez nos plateformes et nos solutions \u00e9prouv\u00e9es \u00e0 votre service pour fa\u00e7onner l&apos;avenir.&#8221; font_container=&#8221;tag:p|font_size:17px|text_align:center|color:%23ffffff|line_height:28px&#8221; use_theme_fonts=&#8221;yes&#8221; css_animation=&#8221;fadeIn&#8221; css=&#8221;.vc_custom_1617088613726{margin-bottom: 10px !important;padding-right: 12% !important;padding-left: 12% !important;}&#8221;][\/vc_column_inner][vc_column_inner width=&#8221;1\/6&#8243;][\/vc_column_inner][\/vc_row_inner][vc_raw_html]PGRpdiBpZD0iaW5zLWJ1dHRvbi02MDY1ODc2MWUxMmRlIiBjbGFzcz0iaW5zLWJ1dHRvbi13cmFwcGVyIHRleHQtY2VudGVyIDMwcHggaW5zLWFuaW1hdGVkIGZhZGVJblVwIGlucy1hbmltYXRlIiBkYXRhLWFuaW1hdGlvbi1kZWxheT0iMjAwIj48YSBjbGFzcz0iaW5zLWJ1dHRvbiB0aXRsZS1mb250IGxldHRlci1zcGFjaW5nLTEgdGV4dC13aGl0ZSBwYy1ib3JkZXIgcGMtYmcgYnRuLXNxdWFyZSBmb250LXdlaWdodC02MDAgYnRuLW1lZGl1bSB0ZXh0LXVwcGVyY2FzZSAiIGRhdGEtdG9nZ2xlPSJtb2RhbCIgZGF0YS10YXJnZXQ9IiNwb3B1cC1tb2RhbCI+Q09OVEFDVDwvYT48L2Rpdj4=[\/vc_raw_html][vc_empty_space height=&#8221;60px&#8221;][\/vc_column][\/vc_row]<\/p>\n","protected":false},"excerpt":{"rendered":"<p>[vc_row full_width=&#8221;stretch_row&#8221; bg_overlay=&#8221;dark10&#8243; css=&#8221;.vc_custom_1622642814974{margin-top: 80px !important;padding-top: 160px !important;padding-bottom: 200px !important;background-image: url(https:\/\/www.global-csg.com\/wp-content\/uploads\/2021\/06\/csg-digiauto-banner.jpg?id=3825) !important;background-position: center !important;background-repeat: no-repeat !important;background-size: cover !important;}&#8221; el_class=&#8221;large-device-padding inner-page-banner&#8221;][vc_column][vc_custom_heading [&hellip;]<\/p>\n","protected":false},"author":1,"featured_media":0,"parent":13335,"menu_order":0,"comment_status":"closed","ping_status":"closed","template":"","meta":{"footnotes":""},"class_list":["post-13847","page","type-page","status-publish","hentry"],"_links":{"self":[{"href":"https:\/\/www.global-csg.com\/fr\/wp-json\/wp\/v2\/pages\/13847","targetHints":{"allow":["GET"]}}],"collection":[{"href":"https:\/\/www.global-csg.com\/fr\/wp-json\/wp\/v2\/pages"}],"about":[{"href":"https:\/\/www.global-csg.com\/fr\/wp-json\/wp\/v2\/types\/page"}],"author":[{"embeddable":true,"href":"https:\/\/www.global-csg.com\/fr\/wp-json\/wp\/v2\/users\/1"}],"replies":[{"embeddable":true,"href":"https:\/\/www.global-csg.com\/fr\/wp-json\/wp\/v2\/comments?post=13847"}],"version-history":[{"count":0,"href":"https:\/\/www.global-csg.com\/fr\/wp-json\/wp\/v2\/pages\/13847\/revisions"}],"up":[{"embeddable":true,"href":"https:\/\/www.global-csg.com\/fr\/wp-json\/wp\/v2\/pages\/13335"}],"wp:attachment":[{"href":"https:\/\/www.global-csg.com\/fr\/wp-json\/wp\/v2\/media?parent=13847"}],"curies":[{"name":"wp","href":"https:\/\/api.w.org\/{rel}","templated":true}]}}