{"id":13711,"date":"2021-05-07T14:53:21","date_gmt":"2021-05-07T09:23:21","guid":{"rendered":"https:\/\/www.global-csg.com\/systemes-embarques\/"},"modified":"2024-03-21T12:31:20","modified_gmt":"2024-03-21T07:01:20","slug":"systemes-embarques","status":"publish","type":"page","link":"https:\/\/www.global-csg.com\/fr\/systemes-embarques\/","title":{"rendered":"Syst\u00e8mes embarqu\u00e9s"},"content":{"rendered":"<p>[vc_row full_width=&#8221;stretch_row&#8221; bg_overlay=&#8221;dark20&#8243; css=&#8221;.vc_custom_1622627676541{margin-top: 80px !important;padding-top: 120px !important;padding-bottom: 160px !important;background-image: url(https:\/\/www.global-csg.com\/wp-content\/uploads\/2021\/06\/csg-embedded-systems-banner.jpg?id=3693) !important;background-position: center !important;background-repeat: no-repeat !important;background-size: cover !important;}&#8221; el_class=&#8221;large-device-padding inner-page-banner&#8221;][vc_column][vc_custom_heading text=&#8221;Syst\u00e8mes embarqu\u00e9s&#8221; font_container=&#8221;tag:h1|text_align:center|color:%23ffffff&#8221; use_theme_fonts=&#8221;yes&#8221; css=&#8221;.vc_custom_1620378886768{margin-bottom: 15px !important;}&#8221;][vc_custom_heading text=&#8221;Lib\u00e9rez la puissance de notre savoir-faire en mati\u00e8re de conception \u00e9lectronique,<br \/>\nmicroprogrammes et technologies nouvelle g\u00e9n\u00e9ration&#8221; font_container=&#8221;tag:h4|text_align:center|color:%23ffffff&#8221; use_theme_fonts=&#8221;yes&#8221;][\/vc_column][\/vc_row][vc_row gap=&#8221;20&#8243; equal_height=&#8221;yes&#8221; content_placement=&#8221;middle&#8221; css=&#8221;.vc_custom_1621341185500{margin-top: 36px !important;margin-bottom: 35px !important;}&#8221; el_class=&#8221;large-device-padding services-intro-section&#8221;][vc_column offset=&#8221;vc_col-lg-6 vc_col-md-6&#8243;][vc_single_image image=&#8221;3694&#8243; img_size=&#8221;full&#8221;][\/vc_column][vc_column offset=&#8221;vc_col-lg-6 vc_col-md-6&#8243; el_class=&#8221;services-intro-text&#8221;][vc_custom_heading text=&#8221;Vue d&apos;ensemble&#8221; font_container=&#8221;tag:h6|text_align:left|color:%2336ab9c&#8221; use_theme_fonts=&#8221;yes&#8221; css_animation=&#8221;fadeIn&#8221; el_class=&#8221;text-uppercase letter-spacing-2 font-weight-600&#8243;][vc_custom_heading text=&#8221;Atteignez les sommets des syst\u00e8mes embarqu\u00e9s&#8221; font_container=&#8221;tag:h3|text_align:left&#8221; use_theme_fonts=&#8221;yes&#8221; css_animation=&#8221;fadeIn&#8221; css=&#8221;.vc_custom_1620378923796{margin-bottom: 20px !important;}&#8221;][vc_custom_heading text=&#8221;L&apos;avenir du d\u00e9veloppement de produits \u00e0 travers les secteurs verticaux est port\u00e9 par l&apos;autonomie, l&apos;\u00e9lectrification, la connectivit\u00e9, l&apos;IoT, l&apos;analyse de donn\u00e9es et l&apos;IA. R\u00e9imaginez votre avenir gr\u00e2ce \u00e0 notre exp\u00e9rience \u00e9prouv\u00e9e, qui a permis \u00e0 plus de 40 entreprises du Fortune 500 de passer du conseil d&apos;administration au cloud. Nous collaborerons \u00e9troitement avec vous pour donner vie \u00e0 votre vision de produits pr\u00eats pour l&apos;avenir en tirant parti de notre exp\u00e9rience consid\u00e9rable en mati\u00e8re de conception \u00e9lectronique, de DSP, de microprogrammes et d&apos;OS\/RTOS. Vous avez l&apos;assurance que nos leaders d&apos;opinion et notre \u00e9quipe technique sont toujours align\u00e9s sur votre feuille de route strat\u00e9gique et vos mesures op\u00e9rationnelles.&#8221; font_container=&#8221;tag:p|font_size:17px|text_align:left|line_height:29px&#8221; use_theme_fonts=&#8221;yes&#8221; css_animation=&#8221;fadeIn&#8221; css=&#8221;.vc_custom_1622462571745{margin-bottom: 30px !important;}&#8221;][\/vc_column][\/vc_row][vc_row full_width=&#8221;stretch_row&#8221; disable_element=&#8221;yes&#8221; bg_overlay=&#8221;dark70&#8243; css=&#8221;.vc_custom_1614076785645{background-image: url(https:\/\/www.insigniawpthemes.co.in\/innvoke\/wp-content\/uploads\/2019\/04\/service-banner.jpg?id=1155) !important;background-position: center !important;background-repeat: no-repeat !important;background-size: cover !important;}&#8221;][vc_column css=&#8221;.vc_custom_1555507892447{padding-top: 100px !important;padding-right: 70px !important;padding-bottom: 90px !important;padding-left: 70px !important;}&#8221;][vc_row_inner][vc_column_inner width=&#8221;1\/6&#8243;][\/vc_column_inner][vc_column_inner width=&#8221;2\/3&#8243;][vc_custom_heading text=&#8221;La gestion efficace de toutes les op\u00e9rations informatiques peut garantir le bon fonctionnement d&apos;une organisation.&#8221; font_container=&#8221;tag:h2|text_align:center|color:%23ffffff&#8221; use_theme_fonts=&#8221;yes&#8221; css_animation=&#8221;fadeIn&#8221; el_class=&#8221;font-weight-400&#8243;][\/vc_column_inner][vc_column_inner width=&#8221;1\/6&#8243;][\/vc_column_inner][\/vc_row_inner][\/vc_column][\/vc_row][vc_row full_width=&#8221;stretch_row&#8221; css=&#8221;.vc_custom_1623348472214{background-color: #e7eff1 !important;background-position: center !important;background-repeat: no-repeat !important;background-size: cover !important;}&#8221; el_class=&#8221;large-device-padding&#8221; el_id=&#8221;services&#8221;][vc_column css=&#8221;.vc_custom_1614077906463{margin-bottom: 78px !important;}&#8221;][vc_empty_space height=&#8221;30px&#8221;][vc_row_inner][vc_column_inner width=&#8221;1\/12&#8243;][\/vc_column_inner][vc_column_inner width=&#8221;5\/6&#8243;]<div id='ins-heading-69f3c4fcbbaff' class='section-heading ins-heading text-center heading-below-border ins-border-solid   vc_custom_1620378969399 '  style='margin-top:0; margin-bottom:0'><h3 class='section-heading-title margin-10px-top  default no-letter-spacing'>Nos services de syst\u00e8mes embarqu\u00e9s<\/h3><\/div><script type=\"text\/javascript\">\n\t\t(function(jQuery) {jQuery(\"head\").append(\"<style>#ins-heading-69f3c4fcbbaff.heading-below-border:after, #ins-heading-69f3c4fcbbaff.heading-inline-border .section-heading-title:before, #ins-heading-69f3c4fcbbaff.heading-inline-border .section-heading-title:after, #ins-heading-69f3c4fcbbaff.heading-inline-double-border .section-heading-title:before, #ins-heading-69f3c4fcbbaff.heading-inline-double-border .section-heading-title:after {border-color: #156272;}<\/style>\")\n\t\t\t\t\t})(jQuery);\n\t\t\t\t\t\t<\/script>[vc_empty_space height=&#8221;10px&#8221;][\/vc_column_inner][vc_column_inner width=&#8221;1\/12&#8243;][\/vc_column_inner][\/vc_row_inner][vc_row_inner gap=&#8221;15&#8243;][vc_column_inner offset=&#8221;vc_col-lg-4 vc_col-md-4&#8243;]<div id='ins-image-box69f3c4fcbbbb1' class='ins-image-box-wrapper ins-image-box-style-1 text-center   ins-animated fadeInUp'  style='background-color: #ffffff;'><div class='ins-image-box-inner'><div class='ins-image-box-img text-center'><img src='https:\/\/www.global-csg.com\/wp-content\/uploads\/2021\/06\/embedded-software.jpg' alt='image-box'><\/div><div class='ins-image-content-wrapper last-paragraph-no-margin'><div class='ins-image-box-title margin-10px-bottom'><span class='ins-image-box-title-inner letter-spacing-05 title-font font-weight-500 display-block text-large font-weight-700'> Embedded Software<\/span><\/div><p class='ins-image-box-text '>Our experience in firmware development, board support packages, device drivers and embedded application development will rapidly bring your vision to life<\/p><\/div><\/div><\/div><script type=\"text\/javascript\">\n\t\t(function(jQuery) {jQuery(\"head\").append(\"<style>#ins-image-box69f3c4fcbbbb1 .ins-image-box-title-inner {color: #223645;}<\/style>\")\n\t\t\t\t\t})(jQuery);\n\t\t\t\t\t\t<\/script>[\/vc_column_inner][vc_column_inner offset=&#8221;vc_col-lg-4 vc_col-md-4&#8243;]<div id='ins-image-box69f3c4fcbc06b' class='ins-image-box-wrapper ins-image-box-style-1 text-center   ins-animated fadeInUp' data-animation-delay=200 style='background-color: #ffffff;'><div class='ins-image-box-inner'><div class='ins-image-box-img text-center'><img src='https:\/\/www.global-csg.com\/wp-content\/uploads\/2021\/06\/board-development.jpg' alt='image-box'><\/div><div class='ins-image-content-wrapper last-paragraph-no-margin'><div class='ins-image-box-title margin-10px-bottom'><span class='ins-image-box-title-inner letter-spacing-05 title-font font-weight-500 display-block text-large font-weight-700'> Board Development<\/span><\/div><p class='ins-image-box-text '>Leverage our holistic experience in multi-core, multi-processor designs, PCB layout, wireless and lean battery-operated designs and peripheral devices support<\/p><\/div><\/div><\/div><script type=\"text\/javascript\">\n\t\t(function(jQuery) {jQuery(\"head\").append(\"<style>#ins-image-box69f3c4fcbc06b .ins-image-box-title-inner {color: #223645;}<\/style>\")\n\t\t\t\t\t})(jQuery);\n\t\t\t\t\t\t<\/script>[\/vc_column_inner][vc_column_inner offset=&#8221;vc_col-lg-4 vc_col-md-4&#8243;]<div id='ins-image-box69f3c4fcbc4d4' class='ins-image-box-wrapper ins-image-box-style-1 text-center   ins-animated fadeInUp' data-animation-delay=400 style='background-color: #ffffff;'><div class='ins-image-box-inner'><div class='ins-image-box-img text-center'><img src='https:\/\/www.global-csg.com\/wp-content\/uploads\/2021\/06\/modeling-and-simulation.jpg' alt='image-box'><\/div><div class='ins-image-content-wrapper last-paragraph-no-margin'><div class='ins-image-box-title margin-10px-bottom'><span class='ins-image-box-title-inner letter-spacing-05 title-font font-weight-500 display-block text-large font-weight-700'> Modeling and Simulation<\/span><\/div><p class='ins-image-box-text '>We develop virtual models and algorithms for rapid prototyping, verification and validation to improve performance and substantially reduce costs<\/p><\/div><\/div><\/div><script type=\"text\/javascript\">\n\t\t(function(jQuery) {jQuery(\"head\").append(\"<style>#ins-image-box69f3c4fcbc4d4 .ins-image-box-title-inner {color: #223645;}<\/style>\")\n\t\t\t\t\t})(jQuery);\n\t\t\t\t\t\t<\/script>[\/vc_column_inner][\/vc_row_inner][vc_empty_space height=&#8221;35px&#8221; el_class=&#8221;empty_space&#8221;][vc_row_inner gap=&#8221;15&#8243;][vc_column_inner offset=&#8221;vc_col-lg-4 vc_col-md-4&#8243;]<div id='ins-image-box69f3c4fcbc925' class='ins-image-box-wrapper ins-image-box-style-1 text-center   ins-animated fadeInUp' data-animation-delay=200 style='background-color: #ffffff;'><div class='ins-image-box-inner'><div class='ins-image-box-img text-center'><img src='https:\/\/www.global-csg.com\/wp-content\/uploads\/2021\/06\/iot-and-analytics.jpg' alt='image-box'><\/div><div class='ins-image-content-wrapper last-paragraph-no-margin'><div class='ins-image-box-title margin-10px-bottom'><span class='ins-image-box-title-inner letter-spacing-05 title-font font-weight-500 display-block text-large font-weight-700'> IoT and Analytics<\/span><\/div><p class='ins-image-box-text '>We support diverse industries with IOT development including custom hardware, communication stacks and certification testing and augment this with proprietary state-of-the-art data analytics<\/p><\/div><\/div><\/div><script type=\"text\/javascript\">\n\t\t(function(jQuery) {jQuery(\"head\").append(\"<style>#ins-image-box69f3c4fcbc925 .ins-image-box-title-inner {color: #223645;}<\/style>\")\n\t\t\t\t\t})(jQuery);\n\t\t\t\t\t\t<\/script>[\/vc_column_inner][vc_column_inner offset=&#8221;vc_col-lg-4 vc_col-md-4&#8243;]<div id='ins-image-box69f3c4fcbcd1d' class='ins-image-box-wrapper ins-image-box-style-1 text-center   ins-animated fadeInUp' data-animation-delay=400 style='background-color: #ffffff;'><div class='ins-image-box-inner'><div class='ins-image-box-img text-center'><img src='https:\/\/www.global-csg.com\/wp-content\/uploads\/2021\/06\/digital-twins.jpg' alt='image-box'><\/div><div class='ins-image-content-wrapper last-paragraph-no-margin'><div class='ins-image-box-title margin-10px-bottom'><span class='ins-image-box-title-inner letter-spacing-05 title-font font-weight-500 display-block text-large font-weight-700'> Digital Twins<\/span><\/div><p class='ins-image-box-text '>Our proprietary stack of sensor engine, AI driven digital twin systems, insight delivery and visualization will empower you with the state-of-the-art predictive maintenance solutions<\/p><\/div><\/div><\/div><script type=\"text\/javascript\">\n\t\t(function(jQuery) {jQuery(\"head\").append(\"<style>#ins-image-box69f3c4fcbcd1d .ins-image-box-title-inner {color: #223645;}<\/style>\")\n\t\t\t\t\t})(jQuery);\n\t\t\t\t\t\t<\/script>[\/vc_column_inner][vc_column_inner offset=&#8221;vc_col-lg-4 vc_col-md-4&#8243;]<div id='ins-image-box69f3c4fcbd08d' class='ins-image-box-wrapper ins-image-box-style-1 text-center   ins-animated fadeInUp' data-animation-delay=600 style='background-color: #ffffff;'><div class='ins-image-box-inner'><div class='ins-image-box-img text-center'><img src='https:\/\/www.global-csg.com\/wp-content\/uploads\/2021\/06\/next-gen-technologies.jpg' alt='image-box'><\/div><div class='ins-image-content-wrapper last-paragraph-no-margin'><div class='ins-image-box-title margin-10px-bottom'><span class='ins-image-box-title-inner letter-spacing-05 title-font font-weight-500 display-block text-large font-weight-700'> NextGen Technologies<\/span><\/div><p class='ins-image-box-text '>Our substantial experience in diverse industries and our multi-dimensional expertise encompassing IOT, AI, ML, Machine Vision and AR\/VR will fast track you on your Industry 4.0 roadmap<\/p><\/div><\/div><\/div><script type=\"text\/javascript\">\n\t\t(function(jQuery) {jQuery(\"head\").append(\"<style>#ins-image-box69f3c4fcbd08d .ins-image-box-title-inner {color: #223645;}<\/style>\")\n\t\t\t\t\t})(jQuery);\n\t\t\t\t\t\t<\/script>[\/vc_column_inner][\/vc_row_inner][\/vc_column][\/vc_row][vc_row full_width=&#8221;stretch_row&#8221; css=&#8221;.vc_custom_1615286030996{margin-top: 30px !important;}&#8221; el_class=&#8221;large-device-padding&#8221;][vc_column][vc_row_inner][vc_column_inner width=&#8221;1\/6&#8243;][\/vc_column_inner][vc_column_inner width=&#8221;2\/3&#8243;]<div id='ins-heading-69f3c4fcbd3df' class='section-heading ins-heading text-center heading-below-border ins-border-solid   vc_custom_1614680231021 '  style='margin-top:0; margin-bottom:0'><h3 class='section-heading-title margin-10px-top  default no-letter-spacing'>\u00c9tudes de cas<\/h3><\/div><script type=\"text\/javascript\">\n\t\t(function(jQuery) {jQuery(\"head\").append(\"<style>#ins-heading-69f3c4fcbd3df.heading-below-border:after, #ins-heading-69f3c4fcbd3df.heading-inline-border .section-heading-title:before, #ins-heading-69f3c4fcbd3df.heading-inline-border .section-heading-title:after, #ins-heading-69f3c4fcbd3df.heading-inline-double-border .section-heading-title:before, #ins-heading-69f3c4fcbd3df.heading-inline-double-border .section-heading-title:after {border-color: #156272;}<\/style>\")\n\t\t\t\t\t})(jQuery);\n\t\t\t\t\t\t<\/script>[vc_empty_space height=&#8221;10px&#8221;][\/vc_column_inner][vc_column_inner width=&#8221;1\/6&#8243;][\/vc_column_inner][\/vc_row_inner][vc_row_inner][vc_column_inner]<div class=\"inv-portfolio-element-main-wrapper clearfix inv-portfolio-wapper inv-portfolio-hover-1-wrapper \"> <div class=\"inv-portfolio-element-holder\"> <div class=\"portfolio-article-holder portfolio-grid-inner-holder clearfix\"> <div class=\"grid-sizer\"><\/div> <article class=\"col-md-4 col-lg-4 col-sm-6 col-xs-12 inv-portfolio-hover-1 inv-portfolio-item-holder\" > <div class=\"inv-portfolio-hover-1-content\"> <div class=\"inv-portfolio-hover-1-thumb\" style=\"background-image: url('https:\/\/www.global-csg.com\/wp-content\/uploads\/2021\/05\/hero-13-1024x333.jpg');\"> <div class=\"inv-portfolio-background-overlay\" style=\"background-color: \"><\/div> <div class=\"inv-portfolio-hover-1-overlay-wrapper\"> <div class=\"inv-portfolio-hover-1-overlay-inner\"> <div class=\"inv-portfolio-logo\"><img decoding=\"async\" src=\"\" alt=\"case-studies-logo\"><\/div> <div class=\"inv-portfolio-hover-1-entry-header\"> <div class=\"inv-portfolio-hover-1-entry-content\"> <span class=\"inv-portfolio-hover-1-cats display-block\"> <a href=https:\/\/www.global-csg.com\/case_studies_category\/embedded-systems\/ class=\"position-relative\"><span> Embedded Systems <\/span><\/a> <a href=https:\/\/www.global-csg.com\/case_studies_category\/hitech\/ class=\"position-relative\"><span> HiTech <\/span><\/a> <a href=https:\/\/www.global-csg.com\/case_studies_category\/transportation\/ class=\"position-relative\"><span> Transportation <\/span><\/a> <\/span> <span class=\"inv-portfolio-hover-1-title display-block\"><a href=\"https:\/\/www.global-csg.com\/fr\/case_studies\/robot-autonome-intelligent-pour-recharger-les-vehicules-electriques\/\" class=\"title-font display-block\">Robot autonome intelligent pour recharger les v\u00e9hicules \u00e9lectriques<\/a><\/span> <div class=\"infobox-on-hover-icon\"> <a href=\"https:\/\/www.global-csg.com\/fr\/case_studies\/robot-autonome-intelligent-pour-recharger-les-vehicules-electriques\/\"><i class=\"iconsmind-Arrow-OutRight\"><\/i><\/a> <\/div> <\/div> <\/div> <\/div> <\/div> <\/div> <\/div>\n<\/article> <article class=\"col-md-4 col-lg-4 col-sm-6 col-xs-12 inv-portfolio-hover-1 inv-portfolio-item-holder\" > <div class=\"inv-portfolio-hover-1-content\"> <div class=\"inv-portfolio-hover-1-thumb\" style=\"background-image: url('https:\/\/www.global-csg.com\/wp-content\/uploads\/2021\/05\/hero-14-1024x333.jpg');\"> <div class=\"inv-portfolio-background-overlay\" style=\"background-color: \"><\/div> <div class=\"inv-portfolio-hover-1-overlay-wrapper\"> <div class=\"inv-portfolio-hover-1-overlay-inner\"> <div class=\"inv-portfolio-logo\"><img decoding=\"async\" src=\"\" alt=\"case-studies-logo\"><\/div> <div class=\"inv-portfolio-hover-1-entry-header\"> <div class=\"inv-portfolio-hover-1-entry-content\"> <span class=\"inv-portfolio-hover-1-cats display-block\"> <a href=https:\/\/www.global-csg.com\/case_studies_category\/consumer\/ class=\"position-relative\"><span> Consumer <\/span><\/a> <a href=https:\/\/www.global-csg.com\/case_studies_category\/embedded-systems\/ class=\"position-relative\"><span> Embedded Systems <\/span><\/a> <\/span> <span class=\"inv-portfolio-hover-1-title display-block\"><a href=\"https:\/\/www.global-csg.com\/fr\/case_studies\/partenariat-de-developpement-dappareils-de-sante-avec-loem\/\" class=\"title-font display-block\">Partenariat de d\u00e9veloppement d&#8217;appareils de sant\u00e9 avec l&#8217;OEM<\/a><\/span> <div class=\"infobox-on-hover-icon\"> <a href=\"https:\/\/www.global-csg.com\/fr\/case_studies\/partenariat-de-developpement-dappareils-de-sante-avec-loem\/\"><i class=\"iconsmind-Arrow-OutRight\"><\/i><\/a> <\/div> <\/div> <\/div> <\/div> <\/div> <\/div> <\/div>\n<\/article> <article class=\"col-md-4 col-lg-4 col-sm-6 col-xs-12 inv-portfolio-hover-1 inv-portfolio-item-holder\" > <div class=\"inv-portfolio-hover-1-content\"> <div class=\"inv-portfolio-hover-1-thumb\" style=\"background-image: url('https:\/\/www.global-csg.com\/wp-content\/uploads\/2021\/05\/Adobe-Firefly-Image-Generation-1024x333.webp');\"> <div class=\"inv-portfolio-background-overlay\" style=\"background-color: \"><\/div> <div class=\"inv-portfolio-hover-1-overlay-wrapper\"> <div class=\"inv-portfolio-hover-1-overlay-inner\"> <div class=\"inv-portfolio-logo\"><img decoding=\"async\" src=\"\" alt=\"case-studies-logo\"><\/div> <div class=\"inv-portfolio-hover-1-entry-header\"> <div class=\"inv-portfolio-hover-1-entry-content\"> <span class=\"inv-portfolio-hover-1-cats display-block\"> <a href=https:\/\/www.global-csg.com\/case_studies_category\/digital-product-engineering\/ class=\"position-relative\"><span> Digital Product Engineering <\/span><\/a> <a href=https:\/\/www.global-csg.com\/case_studies_category\/embedded-systems\/ class=\"position-relative\"><span> Embedded Systems <\/span><\/a> <a href=https:\/\/www.global-csg.com\/case_studies_category\/hitech\/ class=\"position-relative\"><span> HiTech <\/span><\/a> <a href=https:\/\/www.global-csg.com\/case_studies_category\/industrial\/ class=\"position-relative\"><span> Industrial <\/span><\/a> <\/span> <span class=\"inv-portfolio-hover-1-title display-block\"><a href=\"https:\/\/www.global-csg.com\/fr\/case_studies\/vehicule-guide-autonome-pour-les-centres-de-donnees\/\" class=\"title-font display-block\">V\u00e9hicule guid\u00e9 autonome pour les centres de donn\u00e9es<\/a><\/span> <div class=\"infobox-on-hover-icon\"> <a href=\"https:\/\/www.global-csg.com\/fr\/case_studies\/vehicule-guide-autonome-pour-les-centres-de-donnees\/\"><i class=\"iconsmind-Arrow-OutRight\"><\/i><\/a> <\/div> <\/div> <\/div> <\/div> <\/div> <\/div> <\/div>\n<\/article> <\/div> <\/div>\n<\/div>[\/vc_column_inner][\/vc_row_inner][vc_empty_space height=&#8221;54px&#8221;][\/vc_column][\/vc_row][vc_row full_width=&#8221;stretch_row&#8221; disable_element=&#8221;yes&#8221; bg_overlay=&#8221;dark20&#8243; css=&#8221;.vc_custom_1614078033546{background-image: url(https:\/\/www.insigniawpthemes.co.in\/innvoke\/wp-content\/uploads\/2019\/04\/office-image.jpg?id=1189) !important;background-position: center !important;background-repeat: no-repeat !important;background-size: cover !important;}&#8221;][vc_column css=&#8221;.vc_custom_1555563941039{padding-top: 120px !important;padding-bottom: 120px !important;}&#8221;][vc_row_inner][vc_column_inner width=&#8221;1\/4&#8243;][\/vc_column_inner][vc_column_inner width=&#8221;1\/2&#8243; css=&#8221;.vc_custom_1555563932115{padding-top: 50px !important;padding-right: 40px !important;padding-bottom: 20px !important;padding-left: 40px !important;background-color: #ffffff !important;}&#8221;][vc_custom_heading text=&#8221;Prendre contact&#8221; font_container=&#8221;tag:h3|text_align:center&#8221; use_theme_fonts=&#8221;yes&#8221; css_animation=&#8221;fadeIn&#8221; css=&#8221;.vc_custom_1556188877905{margin-bottom: 20px !important;}&#8221;][vc_custom_heading text=&#8221;La pr\u00e9sence \u00e0 vos c\u00f4t\u00e9s d&apos;une personne ayant une connaissance approfondie et \u00e9tendue des technologies peut faire la diff\u00e9rence entre la prosp\u00e9rit\u00e9 de votre entreprise et sa simple survie.&#8221; font_container=&#8221;tag:p|font_size:16px|text_align:center|line_height:28px&#8221; use_theme_fonts=&#8221;yes&#8221; css_animation=&#8221;fadeIn&#8221; css=&#8221;.vc_custom_1556188884466{margin-bottom: 30px !important;}&#8221;]<div id='ins-button-69f3c4fcc48d1' class='ins-button-wrapper text-center 30px 40px  ins-animated fadeInUp' data-animation-delay=200><a class='ins-button title-font letter-spacing-1 text-white pc-border pc-bg btn-radius-default font-weight-600 btn-medium text-uppercase ' href='#'  target='_self'><span>Discover More<\/span><\/a><\/div><script type=\"text\/javascript\">\n\t\t(function(jQuery) {jQuery(\"head\").append(\"<style>#ins-button-69f3c4fcc48d1 .ins-button:hover {background-color: #223645;}#ins-button-69f3c4fcc48d1 .ins-button:hover {border-color: #223645;}#ins-button-69f3c4fcc48d1.ins-button-wrapper {margin-top: 30px;}#ins-button-69f3c4fcc48d1.ins-button-wrapper {margin-bottom: 40px;}<\/style>\")\n\t\t\t\t\t})(jQuery);\n\t\t\t\t\t\t<\/script>[\/vc_column_inner][vc_column_inner width=&#8221;1\/4&#8243;][\/vc_column_inner][\/vc_row_inner][\/vc_column][\/vc_row][vc_row full_width=&#8221;stretch_row&#8221; bg_overlay=&#8221;dark40&#8243; css=&#8221;.vc_custom_1629516854277{background-color: #129eba !important;}&#8221; el_class=&#8221;large-device-padding&#8221;][vc_column][vc_empty_space height=&#8221;40px&#8221;][vc_custom_heading text=&#8221;Travaillons ensemble&#8221; font_container=&#8221;tag:h2|text_align:center|color:%23ffffff&#8221; use_theme_fonts=&#8221;yes&#8221; css_animation=&#8221;fadeIn&#8221; css=&#8221;.vc_custom_1617266249682{margin-bottom: 25px !important;}&#8221;][vc_row_inner][vc_column_inner width=&#8221;1\/6&#8243;][\/vc_column_inner][vc_column_inner width=&#8221;2\/3&#8243;][vc_custom_heading text=&#8221;Mettez notre exp\u00e9rience \u00e9prouv\u00e9e \u00e0 votre service pour fa\u00e7onner l&apos;avenir&#8221; font_container=&#8221;tag:p|font_size:17px|text_align:center|color:%23ffffff|line_height:28px&#8221; use_theme_fonts=&#8221;yes&#8221; css_animation=&#8221;fadeIn&#8221; css=&#8221;.vc_custom_1617266267314{margin-bottom: 10px !important;padding-right: 12% !important;padding-left: 12% !important;}&#8221;][\/vc_column_inner][vc_column_inner width=&#8221;1\/6&#8243;][\/vc_column_inner][\/vc_row_inner][vc_raw_html]PGRpdiBpZD0iaW5zLWJ1dHRvbi02MDY1ODc2MWUxMmRlIiBjbGFzcz0iaW5zLWJ1dHRvbi13cmFwcGVyIHRleHQtY2VudGVyIDMwcHggaW5zLWFuaW1hdGVkIGZhZGVJblVwIGlucy1hbmltYXRlIiBkYXRhLWFuaW1hdGlvbi1kZWxheT0iMjAwIj48YSBjbGFzcz0iaW5zLWJ1dHRvbiB0aXRsZS1mb250IGxldHRlci1zcGFjaW5nLTEgdGV4dC13aGl0ZSBwYy1ib3JkZXIgcGMtYmcgYnRuLXNxdWFyZSBmb250LXdlaWdodC02MDAgYnRuLW1lZGl1bSB0ZXh0LXVwcGVyY2FzZSAiIGRhdGEtdG9nZ2xlPSJtb2RhbCIgZGF0YS10YXJnZXQ9IiNwb3B1cC1tb2RhbCI+Q09OVEFDVDwvYT48L2Rpdj4=[\/vc_raw_html][vc_empty_space height=&#8221;60px&#8221;][\/vc_column][\/vc_row]<\/p>\n","protected":false},"excerpt":{"rendered":"<p>[vc_row full_width=&#8221;stretch_row&#8221; bg_overlay=&#8221;dark20&#8243; css=&#8221;.vc_custom_1622627676541{margin-top: 80px !important;padding-top: 120px !important;padding-bottom: 160px !important;background-image: url(https:\/\/www.global-csg.com\/wp-content\/uploads\/2021\/06\/csg-embedded-systems-banner.jpg?id=3693) !important;background-position: center !important;background-repeat: no-repeat !important;background-size: cover !important;}&#8221; el_class=&#8221;large-device-padding inner-page-banner&#8221;][vc_column][vc_custom_heading [&hellip;]<\/p>\n","protected":false},"author":1,"featured_media":0,"parent":0,"menu_order":0,"comment_status":"closed","ping_status":"closed","template":"","meta":{"footnotes":""},"class_list":["post-13711","page","type-page","status-publish","hentry"],"_links":{"self":[{"href":"https:\/\/www.global-csg.com\/fr\/wp-json\/wp\/v2\/pages\/13711","targetHints":{"allow":["GET"]}}],"collection":[{"href":"https:\/\/www.global-csg.com\/fr\/wp-json\/wp\/v2\/pages"}],"about":[{"href":"https:\/\/www.global-csg.com\/fr\/wp-json\/wp\/v2\/types\/page"}],"author":[{"embeddable":true,"href":"https:\/\/www.global-csg.com\/fr\/wp-json\/wp\/v2\/users\/1"}],"replies":[{"embeddable":true,"href":"https:\/\/www.global-csg.com\/fr\/wp-json\/wp\/v2\/comments?post=13711"}],"version-history":[{"count":0,"href":"https:\/\/www.global-csg.com\/fr\/wp-json\/wp\/v2\/pages\/13711\/revisions"}],"wp:attachment":[{"href":"https:\/\/www.global-csg.com\/fr\/wp-json\/wp\/v2\/media?parent=13711"}],"curies":[{"name":"wp","href":"https:\/\/api.w.org\/{rel}","templated":true}]}}