{"id":13592,"date":"2021-05-07T15:14:09","date_gmt":"2021-05-07T09:44:09","guid":{"rendered":"https:\/\/www.global-csg.com\/ingenierie-numerique-des-installations\/"},"modified":"2024-03-21T12:31:28","modified_gmt":"2024-03-21T07:01:28","slug":"ingenierie-numerique-des-installations","status":"publish","type":"page","link":"https:\/\/www.global-csg.com\/fr\/ingenierie-numerique-des-installations\/","title":{"rendered":"Ing\u00e9nierie num\u00e9rique des installations"},"content":{"rendered":"<p>[vc_row full_width=&#8221;stretch_row&#8221; bg_overlay=&#8221;dark10&#8243; css=&#8221;.vc_custom_1622628091893{margin-top: 80px !important;padding-top: 120px !important;padding-bottom: 160px !important;background-image: url(https:\/\/www.global-csg.com\/wp-content\/uploads\/2021\/06\/csg-digital-plant-engineering-banner.jpg?id=3715) !important;background-position: center !important;background-repeat: no-repeat !important;background-size: cover !important;}&#8221; el_class=&#8221;large-device-padding inner-page-banner&#8221;][vc_column][vc_custom_heading text=&#8221;Ing\u00e9nierie num\u00e9rique des installations&#8221; font_container=&#8221;tag:h1|text_align:center|color:%23ffffff&#8221; use_theme_fonts=&#8221;yes&#8221; css=&#8221;.vc_custom_1620380250682{margin-bottom: 15px !important;}&#8221;][vc_custom_heading text=&#8221;Ing\u00e9nierie multidisciplinaire avec solutions num\u00e9riques, expertise<br \/>\ndu domaine et technologies de pointe&#8221; font_container=&#8221;tag:h4|text_align:center|color:%23ffffff&#8221; use_theme_fonts=&#8221;yes&#8221;][\/vc_column][\/vc_row][vc_row gap=&#8221;20&#8243; equal_height=&#8221;yes&#8221; content_placement=&#8221;middle&#8221; css=&#8221;.vc_custom_1621341507758{margin-top: 36px !important;margin-bottom: 35px !important;}&#8221; el_class=&#8221;large-device-padding services-intro-section&#8221;][vc_column offset=&#8221;vc_col-lg-6 vc_col-md-6&#8243;][vc_single_image image=&#8221;3716&#8243; img_size=&#8221;full&#8221;][\/vc_column][vc_column offset=&#8221;vc_col-lg-6 vc_col-md-6&#8243; el_class=&#8221;services-intro-text&#8221;][vc_custom_heading text=&#8221;Vue d&apos;ensemble&#8221; font_container=&#8221;tag:h6|text_align:left|color:%2336ab9c&#8221; use_theme_fonts=&#8221;yes&#8221; css_animation=&#8221;fadeIn&#8221; el_class=&#8221;text-uppercase letter-spacing-2 font-weight-600&#8243;][vc_custom_heading text=&#8221;R\u00e9duisez votre co\u00fbt total gr\u00e2ce aux innovations num\u00e9riques dans l&apos;ing\u00e9nierie multidisciplinaire&#8221; font_container=&#8221;tag:h3|text_align:left&#8221; use_theme_fonts=&#8221;yes&#8221; css_animation=&#8221;fadeIn&#8221; css=&#8221;.vc_custom_1625549556213{margin-bottom: 20px !important;}&#8221;][vc_custom_heading text=&#8221;Nous offrons des services d&apos;ing\u00e9nierie multidisciplinaires couvrant l&apos;ensemble du cycle de vie de l&apos;usine, y compris la conception pr\u00e9liminaire (FEED), l&apos;ing\u00e9nierie de d\u00e9tail et l&apos;assistance aux services sur le terrain. Nous tirons parti de notre expertise dans la convergence de l&apos;ing\u00e9nierie num\u00e9rique, des syst\u00e8mes int\u00e9gr\u00e9s et des technologies logicielles pour permettre \u00e0 nos clients d&apos;\u00eatre pr\u00eats pour l&apos;avenir et les aider \u00e0 r\u00e9duire leurs co\u00fbts globaux. Nous d\u00e9ployons des technologies de conception d&apos;usines num\u00e9riques, afin d&apos;assurer l&apos;efficacit\u00e9 op\u00e9rationnelle et la r\u00e9duction des co\u00fbts des mat\u00e9riaux et de l&apos;installation.&#8221; font_container=&#8221;tag:p|font_size:17px|text_align:left|line_height:29px&#8221; use_theme_fonts=&#8221;yes&#8221; css_animation=&#8221;fadeIn&#8221; css=&#8221;.vc_custom_1620380290414{margin-bottom: 30px !important;}&#8221;][\/vc_column][\/vc_row][vc_row full_width=&#8221;stretch_row&#8221; disable_element=&#8221;yes&#8221; bg_overlay=&#8221;dark70&#8243; css=&#8221;.vc_custom_1614076785645{background-image: url(https:\/\/www.insigniawpthemes.co.in\/innvoke\/wp-content\/uploads\/2019\/04\/service-banner.jpg?id=1155) !important;background-position: center !important;background-repeat: no-repeat !important;background-size: cover !important;}&#8221;][vc_column css=&#8221;.vc_custom_1555507892447{padding-top: 100px !important;padding-right: 70px !important;padding-bottom: 90px !important;padding-left: 70px !important;}&#8221;][vc_row_inner][vc_column_inner width=&#8221;1\/6&#8243;][\/vc_column_inner][vc_column_inner width=&#8221;2\/3&#8243;][vc_custom_heading text=&#8221;La gestion efficace de toutes les op\u00e9rations informatiques peut garantir le bon fonctionnement d&apos;une organisation.&#8221; font_container=&#8221;tag:h2|text_align:center|color:%23ffffff&#8221; use_theme_fonts=&#8221;yes&#8221; css_animation=&#8221;fadeIn&#8221; el_class=&#8221;font-weight-400&#8243;][\/vc_column_inner][vc_column_inner width=&#8221;1\/6&#8243;][\/vc_column_inner][\/vc_row_inner][\/vc_column][\/vc_row][vc_row full_width=&#8221;stretch_row&#8221; css=&#8221;.vc_custom_1623348666782{background-color: #e7eff1 !important;background-position: center !important;background-repeat: no-repeat !important;background-size: cover !important;}&#8221; el_class=&#8221;large-device-padding inner-services&#8221; el_id=&#8221;services&#8221;][vc_column css=&#8221;.vc_custom_1614077906463{margin-bottom: 78px !important;}&#8221;][vc_empty_space height=&#8221;30px&#8221;][vc_row_inner][vc_column_inner width=&#8221;1\/12&#8243;][\/vc_column_inner][vc_column_inner width=&#8221;5\/6&#8243;]<div id='ins-heading-6a04b17de5aa1' class='section-heading ins-heading text-center heading-below-border ins-border-solid   vc_custom_1620380327501 '  style='margin-top:0; margin-bottom:0'><h3 class='section-heading-title margin-10px-top  default no-letter-spacing'>Nos services d'ing\u00e9nierie des usines num\u00e9riques<\/h3><\/div><script type=\"text\/javascript\">\n\t\t(function(jQuery) {jQuery(\"head\").append(\"<style>#ins-heading-6a04b17de5aa1.heading-below-border:after, #ins-heading-6a04b17de5aa1.heading-inline-border .section-heading-title:before, #ins-heading-6a04b17de5aa1.heading-inline-border .section-heading-title:after, #ins-heading-6a04b17de5aa1.heading-inline-double-border .section-heading-title:before, #ins-heading-6a04b17de5aa1.heading-inline-double-border .section-heading-title:after {border-color: #156272;}<\/style>\")\n\t\t\t\t\t})(jQuery);\n\t\t\t\t\t\t<\/script>[vc_empty_space height=&#8221;10px&#8221;][\/vc_column_inner][vc_column_inner width=&#8221;1\/12&#8243;][\/vc_column_inner][\/vc_row_inner][vc_row_inner gap=&#8221;15&#8243;][vc_column_inner offset=&#8221;vc_col-lg-4 vc_col-md-4&#8243;]<div id='ins-image-box6a04b17de5ba0' class='ins-image-box-wrapper ins-image-box-style-1 text-center   ins-animated fadeInUp'  style='background-color: #ffffff;'><div class='ins-image-box-inner'><div class='ins-image-box-img text-center'><img src='https:\/\/www.global-csg.com\/wp-content\/uploads\/2021\/06\/process-and-piping.jpg' alt='image-box'><\/div><div class='ins-image-content-wrapper last-paragraph-no-margin'><div class='ins-image-box-title margin-10px-bottom'><span class='ins-image-box-title-inner letter-spacing-05 title-font font-weight-500 display-block text-large font-weight-700'> Process &amp; Piping<\/span><\/div><p class='ins-image-box-text '>Expertise in P&amp;ID, pipe line sizing, routing, layout, stress analysis, isometrics, spool drawings and support design<\/p><\/div><\/div><\/div><script type=\"text\/javascript\">\n\t\t(function(jQuery) {jQuery(\"head\").append(\"<style>#ins-image-box6a04b17de5ba0 .ins-image-box-title-inner {color: #223645;}<\/style>\")\n\t\t\t\t\t})(jQuery);\n\t\t\t\t\t\t<\/script>[\/vc_column_inner][vc_column_inner offset=&#8221;vc_col-lg-4 vc_col-md-4&#8243;]<div id='ins-image-box6a04b17de61d0' class='ins-image-box-wrapper ins-image-box-style-1 text-center   ins-animated fadeInUp' data-animation-delay=200 style='background-color: #ffffff;'><div class='ins-image-box-inner'><div class='ins-image-box-img text-center'><img src='https:\/\/www.global-csg.com\/wp-content\/uploads\/2021\/06\/civil-and-structural.jpg' alt='image-box'><\/div><div class='ins-image-content-wrapper last-paragraph-no-margin'><div class='ins-image-box-title margin-10px-bottom'><span class='ins-image-box-title-inner letter-spacing-05 title-font font-weight-500 display-block text-large font-weight-700'> Civil &amp; Structural<\/span><\/div><p class='ins-image-box-text '>Expertise in steel and structural analysis, connection design, structural modeling, detailing and fabrication drawings<\/p><\/div><\/div><\/div><script type=\"text\/javascript\">\n\t\t(function(jQuery) {jQuery(\"head\").append(\"<style>#ins-image-box6a04b17de61d0 .ins-image-box-title-inner {color: #223645;}<\/style>\")\n\t\t\t\t\t})(jQuery);\n\t\t\t\t\t\t<\/script>[\/vc_column_inner][vc_column_inner offset=&#8221;vc_col-lg-4 vc_col-md-4&#8243;]<div id='ins-image-box6a04b17de66f2' class='ins-image-box-wrapper ins-image-box-style-1 text-center   ins-animated fadeInUp' data-animation-delay=400 style='background-color: #ffffff;'><div class='ins-image-box-inner'><div class='ins-image-box-img text-center'><img src='https:\/\/www.global-csg.com\/wp-content\/uploads\/2021\/06\/mechanical.jpg' alt='image-box'><\/div><div class='ins-image-content-wrapper last-paragraph-no-margin'><div class='ins-image-box-title margin-10px-bottom'><span class='ins-image-box-title-inner letter-spacing-05 title-font font-weight-500 display-block text-large font-weight-700'> Mechanical<\/span><\/div><p class='ins-image-box-text '>Expertise in static equipment design, preparation of specifications, data sheets, and fabrication drawings<\/p><\/div><\/div><\/div><script type=\"text\/javascript\">\n\t\t(function(jQuery) {jQuery(\"head\").append(\"<style>#ins-image-box6a04b17de66f2 .ins-image-box-title-inner {color: #223645;}<\/style>\")\n\t\t\t\t\t})(jQuery);\n\t\t\t\t\t\t<\/script>[\/vc_column_inner][\/vc_row_inner][vc_empty_space height=&#8221;35px&#8221; el_class=&#8221;empty_space&#8221;][vc_row_inner gap=&#8221;15&#8243;][vc_column_inner offset=&#8221;vc_col-lg-4 vc_col-md-4&#8243;]<div id='ins-image-box6a04b17de6c93' class='ins-image-box-wrapper ins-image-box-style-1 text-center   ins-animated fadeInUp' data-animation-delay=200 style='background-color: #ffffff;'><div class='ins-image-box-inner'><div class='ins-image-box-img text-center'><img src='https:\/\/www.global-csg.com\/wp-content\/uploads\/2021\/06\/electrical-and-instrumentation.jpg' alt='image-box'><\/div><div class='ins-image-content-wrapper last-paragraph-no-margin'><div class='ins-image-box-title margin-10px-bottom'><span class='ins-image-box-title-inner letter-spacing-05 title-font font-weight-500 display-block text-large font-weight-700'> Electrical &amp; Instrumentation<\/span><\/div><p class='ins-image-box-text '>Expertise in single-line diagrams, cable trays, conduit layouts, cable schedule, junction box and panel location, hook-up diagrams<\/p><\/div><\/div><\/div><script type=\"text\/javascript\">\n\t\t(function(jQuery) {jQuery(\"head\").append(\"<style>#ins-image-box6a04b17de6c93 .ins-image-box-title-inner {color: #223645;}<\/style>\")\n\t\t\t\t\t})(jQuery);\n\t\t\t\t\t\t<\/script>[\/vc_column_inner][vc_column_inner offset=&#8221;vc_col-lg-4 vc_col-md-4&#8243;]<div id='ins-image-box6a04b17de7262' class='ins-image-box-wrapper ins-image-box-style-1 text-center   ins-animated fadeInUp' data-animation-delay=400 style='background-color: #ffffff;'><div class='ins-image-box-inner'><div class='ins-image-box-img text-center'><img src='https:\/\/www.global-csg.com\/wp-content\/uploads\/2021\/06\/smart-plant-enablement.jpg' alt='image-box'><\/div><div class='ins-image-content-wrapper last-paragraph-no-margin'><div class='ins-image-box-title margin-10px-bottom'><span class='ins-image-box-title-inner letter-spacing-05 title-font font-weight-500 display-block text-large font-weight-700'> Smart Plant Enablement<\/span><\/div><p class='ins-image-box-text '>We leverage our digital and domain expertise to smart enable your conventional plants using NextGen technologies<\/p><\/div><\/div><\/div><script type=\"text\/javascript\">\n\t\t(function(jQuery) {jQuery(\"head\").append(\"<style>#ins-image-box6a04b17de7262 .ins-image-box-title-inner {color: #223645;}<\/style>\")\n\t\t\t\t\t})(jQuery);\n\t\t\t\t\t\t<\/script>[\/vc_column_inner][vc_column_inner offset=&#8221;vc_col-lg-4 vc_col-md-4&#8243;]<div id='ins-image-box6a04b17de77a8' class='ins-image-box-wrapper ins-image-box-style-1 text-center   ins-animated fadeInUp' data-animation-delay=600 style='background-color: #ffffff;'><div class='ins-image-box-inner'><div class='ins-image-box-img text-center'><img src='https:\/\/www.global-csg.com\/wp-content\/uploads\/2021\/06\/virtual-comissioning.jpg' alt='image-box'><\/div><div class='ins-image-content-wrapper last-paragraph-no-margin'><div class='ins-image-box-title margin-10px-bottom'><span class='ins-image-box-title-inner letter-spacing-05 title-font font-weight-500 display-block text-large font-weight-700'> Virtual Commissioning<\/span><\/div><p class='ins-image-box-text '>We support entire lifecycle with digital services including commissioning documentation and as built engineering<\/p><\/div><\/div><\/div><script type=\"text\/javascript\">\n\t\t(function(jQuery) {jQuery(\"head\").append(\"<style>#ins-image-box6a04b17de77a8 .ins-image-box-title-inner {color: #223645;}<\/style>\")\n\t\t\t\t\t})(jQuery);\n\t\t\t\t\t\t<\/script>[\/vc_column_inner][\/vc_row_inner][\/vc_column][\/vc_row][vc_row full_width=&#8221;stretch_row&#8221; css=&#8221;.vc_custom_1615286030996{margin-top: 30px !important;}&#8221; el_class=&#8221;large-device-padding&#8221;][vc_column][vc_row_inner][vc_column_inner width=&#8221;1\/6&#8243;][\/vc_column_inner][vc_column_inner width=&#8221;2\/3&#8243;]<div id='ins-heading-6a04b17de7c98' class='section-heading ins-heading text-center heading-below-border ins-border-solid   vc_custom_1614680231021 '  style='margin-top:0; margin-bottom:0'><h3 class='section-heading-title margin-10px-top  default no-letter-spacing'>\u00c9tudes de cas<\/h3><\/div><script type=\"text\/javascript\">\n\t\t(function(jQuery) {jQuery(\"head\").append(\"<style>#ins-heading-6a04b17de7c98.heading-below-border:after, #ins-heading-6a04b17de7c98.heading-inline-border .section-heading-title:before, #ins-heading-6a04b17de7c98.heading-inline-border .section-heading-title:after, #ins-heading-6a04b17de7c98.heading-inline-double-border .section-heading-title:before, #ins-heading-6a04b17de7c98.heading-inline-double-border .section-heading-title:after {border-color: #156272;}<\/style>\")\n\t\t\t\t\t})(jQuery);\n\t\t\t\t\t\t<\/script>[vc_empty_space height=&#8221;10px&#8221;][\/vc_column_inner][vc_column_inner width=&#8221;1\/6&#8243;][\/vc_column_inner][\/vc_row_inner][vc_row_inner][vc_column_inner]<div class=\"inv-portfolio-element-main-wrapper clearfix inv-portfolio-wapper inv-portfolio-hover-1-wrapper \"> <div class=\"inv-portfolio-element-holder\"> <div class=\"portfolio-article-holder portfolio-grid-inner-holder clearfix\"> <div class=\"grid-sizer\"><\/div> <article class=\"col-md-4 col-lg-4 col-sm-6 col-xs-12 inv-portfolio-hover-1 inv-portfolio-item-holder\" > <div class=\"inv-portfolio-hover-1-content\"> <div class=\"inv-portfolio-hover-1-thumb\" style=\"background-image: url('https:\/\/www.global-csg.com\/wp-content\/uploads\/2021\/05\/hero-18-1024x333.jpg');\"> <div class=\"inv-portfolio-background-overlay\" style=\"background-color: \"><\/div> <div class=\"inv-portfolio-hover-1-overlay-wrapper\"> <div class=\"inv-portfolio-hover-1-overlay-inner\"> <div class=\"inv-portfolio-logo\"><img decoding=\"async\" src=\"\" alt=\"case-studies-logo\"><\/div> <div class=\"inv-portfolio-hover-1-entry-header\"> <div class=\"inv-portfolio-hover-1-entry-content\"> <span class=\"inv-portfolio-hover-1-cats display-block\"> <a href=https:\/\/www.global-csg.com\/case_studies_category\/digital-plant-engineering\/ class=\"position-relative\"><span> Digital Plant Engineering <\/span><\/a> <a href=https:\/\/www.global-csg.com\/case_studies_category\/industrial\/ class=\"position-relative\"><span> Industrial <\/span><\/a> <\/span> <span class=\"inv-portfolio-hover-1-title display-block\"><a href=\"https:\/\/www.global-csg.com\/fr\/case_studies\/ingenierie-des-derapages-pour-fpso\/\" class=\"title-font display-block\">Ing\u00e9nierie des d\u00e9rapages pour FPSO<\/a><\/span> <div class=\"infobox-on-hover-icon\"> <a href=\"https:\/\/www.global-csg.com\/fr\/case_studies\/ingenierie-des-derapages-pour-fpso\/\"><i class=\"iconsmind-Arrow-OutRight\"><\/i><\/a> <\/div> <\/div> <\/div> <\/div> <\/div> <\/div> <\/div>\n<\/article> <article class=\"col-md-4 col-lg-4 col-sm-6 col-xs-12 inv-portfolio-hover-1 inv-portfolio-item-holder\" > <div class=\"inv-portfolio-hover-1-content\"> <div class=\"inv-portfolio-hover-1-thumb\" style=\"background-image: url('https:\/\/www.global-csg.com\/wp-content\/uploads\/2021\/05\/hero-19-1024x333.jpg');\"> <div class=\"inv-portfolio-background-overlay\" style=\"background-color: \"><\/div> <div class=\"inv-portfolio-hover-1-overlay-wrapper\"> <div class=\"inv-portfolio-hover-1-overlay-inner\"> <div class=\"inv-portfolio-logo\"><img decoding=\"async\" src=\"\" alt=\"case-studies-logo\"><\/div> <div class=\"inv-portfolio-hover-1-entry-header\"> <div class=\"inv-portfolio-hover-1-entry-content\"> <span class=\"inv-portfolio-hover-1-cats display-block\"> <a href=https:\/\/www.global-csg.com\/case_studies_category\/digital-plant-engineering\/ class=\"position-relative\"><span> Digital Plant Engineering <\/span><\/a> <\/span> <span class=\"inv-portfolio-hover-1-title display-block\"><a href=\"https:\/\/www.global-csg.com\/fr\/case_studies\/ingenierie-multidisciplinaire-pour-usine-de-biomasse\/\" class=\"title-font display-block\">Ing\u00e9nierie multidisciplinaire pour usine de biomasse<\/a><\/span> <div class=\"infobox-on-hover-icon\"> <a href=\"https:\/\/www.global-csg.com\/fr\/case_studies\/ingenierie-multidisciplinaire-pour-usine-de-biomasse\/\"><i class=\"iconsmind-Arrow-OutRight\"><\/i><\/a> <\/div> <\/div> <\/div> <\/div> <\/div> <\/div> <\/div>\n<\/article> <article class=\"col-md-4 col-lg-4 col-sm-6 col-xs-12 inv-portfolio-hover-1 inv-portfolio-item-holder\" > <div class=\"inv-portfolio-hover-1-content\"> <div class=\"inv-portfolio-hover-1-thumb\" style=\"background-image: url('https:\/\/www.global-csg.com\/wp-content\/uploads\/2021\/05\/hero-20-1024x333.jpg');\"> <div class=\"inv-portfolio-background-overlay\" style=\"background-color: \"><\/div> <div class=\"inv-portfolio-hover-1-overlay-wrapper\"> <div class=\"inv-portfolio-hover-1-overlay-inner\"> <div class=\"inv-portfolio-logo\"><img decoding=\"async\" src=\"\" alt=\"case-studies-logo\"><\/div> <div class=\"inv-portfolio-hover-1-entry-header\"> <div class=\"inv-portfolio-hover-1-entry-content\"> <span class=\"inv-portfolio-hover-1-cats display-block\"> <a href=https:\/\/www.global-csg.com\/case_studies_category\/digital-plant-engineering\/ class=\"position-relative\"><span> Digital Plant Engineering <\/span><\/a> <\/span> <span class=\"inv-portfolio-hover-1-title display-block\"><a href=\"https:\/\/www.global-csg.com\/fr\/case_studies\/ingenierie-pre-feed-pour-centrale-thermique\/\" class=\"title-font display-block\">Ing\u00e9nierie pr\u00e9liminaire pour centrale thermique<\/a><\/span> <div class=\"infobox-on-hover-icon\"> <a href=\"https:\/\/www.global-csg.com\/fr\/case_studies\/ingenierie-pre-feed-pour-centrale-thermique\/\"><i class=\"iconsmind-Arrow-OutRight\"><\/i><\/a> <\/div> <\/div> <\/div> <\/div> <\/div> <\/div> <\/div>\n<\/article> <\/div> <\/div>\n<\/div>[\/vc_column_inner][\/vc_row_inner][vc_empty_space height=&#8221;54px&#8221;][\/vc_column][\/vc_row][vc_row full_width=&#8221;stretch_row&#8221; disable_element=&#8221;yes&#8221; bg_overlay=&#8221;dark20&#8243; css=&#8221;.vc_custom_1614078033546{background-image: url(https:\/\/www.insigniawpthemes.co.in\/innvoke\/wp-content\/uploads\/2019\/04\/office-image.jpg?id=1189) !important;background-position: center !important;background-repeat: no-repeat !important;background-size: cover !important;}&#8221;][vc_column css=&#8221;.vc_custom_1555563941039{padding-top: 120px !important;padding-bottom: 120px !important;}&#8221;][vc_row_inner][vc_column_inner width=&#8221;1\/4&#8243;][\/vc_column_inner][vc_column_inner width=&#8221;1\/2&#8243; css=&#8221;.vc_custom_1555563932115{padding-top: 50px !important;padding-right: 40px !important;padding-bottom: 20px !important;padding-left: 40px !important;background-color: #ffffff !important;}&#8221;][vc_custom_heading text=&#8221;Prendre contact&#8221; font_container=&#8221;tag:h3|text_align:center&#8221; use_theme_fonts=&#8221;yes&#8221; css_animation=&#8221;fadeIn&#8221; css=&#8221;.vc_custom_1556188877905{margin-bottom: 20px !important;}&#8221;][vc_custom_heading text=&#8221;La pr\u00e9sence \u00e0 vos c\u00f4t\u00e9s d&apos;une personne ayant une connaissance approfondie et \u00e9tendue des technologies peut faire la diff\u00e9rence entre la prosp\u00e9rit\u00e9 de votre entreprise et sa simple survie.&#8221; font_container=&#8221;tag:p|font_size:16px|text_align:center|line_height:28px&#8221; use_theme_fonts=&#8221;yes&#8221; css_animation=&#8221;fadeIn&#8221; css=&#8221;.vc_custom_1556188884466{margin-bottom: 30px !important;}&#8221;]<div id='ins-button-6a04b17df045a' class='ins-button-wrapper text-center 30px 40px  ins-animated fadeInUp' data-animation-delay=200><a class='ins-button title-font letter-spacing-1 text-white pc-border pc-bg btn-radius-default font-weight-600 btn-medium text-uppercase ' href='#'  target='_self'><span>Discover More<\/span><\/a><\/div><script type=\"text\/javascript\">\n\t\t(function(jQuery) {jQuery(\"head\").append(\"<style>#ins-button-6a04b17df045a .ins-button:hover {background-color: #223645;}#ins-button-6a04b17df045a .ins-button:hover {border-color: #223645;}#ins-button-6a04b17df045a.ins-button-wrapper {margin-top: 30px;}#ins-button-6a04b17df045a.ins-button-wrapper {margin-bottom: 40px;}<\/style>\")\n\t\t\t\t\t})(jQuery);\n\t\t\t\t\t\t<\/script>[\/vc_column_inner][vc_column_inner width=&#8221;1\/4&#8243;][\/vc_column_inner][\/vc_row_inner][\/vc_column][\/vc_row][vc_row full_width=&#8221;stretch_row&#8221; bg_overlay=&#8221;dark40&#8243; css=&#8221;.vc_custom_1629516822592{background-color: #129eba !important;}&#8221; el_class=&#8221;large-device-padding&#8221;][vc_column][vc_empty_space height=&#8221;40px&#8221;][vc_custom_heading text=&#8221;Travaillons ensemble&#8221; font_container=&#8221;tag:h2|text_align:center|color:%23ffffff&#8221; use_theme_fonts=&#8221;yes&#8221; css_animation=&#8221;fadeIn&#8221; css=&#8221;.vc_custom_1617266249682{margin-bottom: 25px !important;}&#8221;][vc_row_inner][vc_column_inner width=&#8221;1\/6&#8243;][\/vc_column_inner][vc_column_inner width=&#8221;2\/3&#8243;][vc_custom_heading text=&#8221;Mettez notre exp\u00e9rience \u00e9prouv\u00e9e \u00e0 votre service pour fa\u00e7onner l&apos;avenir&#8221; font_container=&#8221;tag:p|font_size:17px|text_align:center|color:%23ffffff|line_height:28px&#8221; use_theme_fonts=&#8221;yes&#8221; css_animation=&#8221;fadeIn&#8221; css=&#8221;.vc_custom_1617266267314{margin-bottom: 10px !important;padding-right: 12% !important;padding-left: 12% !important;}&#8221;][\/vc_column_inner][vc_column_inner width=&#8221;1\/6&#8243;][\/vc_column_inner][\/vc_row_inner][vc_raw_html]PGRpdiBpZD0iaW5zLWJ1dHRvbi02MDY1ODc2MWUxMmRlIiBjbGFzcz0iaW5zLWJ1dHRvbi13cmFwcGVyIHRleHQtY2VudGVyIDMwcHggaW5zLWFuaW1hdGVkIGZhZGVJblVwIGlucy1hbmltYXRlIiBkYXRhLWFuaW1hdGlvbi1kZWxheT0iMjAwIj48YSBjbGFzcz0iaW5zLWJ1dHRvbiB0aXRsZS1mb250IGxldHRlci1zcGFjaW5nLTEgdGV4dC13aGl0ZSBwYy1ib3JkZXIgcGMtYmcgYnRuLXNxdWFyZSBmb250LXdlaWdodC02MDAgYnRuLW1lZGl1bSB0ZXh0LXVwcGVyY2FzZSAiIGRhdGEtdG9nZ2xlPSJtb2RhbCIgZGF0YS10YXJnZXQ9IiNwb3B1cC1tb2RhbCI+Q09OVEFDVDwvYT48L2Rpdj4=[\/vc_raw_html][vc_empty_space height=&#8221;60px&#8221;][\/vc_column][\/vc_row]<\/p>\n","protected":false},"excerpt":{"rendered":"<p>[vc_row full_width=&#8221;stretch_row&#8221; bg_overlay=&#8221;dark10&#8243; css=&#8221;.vc_custom_1622628091893{margin-top: 80px !important;padding-top: 120px !important;padding-bottom: 160px !important;background-image: url(https:\/\/www.global-csg.com\/wp-content\/uploads\/2021\/06\/csg-digital-plant-engineering-banner.jpg?id=3715) !important;background-position: center !important;background-repeat: no-repeat !important;background-size: cover !important;}&#8221; el_class=&#8221;large-device-padding inner-page-banner&#8221;][vc_column][vc_custom_heading [&hellip;]<\/p>\n","protected":false},"author":1,"featured_media":0,"parent":0,"menu_order":0,"comment_status":"closed","ping_status":"closed","template":"","meta":{"footnotes":""},"class_list":["post-13592","page","type-page","status-publish","hentry"],"_links":{"self":[{"href":"https:\/\/www.global-csg.com\/fr\/wp-json\/wp\/v2\/pages\/13592","targetHints":{"allow":["GET"]}}],"collection":[{"href":"https:\/\/www.global-csg.com\/fr\/wp-json\/wp\/v2\/pages"}],"about":[{"href":"https:\/\/www.global-csg.com\/fr\/wp-json\/wp\/v2\/types\/page"}],"author":[{"embeddable":true,"href":"https:\/\/www.global-csg.com\/fr\/wp-json\/wp\/v2\/users\/1"}],"replies":[{"embeddable":true,"href":"https:\/\/www.global-csg.com\/fr\/wp-json\/wp\/v2\/comments?post=13592"}],"version-history":[{"count":0,"href":"https:\/\/www.global-csg.com\/fr\/wp-json\/wp\/v2\/pages\/13592\/revisions"}],"wp:attachment":[{"href":"https:\/\/www.global-csg.com\/fr\/wp-json\/wp\/v2\/media?parent=13592"}],"curies":[{"name":"wp","href":"https:\/\/api.w.org\/{rel}","templated":true}]}}