{"id":13523,"date":"2021-03-30T12:58:30","date_gmt":"2021-03-30T07:28:30","guid":{"rendered":"https:\/\/www.global-csg.com\/solutions\/intelli-charge-bot\/"},"modified":"2024-03-21T12:29:26","modified_gmt":"2024-03-21T06:59:26","slug":"intelli-charge-bot","status":"publish","type":"page","link":"https:\/\/www.global-csg.com\/fr\/solutions\/intelli-charge-bot\/","title":{"rendered":"INTELLI-CHARGE-BOT<sup>\u00a9<\/sup>"},"content":{"rendered":"<p>[vc_row full_width=&#8221;stretch_row&#8221; css=&#8221;.vc_custom_1622639479301{margin-top: 80px !important;padding-top: 160px !important;padding-bottom: 200px !important;background-image: url(https:\/\/www.global-csg.com\/wp-content\/uploads\/2021\/06\/csg-intelli-charge-bot-banner.jpg?id=3775) !important;background-position: center !important;background-repeat: no-repeat !important;background-size: cover !important;}&#8221; el_class=&#8221;large-device-padding inner-page-banner&#8221;][vc_column][vc_custom_heading text=&#8221;INTELLI-CHARGE-BOT<sup>\u00a9<\/sup>&#8221; font_container=&#8221;tag:h1|text_align:center|color:%23ffffff&#8221; use_theme_fonts=&#8221;yes&#8221; css=&#8221;.vc_custom_1622530506091{margin-bottom: 15px !important;}&#8221;][vc_custom_heading text=&#8221;Robot chargeur intelligent pour les environnements non structur\u00e9s&#8221; font_container=&#8221;tag:h4|text_align:center|color:%23ffffff&#8221; use_theme_fonts=&#8221;yes&#8221; css=&#8221;.vc_custom_1620649007664{margin-bottom: 15px !important;}&#8221;][\/vc_column][\/vc_row][vc_row equal_height=&#8221;yes&#8221; css=&#8221;.vc_custom_1621342632808{margin-top: 50px !important;margin-bottom: 60px !important;}&#8221; el_class=&#8221;large-device-padding solution-inner-intro-section&#8221;][vc_column offset=&#8221;vc_col-lg-5 vc_col-md-5&#8243;][vc_custom_heading text=&#8221;<sup>Intelli-Charge-BOT\u00a9<\/sup> EST L\u00c0 POUR VOUS&#8221; font_container=&#8221;tag:h6|text_align:left|color:%2336ab9c&#8221; use_theme_fonts=&#8221;yes&#8221; css_animation=&#8221;fadeIn&#8221; el_class=&#8221;letter-spacing-2 font-weight-600 text-uppercase&#8221;][vc_custom_heading text=&#8221;Solutions de recharge \u00e0 la demande pour les environnements non structur\u00e9s&#8221; use_theme_fonts=&#8221;yes&#8221; css_animation=&#8221;fadeIn&#8221; css=&#8221;.vc_custom_1620649040822{margin-bottom: 30px !important;}&#8221;][vc_empty_space height=&#8221;40px&#8221; el_class=&#8221;empty_space&#8221;][\/vc_column][vc_column offset=&#8221;vc_col-lg-7 vc_col-md-7&#8243;][vc_custom_heading text=&#8221;<sup>INTELLI-CHARGE-BOT\u00a9<\/sup> de CREATIVE fournit des solutions de recharge intelligente \u00e0 la demande pour les environnements non structur\u00e9s. Cette solution utilise les technologies nouvelle g\u00e9n\u00e9ration pour permettre l&apos;\u00e9lectrification des produits de votre entreprise en localisant et en rechargeant de mani\u00e8re autonome les v\u00e9hicules \u00e9lectriques dans votre garage, les centres commerciaux, les \u00e9quipements d&apos;assistance au sol dans les a\u00e9roports, les AGV dans les ateliers et les tondeuses \u00e0 gazon\/souffleuses \u00e0 neige dans votre maison.&#8221; font_container=&#8221;tag:p|font_size:17px|text_align:left|color:%231f1f1f|line_height:28px&#8221; use_theme_fonts=&#8221;yes&#8221; css_animation=&#8221;fadeIn&#8221;][\/vc_column][\/vc_row][vc_row disable_element=&#8221;yes&#8221; css=&#8221;.vc_custom_1615286437261{margin-top: 40px !important;margin-bottom: 50px !important;}&#8221; el_class=&#8221;large-device-padding&#8221;][vc_column][vc_custom_heading text=&#8221;Que sont les services informatiques g\u00e9r\u00e9s\u00a0?&#8221; font_container=&#8221;tag:h3|text_align:left&#8221; use_theme_fonts=&#8221;yes&#8221; css_animation=&#8221;fadeIn&#8221; css=&#8221;.vc_custom_1614149031047{margin-bottom: 20px !important;}&#8221;][vc_custom_heading text=&#8221;Les services informatiques g\u00e9r\u00e9s consistent \u00e0 confier les technologies de l&apos;information (TI) de votre entreprise \u00e0 une soci\u00e9t\u00e9 informatique de confiance qui, \u00e0 son tour, fournit \u00e0 vos employ\u00e9s une assistance informatique illimit\u00e9e tout en g\u00e9rant votre infrastructure informatique de mani\u00e8re proactive et strat\u00e9gique, le tout \u00e0 un prix fixe.&#8221; font_container=&#8221;tag:p|font_size:17px|text_align:left|line_height:28px&#8221; use_theme_fonts=&#8221;yes&#8221; css_animation=&#8221;fadeIn&#8221;][vc_row_inner gap=&#8221;30&#8243; css=&#8221;.vc_custom_1555496091015{margin-top: 40px !important;}&#8221;][vc_column_inner width=&#8221;1\/2&#8243;]<div id='ins-icon-69f250f2c6571' class='ins-float-icon-wrapper margin-20px-bottom ins-icon-box-align-left-basic   ins-animated fadeInUp' data-animation-delay=200><div class='ins-float-icon-inner position-relative'><i class='link-icon text-medium-gray icon-medium iconsmind-Yes'><\/i><\/div><div class='ins-float-icon-box-content'><div class='ins-float-icon-box-title text-extra-dark-gray margin-5px-bottom title-font font-weight-700 text-large select'>Support illimit\u00e9 de l'\u00e9quipe d'assistance<\/div><div class='last-paragraph-no-margin'><p class='ins-float-icon-box-text  default'>Demandez une aide professionnelle et obtenez-la sans frais suppl\u00e9mentaires. Notre \u00e9quipe d'assistance fait d\u00e9j\u00e0 partie de l'offre, vous n'avez donc pas \u00e0 vous soucier de la facturation sur site.<\/p><\/div><\/div><\/div><script type=\"text\/javascript\">\n\t\t(function(jQuery) {jQuery(\"head\").append(\"<style>#ins-icon-69f250f2c6571 .ins-icon-box-title, #ins-icon-69f250f2c6571 .ins-float-icon-box-title {color: #223645;}<\/style>\")\n\t\t\t\t\t})(jQuery);\n\t\t\t\t\t\t<\/script>[\/vc_column_inner][vc_column_inner width=&#8221;1\/2&#8243;]<div id='ins-icon-69f250f2c661d' class='ins-float-icon-wrapper margin-20px-bottom ins-icon-box-align-left-basic   ins-animated fadeInUp' data-animation-delay=400><div class='ins-float-icon-inner position-relative'><i class='link-icon text-medium-gray icon-medium iconsmind-Yes'><\/i><\/div><div class='ins-float-icon-box-content'><div class='ins-float-icon-box-title text-extra-dark-gray margin-5px-bottom title-font font-weight-700 text-large select'>Surveillance du r\u00e9seau<\/div><div class='last-paragraph-no-margin'><p class='ins-float-icon-box-text  default'>Demandez une aide professionnelle et obtenez-la sans frais suppl\u00e9mentaires. Notre \u00e9quipe d'assistance fait d\u00e9j\u00e0 partie de l'offre, vous n'avez donc pas \u00e0 vous soucier de la facturation sur site.<\/p><\/div><\/div><\/div><script type=\"text\/javascript\">\n\t\t(function(jQuery) {jQuery(\"head\").append(\"<style>#ins-icon-69f250f2c661d .ins-icon-box-title, #ins-icon-69f250f2c661d .ins-float-icon-box-title {color: #223645;}<\/style>\")\n\t\t\t\t\t})(jQuery);\n\t\t\t\t\t\t<\/script>[\/vc_column_inner][\/vc_row_inner][vc_row_inner gap=&#8221;30&#8243;][vc_column_inner width=&#8221;1\/2&#8243;]<div id='ins-icon-69f250f2c66b2' class='ins-float-icon-wrapper margin-20px-bottom ins-icon-box-align-left-basic   ins-animated fadeInUp' data-animation-delay=200><div class='ins-float-icon-inner position-relative'><i class='link-icon text-medium-gray icon-medium iconsmind-Yes'><\/i><\/div><div class='ins-float-icon-box-content'><div class='ins-float-icon-box-title text-extra-dark-gray margin-5px-bottom title-font font-weight-700 text-large select'>Sauvegarde compl\u00e8te des donn\u00e9es<\/div><div class='last-paragraph-no-margin'><p class='ins-float-icon-box-text  default'>Demandez une aide professionnelle et obtenez-la sans frais suppl\u00e9mentaires. Notre \u00e9quipe d'assistance fait d\u00e9j\u00e0 partie de l'offre, vous n'avez donc pas \u00e0 vous soucier de la facturation sur site.<\/p><\/div><\/div><\/div><script type=\"text\/javascript\">\n\t\t(function(jQuery) {jQuery(\"head\").append(\"<style>#ins-icon-69f250f2c66b2 .ins-icon-box-title, #ins-icon-69f250f2c66b2 .ins-float-icon-box-title {color: #223645;}<\/style>\")\n\t\t\t\t\t})(jQuery);\n\t\t\t\t\t\t<\/script>[\/vc_column_inner][vc_column_inner width=&#8221;1\/2&#8243;]<div id='ins-icon-69f250f2c6725' class='ins-float-icon-wrapper margin-20px-bottom ins-icon-box-align-left-basic   ins-animated fadeInUp' data-animation-delay=400><div class='ins-float-icon-inner position-relative'><i class='link-icon text-medium-gray icon-medium iconsmind-Yes'><\/i><\/div><div class='ins-float-icon-box-content'><div class='ins-float-icon-box-title text-extra-dark-gray margin-5px-bottom title-font font-weight-700 text-large select'>Cybers\u00e9curit\u00e9 avanc\u00e9e<\/div><div class='last-paragraph-no-margin'><p class='ins-float-icon-box-text  default'>Demandez une aide professionnelle et obtenez-la sans frais suppl\u00e9mentaires. Notre \u00e9quipe d'assistance fait d\u00e9j\u00e0 partie de l'offre, vous n'avez donc pas \u00e0 vous soucier de la facturation sur site.<\/p><\/div><\/div><\/div><script type=\"text\/javascript\">\n\t\t(function(jQuery) {jQuery(\"head\").append(\"<style>#ins-icon-69f250f2c6725 .ins-icon-box-title, #ins-icon-69f250f2c6725 .ins-float-icon-box-title {color: #223645;}<\/style>\")\n\t\t\t\t\t})(jQuery);\n\t\t\t\t\t\t<\/script>[\/vc_column_inner][\/vc_row_inner][\/vc_column][\/vc_row][vc_row full_width=&#8221;stretch_row&#8221; bg_overlay=&#8221;dark20&#8243; css=&#8221;.vc_custom_1622639608710{margin-bottom: 50px !important;background-image: url(https:\/\/www.global-csg.com\/wp-content\/uploads\/2021\/06\/intelli-charge-bot-oneliner.jpg?id=3776) !important;background-position: center !important;background-repeat: no-repeat !important;background-size: cover !important;}&#8221; el_class=&#8221;large-device-padding solutions-bg&#8221;][vc_column css=&#8221;.vc_custom_1555507892447{padding-top: 100px !important;padding-right: 70px !important;padding-bottom: 90px !important;padding-left: 70px !important;}&#8221;][vc_row_inner][vc_column_inner width=&#8221;1\/12&#8243;][\/vc_column_inner][vc_column_inner width=&#8221;5\/6&#8243;][vc_custom_heading text=&#8221;Nos plateformes propri\u00e9taires peuvent permettre l&apos;\u00e9lectrification des produits de votre entreprise gr\u00e2ce \u00e0 des solutions de recharge intelligentes \u00e0 la demande.&#8221; font_container=&#8221;tag:h2|text_align:center|color:%23ffffff&#8221; use_theme_fonts=&#8221;yes&#8221; css_animation=&#8221;fadeIn&#8221; el_class=&#8221;font-weight-500&#8243;][\/vc_column_inner][vc_column_inner width=&#8221;1\/12&#8243;][\/vc_column_inner][\/vc_row_inner][\/vc_column][\/vc_row][vc_row el_class=&#8221;large-device-padding&#8221;][vc_column][vc_row_inner equal_height=&#8221;yes&#8221; content_placement=&#8221;middle&#8221; el_class=&#8221;solutions-offer-row-desktop&#8221;][vc_column_inner width=&#8221;1\/2&#8243;][vc_custom_heading text=&#8221;Points forts de la solution&#8221; font_container=&#8221;tag:h3|text_align:left&#8221; use_theme_fonts=&#8221;yes&#8221; css=&#8221;.vc_custom_1614150480740{margin-bottom: 20px !important;}&#8221;][vc_column_text]<\/p>\n<ul>\n<li>Navigue de mani\u00e8re autonome vers l&#8217;\u00e9quipement d\u00e9sign\u00e9 en utilisant les technologies de vision industrielle, LiDAR et GPS et \u00e9vite en toute s\u00e9curit\u00e9 les collisions avec les obstacles sur son chemin<\/li>\n<li>Trouve la prise de charge une fois qu&#8217;il a atteint l&#8217;\u00e9quipement d\u00e9sign\u00e9 en utilisant le traitement d&#8217;image\/la reconnaissance des formes<\/li>\n<li>Se branche et effectue avec succ\u00e8s le processus de charge acc\u00e9l\u00e9r\u00e9e<\/li>\n<li>Se d\u00e9branche de l&#8217;\u00e9quipement d\u00e9sign\u00e9 et retourne \u00e0 la maison en toute s\u00e9curit\u00e9 et sans collision<\/li>\n<\/ul>\n<p>[\/vc_column_text][\/vc_column_inner][vc_column_inner width=&#8221;1\/2&#8243; css=&#8221;.vc_custom_1622639634322{background-image: url(https:\/\/www.global-csg.com\/wp-content\/uploads\/2021\/06\/intelli-charge-bot-solution-highlights.jpg?id=3777) !important;background-position: center !important;background-repeat: no-repeat !important;background-size: cover !important;}&#8221;][vc_empty_space height=&#8221;300px&#8221;][\/vc_column_inner][\/vc_row_inner][vc_row_inner equal_height=&#8221;yes&#8221; content_placement=&#8221;middle&#8221; el_class=&#8221;solutions-offer-row-mobile&#8221;][vc_column_inner width=&#8221;1\/2&#8243; css=&#8221;.vc_custom_1622639810583{background-image: url(https:\/\/www.global-csg.com\/wp-content\/uploads\/2021\/06\/intelli-charge-bot-solution-highlights.jpg?id=3777) !important;background-position: center !important;background-repeat: no-repeat !important;background-size: cover !important;}&#8221;][vc_empty_space height=&#8221;300px&#8221;][\/vc_column_inner][vc_column_inner width=&#8221;1\/2&#8243;][vc_empty_space height=&#8221;30px&#8221;][vc_custom_heading text=&#8221;Points forts de la solution&#8221; font_container=&#8221;tag:h3|text_align:left&#8221; use_theme_fonts=&#8221;yes&#8221; css=&#8221;.vc_custom_1614150480740{margin-bottom: 20px !important;}&#8221;][vc_column_text css=&#8221;.vc_custom_1621343717692{margin-bottom: 0px !important;}&#8221;]<\/p>\n<ul>\n<li>Navigue de mani\u00e8re autonome vers l&#8217;\u00e9quipement d\u00e9sign\u00e9 en utilisant les technologies de vision industrielle, LiDAR et GPS et \u00e9vite en toute s\u00e9curit\u00e9 les collisions avec les obstacles sur son chemin<\/li>\n<li>Trouve la prise de charge une fois qu&#8217;il a atteint l&#8217;\u00e9quipement d\u00e9sign\u00e9 en utilisant le traitement d&#8217;image\/la reconnaissance des formes<\/li>\n<li>Se branche et effectue avec succ\u00e8s le processus de charge acc\u00e9l\u00e9r\u00e9e<\/li>\n<li>Se d\u00e9branche de l&#8217;\u00e9quipement d\u00e9sign\u00e9 et retourne \u00e0 la maison en toute s\u00e9curit\u00e9 et sans collision<\/li>\n<\/ul>\n<p>[\/vc_column_text][\/vc_column_inner][\/vc_row_inner][vc_empty_space height=&#8221;82px&#8221;][\/vc_column][\/vc_row][vc_row full_width=&#8221;stretch_row_content_no_spaces&#8221; equal_height=&#8221;yes&#8221; content_placement=&#8221;middle&#8221; css=&#8221;.vc_custom_1615286818220{margin-bottom: 72px !important;}&#8221;][vc_column width=&#8221;2\/3&#8243; css=&#8221;.vc_custom_1622639792888{background-image: url(https:\/\/www.global-csg.com\/wp-content\/uploads\/2021\/06\/intelli-charge-bot-issues-addressed.jpg?id=3778) !important;background-position: center !important;background-repeat: no-repeat !important;background-size: cover !important;}&#8221; el_class=&#8221;large-device-padding&#8221;][vc_empty_space height=&#8221;350px&#8221;][\/vc_column][vc_column width=&#8221;1\/3&#8243; css=&#8221;.vc_custom_1621343282735{padding-top: 60px !important;padding-right: 50px !important;padding-bottom: 60px !important;padding-left: 50px !important;background-color: #156272 !important;}&#8221; el_class=&#8221;large-device-padding issues-addressed&#8221;][vc_custom_heading text=&#8221;Questions abord\u00e9es&#8221; font_container=&#8221;tag:h3|text_align:left|color:%23ffffff&#8221; use_theme_fonts=&#8221;yes&#8221; css_animation=&#8221;fadeIn&#8221; css=&#8221;.vc_custom_1614150501441{margin-bottom: 20px !important;}&#8221;]<div id='ins-list-icon-69f250f2c679d' class='ins-simple-icon-list margin-20px-bottom ins-icon-list-simple list-icon-medium select   ins-animated fadeIn' ><ul class='ins-simple-icon-list-inner list-style-none no-padding'><li class='ins-list-style margin-15px-bottom position-relative'><i class='ins-icon-list-icon margin-10px-right display-inline-block position-absolute left-0 fas fa-check'><\/i> Centralized Bank of Stationary Charging Ports Incompatible with Mobile Equipment<\/li><li class='ins-list-style margin-15px-bottom position-relative'><i class='ins-icon-list-icon margin-10px-right display-inline-block position-absolute left-0 fas fa-check'><\/i> Substantial Equipment Downtime<\/li><li class='ins-list-style margin-15px-bottom position-relative'><i class='ins-icon-list-icon margin-10px-right display-inline-block position-absolute left-0 fas fa-check'><\/i> Loss of Operator Time<\/li><li class='ins-list-style margin-15px-bottom position-relative'><i class='ins-icon-list-icon margin-10px-right display-inline-block position-absolute left-0 fas fa-check'><\/i> Reduced Profitability and Return on Investment<\/li><\/ul><\/div><script type=\"text\/javascript\">\n\t\t(function(jQuery) {jQuery(\"head\").append(\"<style>#ins-list-icon-69f250f2c679d .ins-list-style .ins-icon-list-icon{color: #ffffff;}#ins-list-icon-69f250f2c679d .ins-list-style{color: #ffffff;}<\/style>\")\n\t\t\t\t\t})(jQuery);\n\t\t\t\t\t\t<\/script>[\/vc_column][\/vc_row][vc_row full_width=&#8221;stretch_row&#8221; el_class=&#8221;large-device-padding&#8221;][vc_column][vc_custom_heading text=&#8221;R\u00e9sultats&#8221; font_container=&#8221;tag:h2|text_align:center&#8221; use_theme_fonts=&#8221;yes&#8221; css_animation=&#8221;fadeIn&#8221; css=&#8221;.vc_custom_1614150663314{margin-bottom: 20px !important;}&#8221;][vc_separator color=&#8221;custom&#8221; border_width=&#8221;3&#8243; el_width=&#8221;10&#8243; accent_color=&#8221;#156272&#8243;][vc_row_inner gap=&#8221;30&#8243;][vc_column_inner width=&#8221;1\/2&#8243;]<div id='ins-icon-69f250f2c680a' class='ins-float-icon-wrapper margin-20px-bottom ins-icon-box-align-left-basic   ins-animated fadeInUp' ><div class='ins-float-icon-inner custom-icon-box-img-main position-relative'><img src='https:\/\/www.global-csg.com\/wp-content\/uploads\/2021\/06\/1.png' alt='custom-icon'><\/div><div class='ins-float-icon-box-content ins-float-custom-icon-box-content'><div class='last-paragraph-no-margin'><p class='ins-float-icon-box-text  default'>Very Effectively Operates in Unstructured Environments - Airports, Shopping Malls and Office Buildings<\/p><\/div><\/div><\/div><script type=\"text\/javascript\">\n\t\t(function(jQuery) {\n\t\t\t\t\t})(jQuery);\n\t\t\t\t\t\t<\/script>[\/vc_column_inner][vc_column_inner width=&#8221;1\/2&#8243;]<div id='ins-icon-69f250f2c6c56' class='ins-float-icon-wrapper margin-20px-bottom ins-icon-box-align-left-basic   ins-animated fadeInUp' ><div class='ins-float-icon-inner custom-icon-box-img-main position-relative'><img src='https:\/\/www.global-csg.com\/wp-content\/uploads\/2021\/06\/2.png' alt='custom-icon'><\/div><div class='ins-float-icon-box-content ins-float-custom-icon-box-content'><div class='last-paragraph-no-margin'><p class='ins-float-icon-box-text  default'>Eliminates Charge Anxiety Due to Difficulty of Finding Charging Stations<\/p><\/div><\/div><\/div><script type=\"text\/javascript\">\n\t\t(function(jQuery) {\n\t\t\t\t\t})(jQuery);\n\t\t\t\t\t\t<\/script>[\/vc_column_inner][\/vc_row_inner][vc_row_inner gap=&#8221;30&#8243;][vc_column_inner width=&#8221;1\/2&#8243;]<div id='ins-icon-69f250f2c7080' class='ins-float-icon-wrapper margin-20px-bottom ins-icon-box-align-left-basic   ins-animated fadeInUp' data-animation-delay=200><div class='ins-float-icon-inner custom-icon-box-img-main position-relative'><img src='https:\/\/www.global-csg.com\/wp-content\/uploads\/2021\/06\/3-2.png' alt='custom-icon'><\/div><div class='ins-float-icon-box-content ins-float-custom-icon-box-content'><div class='last-paragraph-no-margin'><p class='ins-float-icon-box-text  default'>Removes the Drudgery of Connecting the Designated Equipment to Charging Stations<\/p><\/div><\/div><\/div><script type=\"text\/javascript\">\n\t\t(function(jQuery) {\n\t\t\t\t\t})(jQuery);\n\t\t\t\t\t\t<\/script>[\/vc_column_inner][vc_column_inner width=&#8221;1\/2&#8243;]<div id='ins-icon-69f250f2c74a9' class='ins-float-icon-wrapper margin-20px-bottom ins-icon-box-align-left-basic   ins-animated fadeInUp' data-animation-delay=200><div class='ins-float-icon-inner custom-icon-box-img-main position-relative'><img src='https:\/\/www.global-csg.com\/wp-content\/uploads\/2021\/06\/4.png' alt='custom-icon'><\/div><div class='ins-float-icon-box-content ins-float-custom-icon-box-content'><div class='last-paragraph-no-margin'><p class='ins-float-icon-box-text  default'>Better Utilization of Equipment with Minimal Downtime Resulting in Better Profitability and Higher ROI<\/p><\/div><\/div><\/div><script type=\"text\/javascript\">\n\t\t(function(jQuery) {\n\t\t\t\t\t})(jQuery);\n\t\t\t\t\t\t<\/script>[\/vc_column_inner][\/vc_row_inner][vc_empty_space height=&#8221;42px&#8221;][\/vc_column][\/vc_row][vc_row full_width=&#8221;stretch_row&#8221; bg_overlay=&#8221;dark40&#8243; css=&#8221;.vc_custom_1629517144805{background-color: #129eba !important;}&#8221; el_class=&#8221;large-device-padding&#8221;][vc_column][vc_empty_space height=&#8221;40px&#8221;][vc_custom_heading text=&#8221;Collaborons ensemble&#8221; font_container=&#8221;tag:h2|text_align:center|color:%23ffffff&#8221; use_theme_fonts=&#8221;yes&#8221; css_animation=&#8221;fadeIn&#8221; css=&#8221;.vc_custom_1617088601108{margin-bottom: 25px !important;}&#8221;][vc_row_inner][vc_column_inner width=&#8221;1\/6&#8243;][\/vc_column_inner][vc_column_inner width=&#8221;2\/3&#8243;][vc_custom_heading text=&#8221;Mettez nos plateformes et nos solutions \u00e9prouv\u00e9es \u00e0 votre service pour fa\u00e7onner l&apos;avenir.&#8221; font_container=&#8221;tag:p|font_size:17px|text_align:center|color:%23ffffff|line_height:28px&#8221; use_theme_fonts=&#8221;yes&#8221; css_animation=&#8221;fadeIn&#8221; css=&#8221;.vc_custom_1617088613726{margin-bottom: 10px !important;padding-right: 12% !important;padding-left: 12% !important;}&#8221;][\/vc_column_inner][vc_column_inner width=&#8221;1\/6&#8243;][\/vc_column_inner][\/vc_row_inner][vc_raw_html]PGRpdiBpZD0iaW5zLWJ1dHRvbi02MDY1ODc2MWUxMmRlIiBjbGFzcz0iaW5zLWJ1dHRvbi13cmFwcGVyIHRleHQtY2VudGVyIDMwcHggaW5zLWFuaW1hdGVkIGZhZGVJblVwIGlucy1hbmltYXRlIiBkYXRhLWFuaW1hdGlvbi1kZWxheT0iMjAwIj48YSBjbGFzcz0iaW5zLWJ1dHRvbiB0aXRsZS1mb250IGxldHRlci1zcGFjaW5nLTEgdGV4dC13aGl0ZSBwYy1ib3JkZXIgcGMtYmcgYnRuLXNxdWFyZSBmb250LXdlaWdodC02MDAgYnRuLW1lZGl1bSB0ZXh0LXVwcGVyY2FzZSAiIGRhdGEtdG9nZ2xlPSJtb2RhbCIgZGF0YS10YXJnZXQ9IiNwb3B1cC1tb2RhbCI+Q09OVEFDVDwvYT48L2Rpdj4=[\/vc_raw_html][vc_empty_space height=&#8221;60px&#8221;][\/vc_column][\/vc_row]<\/p>\n","protected":false},"excerpt":{"rendered":"<p>[vc_row full_width=&#8221;stretch_row&#8221; css=&#8221;.vc_custom_1622639479301{margin-top: 80px !important;padding-top: 160px !important;padding-bottom: 200px !important;background-image: url(https:\/\/www.global-csg.com\/wp-content\/uploads\/2021\/06\/csg-intelli-charge-bot-banner.jpg?id=3775) !important;background-position: center !important;background-repeat: no-repeat !important;background-size: cover !important;}&#8221; el_class=&#8221;large-device-padding inner-page-banner&#8221;][vc_column][vc_custom_heading text=&#8221;INTELLI-CHARGE-BOT\u00a9&#8221; [&hellip;]<\/p>\n","protected":false},"author":1,"featured_media":0,"parent":13335,"menu_order":0,"comment_status":"closed","ping_status":"closed","template":"","meta":{"footnotes":""},"class_list":["post-13523","page","type-page","status-publish","hentry"],"_links":{"self":[{"href":"https:\/\/www.global-csg.com\/fr\/wp-json\/wp\/v2\/pages\/13523","targetHints":{"allow":["GET"]}}],"collection":[{"href":"https:\/\/www.global-csg.com\/fr\/wp-json\/wp\/v2\/pages"}],"about":[{"href":"https:\/\/www.global-csg.com\/fr\/wp-json\/wp\/v2\/types\/page"}],"author":[{"embeddable":true,"href":"https:\/\/www.global-csg.com\/fr\/wp-json\/wp\/v2\/users\/1"}],"replies":[{"embeddable":true,"href":"https:\/\/www.global-csg.com\/fr\/wp-json\/wp\/v2\/comments?post=13523"}],"version-history":[{"count":0,"href":"https:\/\/www.global-csg.com\/fr\/wp-json\/wp\/v2\/pages\/13523\/revisions"}],"up":[{"embeddable":true,"href":"https:\/\/www.global-csg.com\/fr\/wp-json\/wp\/v2\/pages\/13335"}],"wp:attachment":[{"href":"https:\/\/www.global-csg.com\/fr\/wp-json\/wp\/v2\/media?parent=13523"}],"curies":[{"name":"wp","href":"https:\/\/api.w.org\/{rel}","templated":true}]}}