{"id":13488,"date":"2021-02-18T16:59:19","date_gmt":"2021-02-18T11:29:19","guid":{"rendered":"https:\/\/www.global-csg.com\/politique-de-confidentialite\/"},"modified":"2024-03-21T12:28:57","modified_gmt":"2024-03-21T06:58:57","slug":"politique-de-confidentialite","status":"publish","type":"page","link":"https:\/\/www.global-csg.com\/fr\/politique-de-confidentialite\/","title":{"rendered":"Politique de confidentialit\u00e9"},"content":{"rendered":"<p>[vc_row full_width=&#8221;stretch_row&#8221; disable_element=&#8221;yes&#8221; css=&#8221;.vc_custom_1613646856791{padding-top: 120px !important;padding-bottom: 150px !important;background-image: url(http:\/\/www.bizinventive.club\/creative\/wp-content\/uploads\/2019\/04\/emerson-page-title-2.jpg?id=1560) !important;background-position: center !important;background-repeat: no-repeat !important;background-size: cover !important;}&#8221;][vc_column]<div id='ins-heading-6a04e6a9ab0e3' class='section-heading ins-heading text-center default    '  style='margin-top:0; margin-bottom:0'><h1 class='section-heading-title margin-10px-top  default no-letter-spacing'>Conditions d'utilisation<\/h1><\/div><script type=\"text\/javascript\">\n\t\t(function(jQuery) {jQuery(\"head\").append(\"<style>#ins-heading-6a04e6a9ab0e3 h1 {color: #ffffff;}<\/style>\")\n\t\t\t\t\t})(jQuery);\n\t\t\t\t\t\t<\/script>[\/vc_column][\/vc_row][vc_row css=&#8221;.vc_custom_1615288730432{padding-bottom: 40px !important;}&#8221; el_class=&#8221;large-device-padding&#8221;][vc_column][vc_column_text]<em>Derni\u00e8re mise \u00e0 jour le 1<sup>er<\/sup> juin 2021  <\/em><\/p>\n<h3>Introduction<\/h3>\n<p>Nous nous engageons \u00e0 prot\u00e9ger la vie priv\u00e9e des visiteurs de notre site Web ; dans cette politique, nous expliquons comment nous traiterons vos informations personnelles.<\/p>\n<p>En utilisant notre site Web et en acceptant cette politique, vous consentez \u00e0 ce que nous utilisions des cookies conform\u00e9ment aux termes de cette politique.<\/p>\n<h3>Collecte d&#8217;informations personnelles<\/h3>\n<p>Nous pouvons collecter, stocker et utiliser les types d&#8217;informations personnelles suivants :<\/p>\n<p>Informations sur votre ordinateur et sur vos visites et votre utilisation de ce site Web, y compris votre adresse IP, votre localisation g\u00e9ographique, le type et la version de votre navigateur, votre syst\u00e8me d&#8217;exploitation, la source de r\u00e9f\u00e9rence, la dur\u00e9e de la visite, les pages consult\u00e9es et les chemins de navigation sur le site Web.<\/p>\n<ul>\n<li>Les informations que vous nous fournissez lorsque vous vous inscrivez sur notre site Web, y compris votre adresse \u00e9lectronique<\/li>\n<li>Les informations que vous nous fournissez pour vous abonner \u00e0 nos notifications par courrier \u00e9lectronique et\/ou \u00e0 nos bulletins d&#8217;information, y compris votre nom et votre adresse \u00e9lectronique<\/li>\n<li>Les informations que vous nous fournissez lorsque vous utilisez les services de notre site Web ou qui sont g\u00e9n\u00e9r\u00e9es dans le cadre de l&#8217;utilisation de ces services, y compris le moment, la fr\u00e9quence et le mod\u00e8le d&#8217;utilisation des services<\/li>\n<li>Les informations contenues dans les communications que vous nous envoyez ou que vous envoyez par l&#8217;interm\u00e9diaire de formulaires de demande ou autrement sur notre site Web, y compris le contenu de la communication et les m\u00e9tadonn\u00e9es associ\u00e9es \u00e0 la communication, ou s&#8217;y rapportant<\/li>\n<li>Avant de nous divulguer les informations personnelles d&#8217;une autre personne, vous devez obtenir le consentement de cette personne \u00e0 la fois \u00e0 la divulgation et au traitement de ces informations personnelles conform\u00e9ment \u00e0 la pr\u00e9sente politique<\/li>\n<\/ul>\n<h3>Utilisation de vos donn\u00e9es personnelles<\/h3>\n<p>Les informations personnelles qui nous sont communiqu\u00e9es par l&#8217;interm\u00e9diaire de notre site Web seront utilis\u00e9es aux fins sp\u00e9cifi\u00e9es dans la pr\u00e9sente politique ou dans les pages correspondantes du site Web. Nous pouvons utiliser vos informations personnelles pour :<\/p>\n<ul>\n<li>Administrer notre site Web et nos activit\u00e9s<\/li>\n<li>Personnaliser notre site Web pour vous<\/li>\n<li>Vous permettre d&#8217;utiliser les services disponibles sur notre site Web<\/li>\n<li>Vous envoyer des notifications par courrier \u00e9lectronique si vous en avez fait la demande expresse<\/li>\n<li>Vous envoyer notre bulletin d&#8217;information par courrier \u00e9lectronique, si vous l&#8217;avez demand\u00e9<\/li>\n<li>Traiter les demandes de renseignements et les plaintes formul\u00e9es par vous ou \u00e0 votre sujet concernant notre site Web<\/li>\n<li>Assurer la s\u00e9curit\u00e9 de notre site Web et pr\u00e9venir la fraude<\/li>\n<\/ul>\n<p>Si vous soumettez des informations personnelles pour publication sur notre site Web, nous publierons et utiliserons ces informations conform\u00e9ment \u00e0 la licence que vous nous accordez.<\/p>\n<h3>Divulgation d&#8217;informations personnelles<\/h3>\n<p>Nous pouvons divulguer vos informations personnelles \u00e0 l&#8217;un de nos employ\u00e9s, dirigeants, conseillers, agents, dans la mesure o\u00f9 cela est raisonnablement n\u00e9cessaire aux fins \u00e9nonc\u00e9es dans la pr\u00e9sente politique. Nous pouvons divulguer vos informations personnelles \u00e0 tout membre de notre groupe de soci\u00e9t\u00e9s, y compris les soci\u00e9t\u00e9s affili\u00e9es et les filiales, dans la mesure o\u00f9 cela est raisonnablement n\u00e9cessaire aux fins \u00e9nonc\u00e9es dans la pr\u00e9sente politique. Nous pouvons divulguer vos informations personnelles :<\/p>\n<ul>\n<li>Dans la mesure o\u00f9 la loi nous y oblige<\/li>\n<li>Afin d&#8217;\u00e9tablir, d&#8217;exercer ou de d\u00e9fendre nos droits l\u00e9gaux, y compris la fourniture d&#8217;informations \u00e0 des tiers \u00e0 des fins de pr\u00e9vention de la fraude et de r\u00e9duction du risque de cr\u00e9dit<\/li>\n<li>\u00c0 l&#8217;acheteur ou \u00e0 l&#8217;acheteur potentiel d&#8217;une entreprise ou d&#8217;un actif que nous vendons ou envisageons de vendre<\/li>\n<li>\u00c0 toute personne dont nous pensons raisonnablement qu&#8217;elle peut demander \u00e0 un tribunal ou \u00e0 une autre autorit\u00e9 comp\u00e9tente la divulgation de ces informations \u00e0 caract\u00e8re personnel lorsque, selon notre opinion raisonnable, ce tribunal ou cette autorit\u00e9 serait raisonnablement susceptible d&#8217;ordonner la divulgation de ces informations \u00e0 caract\u00e8re personnel<\/li>\n<\/ul>\n<p>Sauf dans les cas pr\u00e9vus par la pr\u00e9sente politique, nous ne fournirons pas vos informations personnelles \u00e0 des tiers.<\/p>\n<h3>Transferts internationaux de donn\u00e9es<\/h3>\n<p>Les informations que nous recueillons peuvent \u00eatre stock\u00e9es, trait\u00e9es et transf\u00e9r\u00e9es entre les pays dans lesquels nous op\u00e9rons afin de nous permettre d&#8217;utiliser ces informations conform\u00e9ment \u00e0 la pr\u00e9sente politique. Les informations personnelles que vous publiez sur notre site Web ou que vous soumettez pour publication sur notre site Web peuvent \u00eatre disponibles, via Internet, dans le monde entier. Nous ne pouvons pas emp\u00eacher l&#8217;utilisation ou l&#8217;abus de ces informations par d&#8217;autres. Vous acceptez express\u00e9ment les transferts d&#8217;informations personnelles d\u00e9crits dans la pr\u00e9sente section.<\/p>\n<h3>Conservation des donn\u00e9es personnelles<\/h3>\n<p>Cette section pr\u00e9sente nos politiques et proc\u00e9dures de conservation des donn\u00e9es, qui visent \u00e0 garantir que nous respectons nos obligations l\u00e9gales en mati\u00e8re de conservation et de suppression des informations \u00e0 caract\u00e8re personnel. Les informations personnelles que nous traitons pour une ou plusieurs finalit\u00e9s ne seront pas conserv\u00e9es plus longtemps qu&#8217;il n&#8217;est n\u00e9cessaire pour cette ou ces finalit\u00e9s. Nonobstant les autres dispositions de la pr\u00e9sente section, nous conserverons les documents, y compris les documents \u00e9lectroniques, contenant des donn\u00e9es \u00e0 caract\u00e8re personnel :<\/p>\n<ul>\n<li>Dans la mesure o\u00f9 la loi nous y oblige<\/li>\n<li>Si nous estimons que les documents peuvent \u00eatre pertinents dans le cadre d&#8217;une proc\u00e9dure judiciaire en cours ou \u00e0 venir et<\/li>\n<li>Afin d&#8217;\u00e9tablir, d&#8217;exercer ou de d\u00e9fendre nos droits l\u00e9gaux, y compris la fourniture d&#8217;informations \u00e0 des tiers \u00e0 des fins de pr\u00e9vention de la fraude et de r\u00e9duction du risque de cr\u00e9dit<\/li>\n<\/ul>\n<h3>S\u00e9curit\u00e9 de vos donn\u00e9es personnelles<\/h3>\n<p>Nous prendrons des pr\u00e9cautions techniques et organisationnelles raisonnables pour emp\u00eacher la perte, l&#8217;utilisation abusive ou l&#8217;alt\u00e9ration de vos informations personnelles. Nous stockons toutes les informations personnelles que vous nous fournissez sur nos serveurs s\u00e9curis\u00e9s par mot de passe et pare-feu. Vous reconnaissez que la transmission d&#8217;informations sur Internet est intrins\u00e8quement peu s\u00fbre et que nous ne pouvons pas garantir la s\u00e9curit\u00e9 des donn\u00e9es envoy\u00e9es sur Internet.<\/p>\n<h3>Sites Web de tiers<\/h3>\n<p>Notre site Web contient des hyperliens vers des sites Web de tiers et des informations sur ces sites. Nous n&#8217;avons aucun contr\u00f4le sur les politiques et pratiques de tiers en mati\u00e8re de protection de la vie priv\u00e9e et nous n&#8217;en sommes pas responsables.<\/p>\n<h3>Cookies<\/h3>\n<p>Notre site Web utilise des cookies. Un cookie est un fichier contenant un identifiant &#8211; une cha\u00eene de lettres et de chiffres &#8211; envoy\u00e9 par un serveur Web \u00e0 un navigateur Web et stock\u00e9 par ce dernier. L&#8217;identifiant est ensuite renvoy\u00e9 au serveur chaque fois que le navigateur demande une page au serveur.<\/p>\n<p>La pr\u00e9sente politique de confidentialit\u00e9 peut \u00eatre modifi\u00e9e et mise \u00e0 jour p\u00e9riodiquement et sans pr\u00e9avis afin de refl\u00e9ter les changements dans nos pratiques d&#8217;information en ligne. Lorsque des modifications sont apport\u00e9es \u00e0 la pr\u00e9sente politique, elles sont publi\u00e9es sur le site Web et la date de \u00ab\u00a0derni\u00e8re mise \u00e0 jour\u00a0\u00bb figurant en haut de la pr\u00e9sente politique est r\u00e9vis\u00e9e. Nous encourageons \u00e9galement les utilisateurs \u00e0 consulter r\u00e9guli\u00e8rement la pr\u00e9sente politique pour comprendre comment nous prot\u00e9geons et utilisons vos informations.[\/vc_column_text][\/vc_column][\/vc_row]<\/p>\n","protected":false},"excerpt":{"rendered":"<p>[vc_row full_width=&#8221;stretch_row&#8221; disable_element=&#8221;yes&#8221; css=&#8221;.vc_custom_1613646856791{padding-top: 120px !important;padding-bottom: 150px !important;background-image: url(http:\/\/www.bizinventive.club\/creative\/wp-content\/uploads\/2019\/04\/emerson-page-title-2.jpg?id=1560) !important;background-position: center !important;background-repeat: no-repeat !important;background-size: cover !important;}&#8221;][vc_column][\/vc_column][\/vc_row][vc_row css=&#8221;.vc_custom_1615288730432{padding-bottom: 40px !important;}&#8221; el_class=&#8221;large-device-padding&#8221;][vc_column][vc_column_text]Derni\u00e8re [&hellip;]<\/p>\n","protected":false},"author":1,"featured_media":0,"parent":0,"menu_order":0,"comment_status":"closed","ping_status":"closed","template":"","meta":{"footnotes":""},"class_list":["post-13488","page","type-page","status-publish","hentry"],"_links":{"self":[{"href":"https:\/\/www.global-csg.com\/fr\/wp-json\/wp\/v2\/pages\/13488","targetHints":{"allow":["GET"]}}],"collection":[{"href":"https:\/\/www.global-csg.com\/fr\/wp-json\/wp\/v2\/pages"}],"about":[{"href":"https:\/\/www.global-csg.com\/fr\/wp-json\/wp\/v2\/types\/page"}],"author":[{"embeddable":true,"href":"https:\/\/www.global-csg.com\/fr\/wp-json\/wp\/v2\/users\/1"}],"replies":[{"embeddable":true,"href":"https:\/\/www.global-csg.com\/fr\/wp-json\/wp\/v2\/comments?post=13488"}],"version-history":[{"count":0,"href":"https:\/\/www.global-csg.com\/fr\/wp-json\/wp\/v2\/pages\/13488\/revisions"}],"wp:attachment":[{"href":"https:\/\/www.global-csg.com\/fr\/wp-json\/wp\/v2\/media?parent=13488"}],"curies":[{"name":"wp","href":"https:\/\/api.w.org\/{rel}","templated":true}]}}