{"id":13391,"date":"2021-03-30T13:23:55","date_gmt":"2021-03-30T07:53:55","guid":{"rendered":"https:\/\/www.global-csg.com\/solutions\/crowd-glue\/"},"modified":"2024-03-21T12:29:32","modified_gmt":"2024-03-21T06:59:32","slug":"crowd-glue","status":"publish","type":"page","link":"https:\/\/www.global-csg.com\/fr\/solutions\/crowd-glue\/","title":{"rendered":"CROWD GLUE\u00a9"},"content":{"rendered":"<p>[vc_row full_width=&#8221;stretch_row&#8221; bg_overlay=&#8221;dark10&#8243; css=&#8221;.vc_custom_1622639882880{margin-top: 80px !important;padding-top: 143px !important;padding-bottom: 182px !important;background-image: url(https:\/\/www.global-csg.com\/wp-content\/uploads\/2021\/06\/csg-crowd-glue-banner.jpg?id=3780) !important;background-position: center !important;background-repeat: no-repeat !important;background-size: cover !important;}&#8221; el_class=&#8221;large-device-padding inner-page-banner&#8221;][vc_column][vc_custom_heading text=&#8221;CROWD GLUE<sup>\u00a9<\/sup>&#8221; font_container=&#8221;tag:h1|text_align:center|color:%23ffffff&#8221; use_theme_fonts=&#8221;yes&#8221; css=&#8221;.vc_custom_1622530721188{margin-bottom: 15px !important;}&#8221;][vc_custom_heading text=&#8221;Syst\u00e8mes d&apos;information cognitifs d\u00e9mographiques et sensibles<br \/>\n\u00e0 la localisation pour les passagers et le public&#8221; font_container=&#8221;tag:h4|text_align:center|color:%23ffffff&#8221; use_theme_fonts=&#8221;yes&#8221; css=&#8221;.vc_custom_1620649362250{margin-bottom: 15px !important;}&#8221;][\/vc_column][\/vc_row][vc_row equal_height=&#8221;yes&#8221; css=&#8221;.vc_custom_1621343882610{margin-top: 50px !important;margin-bottom: 60px !important;}&#8221; el_class=&#8221;large-device-padding solution-inner-intro-section&#8221;][vc_column offset=&#8221;vc_col-lg-5 vc_col-md-5&#8243;][vc_custom_heading text=&#8221;CROWD GLUE<sup>\u00a9<\/sup> vous aide&#8221; font_container=&#8221;tag:h6|text_align:left|color:%2336ab9c&#8221; use_theme_fonts=&#8221;yes&#8221; css_animation=&#8221;fadeIn&#8221; el_class=&#8221;letter-spacing-2 font-weight-600 text-uppercase&#8221;][vc_custom_heading text=&#8221;Am\u00e9liorez l&apos;engagement personnalis\u00e9 et l&apos;interactivit\u00e9 avec votre public gr\u00e2ce \u00e0 l&apos;IA\/ML&#8221; use_theme_fonts=&#8221;yes&#8221; css_animation=&#8221;fadeIn&#8221; css=&#8221;.vc_custom_1622632668704{margin-bottom: 30px !important;}&#8221;][vc_empty_space height=&#8221;0px&#8221; el_class=&#8221;empty_space&#8221;][\/vc_column][vc_column offset=&#8221;vc_col-lg-7 vc_col-md-7&#8243;][vc_custom_heading text=&#8221;CROWD GLUE<sup>\u00a9<\/sup> de CREATIVE est un syst\u00e8me d&apos;information cognitif, d\u00e9mographique et g\u00e9osensible sur les passagers et le public, bas\u00e9 sur l&apos;IA\/ML. Il \u00e9largit consid\u00e9rablement l&apos;engagement personnalis\u00e9 et l&apos;interactivit\u00e9 avec vos passagers et votre public en proposant un contenu sur mesure et des microservices en temps r\u00e9el. CROWD GLUE<sup>\u00a9<\/sup> permet d&apos;am\u00e9liorer l&apos;engagement et la satisfaction du public, d&apos;augmenter les recettes publicitaires et d&apos;accro\u00eetre les ventes.&#8221; font_container=&#8221;tag:p|font_size:17px|text_align:left|color:%231f1f1f|line_height:28px&#8221; use_theme_fonts=&#8221;yes&#8221; css_animation=&#8221;fadeIn&#8221;][\/vc_column][\/vc_row][vc_row disable_element=&#8221;yes&#8221; css=&#8221;.vc_custom_1615286437261{margin-top: 40px !important;margin-bottom: 50px !important;}&#8221; el_class=&#8221;large-device-padding&#8221;][vc_column][vc_custom_heading text=&#8221;Que sont les services informatiques g\u00e9r\u00e9s\u00a0?&#8221; font_container=&#8221;tag:h3|text_align:left&#8221; use_theme_fonts=&#8221;yes&#8221; css_animation=&#8221;fadeIn&#8221; css=&#8221;.vc_custom_1614149031047{margin-bottom: 20px !important;}&#8221;][vc_custom_heading text=&#8221;Les services informatiques g\u00e9r\u00e9s consistent \u00e0 confier les technologies de l&apos;information (TI) de votre entreprise \u00e0 une soci\u00e9t\u00e9 informatique de confiance qui, \u00e0 son tour, fournit \u00e0 vos employ\u00e9s une assistance informatique illimit\u00e9e tout en g\u00e9rant votre infrastructure informatique de mani\u00e8re proactive et strat\u00e9gique, le tout \u00e0 un prix fixe.&#8221; font_container=&#8221;tag:p|font_size:17px|text_align:left|line_height:28px&#8221; use_theme_fonts=&#8221;yes&#8221; css_animation=&#8221;fadeIn&#8221;][vc_row_inner gap=&#8221;30&#8243; css=&#8221;.vc_custom_1555496091015{margin-top: 40px !important;}&#8221;][vc_column_inner width=&#8221;1\/2&#8243;]<div id='ins-icon-6a04b2239ce5c' class='ins-float-icon-wrapper margin-20px-bottom ins-icon-box-align-left-basic   ins-animated fadeInUp' data-animation-delay=200><div class='ins-float-icon-inner position-relative'><i class='link-icon text-medium-gray icon-medium iconsmind-Yes'><\/i><\/div><div class='ins-float-icon-box-content'><div class='ins-float-icon-box-title text-extra-dark-gray margin-5px-bottom title-font font-weight-700 text-large select'>Support illimit\u00e9 de l'\u00e9quipe d'assistance<\/div><div class='last-paragraph-no-margin'><p class='ins-float-icon-box-text  default'>Demandez une aide professionnelle et obtenez-la sans frais suppl\u00e9mentaires. Notre \u00e9quipe d'assistance fait d\u00e9j\u00e0 partie de l'offre, vous n'avez donc pas \u00e0 vous soucier de la facturation sur site.<\/p><\/div><\/div><\/div><script type=\"text\/javascript\">\n\t\t(function(jQuery) {jQuery(\"head\").append(\"<style>#ins-icon-6a04b2239ce5c .ins-icon-box-title, #ins-icon-6a04b2239ce5c .ins-float-icon-box-title {color: #223645;}<\/style>\")\n\t\t\t\t\t})(jQuery);\n\t\t\t\t\t\t<\/script>[\/vc_column_inner][vc_column_inner width=&#8221;1\/2&#8243;]<div id='ins-icon-6a04b2239cf07' class='ins-float-icon-wrapper margin-20px-bottom ins-icon-box-align-left-basic   ins-animated fadeInUp' data-animation-delay=400><div class='ins-float-icon-inner position-relative'><i class='link-icon text-medium-gray icon-medium iconsmind-Yes'><\/i><\/div><div class='ins-float-icon-box-content'><div class='ins-float-icon-box-title text-extra-dark-gray margin-5px-bottom title-font font-weight-700 text-large select'>Surveillance du r\u00e9seau<\/div><div class='last-paragraph-no-margin'><p class='ins-float-icon-box-text  default'>Demandez une aide professionnelle et obtenez-la sans frais suppl\u00e9mentaires. Notre \u00e9quipe d'assistance fait d\u00e9j\u00e0 partie de l'offre, vous n'avez donc pas \u00e0 vous soucier de la facturation sur site.<\/p><\/div><\/div><\/div><script type=\"text\/javascript\">\n\t\t(function(jQuery) {jQuery(\"head\").append(\"<style>#ins-icon-6a04b2239cf07 .ins-icon-box-title, #ins-icon-6a04b2239cf07 .ins-float-icon-box-title {color: #223645;}<\/style>\")\n\t\t\t\t\t})(jQuery);\n\t\t\t\t\t\t<\/script>[\/vc_column_inner][\/vc_row_inner][vc_row_inner gap=&#8221;30&#8243;][vc_column_inner width=&#8221;1\/2&#8243;]<div id='ins-icon-6a04b2239cf89' class='ins-float-icon-wrapper margin-20px-bottom ins-icon-box-align-left-basic   ins-animated fadeInUp' data-animation-delay=200><div class='ins-float-icon-inner position-relative'><i class='link-icon text-medium-gray icon-medium iconsmind-Yes'><\/i><\/div><div class='ins-float-icon-box-content'><div class='ins-float-icon-box-title text-extra-dark-gray margin-5px-bottom title-font font-weight-700 text-large select'>Sauvegarde compl\u00e8te des donn\u00e9es<\/div><div class='last-paragraph-no-margin'><p class='ins-float-icon-box-text  default'>Demandez une aide professionnelle et obtenez-la sans frais suppl\u00e9mentaires. Notre \u00e9quipe d'assistance fait d\u00e9j\u00e0 partie de l'offre, vous n'avez donc pas \u00e0 vous soucier de la facturation sur site.<\/p><\/div><\/div><\/div><script type=\"text\/javascript\">\n\t\t(function(jQuery) {jQuery(\"head\").append(\"<style>#ins-icon-6a04b2239cf89 .ins-icon-box-title, #ins-icon-6a04b2239cf89 .ins-float-icon-box-title {color: #223645;}<\/style>\")\n\t\t\t\t\t})(jQuery);\n\t\t\t\t\t\t<\/script>[\/vc_column_inner][vc_column_inner width=&#8221;1\/2&#8243;]<div id='ins-icon-6a04b2239cfff' class='ins-float-icon-wrapper margin-20px-bottom ins-icon-box-align-left-basic   ins-animated fadeInUp' data-animation-delay=400><div class='ins-float-icon-inner position-relative'><i class='link-icon text-medium-gray icon-medium iconsmind-Yes'><\/i><\/div><div class='ins-float-icon-box-content'><div class='ins-float-icon-box-title text-extra-dark-gray margin-5px-bottom title-font font-weight-700 text-large select'>Cybers\u00e9curit\u00e9 avanc\u00e9e<\/div><div class='last-paragraph-no-margin'><p class='ins-float-icon-box-text  default'>Demandez une aide professionnelle et obtenez-la sans frais suppl\u00e9mentaires. Notre \u00e9quipe d'assistance fait d\u00e9j\u00e0 partie de l'offre, vous n'avez donc pas \u00e0 vous soucier de la facturation sur site.<\/p><\/div><\/div><\/div><script type=\"text\/javascript\">\n\t\t(function(jQuery) {jQuery(\"head\").append(\"<style>#ins-icon-6a04b2239cfff .ins-icon-box-title, #ins-icon-6a04b2239cfff .ins-float-icon-box-title {color: #223645;}<\/style>\")\n\t\t\t\t\t})(jQuery);\n\t\t\t\t\t\t<\/script>[\/vc_column_inner][\/vc_row_inner][\/vc_column][\/vc_row][vc_row full_width=&#8221;stretch_row&#8221; bg_overlay=&#8221;dark20&#8243; css=&#8221;.vc_custom_1622639990719{margin-bottom: 50px !important;background-image: url(https:\/\/www.global-csg.com\/wp-content\/uploads\/2021\/06\/crowd-glue-oneliner.jpg?id=3783) !important;background-position: center !important;background-repeat: no-repeat !important;background-size: cover !important;}&#8221; el_class=&#8221;large-device-padding solutions-bg&#8221;][vc_column css=&#8221;.vc_custom_1555507892447{padding-top: 100px !important;padding-right: 70px !important;padding-bottom: 90px !important;padding-left: 70px !important;}&#8221;][vc_row_inner][vc_column_inner][vc_custom_heading text=&#8221;CROWD GLUE<sup>\u00a9<\/sup> permet un bond en avant dans l&apos;engagement et la satisfaction du public, l&apos;am\u00e9lioration des recettes publicitaires et l&apos;expansion des ventes&#8221; font_container=&#8221;tag:h2|text_align:center|color:%23ffffff&#8221; use_theme_fonts=&#8221;yes&#8221; css_animation=&#8221;fadeIn&#8221; el_class=&#8221;font-weight-500&#8243;][\/vc_column_inner][\/vc_row_inner][\/vc_column][\/vc_row][vc_row el_class=&#8221;large-device-padding&#8221;][vc_column][vc_row_inner equal_height=&#8221;yes&#8221; content_placement=&#8221;middle&#8221; el_class=&#8221;solutions-offer-row-desktop&#8221;][vc_column_inner width=&#8221;1\/2&#8243; css=&#8221;.vc_custom_1617090595693{padding-right: 20px !important;}&#8221;][vc_custom_heading text=&#8221;Points forts de la solution&#8221; font_container=&#8221;tag:h3|text_align:left&#8221; use_theme_fonts=&#8221;yes&#8221; css=&#8221;.vc_custom_1614150480740{margin-bottom: 20px !important;}&#8221;][vc_column_text]<\/p>\n<ul>\n<li>La localisation et les niveaux de revenus sont d\u00e9termin\u00e9s par GPS, les donn\u00e9es d\u00e9mographiques sont \u00e9tablies \u00e0 l&#8217;aide de la vision artificielle et du LiDAR pour d\u00e9terminer le sexe, l&#8217;\u00e2ge et l&#8217;origine ethnique<\/li>\n<li>La mesure de l&#8217;audience s&#8217;appuie sur le temps d&#8217;engagement des t\u00e9l\u00e9spectateurs et sur l&#8217;analyse des donn\u00e9es relatives aux habitudes de consommation de contenu<\/li>\n<li>Adaptation du contenu en temps r\u00e9el en fonction de l&#8217;engagement de l&#8217;audience<\/li>\n<li>Le contenu personnalis\u00e9 et les microservices sont fournis dans une police de caract\u00e8res adaptable et des niveaux audio variables bas\u00e9s sur des algorithmes pilot\u00e9s par l&#8217;IA\/ML<\/li>\n<\/ul>\n<p>[\/vc_column_text][\/vc_column_inner][vc_column_inner width=&#8221;1\/2&#8243; css=&#8221;.vc_custom_1622639915542{background-image: url(https:\/\/www.global-csg.com\/wp-content\/uploads\/2021\/06\/crowd-glue-solution-highlights.jpg?id=3781) !important;background-position: center !important;background-repeat: no-repeat !important;background-size: cover !important;}&#8221;][vc_empty_space height=&#8221;300px&#8221;][\/vc_column_inner][\/vc_row_inner][vc_row_inner equal_height=&#8221;yes&#8221; content_placement=&#8221;middle&#8221; el_class=&#8221;solutions-offer-row-mobile&#8221;][vc_column_inner width=&#8221;1\/2&#8243; css=&#8221;.vc_custom_1622639926855{background-image: url(https:\/\/www.global-csg.com\/wp-content\/uploads\/2021\/06\/crowd-glue-solution-highlights.jpg?id=3781) !important;background-position: center !important;background-repeat: no-repeat !important;background-size: cover !important;}&#8221;][vc_empty_space height=&#8221;300px&#8221;][\/vc_column_inner][vc_column_inner width=&#8221;1\/2&#8243; css=&#8221;.vc_custom_1621344252321{padding-right: 20px !important;}&#8221;][vc_empty_space height=&#8221;30px&#8221;][vc_custom_heading text=&#8221;Points forts de la solution&#8221; font_container=&#8221;tag:h3|text_align:left&#8221; use_theme_fonts=&#8221;yes&#8221; css=&#8221;.vc_custom_1614150480740{margin-bottom: 20px !important;}&#8221;][vc_column_text css=&#8221;.vc_custom_1621344029702{margin-bottom: 0px !important;}&#8221;]<\/p>\n<ul>\n<li>La localisation et les niveaux de revenus sont d\u00e9termin\u00e9s par GPS, les donn\u00e9es d\u00e9mographiques sont \u00e9tablies \u00e0 l&#8217;aide de la vision artificielle et du LiDAR pour d\u00e9terminer le sexe, l&#8217;\u00e2ge et l&#8217;origine ethnique<\/li>\n<li>La mesure de l&#8217;audience s&#8217;appuie sur le temps d&#8217;engagement des t\u00e9l\u00e9spectateurs et sur l&#8217;analyse des donn\u00e9es relatives aux habitudes de consommation de contenu<\/li>\n<li>Adaptation du contenu en temps r\u00e9el en fonction de l&#8217;engagement de l&#8217;audience<\/li>\n<li>Le contenu personnalis\u00e9 et les microservices sont fournis dans une police de caract\u00e8res adaptable et des niveaux audio variables bas\u00e9s sur des algorithmes pilot\u00e9s par l&#8217;IA\/ML<\/li>\n<\/ul>\n<p>[\/vc_column_text][\/vc_column_inner][\/vc_row_inner][vc_empty_space height=&#8221;82px&#8221;][\/vc_column][\/vc_row][vc_row full_width=&#8221;stretch_row_content_no_spaces&#8221; equal_height=&#8221;yes&#8221; content_placement=&#8221;middle&#8221; css=&#8221;.vc_custom_1615286818220{margin-bottom: 72px !important;}&#8221;][vc_column width=&#8221;2\/3&#8243; css=&#8221;.vc_custom_1622639943978{background-image: url(https:\/\/www.global-csg.com\/wp-content\/uploads\/2021\/06\/crowd-glue-issues-addressed.jpg?id=3782) !important;background-position: center !important;background-repeat: no-repeat !important;background-size: cover !important;}&#8221; el_class=&#8221;large-device-padding&#8221;][vc_empty_space height=&#8221;350px&#8221;][\/vc_column][vc_column width=&#8221;1\/3&#8243; css=&#8221;.vc_custom_1621344259944{padding-top: 60px !important;padding-right: 50px !important;padding-bottom: 60px !important;padding-left: 50px !important;background-color: #156272 !important;}&#8221; el_class=&#8221;large-device-padding issues-addressed&#8221;][vc_custom_heading text=&#8221;Questions abord\u00e9es&#8221; font_container=&#8221;tag:h3|text_align:left|color:%23ffffff&#8221; use_theme_fonts=&#8221;yes&#8221; css_animation=&#8221;fadeIn&#8221; css=&#8221;.vc_custom_1614150501441{margin-bottom: 20px !important;}&#8221;][vc_column_text]<\/p>\n<ul>\n<li style=\"color: #fff;\">Les syst\u00e8mes typiques d&#8217;information des passagers et du public sont assez statiques par nature et unidirectionnels<\/li>\n<li style=\"color: #fff;\">Le contenu et la pr\u00e9sentation de l&#8217;affichage sont fixes, sans tenir compte du sexe, de l&#8217;\u00e2ge et de l&#8217;origine ethnique du public<\/li>\n<li style=\"color: #fff;\">Le contenu et la pr\u00e9sentation ne sont pas cibl\u00e9s en fonction de la richesse, de la diversit\u00e9 socio-\u00e9conomique et du niveau d&#8217;\u00e9ducation du lieu<\/li>\n<li style=\"color: #fff;\">L&#8217;engagement, l&#8217;interactivit\u00e9 et la satisfaction du public sont assez faibles en raison de l&#8217;absence de boucle de r\u00e9troaction<\/li>\n<\/ul>\n<p>[\/vc_column_text][\/vc_column][\/vc_row][vc_row full_width=&#8221;stretch_row&#8221; el_class=&#8221;large-device-padding&#8221;][vc_column][vc_custom_heading text=&#8221;R\u00e9sultats&#8221; font_container=&#8221;tag:h2|text_align:center&#8221; use_theme_fonts=&#8221;yes&#8221; css_animation=&#8221;fadeIn&#8221; css=&#8221;.vc_custom_1614150663314{margin-bottom: 20px !important;}&#8221;][vc_separator color=&#8221;custom&#8221; border_width=&#8221;3&#8243; el_width=&#8221;10&#8243; accent_color=&#8221;#156272&#8243;][vc_row_inner gap=&#8221;30&#8243;][vc_column_inner width=&#8221;1\/2&#8243;]<div id='ins-icon-6a04b2239d082' class='ins-float-icon-wrapper margin-20px-bottom ins-icon-box-align-left-basic   ins-animated fadeInUp' ><div class='ins-float-icon-inner custom-icon-box-img-main position-relative'><img src='https:\/\/www.global-csg.com\/wp-content\/uploads\/2021\/06\/1-1.png' alt='custom-icon'><\/div><div class='ins-float-icon-box-content ins-float-custom-icon-box-content'><div class='last-paragraph-no-margin'><p class='ins-float-icon-box-text  default'>Quantum Jump in Audience Engagement, Interactivity and Satisfaction<\/p><\/div><\/div><\/div><script type=\"text\/javascript\">\n\t\t(function(jQuery) {\n\t\t\t\t\t})(jQuery);\n\t\t\t\t\t\t<\/script>[\/vc_column_inner][vc_column_inner width=&#8221;1\/2&#8243;]<div id='ins-icon-6a04b2239d4ad' class='ins-float-icon-wrapper margin-20px-bottom ins-icon-box-align-left-basic   ins-animated fadeInUp' ><div class='ins-float-icon-inner custom-icon-box-img-main position-relative'><img src='https:\/\/www.global-csg.com\/wp-content\/uploads\/2021\/06\/2-1.png' alt='custom-icon'><\/div><div class='ins-float-icon-box-content ins-float-custom-icon-box-content'><div class='last-paragraph-no-margin'><p class='ins-float-icon-box-text  default'>Better Informed and Educated Audience<\/p><\/div><\/div><\/div><script type=\"text\/javascript\">\n\t\t(function(jQuery) {\n\t\t\t\t\t})(jQuery);\n\t\t\t\t\t\t<\/script>[\/vc_column_inner][\/vc_row_inner][vc_row_inner gap=&#8221;30&#8243;][vc_column_inner width=&#8221;1\/2&#8243;]<div id='ins-icon-6a04b2239d896' class='ins-float-icon-wrapper margin-20px-bottom ins-icon-box-align-left-basic   ins-animated fadeInUp' data-animation-delay=200><div class='ins-float-icon-inner custom-icon-box-img-main position-relative'><img src='https:\/\/www.global-csg.com\/wp-content\/uploads\/2021\/06\/3-1.png' alt='custom-icon'><\/div><div class='ins-float-icon-box-content ins-float-custom-icon-box-content'><div class='last-paragraph-no-margin'><p class='ins-float-icon-box-text  default'>Enhanced Advertising Revenues and Substantially Improved Sales<\/p><\/div><\/div><\/div><script type=\"text\/javascript\">\n\t\t(function(jQuery) {\n\t\t\t\t\t})(jQuery);\n\t\t\t\t\t\t<\/script>[\/vc_column_inner][vc_column_inner width=&#8221;1\/2&#8243;]<div id='ins-icon-6a04b2239dc78' class='ins-float-icon-wrapper margin-20px-bottom ins-icon-box-align-left-basic   ins-animated fadeInUp' ><div class='ins-float-icon-inner custom-icon-box-img-main position-relative'><img src='https:\/\/www.global-csg.com\/wp-content\/uploads\/2021\/06\/4-1.png' alt='custom-icon'><\/div><div class='ins-float-icon-box-content ins-float-custom-icon-box-content'><div class='last-paragraph-no-margin'><p class='ins-float-icon-box-text  default'>Valuable Ever-Growing Database of Audience Gender, Age, Ethnicity and Content Consumption Patterns<\/p><\/div><\/div><\/div><script type=\"text\/javascript\">\n\t\t(function(jQuery) {\n\t\t\t\t\t})(jQuery);\n\t\t\t\t\t\t<\/script>[\/vc_column_inner][\/vc_row_inner][vc_row_inner gap=&#8221;30&#8243;][vc_column_inner width=&#8221;1\/2&#8243;]<div id='ins-icon-6a04b2239e053' class='ins-float-icon-wrapper margin-20px-bottom ins-icon-box-align-left-basic   ins-animated fadeInUp' data-animation-delay=400><div class='ins-float-icon-inner custom-icon-box-img-main position-relative'><img src='https:\/\/www.global-csg.com\/wp-content\/uploads\/2021\/06\/3-2.png' alt='custom-icon'><\/div><div class='ins-float-icon-box-content ins-float-custom-icon-box-content'><div class='last-paragraph-no-margin'><p class='ins-float-icon-box-text  default'>Monetization Of New Business Opportunities<\/p><\/div><\/div><\/div><script type=\"text\/javascript\">\n\t\t(function(jQuery) {\n\t\t\t\t\t})(jQuery);\n\t\t\t\t\t\t<\/script>[\/vc_column_inner][vc_column_inner width=&#8221;1\/2&#8243;]<div id='ins-icon-6a04b2239e434' class='ins-float-icon-wrapper margin-20px-bottom ins-icon-box-align-left-basic   ins-animated fadeInUp' data-animation-delay=400><div class='ins-float-icon-inner custom-icon-box-img-main position-relative'><img src='https:\/\/www.global-csg.com\/wp-content\/uploads\/2021\/06\/6.png' alt='custom-icon'><\/div><div class='ins-float-icon-box-content ins-float-custom-icon-box-content'><div class='last-paragraph-no-margin'><p class='ins-float-icon-box-text  default'>Premium Rates For Targeted Advertising, Surveillance And Management Of Emergencies<\/p><\/div><\/div><\/div><script type=\"text\/javascript\">\n\t\t(function(jQuery) {\n\t\t\t\t\t})(jQuery);\n\t\t\t\t\t\t<\/script>[\/vc_column_inner][\/vc_row_inner][vc_empty_space height=&#8221;42px&#8221;][\/vc_column][\/vc_row][vc_row full_width=&#8221;stretch_row&#8221; bg_overlay=&#8221;dark40&#8243; css=&#8221;.vc_custom_1629517069885{background-color: #129eba !important;}&#8221; el_class=&#8221;large-device-padding&#8221;][vc_column][vc_empty_space height=&#8221;40px&#8221;][vc_custom_heading text=&#8221;Collaborons ensemble&#8221; font_container=&#8221;tag:h2|text_align:center|color:%23ffffff&#8221; use_theme_fonts=&#8221;yes&#8221; css_animation=&#8221;fadeIn&#8221; css=&#8221;.vc_custom_1617088601108{margin-bottom: 25px !important;}&#8221;][vc_row_inner][vc_column_inner width=&#8221;1\/6&#8243;][\/vc_column_inner][vc_column_inner width=&#8221;2\/3&#8243;][vc_custom_heading text=&#8221;Mettez nos plateformes et nos solutions \u00e9prouv\u00e9es \u00e0 votre service pour fa\u00e7onner l&apos;avenir.&#8221; font_container=&#8221;tag:p|font_size:17px|text_align:center|color:%23ffffff|line_height:28px&#8221; use_theme_fonts=&#8221;yes&#8221; css_animation=&#8221;fadeIn&#8221; css=&#8221;.vc_custom_1617088613726{margin-bottom: 10px !important;padding-right: 12% !important;padding-left: 12% !important;}&#8221;][\/vc_column_inner][vc_column_inner width=&#8221;1\/6&#8243;][\/vc_column_inner][\/vc_row_inner][vc_raw_html]PGRpdiBpZD0iaW5zLWJ1dHRvbi02MDY1ODc2MWUxMmRlIiBjbGFzcz0iaW5zLWJ1dHRvbi13cmFwcGVyIHRleHQtY2VudGVyIDMwcHggaW5zLWFuaW1hdGVkIGZhZGVJblVwIGlucy1hbmltYXRlIiBkYXRhLWFuaW1hdGlvbi1kZWxheT0iMjAwIj48YSBjbGFzcz0iaW5zLWJ1dHRvbiB0aXRsZS1mb250IGxldHRlci1zcGFjaW5nLTEgdGV4dC13aGl0ZSBwYy1ib3JkZXIgcGMtYmcgYnRuLXNxdWFyZSBmb250LXdlaWdodC02MDAgYnRuLW1lZGl1bSB0ZXh0LXVwcGVyY2FzZSAiIGRhdGEtdG9nZ2xlPSJtb2RhbCIgZGF0YS10YXJnZXQ9IiNwb3B1cC1tb2RhbCI+Q09OVEFDVDwvYT48L2Rpdj4=[\/vc_raw_html][vc_empty_space height=&#8221;60px&#8221;][\/vc_column][\/vc_row]<\/p>\n","protected":false},"excerpt":{"rendered":"<p>[vc_row full_width=&#8221;stretch_row&#8221; bg_overlay=&#8221;dark10&#8243; css=&#8221;.vc_custom_1622639882880{margin-top: 80px !important;padding-top: 143px !important;padding-bottom: 182px !important;background-image: url(https:\/\/www.global-csg.com\/wp-content\/uploads\/2021\/06\/csg-crowd-glue-banner.jpg?id=3780) !important;background-position: center !important;background-repeat: no-repeat !important;background-size: cover !important;}&#8221; el_class=&#8221;large-device-padding inner-page-banner&#8221;][vc_column][vc_custom_heading [&hellip;]<\/p>\n","protected":false},"author":1,"featured_media":0,"parent":13335,"menu_order":0,"comment_status":"closed","ping_status":"closed","template":"","meta":{"footnotes":""},"class_list":["post-13391","page","type-page","status-publish","hentry"],"_links":{"self":[{"href":"https:\/\/www.global-csg.com\/fr\/wp-json\/wp\/v2\/pages\/13391","targetHints":{"allow":["GET"]}}],"collection":[{"href":"https:\/\/www.global-csg.com\/fr\/wp-json\/wp\/v2\/pages"}],"about":[{"href":"https:\/\/www.global-csg.com\/fr\/wp-json\/wp\/v2\/types\/page"}],"author":[{"embeddable":true,"href":"https:\/\/www.global-csg.com\/fr\/wp-json\/wp\/v2\/users\/1"}],"replies":[{"embeddable":true,"href":"https:\/\/www.global-csg.com\/fr\/wp-json\/wp\/v2\/comments?post=13391"}],"version-history":[{"count":0,"href":"https:\/\/www.global-csg.com\/fr\/wp-json\/wp\/v2\/pages\/13391\/revisions"}],"up":[{"embeddable":true,"href":"https:\/\/www.global-csg.com\/fr\/wp-json\/wp\/v2\/pages\/13335"}],"wp:attachment":[{"href":"https:\/\/www.global-csg.com\/fr\/wp-json\/wp\/v2\/media?parent=13391"}],"curies":[{"name":"wp","href":"https:\/\/api.w.org\/{rel}","templated":true}]}}