{"id":13312,"date":"2021-02-18T16:47:04","date_gmt":"2021-02-18T11:17:04","guid":{"rendered":"https:\/\/www.global-csg.com\/conditions-generales-dutilisation\/"},"modified":"2024-03-21T12:27:56","modified_gmt":"2024-03-21T06:57:56","slug":"conditions-generales-dutilisation","status":"publish","type":"page","link":"https:\/\/www.global-csg.com\/fr\/conditions-generales-dutilisation\/","title":{"rendered":"Conditions g\u00e9n\u00e9rales d&#8217;utilisation"},"content":{"rendered":"<p>[vc_row full_width=&#8221;stretch_row&#8221; disable_element=&#8221;yes&#8221; css=&#8221;.vc_custom_1613646856791{padding-top: 120px !important;padding-bottom: 150px !important;background-image: url(http:\/\/www.bizinventive.club\/creative\/wp-content\/uploads\/2019\/04\/emerson-page-title-2.jpg?id=1560) !important;background-position: center !important;background-repeat: no-repeat !important;background-size: cover !important;}&#8221;][vc_column]<div id='ins-heading-6a04b0ef16de1' class='section-heading ins-heading text-center default    '  style='margin-top:0; margin-bottom:0'><h1 class='section-heading-title margin-10px-top  default no-letter-spacing'>Conditions d'utilisation<\/h1><\/div><script type=\"text\/javascript\">\n\t\t(function(jQuery) {jQuery(\"head\").append(\"<style>#ins-heading-6a04b0ef16de1 h1 {color: #ffffff;}<\/style>\")\n\t\t\t\t\t})(jQuery);\n\t\t\t\t\t\t<\/script>[\/vc_column][\/vc_row][vc_row css=&#8221;.vc_custom_1615288738534{padding-bottom: 40px !important;}&#8221; el_class=&#8221;large-device-padding&#8221;][vc_column][vc_column_text]<\/p>\n<h3>Informations g\u00e9n\u00e9rales<\/h3>\n<p>L&#8217;une de nos principales priorit\u00e9s est la protection de la vie priv\u00e9e de nos visiteurs. Cette page de politique de confidentialit\u00e9 contient les types d&#8217;informations collect\u00e9es et enregistr\u00e9es par CREATIVE et la mani\u00e8re dont nous les utilisons. Si vous avez d&#8217;autres questions ou si vous souhaitez obtenir davantage d&#8217;informations sur notre politique de protection de la vie priv\u00e9e, n&#8217;h\u00e9sitez pas \u00e0 nous contacter par courrier \u00e9lectronique \u00e0 l&#8217;adresse <a href=\"mailto:info@global-csg.com\">info@global-csg.com<\/a>.<\/p>\n<h3>Fichiers journaux<\/h3>\n<p>Creative Synergies Group suit une proc\u00e9dure standard d&#8217;utilisation de fichiers journaux (log files) pour enregistrer les visiteurs lorsqu&#8217;ils visitent notre site Web. Tous les h\u00e9bergeurs le font dans le cadre de l&#8217;analyse des services d&#8217;h\u00e9bergement. Les informations collect\u00e9es par les fichiers journaux comprennent\u00a0:<\/p>\n<ul>\n<li>Adresses de protocole Internet (IP)<\/li>\n<li>Type de navigateur, fournisseur d&#8217;acc\u00e8s \u00e0 Internet (FAI)<\/li>\n<li>Date et heure, pages de r\u00e9f\u00e9rence et de sortie<\/li>\n<li>\u00c9ventuellement le nombre de clics<\/li>\n<li>Politiques de confidentialit\u00e9<\/li>\n<\/ul>\n<p>Vous pouvez consulter notre page de politique de confidentialit\u00e9 pour trouver les conditions d&#8217;utilisation et de confidentialit\u00e9 de chacun des partenaires publicitaires de CREATIVE. Les serveurs publicitaires tiers ou les r\u00e9seaux publicitaires utilisent des technologies telles que les cookies, le JavaScript ou les Web Beacons qui sont utilis\u00e9s dans leurs publicit\u00e9s et liens respectifs qui apparaissent sur CREATIVE, et qui sont envoy\u00e9s directement au navigateur de l&#8217;utilisateur. Ils re\u00e7oivent automatiquement votre adresse IP lorsque cela se produit. Ces technologies sont utilis\u00e9es pour mesurer l&#8217;efficacit\u00e9 de leurs campagnes publicitaires et\/ou pour personnaliser le contenu publicitaire que vous voyez sur les sites Web que vous visitez. Veuillez noter que CREATIVE n&#8217;a aucun acc\u00e8s ou contr\u00f4le sur ces cookies utilis\u00e9s par des annonceurs tiers.<\/p>\n<h3>Politiques \u00e0 l&#8217;\u00e9gard des tiers<\/h3>\n<p>La politique de confidentialit\u00e9 de CREATIVE ne s&#8217;applique pas aux autres annonceurs ou sites Web. Nous vous conseillons donc de consulter les politiques de confidentialit\u00e9 respectives de ces serveurs publicitaires tiers pour obtenir des informations plus d\u00e9taill\u00e9es. Elle peut inclure leurs pratiques et des instructions sur la mani\u00e8re de refuser certaines options. Vous pouvez choisir de d\u00e9sactiver les cookies par le biais des options de votre navigateur. Des informations plus d\u00e9taill\u00e9es sur la gestion des cookies avec des navigateurs Web sp\u00e9cifiques peuvent \u00eatre trouv\u00e9es sur les sites Web respectifs de ces navigateurs.<\/p>\n<h3>Informations relatives aux enfants<\/h3>\n<p>Une autre de nos priorit\u00e9s est d&#8217;ajouter une protection pour les enfants lorsqu&#8217;ils utilisent Internet. Nous encourageons les parents et les tuteurs \u00e0 observer leurs activit\u00e9s en ligne, \u00e0 y participer et\/ou \u00e0 les surveiller et \u00e0 les guider. CREATIVE ne recueille pas sciemment d&#8217;informations personnelles identifiables aupr\u00e8s d&#8217;enfants de moins de 13 ans. Si vous pensez que votre enfant a fourni ce type d&#8217;informations sur notre site Web, nous vous encourageons vivement \u00e0 nous contacter imm\u00e9diatement et nous ferons de notre mieux pour supprimer rapidement ces informations de nos dossiers.<\/p>\n<h3>Vie priv\u00e9e en ligne<\/h3>\n<p>Cette politique de confidentialit\u00e9 ne s&#8217;applique qu&#8217;\u00e0 nos activit\u00e9s en ligne et est valable pour les visiteurs de notre site Web en ce qui concerne les informations qu&#8217;ils partagent et\/ou collectent. Cette politique ne s&#8217;applique pas aux informations collect\u00e9es hors ligne ou par d&#8217;autres canaux que le pr\u00e9sent site Web. En utilisant notre site Web, vous consentez par la pr\u00e9sente \u00e0 notre politique de confidentialit\u00e9 et acceptez ses conditions g\u00e9n\u00e9rales.<\/p>\n<h3>Mise \u00e0 jour<\/h3>\n<p>La pr\u00e9sente politique de confidentialit\u00e9 a \u00e9t\u00e9 mise \u00e0 jour pour la derni\u00e8re fois le 1er juin 2021. Toutes les mises \u00e0 jour futures de notre politique de confidentialit\u00e9 seront publi\u00e9es sur cette page.[\/vc_column_text][\/vc_column][\/vc_row]<\/p>\n","protected":false},"excerpt":{"rendered":"<p>[vc_row full_width=&#8221;stretch_row&#8221; disable_element=&#8221;yes&#8221; css=&#8221;.vc_custom_1613646856791{padding-top: 120px !important;padding-bottom: 150px !important;background-image: url(http:\/\/www.bizinventive.club\/creative\/wp-content\/uploads\/2019\/04\/emerson-page-title-2.jpg?id=1560) !important;background-position: center !important;background-repeat: no-repeat !important;background-size: cover !important;}&#8221;][vc_column][\/vc_column][\/vc_row][vc_row css=&#8221;.vc_custom_1615288738534{padding-bottom: 40px !important;}&#8221; el_class=&#8221;large-device-padding&#8221;][vc_column][vc_column_text] [&hellip;]<\/p>\n","protected":false},"author":1,"featured_media":0,"parent":0,"menu_order":0,"comment_status":"closed","ping_status":"closed","template":"","meta":{"footnotes":""},"class_list":["post-13312","page","type-page","status-publish","hentry"],"_links":{"self":[{"href":"https:\/\/www.global-csg.com\/fr\/wp-json\/wp\/v2\/pages\/13312","targetHints":{"allow":["GET"]}}],"collection":[{"href":"https:\/\/www.global-csg.com\/fr\/wp-json\/wp\/v2\/pages"}],"about":[{"href":"https:\/\/www.global-csg.com\/fr\/wp-json\/wp\/v2\/types\/page"}],"author":[{"embeddable":true,"href":"https:\/\/www.global-csg.com\/fr\/wp-json\/wp\/v2\/users\/1"}],"replies":[{"embeddable":true,"href":"https:\/\/www.global-csg.com\/fr\/wp-json\/wp\/v2\/comments?post=13312"}],"version-history":[{"count":0,"href":"https:\/\/www.global-csg.com\/fr\/wp-json\/wp\/v2\/pages\/13312\/revisions"}],"wp:attachment":[{"href":"https:\/\/www.global-csg.com\/fr\/wp-json\/wp\/v2\/media?parent=13312"}],"curies":[{"name":"wp","href":"https:\/\/api.w.org\/{rel}","templated":true}]}}