{"id":13892,"date":"2022-04-08T10:33:29","date_gmt":"2022-04-08T05:03:29","guid":{"rendered":"https:\/\/www.global-csg.com\/soziale-verantwortung-der-unternehmen-csr\/"},"modified":"2024-03-27T11:49:18","modified_gmt":"2024-03-27T06:19:18","slug":"soziale-verantwortung-der-unternehmen-csr","status":"publish","type":"page","link":"https:\/\/www.global-csg.com\/de\/soziale-verantwortung-der-unternehmen-csr\/","title":{"rendered":"Soziale Verantwortung der Unternehmen (CSR)"},"content":{"rendered":"<p>[vc_row full_width=&#8221;stretch_row&#8221; bg_overlay=&#8221;dark50&#8243; css=&#8221;.vc_custom_1649425534559{padding-top: 183px !important;padding-bottom: 213px !important;background-image: url(https:\/\/www.global-csg.com\/wp-content\/uploads\/2022\/04\/Picture2.jpg?id=6223) !important;background-position: center !important;background-repeat: no-repeat !important;background-size: cover !important;}&#8221; el_class=&#8221;large-device-padding inner-page-banner&#8221;][vc_column][vc_custom_heading text=&#8221;Soziale Verantwortung des Unternehmens (CSR)&#8221; font_container=&#8221;tag:h1|text_align:center|color:%23ffffff&#8221; use_theme_fonts=&#8221;yes&#8221; css=&#8221;.vc_custom_1710847711319{margin-bottom: 15px !important;}&#8221;][\/vc_column][\/vc_row][vc_row gap=&#8221;20&#8243; equal_height=&#8221;yes&#8221; content_placement=&#8221;middle&#8221; css=&#8221;.vc_custom_1621342204676{margin-top: 36px !important;margin-bottom: 35px !important;}&#8221; el_class=&#8221;large-device-padding solutions-intro-section&#8221;][vc_column offset=&#8221;vc_col-lg-6 vc_col-md-6&#8243;][vc_single_image image=&#8221;6225&#8243; img_size=&#8221;full&#8221;][\/vc_column][vc_column offset=&#8221;vc_col-lg-6 vc_col-md-6&#8243; el_class=&#8221;solutions-intro-text&#8221;][vc_custom_heading text=&#8221;Unser Engagement&#8221; font_container=&#8221;tag:h3|text_align:left&#8221; use_theme_fonts=&#8221;yes&#8221; css_animation=&#8221;fadeIn&#8221; css=&#8221;.vc_custom_1649394516427{margin-bottom: 20px !important;}&#8221;][vc_custom_heading text=&#8221;Die Creative Synergies Group setzt sich daf\u00fcr ein, eine integrativere Gesellschaft zu schaffen und einen positiven Einfluss auf die Gemeinden zu haben, in denen wir pr\u00e4sent sind. Wir arbeiten kontinuierlich mit unseren NGO-Partnern zusammen, um die Gemeinden zu st\u00e4rken und m\u00f6glichst vielen Menschen die M\u00f6glichkeit zu bieten, zu wachsen.&#8221; font_container=&#8221;tag:p|font_size:17px|text_align:left|line_height:29px&#8221; use_theme_fonts=&#8221;yes&#8221; css_animation=&#8221;fadeIn&#8221; css=&#8221;.vc_custom_1709936728301{margin-bottom: 30px !important;}&#8221;][\/vc_column][\/vc_row][vc_row full_width=&#8221;stretch_row&#8221; css=&#8221;.vc_custom_1621342256070{background-color: #e7eff1 !important;background-position: center !important;background-repeat: no-repeat !important;background-size: cover !important;}&#8221; el_class=&#8221;large-device-padding inner-solutions&#8221;][vc_column css=&#8221;.vc_custom_1614077906463{margin-bottom: 78px !important;}&#8221;][vc_empty_space height=&#8221;30px&#8221;][vc_row_inner][vc_column_inner width=&#8221;1\/12&#8243;][\/vc_column_inner][vc_column_inner width=&#8221;5\/6&#8243;]<div id='ins-heading-69d7a373c73e2' class='section-heading ins-heading text-center heading-below-border ins-border-solid   vc_custom_1649394790490 '  style='margin-top:0; margin-bottom:0'><h3 class='section-heading-title margin-10px-top  default no-letter-spacing'>CSR-Ausschuss<\/h3><\/div><script type=\"text\/javascript\">\n\t\t(function(jQuery) {jQuery(\"head\").append(\"<style>#ins-heading-69d7a373c73e2.heading-below-border:after, #ins-heading-69d7a373c73e2.heading-inline-border .section-heading-title:before, #ins-heading-69d7a373c73e2.heading-inline-border .section-heading-title:after, #ins-heading-69d7a373c73e2.heading-inline-double-border .section-heading-title:before, #ins-heading-69d7a373c73e2.heading-inline-double-border .section-heading-title:after {border-color: #156272;}<\/style>\")\n\t\t\t\t\t})(jQuery);\n\t\t\t\t\t\t<\/script>[vc_empty_space height=&#8221;10px&#8221;][\/vc_column_inner][vc_column_inner width=&#8221;1\/12&#8243;][\/vc_column_inner][\/vc_row_inner][vc_row_inner equal_height=&#8221;yes&#8221; gap=&#8221;15&#8243;][vc_column_inner offset=&#8221;vc_col-lg-4 vc_col-md-4&#8243; css=&#8221;.vc_custom_1649395021697{background-color: #ffffff !important;}&#8221;][vc_column_text]<\/p>\n<p style=\"text-align: center;\"><b>Vorsitzender des CSR-Ausschusses<\/b><\/p>\n<p style=\"text-align: center;\"><i>VP, Finance &amp;amp; Administration<\/i> <i>Creative Synergies Group<\/i><\/p>\n<p>[\/vc_column_text][\/vc_column_inner][vc_column_inner offset=&#8221;vc_col-lg-4 vc_col-md-4&#8243; css=&#8221;.vc_custom_1649395042238{background-color: #ffffff !important;}&#8221;][vc_column_text]<\/p>\n<p style=\"text-align: center;\"><b>Mitglied, CSR-Ausschuss<\/b><\/p>\n<p style=\"text-align: center;\"><i>Chief Executive Officer der Creative Synergies Group<\/i><\/p>\n<p>[\/vc_column_text][\/vc_column_inner][vc_column_inner offset=&#8221;vc_col-lg-4 vc_col-md-4&#8243; css=&#8221;.vc_custom_1649395220070{padding-right: 0px !important;padding-left: 0px !important;background-color: #ffffff !important;}&#8221;][vc_column_text]<\/p>\n<p style=\"text-align: center;\"><b>Mitglied, CSR-Ausschuss<\/b><\/p>\n<p style=\"text-align: center;\"><i>Senior Corporate Director Creative Synergies Group<\/i><\/p>\n<p>[\/vc_column_text][\/vc_column_inner][\/vc_row_inner][\/vc_column][\/vc_row][vc_row gap=&#8221;20&#8243; equal_height=&#8221;yes&#8221; content_placement=&#8221;middle&#8221; css=&#8221;.vc_custom_1621342204676{margin-top: 36px !important;margin-bottom: 35px !important;}&#8221; el_class=&#8221;large-device-padding solutions-intro-section&#8221;][vc_column offset=&#8221;vc_col-lg-6 vc_col-md-6&#8243; el_class=&#8221;solutions-intro-text&#8221;][vc_custom_heading text=&#8221;Leben st\u00e4rken f\u00fcr ein inklusives Morgen!&#8221; font_container=&#8221;tag:h3|text_align:left&#8221; use_theme_fonts=&#8221;yes&#8221; css_animation=&#8221;fadeIn&#8221; css=&#8221;.vc_custom_1649395377489{margin-bottom: 20px !important;}&#8221;][vc_custom_heading text=&#8221;Seit 2016 unterst\u00fctzt die Creative Synergies Group \u00fcber unsere NGO-Partner verschiedene soziale Initiativen, die sich weitgehend auf die St\u00e4rkung der Frauen, die Entwicklung von F\u00e4higkeiten, Bildung und \u00f6kologische Nachhaltigkeit konzentrieren. Wir sind st\u00e4ndig bestrebt, unseren positiven Einfluss auf die Gesellschaft zu maximieren.&#8221; font_container=&#8221;tag:p|font_size:17px|text_align:left|line_height:29px&#8221; use_theme_fonts=&#8221;yes&#8221; css_animation=&#8221;fadeIn&#8221; css=&#8221;.vc_custom_1649395417219{margin-bottom: 30px !important;}&#8221;][vc_column_text]<strong>Um einen Einblick in unsere <a href=\"https:\/\/www.global-csg.com\/wp-content\/uploads\/2022\/04\/CSR-Policy.pdf\" target=\"_blank\" rel=\"noopener\">CSR-Richtlinie zu erhalte<\/a>n, klicken Sie bitte hier.<\/strong>[\/vc_column_text][\/vc_column][vc_column offset=&#8221;vc_col-lg-6 vc_col-md-6&#8243;][vc_single_image image=&#8221;6228&#8243; img_size=&#8221;full&#8221;][\/vc_column][\/vc_row][vc_row full_width=&#8221;stretch_row&#8221; css=&#8221;.vc_custom_1649399518674{padding-bottom: 70px !important;background-color: #f7f9fb !important;}&#8221;][vc_column][vc_empty_space height=&#8221;30px&#8221;][vc_row_inner][vc_column_inner width=&#8221;1\/12&#8243;][\/vc_column_inner][vc_column_inner width=&#8221;5\/6&#8243;]<div id='ins-heading-69d7a373c7493' class='section-heading ins-heading text-center heading-below-border ins-border-solid   vc_custom_1649404717910 '  style='margin-top:0; margin-bottom:0'><h3 class='section-heading-title margin-10px-top  default no-letter-spacing'>Unsere Projekte<\/h3><\/div><script type=\"text\/javascript\">\n\t\t(function(jQuery) {jQuery(\"head\").append(\"<style>#ins-heading-69d7a373c7493.heading-below-border:after, #ins-heading-69d7a373c7493.heading-inline-border .section-heading-title:before, #ins-heading-69d7a373c7493.heading-inline-border .section-heading-title:after, #ins-heading-69d7a373c7493.heading-inline-double-border .section-heading-title:before, #ins-heading-69d7a373c7493.heading-inline-double-border .section-heading-title:after {border-color: #156272;}<\/style>\")\n\t\t\t\t\t})(jQuery);\n\t\t\t\t\t\t<\/script>[vc_empty_space height=&#8221;10px&#8221;][\/vc_column_inner][vc_column_inner width=&#8221;1\/12&#8243;][\/vc_column_inner][\/vc_row_inner][vc_tta_tabs style=&#8221;insignia_tab_layout1 title-font&#8221; shape=&#8221;square&#8221; color=&#8221;white&#8221; active_section=&#8221;1&#8243;][vc_tta_section title=&#8221;Smart Self Help Groups&#8221; tab_id=&#8221;1649396098436-cffd1e2c-7a5f&#8221;][vc_row_inner equal_height=&#8221;yes&#8221; content_placement=&#8221;middle&#8221; css=&#8221;.vc_custom_1649400171702{padding-top: 30px !important;padding-right: 20px !important;padding-left: 20px !important;}&#8221;][vc_column_inner width=&#8221;1\/2&#8243;][vc_single_image image=&#8221;6229&#8243; img_size=&#8221;full&#8221;][\/vc_column_inner][vc_column_inner width=&#8221;1\/2&#8243;][vc_custom_heading text=&#8221;Smart Self Help Groups&#8221; font_container=&#8221;tag:h3|text_align:left&#8221; use_theme_fonts=&#8221;yes&#8221; css_animation=&#8221;fadeIn&#8221; css=&#8221;.vc_custom_1649396230315{margin-bottom: 20px !important;}&#8221;][vc_custom_heading text=&#8221;Self Help Groups ist eine Initiative der indischen Regierung zur wirtschaftlichen Entwicklung und zur St\u00e4rkung der Rolle der Frau. Derzeit geh\u00f6ren 70 Millionen Frauen in Indien dem Self-Help Group (SHG)-Programm an, das Frauen als Mikrofinanzgemeinschaft zusammenschlie\u00dft, um Zugang zu wirtschaftlichen M\u00f6glichkeiten zu erhalten. Aufgrund von Analphabetismus und mangelnder Erfahrung im Geldmanagement f\u00e4llt es vielen SHGs jedoch schwer, den gr\u00f6\u00dftm\u00f6glichen Nutzen aus dem Programm zu ziehen. Der SMART SHG-Kurs begegnet diesen Herausforderungen, indem er SHGs mit technologiebasierten L\u00f6sungen f\u00fcr effektive Mikrofinanzunternehmen ausstattet.&#8221; font_container=&#8221;tag:p|font_size:17px|text_align:left|line_height:29px&#8221; use_theme_fonts=&#8221;yes&#8221; css_animation=&#8221;fadeIn&#8221;][\/vc_column_inner][\/vc_row_inner][vc_row_inner equal_height=&#8221;yes&#8221; content_placement=&#8221;middle&#8221; css=&#8221;.vc_custom_1649398936205{padding-right: 20px !important;padding-left: 20px !important;}&#8221;][vc_column_inner][vc_column_text]Dieser Kurs ist das erste Bildungsinstrument seiner Art in Indien, das die finanzielle und unternehmerische St\u00e4rkung von Frauen unterst\u00fctzt. Multimedia-Animationen und praktische Aktivit\u00e4ten werden eingesetzt, um grundlegende Finanz- und Buchhaltungsf\u00e4higkeiten im Zusammenhang mit Sparen, Verleihen und Ausleihen zu vermitteln. Diese Inhalte werden mit F\u00fchrungsworkshops kombiniert, um die Stimmen von Frauen effektiv zu st\u00e4rken und ihre Genossenschaften zu einem erfolgreichen und profitablen Unternehmen zu f\u00fchren, das der Gesellschaft zugute kommt.<\/p>\n<p>Durch diese Initiative haben wir 309 Frauen aus SHGs in Gujarat, Uttar Pradesh und Haryana erfolgreich geschult. Das Projekt gliederte sich in drei Phasen: Ausbildung von Master-Trainern, Ausbildung von SHG-Leitern als Mentoren und Betreuung von SHG-Mitgliedern. 28 % der SHG-Leiter, die die Schulung abgeschlossen haben, erhielten die Note A (<i>85 % der Punkte oder mehr<\/i>) und 31 % erhielten die Note B (<i>70 % der Punkte oder mehr<\/i>).<\/p>\n<p>\u201c<i>Mit den Buchhaltungsvorlagen, die wir kennengelernt haben, wissen wir, wie viel Kapital und Zinsen jeder jeden Monat zahlen muss. Das ist wirklich hilfreich, keine Verwirrung und Konflikte mehr<\/i>.\u201d<\/p>\n<p><b><i>Sangeeta Devi, SHG Secretary<\/i><\/b>, <b><i>Arati<\/i><\/b> <b><i>SHG, UP<\/i><\/b><\/p>\n<p>\u201c<i>Fr\u00fcher hatten wir zahlreiche Probleme im Zusammenhang mit der Funktionsweise unseres SHG. Durch die Teilnahme an dieser Schulung habe ich viel gelernt, beispielsweise die F\u00fchrung von Spar- und Kreditb\u00fcchern und die Grundlagen der Kreditvergabe. Abgesehen davon haben wir verstanden, wie man vor anderen sitzt und redet, was meiner Meinung nach sehr wichtig ist<\/i>.\u201d<\/p>\n<p><b><i>Meera Devi, <\/i><\/b><b><i>Arati<\/i><\/b><b><i> SHG, Gujarat<\/i><\/b>[\/vc_column_text][\/vc_column_inner][\/vc_row_inner][\/vc_tta_section][vc_tta_section title=&#8221;Women In Sustaining The Environment (WISE)&#8221; tab_id=&#8221;1649398317982-d939c534-b64a&#8221;][vc_row_inner equal_height=&#8221;yes&#8221; content_placement=&#8221;middle&#8221; css=&#8221;.vc_custom_1649400272908{padding-top: 30px !important;padding-right: 20px !important;padding-left: 20px !important;}&#8221;][vc_column_inner width=&#8221;1\/2&#8243;][vc_single_image image=&#8221;6231&#8243; img_size=&#8221;full&#8221;][\/vc_column_inner][vc_column_inner width=&#8221;1\/2&#8243;][vc_custom_heading text=&#8221;Women In Sustaining The Environment (WISE)&#8221; font_container=&#8221;tag:h3|text_align:left&#8221; use_theme_fonts=&#8221;yes&#8221; css_animation=&#8221;fadeIn&#8221; css=&#8221;.vc_custom_1649398357191{margin-bottom: 20px !important;}&#8221;][vc_custom_heading text=&#8221;Das WISE-Programm ist ein Projekt zur \u00dcberwachung der Wasserqualit\u00e4t, das darauf abzielt, Frauen auf dem Land die Werkzeuge an die Hand zu geben, die sie zur \u00dcberwachung und Aufrechterhaltung der \u00f6rtlichen Trinkwasserversorgung ben\u00f6tigen. Durch die St\u00e4rkung von Frauen und die Schulung ihrer F\u00e4higkeiten stellt die Initiative eine innovative Technik (AmriTAU) zur Steigerung der lokalen Kapazit\u00e4ten im Wasserressourcenmanagement vor. Die Praxis wird von \u201eWasserbotschaftern\u201c durchgef\u00fchrt, das sind einheimische Frauen, die ausgebildet wurden und f\u00fcr ihre Arbeit eine Verg\u00fctung erhalten.&#8221; font_container=&#8221;tag:p|font_size:17px|text_align:left|line_height:29px&#8221; use_theme_fonts=&#8221;yes&#8221; css_animation=&#8221;fadeIn&#8221; css=&#8221;.vc_custom_1709937176955{margin-bottom: 30px !important;}&#8221;][\/vc_column_inner][\/vc_row_inner][vc_row_inner equal_height=&#8221;yes&#8221; content_placement=&#8221;middle&#8221; css=&#8221;.vc_custom_1649398925910{padding-right: 20px !important;padding-left: 20px !important;}&#8221;][vc_column_inner][vc_custom_heading text=&#8221;Es dient als n\u00fctzliches Instrument zur skalierbaren und kosteng\u00fcnstigen Verfolgung des Zugangs zu sauberem Wasser in verschiedenen geografischen und sozio\u00f6konomischen Kontexten sowie zur Verbesserung der derzeitigen Wassermanagementpraktiken auf Haushaltsebene.&#8221; font_container=&#8221;tag:p|font_size:17px|text_align:left|line_height:29px&#8221; use_theme_fonts=&#8221;yes&#8221; css_animation=&#8221;none&#8221; css=&#8221;.vc_custom_1649400281975{margin-bottom: 20px !important;}&#8221;][vc_custom_heading text=&#8221;Frauen und M\u00e4dchen aus den D\u00f6rfern lernen das AmriTAU-Protokoll kennen, das es ihnen erm\u00f6glicht, Daten zu sammeln und eine Datenbank zu erstellen, die als wissenschaftliche und vertrauensw\u00fcrdige Quelle f\u00fcr langfristige Wasserl\u00f6sungen f\u00fcr diese Gemeinden dient. Es hilft Frauen dabei, Entscheidungen \u00fcber Wasserbeschaffung, -speicherung und -aufbereitung in den Haushalten zu treffen, in denen Wasser getestet wird. Es erh\u00f6ht auch die Nachfrage nach einer effektiveren Wasseraufbereitung, was sich in einer h\u00f6heren Bereitschaft \u00e4u\u00dfert, Zeit und M\u00fche zu zahlen oder zu investieren.&#8221; font_container=&#8221;tag:p|font_size:17px|text_align:left|line_height:29px&#8221; use_theme_fonts=&#8221;yes&#8221; css_animation=&#8221;none&#8221; css=&#8221;.vc_custom_1649400291989{margin-bottom: 20px !important;}&#8221;][vc_column_text]Das Protokoll vermittelt nicht nur ein Bild der aktuellen Wassersituation, sondern kann auch als regelm\u00e4\u00dfiges \u00dcberwachungsinstrument verwendet werden, um Gemeinden dabei zu helfen, Entscheidungen dar\u00fcber zu treffen, wie die Wasserbewirtschaftung, -aufbereitung, -wartung, -speicherung und das Wissen zu Hause verbessert werden k\u00f6nnen.<\/p>\n<p>\u00dcber unseren NGO-Partner haben wir dieses Programm in verschiedenen Gemeinden in Indien umgesetzt, wo Frauen im Protokoll zur \u00dcberwachung der Wasserqualit\u00e4t geschult wurden und 2500 H\u00e4user in der Gemeinde bewerteten. Das Forschungsteam f\u00fchrte eine vergleichende Analyse durch, um die Effizienz der Wasserbotschafter zu bewerten, die die Tests durchgef\u00fchrt haben. Insgesamt konnten die Wasserbotschafter in bis zu 89 % der F\u00e4lle mit den Erkenntnissen des Forschungsteams \u00fcbereinstimmen, basierend auf Umfrage- und Wassertestergebnissen.<\/p>\n<p><i>\u201eDas Wissen, das wir \u00fcber die Qualit\u00e4t von Trinkwasser gewonnen haben, war das Gesamterlebnis, Teil dieses Projekts zu sein. Als uns fr\u00fcher jemand ein Glas Wasser anbot, dachten wir nie daran, die Qualit\u00e4t zu \u00fcberpr\u00fcfen, aber jetzt wird uns klar, wie wichtig es ist, zu wissen, was wir trinken. Sie sollten nicht nur \u00fcberpr\u00fcfen, ob das Wasser sichtbar klar ist, sondern auch, ob es auf die von uns empfohlene Weise abgekocht oder gefiltert wurde und ob die Hand, mit der das Wasser gehandhabt wurde, sauber war. Wir haben auch etwas \u00fcber die vielf\u00e4ltigen Trinkwassermethoden in der Nachbarschaft erfahren.\u201c <\/i><\/p>\n<p><b><i>Remani<\/i><\/b>, <b><i>Alter 40,<\/i><\/b> <b><i>Nellarachal<\/i><\/b><b><i><br \/>\n<\/i><\/b><br \/>\n<i>\u201eUm ein Einkommen zu verdienen, sich zu Hause Respekt zu verschaffen und der Gemeinschaft durch die Arbeit helfen zu k\u00f6nnen &#8211; ich war erleichtert, ein t\u00e4gliches Ziel zu haben, auf das ich hinarbeiten konnte. Kleine Tr\u00e4ume zu haben und diese selbstst\u00e4ndig zu verwirklichen, ohne auf die Familie angewiesen zu sein, das sind meine tief empfundenen Antworten.\u201c<\/i><\/p>\n<p><i><\/i><b><i>Aswathi,<\/i><\/b><b><i> Alter 24, <\/i><\/b><b><i>Nellarachal<\/i><\/b>[\/vc_column_text][\/vc_column_inner][\/vc_row_inner][\/vc_tta_section][vc_tta_section title=&#8221;Gender-Konversations-Workshops f\u00fcr CRPF&#8221; tab_id=&#8221;1649398518027-b388c7be-4ba2&#8243;][vc_row_inner equal_height=&#8221;yes&#8221; content_placement=&#8221;middle&#8221; css=&#8221;.vc_custom_1649400214209{padding-top: 20px !important;padding-right: 20px !important;padding-left: 20px !important;}&#8221;][vc_column_inner width=&#8221;1\/2&#8243;][vc_single_image image=&#8221;6232&#8243; img_size=&#8221;full&#8221;][\/vc_column_inner][vc_column_inner width=&#8221;1\/2&#8243;][vc_custom_heading text=&#8221;Gender-Konversations-Workshops f\u00fcr CRPF&#8221; font_container=&#8221;tag:h3|text_align:left&#8221; use_theme_fonts=&#8221;yes&#8221; css_animation=&#8221;fadeIn&#8221; css=&#8221;.vc_custom_1649398971647{margin-bottom: 20px !important;}&#8221;][vc_custom_heading text=&#8221;CRPF-Mitarbeiter stehen aufgrund ihrer Art der Arbeit vor mehreren Herausforderungen, wie zum Beispiel Depressionen, starre Geschlechterkonstrukte, hohe Selbstmordrate oder der Umgang mit einer feindseligen Umgebung. Um dies etwas weniger herausfordernd zu gestalten, haben wir mit unserem NGO-Partner zusammengearbeitet, um einen Workshop zur Schulung von CRPF Jawans in Kaschmir in Bezug auf psychische Gesundheit und geschlechtsspezifische Gewalt anzubieten. Die Schulungsinhalte bieten evidenzbasierte L\u00f6sungen, die gr\u00f6\u00dftenteils auf Einzel- und Gruppenaktivit\u00e4ten basieren.&#8221; font_container=&#8221;tag:p|font_size:17px|text_align:left|line_height:29px&#8221; use_theme_fonts=&#8221;yes&#8221; css_animation=&#8221;fadeIn&#8221; css=&#8221;.vc_custom_1709937410081{margin-bottom: 30px !important;}&#8221;][\/vc_column_inner][\/vc_row_inner][vc_row_inner equal_height=&#8221;yes&#8221; content_placement=&#8221;middle&#8221; css=&#8221;.vc_custom_1649398914232{padding-right: 20px !important;padding-left: 20px !important;}&#8221;][vc_column_inner][vc_custom_heading text=&#8221;Die \u00dcbungen helfen den Teilnehmern, Stressfaktoren zu erkennen, Vorf\u00e4lle zu verstehen und zu analysieren und somit auf eine L\u00f6sung zur Wiederherstellung von Ruhe und Normalit\u00e4t hinzuarbeiten. Hierbei handelt es sich um ein laufendes Projekt, das sich auf die Schulung von 25.000 CRPF-Mitarbeitern konzentriert. Wir haben auch begonnen, uns an weiteren Phasen des Projekts zu beteiligen, um die Ausbildung zu vertiefen und dann die CRPF-Familien und -Gemeinschaften zu erreichen.&#8221; font_container=&#8221;tag:p|font_size:17px|text_align:left|line_height:29px&#8221; use_theme_fonts=&#8221;yes&#8221; css_animation=&#8221;none&#8221; css=&#8221;.vc_custom_1709937439624{margin-bottom: 20px !important;}&#8221;][\/vc_column_inner][\/vc_row_inner][\/vc_tta_section][\/vc_tta_tabs][\/vc_column][\/vc_row][vc_row full_width=&#8221;stretch_row&#8221; bg_overlay=&#8221;dark40&#8243; css=&#8221;.vc_custom_1629778905229{background-color: #129eba !important;}&#8221; el_class=&#8221;large-device-padding&#8221;][vc_column][vc_empty_space height=&#8221;40px&#8221;][vc_custom_heading text=&#8221;Lassen Sie uns zusammenarbeiten!&#8221; font_container=&#8221;tag:h2|text_align:center|color:%23ffffff&#8221; use_theme_fonts=&#8221;yes&#8221; css_animation=&#8221;fadeIn&#8221; css=&#8221;.vc_custom_1709937469384{margin-bottom: 25px !important;}&#8221;][vc_row_inner][vc_column_inner width=&#8221;1\/6&#8243;][\/vc_column_inner][vc_column_inner width=&#8221;2\/3&#8243;][vc_custom_heading text=&#8221;Nutzen Sie unsere bew\u00e4hrten Plattformen und L\u00f6sungen, um die Zukunft zu gestalten.&#8221; font_container=&#8221;tag:p|font_size:17px|text_align:center|color:%23ffffff|line_height:28px&#8221; use_theme_fonts=&#8221;yes&#8221; css_animation=&#8221;fadeIn&#8221; css=&#8221;.vc_custom_1709937489273{margin-bottom: 10px !important;padding-right: 12% !important;padding-left: 12% !important;}&#8221;][\/vc_column_inner][vc_column_inner width=&#8221;1\/6&#8243;][\/vc_column_inner][\/vc_row_inner][vc_raw_html]JTNDZGl2JTIwaWQlM0QlMjJpbnMtYnV0dG9uLTYwNjU4NzYxZTEyZGUlMjIlMjBjbGFzcyUzRCUyMmlucy1idXR0b24td3JhcHBlciUyMHRleHQtY2VudGVyJTIwMzBweCUyMGlucy1hbmltYXRlZCUyMGZhZGVJblVwJTIwaW5zLWFuaW1hdGUlMjIlMjBkYXRhLWFuaW1hdGlvbi1kZWxheSUzRCUyMjIwMCUyMiUzRSUzQ2ElMjBjbGFzcyUzRCUyMmlucy1idXR0b24lMjB0aXRsZS1mb250JTIwbGV0dGVyLXNwYWNpbmctMSUyMHRleHQtd2hpdGUlMjBwYy1ib3JkZXIlMjBwYy1iZyUyMGJ0bi1zcXVhcmUlMjBmb250LXdlaWdodC02MDAlMjBidG4tbWVkaXVtJTIwdGV4dC11cHBlcmNhc2UlMjAlMjIlMjBkYXRhLXRvZ2dsZSUzRCUyMm1vZGFsJTIyJTIwZGF0YS10YXJnZXQlM0QlMjIlMjNwb3B1cC1tb2RhbCUyMiUzRVNjaHJlaWJlbiUyMFNpZSUyMHVucyUzQyUyRmElM0UlM0MlMkZkaXYlM0U=[\/vc_raw_html][vc_empty_space height=&#8221;60px&#8221;][\/vc_column][\/vc_row]<\/p>\n","protected":false},"excerpt":{"rendered":"<p>[vc_row full_width=&#8221;stretch_row&#8221; bg_overlay=&#8221;dark50&#8243; css=&#8221;.vc_custom_1649425534559{padding-top: 183px !important;padding-bottom: 213px !important;background-image: url(https:\/\/www.global-csg.com\/wp-content\/uploads\/2022\/04\/Picture2.jpg?id=6223) !important;background-position: center !important;background-repeat: no-repeat !important;background-size: cover !important;}&#8221; el_class=&#8221;large-device-padding inner-page-banner&#8221;][vc_column][vc_custom_heading text=&#8221;Soziale Verantwortung [&hellip;]<\/p>\n","protected":false},"author":1,"featured_media":0,"parent":0,"menu_order":0,"comment_status":"closed","ping_status":"closed","template":"","meta":{"footnotes":""},"class_list":["post-13892","page","type-page","status-publish","hentry"],"_links":{"self":[{"href":"https:\/\/www.global-csg.com\/de\/wp-json\/wp\/v2\/pages\/13892","targetHints":{"allow":["GET"]}}],"collection":[{"href":"https:\/\/www.global-csg.com\/de\/wp-json\/wp\/v2\/pages"}],"about":[{"href":"https:\/\/www.global-csg.com\/de\/wp-json\/wp\/v2\/types\/page"}],"author":[{"embeddable":true,"href":"https:\/\/www.global-csg.com\/de\/wp-json\/wp\/v2\/users\/1"}],"replies":[{"embeddable":true,"href":"https:\/\/www.global-csg.com\/de\/wp-json\/wp\/v2\/comments?post=13892"}],"version-history":[{"count":0,"href":"https:\/\/www.global-csg.com\/de\/wp-json\/wp\/v2\/pages\/13892\/revisions"}],"wp:attachment":[{"href":"https:\/\/www.global-csg.com\/de\/wp-json\/wp\/v2\/media?parent=13892"}],"curies":[{"name":"wp","href":"https:\/\/api.w.org\/{rel}","templated":true}]}}