{"id":13877,"date":"2021-05-07T15:35:37","date_gmt":"2021-05-07T10:05:37","guid":{"rendered":"https:\/\/www.global-csg.com\/produktunterstuetzungsdienste\/"},"modified":"2024-03-27T11:49:04","modified_gmt":"2024-03-27T06:19:04","slug":"produktsupport-services","status":"publish","type":"page","link":"https:\/\/www.global-csg.com\/de\/produktsupport-services\/","title":{"rendered":"Produktsupport-Services"},"content":{"rendered":"<p>[vc_row full_width=&#8221;stretch_row&#8221; bg_overlay=&#8221;dark20&#8243; css=&#8221;.vc_custom_1622628987502{margin-top: 80px !important;padding-top: 105px !important;padding-bottom: 145px !important;background-image: url(https:\/\/www.global-csg.com\/wp-content\/uploads\/2021\/06\/csg-product-support-services-banner.jpg?id=3735) !important;background-position: center !important;background-repeat: no-repeat !important;background-size: cover !important;}&#8221; el_class=&#8221;large-device-padding inner-page-banner&#8221;][vc_column][vc_custom_heading text=&#8221;Produktsupport-Services&#8221; font_container=&#8221;tag:h1|text_align:center|color:%23ffffff&#8221; use_theme_fonts=&#8221;yes&#8221; css=&#8221;.vc_custom_1709938935815{margin-bottom: 15px !important;}&#8221;][vc_custom_heading text=&#8221;Design- und Kostenmanagement im gesamten Produktlebenszyklus mit digitaler<br \/>\nInnovation, Fachkompetenz und NextGen-Technologien&#8221; font_container=&#8221;tag:h4|text_align:center|color:%23ffffff&#8221; use_theme_fonts=&#8221;yes&#8221;][\/vc_column][\/vc_row][vc_row gap=&#8221;20&#8243; equal_height=&#8221;yes&#8221; content_placement=&#8221;middle&#8221; css=&#8221;.vc_custom_1621341830240{margin-top: 36px !important;margin-bottom: 35px !important;}&#8221; el_class=&#8221;large-device-padding services-intro-section&#8221;][vc_column offset=&#8221;vc_col-lg-6 vc_col-md-6&#8243;][vc_single_image image=&#8221;3736&#8243; img_size=&#8221;full&#8221;][\/vc_column][vc_column offset=&#8221;vc_col-lg-6 vc_col-md-6&#8243; el_class=&#8221;services-intro-text&#8221;][vc_custom_heading text=&#8221;\u00dcbersicht&#8221; font_container=&#8221;tag:h6|text_align:left|color:%2336ab9c&#8221; use_theme_fonts=&#8221;yes&#8221; css_animation=&#8221;fadeIn&#8221; el_class=&#8221;text-uppercase letter-spacing-2 font-weight-600&#8243;][vc_custom_heading text=&#8221;Verwalten Sie die Produktwartung und das Kostenmanagement w\u00e4hrend des gesamten Produktlebenszyklus&#8221; font_container=&#8221;tag:h3|text_align:left&#8221; use_theme_fonts=&#8221;yes&#8221; css_animation=&#8221;fadeIn&#8221; css=&#8221;.vc_custom_1709939063587{margin-bottom: 20px !important;}&#8221;][vc_custom_heading text=&#8221;Steigende Produktkosten und die Weiterentwicklung des Produktdesigns im Einklang mit digitalen Technologien stellen die Branche vor die Herausforderung, sich neu zu erfinden. Unsere Expertise in branchenspezifischem Fachwissen in Kombination mit unserem verst\u00e4rkten Fokus auf NextGen-Technologien erm\u00f6glicht es unseren Kunden, die Produktversorgung zu verwalten und ihre Produktvision zu verwirklichen. Wir helfen unseren Kunden dabei, ihre strategischen und operativen Ziele w\u00e4hrend des gesamten Produktlebenszyklus auf die effizienteste, kooperativste und kosteng\u00fcnstigste Art und Weise zu erreichen.&#8221; font_container=&#8221;tag:p|font_size:17px|text_align:left|line_height:29px&#8221; use_theme_fonts=&#8221;yes&#8221; css_animation=&#8221;fadeIn&#8221; css=&#8221;.vc_custom_1709939096514{margin-bottom: 30px !important;}&#8221;][\/vc_column][\/vc_row][vc_row full_width=&#8221;stretch_row&#8221; disable_element=&#8221;yes&#8221; bg_overlay=&#8221;dark70&#8243; css=&#8221;.vc_custom_1614076785645{background-image: url(https:\/\/www.insigniawpthemes.co.in\/innvoke\/wp-content\/uploads\/2019\/04\/service-banner.jpg?id=1155) !important;background-position: center !important;background-repeat: no-repeat !important;background-size: cover !important;}&#8221;][vc_column css=&#8221;.vc_custom_1555507892447{padding-top: 100px !important;padding-right: 70px !important;padding-bottom: 90px !important;padding-left: 70px !important;}&#8221;][vc_row_inner][vc_column_inner width=&#8221;1\/6&#8243;][\/vc_column_inner][vc_column_inner width=&#8221;2\/3&#8243;][vc_custom_heading text=&#8221;Die effektive Verwaltung aller IT-Vorg\u00e4nge stellt den reibungslosen Betrieb einer Organisation sicher.&#8221; font_container=&#8221;tag:h2|text_align:center|color:%23ffffff&#8221; use_theme_fonts=&#8221;yes&#8221; css_animation=&#8221;fadeIn&#8221; el_class=&#8221;font-weight-400&#8243;][\/vc_column_inner][vc_column_inner width=&#8221;1\/6&#8243;][\/vc_column_inner][\/vc_row_inner][\/vc_column][\/vc_row][vc_row full_width=&#8221;stretch_row&#8221; css=&#8221;.vc_custom_1623348836481{background-color: #e7eff1 !important;background-position: center !important;background-repeat: no-repeat !important;background-size: cover !important;}&#8221; el_class=&#8221;large-device-padding inner-services&#8221; el_id=&#8221;Dienstleistungen&#8221;][vc_column css=&#8221;.vc_custom_1614077906463{margin-bottom: 78px !important;}&#8221;][vc_empty_space height=&#8221;30px&#8221;][vc_row_inner][vc_column_inner width=&#8221;1\/12&#8243;][\/vc_column_inner][vc_column_inner width=&#8221;5\/6&#8243;]<div id='ins-heading-69d29b937a232' class='section-heading ins-heading text-center heading-below-border ins-border-solid   vc_custom_1710215795765 '  style='margin-top:0; margin-bottom:0'><h3 class='section-heading-title margin-10px-top  default no-letter-spacing'>Unsere Produktsupport-Services<\/h3><\/div><script type=\"text\/javascript\">\n\t\t(function(jQuery) {jQuery(\"head\").append(\"<style>#ins-heading-69d29b937a232.heading-below-border:after, #ins-heading-69d29b937a232.heading-inline-border .section-heading-title:before, #ins-heading-69d29b937a232.heading-inline-border .section-heading-title:after, #ins-heading-69d29b937a232.heading-inline-double-border .section-heading-title:before, #ins-heading-69d29b937a232.heading-inline-double-border .section-heading-title:after {border-color: #156272;}<\/style>\")\n\t\t\t\t\t})(jQuery);\n\t\t\t\t\t\t<\/script>[vc_empty_space height=&#8221;10px&#8221;][\/vc_column_inner][vc_column_inner width=&#8221;1\/12&#8243;][\/vc_column_inner][\/vc_row_inner][vc_row_inner gap=&#8221;15&#8243;][vc_column_inner offset=&#8221;vc_col-lg-4 vc_col-md-4&#8243;]<div id='ins-image-box69d29b937a303' class='ins-image-box-wrapper ins-image-box-style-1 text-center   ins-animated fadeInUp'  style='background-color: #ffffff;'><div class='ins-image-box-inner'><div class='ins-image-box-img text-center'><img src='https:\/\/www.global-csg.com\/wp-content\/uploads\/2021\/06\/total-cost-out.jpg' alt='image-box'><\/div><div class='ins-image-content-wrapper last-paragraph-no-margin'><div class='ins-image-box-title margin-10px-bottom'><span class='ins-image-box-title-inner letter-spacing-05 title-font font-weight-500 display-block text-large font-weight-700'> Gesamtkosten<\/span><\/div><p class='ins-image-box-text '>Unser Fachwissen \u00fcber Herstellungsprozesse, Materialien und globale Beschaffung hilft Ihnen, die Gesamtproduktkosten zu senken.<\/p><\/div><\/div><\/div><script type=\"text\/javascript\">\n\t\t(function(jQuery) {jQuery(\"head\").append(\"<style>#ins-image-box69d29b937a303 .ins-image-box-title-inner {color: #223645;}<\/style>\")\n\t\t\t\t\t})(jQuery);\n\t\t\t\t\t\t<\/script>[\/vc_column_inner][vc_column_inner offset=&#8221;vc_col-lg-4 vc_col-md-4&#8243;]<div id='ins-image-box69d29b937a818' class='ins-image-box-wrapper ins-image-box-style-1 text-center   ins-animated fadeInUp' data-animation-delay=200 style='background-color: #ffffff;'><div class='ins-image-box-inner'><div class='ins-image-box-img text-center'><img src='https:\/\/www.global-csg.com\/wp-content\/uploads\/2021\/06\/benchmarking.jpg' alt='image-box'><\/div><div class='ins-image-content-wrapper last-paragraph-no-margin'><div class='ins-image-box-title margin-10px-bottom'><span class='ins-image-box-title-inner letter-spacing-05 title-font font-weight-500 display-block text-large font-weight-700'> Benchmarking<\/span><\/div><p class='ins-image-box-text '>Wir nutzen unsere Marktforschungs-, Teardown- und Funktionsanalyse- und Berichtsfunktionen, um Einblicke in Ihre Produktattribute zu bieten.<\/p><\/div><\/div><\/div><script type=\"text\/javascript\">\n\t\t(function(jQuery) {jQuery(\"head\").append(\"<style>#ins-image-box69d29b937a818 .ins-image-box-title-inner {color: #223645;}<\/style>\")\n\t\t\t\t\t})(jQuery);\n\t\t\t\t\t\t<\/script>[\/vc_column_inner][vc_column_inner offset=&#8221;vc_col-lg-4 vc_col-md-4&#8243;]<div id='ins-image-box69d29b937ac3b' class='ins-image-box-wrapper ins-image-box-style-1 text-center   ins-animated fadeInUp' data-animation-delay=400 style='background-color: #ffffff;'><div class='ins-image-box-inner'><div class='ins-image-box-img text-center'><img src='https:\/\/www.global-csg.com\/wp-content\/uploads\/2021\/06\/value-engineering-1.jpg' alt='image-box'><\/div><div class='ins-image-content-wrapper last-paragraph-no-margin'><div class='ins-image-box-title margin-10px-bottom'><span class='ins-image-box-title-inner letter-spacing-05 title-font font-weight-500 display-block text-large font-weight-700'> Wertoptimierung<\/span><\/div><p class='ins-image-box-text '>Dank unseres fundierten Wissens und unserer umfassenden Datenbanken k\u00f6nnen wir vorhersagen, was Ihr Produkt kosten sollte und wie Sie dorthin gelangen.<\/p><\/div><\/div><\/div><script type=\"text\/javascript\">\n\t\t(function(jQuery) {jQuery(\"head\").append(\"<style>#ins-image-box69d29b937ac3b .ins-image-box-title-inner {color: #223645;}<\/style>\")\n\t\t\t\t\t})(jQuery);\n\t\t\t\t\t\t<\/script>[\/vc_column_inner][\/vc_row_inner][vc_empty_space height=&#8221;35px&#8221; el_class=&#8221;empty_space&#8221;][vc_row_inner gap=&#8221;15&#8243;][vc_column_inner offset=&#8221;vc_col-lg-4 vc_col-md-4&#8243;]<div id='ins-image-box69d29b937b0a8' class='ins-image-box-wrapper ins-image-box-style-1 text-center   ins-animated fadeInUp' data-animation-delay=200 style='background-color: #ffffff;'><div class='ins-image-box-inner'><div class='ins-image-box-img text-center'><img src='https:\/\/www.global-csg.com\/wp-content\/uploads\/2021\/06\/sourcing-support.jpg' alt='image-box'><\/div><div class='ins-image-content-wrapper last-paragraph-no-margin'><div class='ins-image-box-title margin-10px-bottom'><span class='ins-image-box-title-inner letter-spacing-05 title-font font-weight-500 display-block text-large font-weight-700'> Unterst\u00fctzung bei der Beschaffung<\/span><\/div><p class='ins-image-box-text '>Wir unterst\u00fctzen unsere Kunden bei der Lieferantenbewertung, dem Lieferanten- und Produkt\u00fcbergang, dem Qualit\u00e4tsmanagement und dem Procure-to-Pay-Management.<\/p><\/div><\/div><\/div><script type=\"text\/javascript\">\n\t\t(function(jQuery) {jQuery(\"head\").append(\"<style>#ins-image-box69d29b937b0a8 .ins-image-box-title-inner {color: #223645;}<\/style>\")\n\t\t\t\t\t})(jQuery);\n\t\t\t\t\t\t<\/script>[\/vc_column_inner][vc_column_inner offset=&#8221;vc_col-lg-4 vc_col-md-4&#8243;]<div id='ins-image-box69d29b937b4bb' class='ins-image-box-wrapper ins-image-box-style-1 text-center   ins-animated fadeInUp' data-animation-delay=400 style='background-color: #ffffff;'><div class='ins-image-box-inner'><div class='ins-image-box-img text-center'><img src='https:\/\/www.global-csg.com\/wp-content\/uploads\/2021\/06\/obsolescence-management.jpg' alt='image-box'><\/div><div class='ins-image-content-wrapper last-paragraph-no-margin'><div class='ins-image-box-title margin-10px-bottom'><span class='ins-image-box-title-inner letter-spacing-05 title-font font-weight-500 display-block text-large font-weight-700'> Obsoleszenzverwaltung<\/span><\/div><p class='ins-image-box-text '>Dank unseres umfassenden Wissens und unserer umfassenden Datenbanken k\u00f6nnen wir die Verf\u00fcgbarkeit von Komponenten bewerten und Risiken prognostizieren.<\/p><\/div><\/div><\/div><script type=\"text\/javascript\">\n\t\t(function(jQuery) {jQuery(\"head\").append(\"<style>#ins-image-box69d29b937b4bb .ins-image-box-title-inner {color: #223645;}<\/style>\")\n\t\t\t\t\t})(jQuery);\n\t\t\t\t\t\t<\/script>[\/vc_column_inner][vc_column_inner offset=&#8221;vc_col-lg-4 vc_col-md-4&#8243;]<div id='ins-image-box69d29b937b959' class='ins-image-box-wrapper ins-image-box-style-1 text-center   ins-animated fadeInUp' data-animation-delay=600 style='background-color: #ffffff;'><div class='ins-image-box-inner'><div class='ins-image-box-img text-center'><img src='https:\/\/www.global-csg.com\/wp-content\/uploads\/2021\/06\/pre-post-launch-support.jpg' alt='image-box'><\/div><div class='ins-image-content-wrapper last-paragraph-no-margin'><div class='ins-image-box-title margin-10px-bottom'><span class='ins-image-box-title-inner letter-spacing-05 title-font font-weight-500 display-block text-large font-weight-700'> Support vor und nach Markteinf\u00fchrung<\/span><\/div><p class='ins-image-box-text '>Wir entwickeln Kataloge, Bulletins und Handb\u00fccher f\u00fcr Ihre Produkte mit technischem Redaktions-, Illustrations- und \u00dcbersetzungsservice.<\/p><\/div><\/div><\/div><script type=\"text\/javascript\">\n\t\t(function(jQuery) {jQuery(\"head\").append(\"<style>#ins-image-box69d29b937b959 .ins-image-box-title-inner {color: #223645;}<\/style>\")\n\t\t\t\t\t})(jQuery);\n\t\t\t\t\t\t<\/script>[\/vc_column_inner][\/vc_row_inner][\/vc_column][\/vc_row][vc_row full_width=&#8221;stretch_row&#8221; css=&#8221;.vc_custom_1615286030996{margin-top: 30px !important;}&#8221; el_class=&#8221;large-device-padding&#8221;][vc_column][vc_row_inner][vc_column_inner width=&#8221;1\/6&#8243;][\/vc_column_inner][vc_column_inner width=&#8221;2\/3&#8243;]<div id='ins-heading-69d29b937bf31' class='section-heading ins-heading text-center heading-below-border ins-border-solid   vc_custom_1614680231021 '  style='margin-top:0; margin-bottom:0'><h3 class='section-heading-title margin-10px-top  default no-letter-spacing'>Fallstudien<\/h3><\/div><script type=\"text\/javascript\">\n\t\t(function(jQuery) {jQuery(\"head\").append(\"<style>#ins-heading-69d29b937bf31.heading-below-border:after, #ins-heading-69d29b937bf31.heading-inline-border .section-heading-title:before, #ins-heading-69d29b937bf31.heading-inline-border .section-heading-title:after, #ins-heading-69d29b937bf31.heading-inline-double-border .section-heading-title:before, #ins-heading-69d29b937bf31.heading-inline-double-border .section-heading-title:after {border-color: #156272;}<\/style>\")\n\t\t\t\t\t})(jQuery);\n\t\t\t\t\t\t<\/script>[vc_empty_space height=&#8221;10px&#8221;][\/vc_column_inner][vc_column_inner width=&#8221;1\/6&#8243;][\/vc_column_inner][\/vc_row_inner][vc_row_inner][vc_column_inner]<div class=\"inv-portfolio-element-main-wrapper clearfix inv-portfolio-wapper inv-portfolio-hover-1-wrapper \"> <div class=\"inv-portfolio-element-holder\"> <div class=\"portfolio-article-holder portfolio-grid-inner-holder clearfix\"> <div class=\"grid-sizer\"><\/div> <article class=\"col-md-4 col-lg-4 col-sm-6 col-xs-12 inv-portfolio-hover-1 inv-portfolio-item-holder\" > <div class=\"inv-portfolio-hover-1-content\"> <div class=\"inv-portfolio-hover-1-thumb\" style=\"background-image: url('https:\/\/www.global-csg.com\/wp-content\/uploads\/2021\/05\/hero-15-1024x333.jpg');\"> <div class=\"inv-portfolio-background-overlay\" style=\"background-color: #71cbcc\"><\/div> <div class=\"inv-portfolio-hover-1-overlay-wrapper\"> <div class=\"inv-portfolio-hover-1-overlay-inner\"> <div class=\"inv-portfolio-logo\"><img decoding=\"async\" src=\"\" alt=\"case-studies-logo\"><\/div> <div class=\"inv-portfolio-hover-1-entry-header\"> <div class=\"inv-portfolio-hover-1-entry-content\"> <span class=\"inv-portfolio-hover-1-cats display-block\"> <a href=https:\/\/www.global-csg.com\/case_studies_category\/product-support-services\/ class=\"position-relative\"><span> Product Support Services <\/span><\/a> <\/span> <span class=\"inv-portfolio-hover-1-title display-block\"><a href=\"https:\/\/www.global-csg.com\/de\/case_studies\/innovative-produktunterstuetzungsdienste-fuer-bahn-oem\/\" class=\"title-font display-block\">Innovative Produktsupport-Services f\u00fcr Bahn-OEM<\/a><\/span> <div class=\"infobox-on-hover-icon\"> <a href=\"https:\/\/www.global-csg.com\/de\/case_studies\/innovative-produktunterstuetzungsdienste-fuer-bahn-oem\/\"><i class=\"iconsmind-Arrow-OutRight\"><\/i><\/a> <\/div> <\/div> <\/div> <\/div> <\/div> <\/div> <\/div>\n<\/article> <article class=\"col-md-4 col-lg-4 col-sm-6 col-xs-12 inv-portfolio-hover-1 inv-portfolio-item-holder\" > <div class=\"inv-portfolio-hover-1-content\"> <div class=\"inv-portfolio-hover-1-thumb\" style=\"background-image: url('https:\/\/www.global-csg.com\/wp-content\/uploads\/2021\/05\/hero-16-1024x333.jpg');\"> <div class=\"inv-portfolio-background-overlay\" style=\"background-color: #71cbcc\"><\/div> <div class=\"inv-portfolio-hover-1-overlay-wrapper\"> <div class=\"inv-portfolio-hover-1-overlay-inner\"> <div class=\"inv-portfolio-logo\"><img decoding=\"async\" src=\"\" alt=\"case-studies-logo\"><\/div> <div class=\"inv-portfolio-hover-1-entry-header\"> <div class=\"inv-portfolio-hover-1-entry-content\"> <span class=\"inv-portfolio-hover-1-cats display-block\"> <a href=https:\/\/www.global-csg.com\/case_studies_category\/product-support-services\/ class=\"position-relative\"><span> Product Support Services <\/span><\/a> <\/span> <span class=\"inv-portfolio-hover-1-title display-block\"><a href=\"https:\/\/www.global-csg.com\/de\/case_studies\/integrierte-support-services-fuer-hightech-produkte\/\" class=\"title-font display-block\">Integrierte Support -Services f\u00fcr Hightech-Produkte<\/a><\/span> <div class=\"infobox-on-hover-icon\"> <a href=\"https:\/\/www.global-csg.com\/de\/case_studies\/integrierte-support-services-fuer-hightech-produkte\/\"><i class=\"iconsmind-Arrow-OutRight\"><\/i><\/a> <\/div> <\/div> <\/div> <\/div> <\/div> <\/div> <\/div>\n<\/article> <article class=\"col-md-4 col-lg-4 col-sm-6 col-xs-12 inv-portfolio-hover-1 inv-portfolio-item-holder\" > <div class=\"inv-portfolio-hover-1-content\"> <div class=\"inv-portfolio-hover-1-thumb\" style=\"background-image: url('https:\/\/www.global-csg.com\/wp-content\/uploads\/2021\/05\/hero-17-1024x333.jpg');\"> <div class=\"inv-portfolio-background-overlay\" style=\"background-color: #71cbcc\"><\/div> <div class=\"inv-portfolio-hover-1-overlay-wrapper\"> <div class=\"inv-portfolio-hover-1-overlay-inner\"> <div class=\"inv-portfolio-logo\"><img decoding=\"async\" src=\"\" alt=\"case-studies-logo\"><\/div> <div class=\"inv-portfolio-hover-1-entry-header\"> <div class=\"inv-portfolio-hover-1-entry-content\"> <span class=\"inv-portfolio-hover-1-cats display-block\"> <a href=https:\/\/www.global-csg.com\/case_studies_category\/hitech\/ class=\"position-relative\"><span> HiTech <\/span><\/a> <a href=https:\/\/www.global-csg.com\/case_studies_category\/product-support-services\/ class=\"position-relative\"><span> Product Support Services <\/span><\/a> <\/span> <span class=\"inv-portfolio-hover-1-title display-block\"><a href=\"https:\/\/www.global-csg.com\/de\/case_studies\/kostenreduzierung-um-50-beim-video-reader-fuer-oeentliche-verkehrsmittel\/\" class=\"title-font display-block\">Kostenreduzierung um 50% beim Video &#8211; Reader f\u00fcr \u00f6ffentliche Verkehrsmittel<\/a><\/span> <div class=\"infobox-on-hover-icon\"> <a href=\"https:\/\/www.global-csg.com\/de\/case_studies\/kostenreduzierung-um-50-beim-video-reader-fuer-oeentliche-verkehrsmittel\/\"><i class=\"iconsmind-Arrow-OutRight\"><\/i><\/a> <\/div> <\/div> <\/div> <\/div> <\/div> <\/div> <\/div>\n<\/article> <\/div> <\/div>\n<\/div>[\/vc_column_inner][\/vc_row_inner][vc_empty_space height=&#8221;54px&#8221;][\/vc_column][\/vc_row][vc_row full_width=&#8221;stretch_row&#8221; disable_element=&#8221;yes&#8221; bg_overlay=&#8221;dark20&#8243; css=&#8221;.vc_custom_1614078033546{background-image: url(https:\/\/www.insigniawpthemes.co.in\/innvoke\/wp-content\/uploads\/2019\/04\/office-image.jpg?id=1189) !important;background-position: center !important;background-repeat: no-repeat !important;background-size: cover !important;}&#8221;][vc_column css=&#8221;.vc_custom_1555563941039{padding-top: 120px !important;padding-bottom: 120px !important;}&#8221;][vc_row_inner][vc_column_inner width=&#8221;1\/4&#8243;][\/vc_column_inner][vc_column_inner width=&#8221;1\/2&#8243; css=&#8221;.vc_custom_1555563932115{padding-top: 50px !important;padding-right: 40px !important;padding-bottom: 20px !important;padding-left: 40px !important;background-color: #ffffff !important;}&#8221;][vc_custom_heading text=&#8221;Kontakt aufnehmen&#8221; font_container=&#8221;tag:h3|text_align:center&#8221; use_theme_fonts=&#8221;yes&#8221; css_animation=&#8221;fadeIn&#8221; css=&#8221;.vc_custom_1556188877905{margin-bottom: 20px !important;}&#8221;][vc_custom_heading text=&#8221;Jemanden an seiner Seite zu haben, der ein tiefes und umfassendes Verst\u00e4ndnis von Technologie hat, kann den Unterschied zwischen dem Gedeihen Ihres Unternehmens und dem blo\u00dfen \u00dcberleben ausmachen.&#8221; font_container=&#8221;tag:p|font_size:16px|text_align:center|line_height:28px&#8221; use_theme_fonts=&#8221;yes&#8221; css_animation=&#8221;fadeIn&#8221; css=&#8221;.vc_custom_1556188884466{margin-bottom: 30px !important;}&#8221;]<div id='ins-button-69d29b93836dd' class='ins-button-wrapper text-center 30px 40px  ins-animated fadeInUp' data-animation-delay=200><a class='ins-button title-font letter-spacing-1 text-white pc-border pc-bg btn-radius-default font-weight-600 btn-medium text-uppercase ' href='#'  target='_self'><span>Discover More<\/span><\/a><\/div><script type=\"text\/javascript\">\n\t\t(function(jQuery) {jQuery(\"head\").append(\"<style>#ins-button-69d29b93836dd .ins-button:hover {background-color: #223645;}#ins-button-69d29b93836dd .ins-button:hover {border-color: #223645;}#ins-button-69d29b93836dd.ins-button-wrapper {margin-top: 30px;}#ins-button-69d29b93836dd.ins-button-wrapper {margin-bottom: 40px;}<\/style>\")\n\t\t\t\t\t})(jQuery);\n\t\t\t\t\t\t<\/script>[\/vc_column_inner][vc_column_inner width=&#8221;1\/4&#8243;][\/vc_column_inner][\/vc_row_inner][\/vc_column][\/vc_row][vc_row full_width=&#8221;stretch_row&#8221; bg_overlay=&#8221;dark40&#8243; css=&#8221;.vc_custom_1629516870849{background-color: #129eba !important;}&#8221; el_class=&#8221;large-device-padding&#8221;][vc_column][vc_empty_space height=&#8221;40px&#8221;][vc_custom_heading text=&#8221;Lassen Sie uns zusammenarbeiten!&#8221; font_container=&#8221;tag:h2|text_align:center|color:%23ffffff&#8221; use_theme_fonts=&#8221;yes&#8221; css_animation=&#8221;fadeIn&#8221; css=&#8221;.vc_custom_1709939493453{margin-bottom: 25px !important;}&#8221;][vc_row_inner][vc_column_inner width=&#8221;1\/6&#8243;][\/vc_column_inner][vc_column_inner width=&#8221;2\/3&#8243;][vc_custom_heading text=&#8221;Nutzen Sie unsere bew\u00e4hrte Erfolgsbilanz, um die Zukunft zu gestalten.&#8221; font_container=&#8221;tag:p|font_size:17px|text_align:center|color:%23ffffff|line_height:28px&#8221; use_theme_fonts=&#8221;yes&#8221; css_animation=&#8221;fadeIn&#8221; css=&#8221;.vc_custom_1709939484317{margin-bottom: 10px !important;padding-right: 12% !important;padding-left: 12% !important;}&#8221;][\/vc_column_inner][vc_column_inner width=&#8221;1\/6&#8243;][\/vc_column_inner][\/vc_row_inner][vc_raw_html]JTNDZGl2JTIwaWQlM0QlMjJpbnMtYnV0dG9uLTYwNjU4NzYxZTEyZGUlMjIlMjBjbGFzcyUzRCUyMmlucy1idXR0b24td3JhcHBlciUyMHRleHQtY2VudGVyJTIwMzBweCUyMGlucy1hbmltYXRlZCUyMGZhZGVJblVwJTIwaW5zLWFuaW1hdGUlMjIlMjBkYXRhLWFuaW1hdGlvbi1kZWxheSUzRCUyMjIwMCUyMiUzRSUzQ2ElMjBjbGFzcyUzRCUyMmlucy1idXR0b24lMjB0aXRsZS1mb250JTIwbGV0dGVyLXNwYWNpbmctMSUyMHRleHQtd2hpdGUlMjBwYy1ib3JkZXIlMjBwYy1iZyUyMGJ0bi1zcXVhcmUlMjBmb250LXdlaWdodC02MDAlMjBidG4tbWVkaXVtJTIwdGV4dC11cHBlcmNhc2UlMjAlMjIlMjBkYXRhLXRvZ2dsZSUzRCUyMm1vZGFsJTIyJTIwZGF0YS10YXJnZXQlM0QlMjIlMjNwb3B1cC1tb2RhbCUyMiUzRVNjaHJlaWJlbiUyMFNpZSUyMHVucyUzQyUyRmElM0UlM0MlMkZkaXYlM0U=[\/vc_raw_html][vc_empty_space height=&#8221;60px&#8221;][\/vc_column][\/vc_row]<\/p>\n","protected":false},"excerpt":{"rendered":"<p>[vc_row full_width=&#8221;stretch_row&#8221; bg_overlay=&#8221;dark20&#8243; css=&#8221;.vc_custom_1622628987502{margin-top: 80px !important;padding-top: 105px !important;padding-bottom: 145px !important;background-image: url(https:\/\/www.global-csg.com\/wp-content\/uploads\/2021\/06\/csg-product-support-services-banner.jpg?id=3735) !important;background-position: center !important;background-repeat: no-repeat !important;background-size: cover !important;}&#8221; el_class=&#8221;large-device-padding inner-page-banner&#8221;][vc_column][vc_custom_heading [&hellip;]<\/p>\n","protected":false},"author":1,"featured_media":0,"parent":0,"menu_order":0,"comment_status":"closed","ping_status":"closed","template":"","meta":{"footnotes":""},"class_list":["post-13877","page","type-page","status-publish","hentry"],"_links":{"self":[{"href":"https:\/\/www.global-csg.com\/de\/wp-json\/wp\/v2\/pages\/13877","targetHints":{"allow":["GET"]}}],"collection":[{"href":"https:\/\/www.global-csg.com\/de\/wp-json\/wp\/v2\/pages"}],"about":[{"href":"https:\/\/www.global-csg.com\/de\/wp-json\/wp\/v2\/types\/page"}],"author":[{"embeddable":true,"href":"https:\/\/www.global-csg.com\/de\/wp-json\/wp\/v2\/users\/1"}],"replies":[{"embeddable":true,"href":"https:\/\/www.global-csg.com\/de\/wp-json\/wp\/v2\/comments?post=13877"}],"version-history":[{"count":0,"href":"https:\/\/www.global-csg.com\/de\/wp-json\/wp\/v2\/pages\/13877\/revisions"}],"wp:attachment":[{"href":"https:\/\/www.global-csg.com\/de\/wp-json\/wp\/v2\/media?parent=13877"}],"curies":[{"name":"wp","href":"https:\/\/api.w.org\/{rel}","templated":true}]}}