{"id":13852,"date":"2021-05-10T17:24:04","date_gmt":"2021-05-10T11:54:04","guid":{"rendered":"https:\/\/www.global-csg.com\/loesungen\/digiauto\/"},"modified":"2024-03-27T11:46:40","modified_gmt":"2024-03-27T06:16:40","slug":"digiauto","status":"publish","type":"page","link":"https:\/\/www.global-csg.com\/de\/loesungen\/digiauto\/","title":{"rendered":"DIGIAUTO\u00a9"},"content":{"rendered":"<p>[vc_row full_width=&#8221;stretch_row&#8221; bg_overlay=&#8221;dark10&#8243; css=&#8221;.vc_custom_1622642814974{margin-top: 80px !important;padding-top: 160px !important;padding-bottom: 200px !important;background-image: url(https:\/\/www.global-csg.com\/wp-content\/uploads\/2021\/06\/csg-digiauto-banner.jpg?id=3825) !important;background-position: center !important;background-repeat: no-repeat !important;background-size: cover !important;}&#8221; el_class=&#8221;large-device-padding inner-page-banner&#8221;][vc_column][vc_custom_heading text=&#8221;DIGIAUTO<sup>\u00a9<\/sup>&#8221; font_container=&#8221;tag:h1|text_align:center|color:%23ffffff&#8221; use_theme_fonts=&#8221;yes&#8221; css=&#8221;.vc_custom_1701682761690{margin-bottom: 15px !important;}&#8221;][vc_custom_heading text=&#8221;Digitale Innovation f\u00fcr Fahrzeuge der n\u00e4chsten Generation&#8221; font_container=&#8221;tag:h4|text_align:center|color:%23ffffff&#8221; use_theme_fonts=&#8221;yes&#8221; css=&#8221;.vc_custom_1620647398737{margin-bottom: 15px !important;}&#8221;][\/vc_column][\/vc_row][vc_row equal_height=&#8221;yes&#8221; css=&#8221;.vc_custom_1623389201920{margin-top: 50px !important;margin-bottom: 20px !important;}&#8221; el_class=&#8221;large-device-padding solution-inner-intro-section&#8221;][vc_column offset=&#8221;vc_col-lg-5 vc_col-md-5&#8243;][vc_custom_heading text=&#8221;DIGIAUTO<sup>\u00a9<\/sup> hilft Ihnen&#8221; font_container=&#8221;tag:h6|text_align:left|color:%2336ab9c&#8221; use_theme_fonts=&#8221;yes&#8221; css_animation=&#8221;fadeIn&#8221; el_class=&#8221;letter-spacing-2 font-weight-600 text-uppercase&#8221;][vc_custom_heading text=&#8221;Setzen Sie ADAS, Sicherheit, Infotainment, Telematik und die neuesten integrierten EV &#8211; L\u00f6sungen der n\u00e4chsten Generation ein&#8221; use_theme_fonts=&#8221;yes&#8221; css_animation=&#8221;fadeIn&#8221; css=&#8221;.vc_custom_1710846263079{margin-bottom: 30px !important;}&#8221;][vc_empty_space height=&#8221;40px&#8221; el_class=&#8221;empty_space&#8221;][\/vc_column][vc_column offset=&#8221;vc_col-lg-7 vc_col-md-7&#8243;][vc_custom_heading text=&#8221;DIGIAUTO<sup>\u00a9<\/sup> von CREATIVE bietet eine Vielzahl von Automobill\u00f6sungen, um die Vision von NextGen-Fahrzeugen mithilfe innovativer und digitaler Technologien zu verwirklichen. DIGIAUTO<sup>\u00a9<\/sup> erm\u00f6glicht Elektrifizierung, Autonomie, Konnektivit\u00e4t und gemeinsame Mobilit\u00e4t. Dar\u00fcber hinaus bietet es dem Kunden \u00e4u\u00dferst innovative und reichhaltige Erlebnisse. Unser L\u00f6sungspaket umfasst ADAS, EV-L\u00f6sungen, Fahrer- und Passagiersicherheit sowie bahnbrechende Innenrauml\u00f6sungen f\u00fcr integriertes Infotainment und Telematik.&#8221; font_container=&#8221;tag:p|font_size:17px|text_align:left|color:%231f1f1f|line_height:28px&#8221; use_theme_fonts=&#8221;yes&#8221; css_animation=&#8221;fadeIn&#8221;][vc_empty_space height=&#8221;40px&#8221;][\/vc_column][\/vc_row][vc_row full_width=&#8221;stretch_row&#8221; bg_overlay=&#8221;dark10&#8243; css=&#8221;.vc_custom_1623389237701{margin-bottom: 50px !important;background-image: url(https:\/\/www.global-csg.com\/wp-content\/uploads\/2021\/06\/digiauto-oneliner.jpg?id=3826) !important;background-position: center !important;background-repeat: no-repeat !important;background-size: cover !important;}&#8221; el_class=&#8221;large-device-padding solutions-bg&#8221;][vc_column css=&#8221;.vc_custom_1555507892447{padding-top: 100px !important;padding-right: 70px !important;padding-bottom: 90px !important;padding-left: 70px !important;}&#8221;][vc_row_inner][vc_column_inner][vc_custom_heading text=&#8221;DIGIAUTO<sup>\u00a9<\/sup> unterst\u00fctzt ADAS, Infotainment und Telematik der n\u00e4chsten Generation und bietet ein bahnbrechendes Kundenerlebnis&#8221; font_container=&#8221;tag:h2|text_align:center|color:%23ffffff&#8221; use_theme_fonts=&#8221;yes&#8221; css_animation=&#8221;fadeIn&#8221; el_class=&#8221;font-weight-500&#8243;][\/vc_column_inner][\/vc_row_inner][\/vc_column][\/vc_row][vc_row el_class=&#8221;large-device-padding&#8221;][vc_column][vc_row_inner equal_height=&#8221;yes&#8221; content_placement=&#8221;middle&#8221; el_class=&#8221;solutions-offer-row-desktop&#8221;][vc_column_inner width=&#8221;1\/2&#8243;][vc_custom_heading text=&#8221;Highlights der Software-L\u00f6sung&#8221; font_container=&#8221;tag:h3|text_align:left&#8221; use_theme_fonts=&#8221;yes&#8221; css=&#8221;.vc_custom_1710114707911{margin-bottom: 20px !important;}&#8221;][vc_column_text]<\/p>\n<ul>\n<li>Fahrerassistenz\/fahrerlose Fahrzeuge mit Spurverlassenskorrektur, Erkennung des toten Winkels und Kollisionswarnung<\/li>\n<li>Bergabfahrhilfe, ABS, adaptive Geschwindigkeitsregelung, Einparkhilfe und Objekterkennung<\/li>\n<li>Integrierter Audioplayer, Radio, GPS und Bluetooth Freisprecheinrichtung<\/li>\n<li>Automatische Spracherkennung, Text-to-Speech, GSM\/GPRS, Integration von Sensoren und Steuerungen<\/li>\n<li>Batteriemanagementsysteme und Laderoboter<\/li>\n<\/ul>\n<p>[\/vc_column_text][\/vc_column_inner][vc_column_inner width=&#8221;1\/2&#8243; css=&#8221;.vc_custom_1622642777123{background-image: url(https:\/\/www.global-csg.com\/wp-content\/uploads\/2021\/06\/digiauto-solution-highlights.jpg?id=3827) !important;background-position: center !important;background-repeat: no-repeat !important;background-size: cover !important;}&#8221;][vc_empty_space height=&#8221;300px&#8221;][\/vc_column_inner][\/vc_row_inner][vc_row_inner equal_height=&#8221;yes&#8221; content_placement=&#8221;middle&#8221; el_class=&#8221;solutions-offer-row-mobile&#8221;][vc_column_inner width=&#8221;1\/2&#8243; css=&#8221;.vc_custom_1622642777123{background-image: url(https:\/\/www.global-csg.com\/wp-content\/uploads\/2021\/06\/digiauto-solution-highlights.jpg?id=3827) !important;background-position: center !important;background-repeat: no-repeat !important;background-size: cover !important;}&#8221;][vc_empty_space height=&#8221;300px&#8221;][\/vc_column_inner][vc_column_inner width=&#8221;1\/2&#8243;][vc_empty_space height=&#8221;30px&#8221;][vc_custom_heading text=&#8221;Highlights der L\u00f6sung&#8221; font_container=&#8221;tag:h3|text_align:left&#8221; use_theme_fonts=&#8221;yes&#8221; css=&#8221;.vc_custom_1614150480740{margin-bottom: 20px !important;}&#8221;][vc_column_text]<\/p>\n<ul>\n<li>Fahrerassistenz \/ fahrerlose Fahrzeuge mit Spurverlassenskorrektur, Erkennung des toten Winkels und Kollisionswarnung<\/li>\n<li>Bergabfahrt, ABS, adaptive Geschwindigkeitsregelung, Einparkhilfe und Objekterkennung<\/li>\n<li>Integrierter Audioplayer, Radio, GPS, Freisprecheinrichtung Bluetooth<\/li>\n<li>Automatische Spracherkennung, Text-to-Speech, GSM\/GPRS, Integration von Sensoren und Steuerungen<\/li>\n<li>Batteriemanagementsysteme und Laderoboter<\/li>\n<\/ul>\n<p>[\/vc_column_text][\/vc_column_inner][\/vc_row_inner][vc_empty_space height=&#8221;82px&#8221;][\/vc_column][\/vc_row][vc_row full_width=&#8221;stretch_row_content_no_spaces&#8221; equal_height=&#8221;yes&#8221; content_placement=&#8221;middle&#8221; css=&#8221;.vc_custom_1615286818220{margin-bottom: 72px !important;}&#8221;][vc_column width=&#8221;2\/3&#8243; css=&#8221;.vc_custom_1622642797691{background-image: url(https:\/\/www.global-csg.com\/wp-content\/uploads\/2021\/06\/digiauto-issues-addressed.jpg?id=3828) !important;background-position: center !important;background-repeat: no-repeat !important;background-size: cover !important;}&#8221; el_class=&#8221;large-device-padding&#8221;][vc_empty_space height=&#8221;350px&#8221;][\/vc_column][vc_column width=&#8221;1\/3&#8243; css=&#8221;.vc_custom_1623389337569{padding-top: 60px !important;padding-right: 50px !important;padding-bottom: 60px !important;padding-left: 50px !important;background-color: #156272 !important;}&#8221; el_class=&#8221;large-device-padding issues-addressed&#8221;][vc_custom_heading text=&#8221;Verbesserung folgender Probleme:&#8221; font_container=&#8221;tag:h3|text_align:left|color:%23ffffff&#8221; use_theme_fonts=&#8221;yes&#8221; css_animation=&#8221;fadeIn&#8221; css=&#8221;.vc_custom_1710114828585{margin-bottom: 20px !important;}&#8221;]<div id='ins-list-icon-69f60912e8e54' class='ins-simple-icon-list margin-20px-bottom ins-icon-list-simple list-icon-medium select   ins-animated fadeIn' ><ul class='ins-simple-icon-list-inner list-style-none no-padding'><li class='ins-list-style margin-15px-bottom position-relative'><i class='ins-icon-list-icon margin-10px-right display-inline-block position-absolute left-0 fas fa-check'><\/i> Die Anpassung des Kundenerlebnisses ist sehr begrenzt<\/li><li class='ins-list-style margin-15px-bottom position-relative'><i class='ins-icon-list-icon margin-10px-right display-inline-block position-absolute left-0 fas fa-check'><\/i> Die zus\u00e4tzlichen Betriebskosten sind hoch und steigen mit der Zeit<\/li><li class='ins-list-style margin-15px-bottom position-relative'><i class='ins-icon-list-icon margin-10px-right display-inline-block position-absolute left-0 fas fa-check'><\/i> Fahrzeugservice und After-Sales-Produkte werden immer noch von veralteten Prozessen bestimmt<\/li><li class='ins-list-style margin-15px-bottom position-relative'><i class='ins-icon-list-icon margin-10px-right display-inline-block position-absolute left-0 fas fa-check'><\/i> Fahrzeugbetrieb und -wartung basieren auf alten Zeitpl\u00e4nen und nicht auf tats\u00e4chlichen Fahrzeugparametern und Nutzungsmustern<\/li><li class='ins-list-style margin-15px-bottom position-relative'><i class='ins-icon-list-icon margin-10px-right display-inline-block position-absolute left-0 fas fa-check'><\/i> M\u00f6glichkeiten zur Reduzierung des CO<sub>2<\/sub>-Fu\u00dfabdrucks nicht vollst\u00e4ndig ausgesch\u00f6pft<\/li><\/ul><\/div><script type=\"text\/javascript\">\n\t\t(function(jQuery) {jQuery(\"head\").append(\"<style>#ins-list-icon-69f60912e8e54 .ins-list-style .ins-icon-list-icon{color: #ffffff;}#ins-list-icon-69f60912e8e54 .ins-list-style{color: #ffffff;}<\/style>\")\n\t\t\t\t\t})(jQuery);\n\t\t\t\t\t\t<\/script>[\/vc_column][\/vc_row][vc_row full_width=&#8221;stretch_row&#8221; el_class=&#8221;large-device-padding&#8221;][vc_column][vc_custom_heading text=&#8221;Vorteile&#8221; font_container=&#8221;tag:h2|text_align:center&#8221; use_theme_fonts=&#8221;yes&#8221; css_animation=&#8221;fadeIn&#8221; css=&#8221;.vc_custom_1710115007961{margin-bottom: 20px !important;}&#8221;][vc_separator color=&#8221;custom&#8221; border_width=&#8221;3&#8243; el_width=&#8221;10&#8243; accent_color=&#8221;#156272&#8243;][vc_row_inner gap=&#8221;30&#8243;][vc_column_inner width=&#8221;1\/2&#8243;]<div id='ins-icon-69f60912e8f36' class='ins-float-icon-wrapper margin-20px-bottom ins-icon-box-align-left-basic   ins-animated fadeInUp' ><div class='ins-float-icon-inner custom-icon-box-img-main position-relative'><img src='https:\/\/www.global-csg.com\/wp-content\/uploads\/2021\/06\/1-8.png' alt='custom-icon'><\/div><div class='ins-float-icon-box-content ins-float-custom-icon-box-content'><div class='last-paragraph-no-margin'><p class='ins-float-icon-box-text  default'>Deutlich verbessertes Kundenerlebnis<\/p><\/div><\/div><\/div><script type=\"text\/javascript\">\n\t\t(function(jQuery) {\n\t\t\t\t\t})(jQuery);\n\t\t\t\t\t\t<\/script>[\/vc_column_inner][vc_column_inner width=&#8221;1\/2&#8243;]<div id='ins-icon-69f60912e9389' class='ins-float-icon-wrapper margin-20px-bottom ins-icon-box-align-left-basic   ins-animated fadeInUp' ><div class='ins-float-icon-inner custom-icon-box-img-main position-relative'><img src='https:\/\/www.global-csg.com\/wp-content\/uploads\/2021\/06\/2-9.png' alt='custom-icon'><\/div><div class='ins-float-icon-box-content ins-float-custom-icon-box-content'><div class='last-paragraph-no-margin'><p class='ins-float-icon-box-text  default'>Niedrigere Gesamtbetriebskosten und verbesserte Kapitalrendite<\/p><\/div><\/div><\/div><script type=\"text\/javascript\">\n\t\t(function(jQuery) {\n\t\t\t\t\t})(jQuery);\n\t\t\t\t\t\t<\/script>[\/vc_column_inner][\/vc_row_inner][vc_row_inner gap=&#8221;30&#8243;][vc_column_inner width=&#8221;1\/2&#8243;]<div id='ins-icon-69f60912e9784' class='ins-float-icon-wrapper margin-20px-bottom ins-icon-box-align-left-basic   ins-animated fadeInUp' data-animation-delay=200><div class='ins-float-icon-inner custom-icon-box-img-main position-relative'><img src='https:\/\/www.global-csg.com\/wp-content\/uploads\/2021\/06\/3-9.png' alt='custom-icon'><\/div><div class='ins-float-icon-box-content ins-float-custom-icon-box-content'><div class='last-paragraph-no-margin'><p class='ins-float-icon-box-text  default'>Durch Datenanalysen gesteuerter und ma\u00dfgeschneiderter Service und h\u00f6here After-Sales-Ums\u00e4tze<\/p><\/div><\/div><\/div><script type=\"text\/javascript\">\n\t\t(function(jQuery) {\n\t\t\t\t\t})(jQuery);\n\t\t\t\t\t\t<\/script>[\/vc_column_inner][vc_column_inner width=&#8221;1\/2&#8243;]<div id='ins-icon-69f60912e9b55' class='ins-float-icon-wrapper margin-20px-bottom ins-icon-box-align-left-basic   ins-animated fadeInUp' data-animation-delay=200><div class='ins-float-icon-inner custom-icon-box-img-main position-relative'><img src='https:\/\/www.global-csg.com\/wp-content\/uploads\/2021\/06\/4-9.png' alt='custom-icon'><\/div><div class='ins-float-icon-box-content ins-float-custom-icon-box-content'><div class='last-paragraph-no-margin'><p class='ins-float-icon-box-text  default'>H\u00f6here Ums\u00e4tze und treue Kunden<\/p><\/div><\/div><\/div><script type=\"text\/javascript\">\n\t\t(function(jQuery) {\n\t\t\t\t\t})(jQuery);\n\t\t\t\t\t\t<\/script>[\/vc_column_inner][\/vc_row_inner][vc_row_inner gap=&#8221;30&#8243;][vc_column_inner width=&#8221;1\/2&#8243;]<div id='ins-icon-69f60912e9f42' class='ins-float-icon-wrapper margin-20px-bottom ins-icon-box-align-left-basic   ins-animated fadeInUp' data-animation-delay=400><div class='ins-float-icon-inner custom-icon-box-img-main position-relative'><img src='https:\/\/www.global-csg.com\/wp-content\/uploads\/2021\/06\/5-6.png' alt='custom-icon'><\/div><div class='ins-float-icon-box-content ins-float-custom-icon-box-content'><div class='last-paragraph-no-margin'><p class='ins-float-icon-box-text  default'>Erhebliche Einsparungen beim Fahrzeugbetrieb<\/p><\/div><\/div><\/div><script type=\"text\/javascript\">\n\t\t(function(jQuery) {\n\t\t\t\t\t})(jQuery);\n\t\t\t\t\t\t<\/script>[\/vc_column_inner][vc_column_inner width=&#8221;1\/2&#8243;]<div id='ins-icon-69f60912ea301' class='ins-float-icon-wrapper margin-20px-bottom ins-icon-box-align-left-basic   ins-animated fadeInUp' data-animation-delay=400><div class='ins-float-icon-inner custom-icon-box-img-main position-relative'><img src='https:\/\/www.global-csg.com\/wp-content\/uploads\/2021\/06\/6-4.png' alt='custom-icon'><\/div><div class='ins-float-icon-box-content ins-float-custom-icon-box-content'><div class='last-paragraph-no-margin'><p class='ins-float-icon-box-text  default'>Reduzierter CO<sub>2<\/sub>-Fu\u00dfabdruck<\/p><\/div><\/div><\/div><script type=\"text\/javascript\">\n\t\t(function(jQuery) {\n\t\t\t\t\t})(jQuery);\n\t\t\t\t\t\t<\/script>[\/vc_column_inner][\/vc_row_inner][vc_empty_space height=&#8221;62px&#8221;][\/vc_column][\/vc_row][vc_row full_width=&#8221;stretch_row&#8221; bg_overlay=&#8221;dark40&#8243; css=&#8221;.vc_custom_1629517084092{background-color: #129eba !important;}&#8221; el_class=&#8221;large-device-padding&#8221;][vc_column][vc_empty_space height=&#8221;40px&#8221;][vc_custom_heading text=&#8221;Lassen Sie uns zusammenarbeiten!&#8221; font_container=&#8221;tag:h2|text_align:center|color:%23ffffff&#8221; use_theme_fonts=&#8221;yes&#8221; css_animation=&#8221;fadeIn&#8221; css=&#8221;.vc_custom_1710115099075{margin-bottom: 25px !important;}&#8221;][vc_row_inner][vc_column_inner width=&#8221;1\/6&#8243;][\/vc_column_inner][vc_column_inner width=&#8221;2\/3&#8243;][vc_custom_heading text=&#8221;Nutzen Sie unsere bew\u00e4hrten Plattformen und L\u00f6sungen, um die Zukunft zu gestalten.&#8221; font_container=&#8221;tag:p|font_size:17px|text_align:center|color:%23ffffff|line_height:28px&#8221; use_theme_fonts=&#8221;yes&#8221; css_animation=&#8221;fadeIn&#8221; css=&#8221;.vc_custom_1710115107244{margin-bottom: 10px !important;padding-right: 12% !important;padding-left: 12% !important;}&#8221;][\/vc_column_inner][vc_column_inner width=&#8221;1\/6&#8243;][\/vc_column_inner][\/vc_row_inner][vc_raw_html]JTNDZGl2JTIwaWQlM0QlMjJpbnMtYnV0dG9uLTYwNjU4NzYxZTEyZGUlMjIlMjBjbGFzcyUzRCUyMmlucy1idXR0b24td3JhcHBlciUyMHRleHQtY2VudGVyJTIwMzBweCUyMGlucy1hbmltYXRlZCUyMGZhZGVJblVwJTIwaW5zLWFuaW1hdGUlMjIlMjBkYXRhLWFuaW1hdGlvbi1kZWxheSUzRCUyMjIwMCUyMiUzRSUzQ2ElMjBjbGFzcyUzRCUyMmlucy1idXR0b24lMjB0aXRsZS1mb250JTIwbGV0dGVyLXNwYWNpbmctMSUyMHRleHQtd2hpdGUlMjBwYy1ib3JkZXIlMjBwYy1iZyUyMGJ0bi1zcXVhcmUlMjBmb250LXdlaWdodC02MDAlMjBidG4tbWVkaXVtJTIwdGV4dC11cHBlcmNhc2UlMjAlMjIlMjBkYXRhLXRvZ2dsZSUzRCUyMm1vZGFsJTIyJTIwZGF0YS10YXJnZXQlM0QlMjIlMjNwb3B1cC1tb2RhbCUyMiUzRVNjaHJlaWJlbiUyMFNpZSUyMHVucyUzQyUyRmElM0UlM0MlMkZkaXYlM0U=[\/vc_raw_html][vc_empty_space height=&#8221;60px&#8221;][\/vc_column][\/vc_row]<\/p>\n","protected":false},"excerpt":{"rendered":"<p>[vc_row full_width=&#8221;stretch_row&#8221; bg_overlay=&#8221;dark10&#8243; css=&#8221;.vc_custom_1622642814974{margin-top: 80px !important;padding-top: 160px !important;padding-bottom: 200px !important;background-image: url(https:\/\/www.global-csg.com\/wp-content\/uploads\/2021\/06\/csg-digiauto-banner.jpg?id=3825) !important;background-position: center !important;background-repeat: no-repeat !important;background-size: cover !important;}&#8221; el_class=&#8221;large-device-padding inner-page-banner&#8221;][vc_column][vc_custom_heading [&hellip;]<\/p>\n","protected":false},"author":1,"featured_media":0,"parent":13288,"menu_order":0,"comment_status":"closed","ping_status":"closed","template":"","meta":{"footnotes":""},"class_list":["post-13852","page","type-page","status-publish","hentry"],"_links":{"self":[{"href":"https:\/\/www.global-csg.com\/de\/wp-json\/wp\/v2\/pages\/13852","targetHints":{"allow":["GET"]}}],"collection":[{"href":"https:\/\/www.global-csg.com\/de\/wp-json\/wp\/v2\/pages"}],"about":[{"href":"https:\/\/www.global-csg.com\/de\/wp-json\/wp\/v2\/types\/page"}],"author":[{"embeddable":true,"href":"https:\/\/www.global-csg.com\/de\/wp-json\/wp\/v2\/users\/1"}],"replies":[{"embeddable":true,"href":"https:\/\/www.global-csg.com\/de\/wp-json\/wp\/v2\/comments?post=13852"}],"version-history":[{"count":0,"href":"https:\/\/www.global-csg.com\/de\/wp-json\/wp\/v2\/pages\/13852\/revisions"}],"up":[{"embeddable":true,"href":"https:\/\/www.global-csg.com\/de\/wp-json\/wp\/v2\/pages\/13288"}],"wp:attachment":[{"href":"https:\/\/www.global-csg.com\/de\/wp-json\/wp\/v2\/media?parent=13852"}],"curies":[{"name":"wp","href":"https:\/\/api.w.org\/{rel}","templated":true}]}}