{"id":13623,"date":"2021-05-07T15:24:21","date_gmt":"2021-05-07T09:54:21","guid":{"rendered":"https:\/\/www.global-csg.com\/digitale-fertigungstechnik\/"},"modified":"2024-03-27T11:32:53","modified_gmt":"2024-03-27T06:02:53","slug":"digitale-fertigungstechnik","status":"publish","type":"page","link":"https:\/\/www.global-csg.com\/de\/digitale-fertigungstechnik\/","title":{"rendered":"Digitale Fertigungstechnik"},"content":{"rendered":"<p>[vc_row full_width=&#8221;stretch_row&#8221; bg_overlay=&#8221;dark20&#8243; css=&#8221;.vc_custom_1622628726813{margin-top: 80px !important;padding-top: 120px !important;padding-bottom: 160px !important;background-image: url(https:\/\/www.global-csg.com\/wp-content\/uploads\/2021\/06\/csg-digital-manufacturing-engineering-banner.jpg?id=3724) !important;background-position: center !important;background-repeat: no-repeat !important;background-size: cover !important;}&#8221; el_class=&#8221;large-device-padding inner-page-banner&#8221;][vc_column][vc_custom_heading text=&#8221;Digitale Fertigungstechnik&#8221; font_container=&#8221;tag:h1|text_align:center|color:%23ffffff&#8221; use_theme_fonts=&#8221;yes&#8221; css=&#8221;.vc_custom_1620380802610{margin-bottom: 15px !important;}&#8221;][vc_custom_heading text=&#8221;Maximieren Sie Ihre Flexibilit\u00e4t und Produktivit\u00e4t durch Nutzung unseres Fachwissens und digitaler Innovationen&#8221; font_container=&#8221;tag:h4|text_align:center|color:%23ffffff&#8221; use_theme_fonts=&#8221;yes&#8221;][\/vc_column][\/vc_row][vc_row gap=&#8221;20&#8243; equal_height=&#8221;yes&#8221; content_placement=&#8221;middle&#8221; css=&#8221;.vc_custom_1621341627415{margin-top: 36px !important;margin-bottom: 35px !important;}&#8221; el_class=&#8221;large-device-padding services-intro-section&#8221;][vc_column offset=&#8221;vc_col-lg-6 vc_col-md-6&#8243;][vc_single_image image=&#8221;3725&#8243; img_size=&#8221;full&#8221;][\/vc_column][vc_column offset=&#8221;vc_col-lg-6 vc_col-md-6&#8243; el_class=&#8221;services-intro-text&#8221;][vc_custom_heading text=&#8221;\u00dcbersicht&#8221; font_container=&#8221;tag:h6|text_align:left|color:%2336ab9c&#8221; use_theme_fonts=&#8221;yes&#8221; css_animation=&#8221;fadeIn&#8221; el_class=&#8221;text-uppercase letter-spacing-2 font-weight-600&#8243;][vc_custom_heading text=&#8221;Bauen Sie Ihre Kostenf\u00fchrung durch digitale Technologien aus&#8221; font_container=&#8221;tag:h3|text_align:left&#8221; use_theme_fonts=&#8221;yes&#8221; css_animation=&#8221;fadeIn&#8221; css=&#8221;.vc_custom_1710023633254{margin-bottom: 20px !important;}&#8221;][vc_custom_heading text=&#8221;Der harte Wettbewerb auf dem Weltmarkt zwingt die Hersteller zur Einf\u00fchrung von NextGen-Technologien, um die Flexibilit\u00e4t und Produktivit\u00e4t ihrer Anlagen zu maximieren. Wir versetzen unsere Kunden in die Lage, innovative L\u00f6sungen einzusetzen und ihre Rentabilit\u00e4t zu maximieren, indem wir unser Know-how in den Bereichen Industrie 4.0, digitale Technologien, IoT und Analytik nutzen.&#8221; font_container=&#8221;tag:p|font_size:17px|text_align:left|line_height:29px&#8221; use_theme_fonts=&#8221;yes&#8221; css_animation=&#8221;fadeIn&#8221; css=&#8221;.vc_custom_1620380892492{margin-bottom: 30px !important;}&#8221;][vc_custom_heading text=&#8221;Unser komplettes Spektrum an digitalen Fertigungsdienstleistungen umfasst Layout, Prozessplanung, Anlagensimulation, Durchsatzoptimierung, Robotik- und Automatisierungssimulation, Ergonomie und virtuelle Inbetriebnahme. Wir bieten Ihnen tiefe Einblicke in die Leistung Ihrer Produktionsanlage direkt in der digitalen Umgebung, so dass Sie in der Fabrikhalle bessere Ergebnisse mit schnellerer, fehlerfreier Inbetriebnahme und minimalen Ausfallzeiten erzielen k\u00f6nnen.&#8221; font_container=&#8221;tag:p|font_size:17px|text_align:left|line_height:29px&#8221; use_theme_fonts=&#8221;yes&#8221; css_animation=&#8221;fadeIn&#8221; css=&#8221;.vc_custom_1710024164714{margin-bottom: 30px !important;}&#8221;][\/vc_column][\/vc_row][vc_row full_width=&#8221;stretch_row&#8221; disable_element=&#8221;yes&#8221; bg_overlay=&#8221;dark70&#8243; css=&#8221;.vc_custom_1614076785645{background-image: url(https:\/\/www.insigniawpthemes.co.in\/innvoke\/wp-content\/uploads\/2019\/04\/service-banner.jpg?id=1155) !important;background-position: center !important;background-repeat: no-repeat !important;background-size: cover !important;}&#8221;][vc_column css=&#8221;.vc_custom_1555507892447{padding-top: 100px !important;padding-right: 70px !important;padding-bottom: 90px !important;padding-left: 70px !important;}&#8221;][vc_row_inner][vc_column_inner width=&#8221;1\/6&#8243;][\/vc_column_inner][vc_column_inner width=&#8221;2\/3&#8243;][vc_custom_heading text=&#8221;Die effektive Verwaltung aller IT-Vorg\u00e4nge stellt den reibungslosen Betrieb einer Organisation sicher.&#8221; font_container=&#8221;tag:h2|text_align:center|color:%23ffffff&#8221; use_theme_fonts=&#8221;yes&#8221; css_animation=&#8221;fadeIn&#8221; el_class=&#8221;font-weight-400&#8243;][\/vc_column_inner][vc_column_inner width=&#8221;1\/6&#8243;][\/vc_column_inner][\/vc_row_inner][\/vc_column][\/vc_row][vc_row full_width=&#8221;stretch_row&#8221; css=&#8221;.vc_custom_1623348753940{background-color: #e7eff1 !important;background-position: center !important;background-repeat: no-repeat !important;background-size: cover !important;}&#8221; el_class=&#8221;large-device-padding inner-services&#8221; el_id=&#8221;Dienstleistungen&#8221;][vc_column css=&#8221;.vc_custom_1614077906463{margin-bottom: 78px !important;}&#8221;][vc_empty_space height=&#8221;30px&#8221;][vc_row_inner][vc_column_inner width=&#8221;1\/12&#8243;][\/vc_column_inner][vc_column_inner width=&#8221;5\/6&#8243;]<div id='ins-heading-6a083cf593ace' class='section-heading ins-heading text-center heading-below-border ins-border-solid   vc_custom_1710206572542 '  style='margin-top:0; margin-bottom:0'><h3 class='section-heading-title margin-10px-top  default no-letter-spacing'>Unsere Dienstleistungen im Bereich digitaler Fertigungstechnik<\/h3><\/div><script type=\"text\/javascript\">\n\t\t(function(jQuery) {jQuery(\"head\").append(\"<style>#ins-heading-6a083cf593ace.heading-below-border:after, #ins-heading-6a083cf593ace.heading-inline-border .section-heading-title:before, #ins-heading-6a083cf593ace.heading-inline-border .section-heading-title:after, #ins-heading-6a083cf593ace.heading-inline-double-border .section-heading-title:before, #ins-heading-6a083cf593ace.heading-inline-double-border .section-heading-title:after {border-color: #156272;}<\/style>\")\n\t\t\t\t\t})(jQuery);\n\t\t\t\t\t\t<\/script>[vc_empty_space height=&#8221;10px&#8221;][\/vc_column_inner][vc_column_inner width=&#8221;1\/12&#8243;][\/vc_column_inner][\/vc_row_inner][vc_row_inner gap=&#8221;15&#8243;][vc_column_inner offset=&#8221;vc_col-lg-4 vc_col-md-4&#8243;]<div id='ins-image-box6a083cf593b69' class='ins-image-box-wrapper ins-image-box-style-1 text-center   ins-animated fadeInUp'  style='background-color: #ffffff;'><div class='ins-image-box-inner'><div class='ins-image-box-img text-center'><img src='https:\/\/www.global-csg.com\/wp-content\/uploads\/2021\/06\/process-engineering.jpg' alt='image-box'><\/div><div class='ins-image-content-wrapper last-paragraph-no-margin'><div class='ins-image-box-title margin-10px-bottom'><span class='ins-image-box-title-inner letter-spacing-05 title-font font-weight-500 display-block text-large font-weight-700'> Verfahrenstechnik<\/span><\/div><p class='ins-image-box-text '>Nutzen Sie unser Fachwissen f\u00fcr Prozessvalidierung, Ger\u00e4teauswahl und Materialrouting, um die Zykluszeit zu optimieren<\/p><\/div><\/div><\/div><script type=\"text\/javascript\">\n\t\t(function(jQuery) {jQuery(\"head\").append(\"<style>#ins-image-box6a083cf593b69 .ins-image-box-title-inner {color: #223645;}<\/style>\")\n\t\t\t\t\t})(jQuery);\n\t\t\t\t\t\t<\/script>[\/vc_column_inner][vc_column_inner offset=&#8221;vc_col-lg-4 vc_col-md-4&#8243;]<div id='ins-image-box6a083cf593f5d' class='ins-image-box-wrapper ins-image-box-style-1 text-center   ins-animated fadeInUp' data-animation-delay=200 style='background-color: #ffffff;'><div class='ins-image-box-inner'><div class='ins-image-box-img text-center'><img src='https:\/\/www.global-csg.com\/wp-content\/uploads\/2021\/06\/digital-plant-layout.jpg' alt='image-box'><\/div><div class='ins-image-content-wrapper last-paragraph-no-margin'><div class='ins-image-box-title margin-10px-bottom'><span class='ins-image-box-title-inner letter-spacing-05 title-font font-weight-500 display-block text-large font-weight-700'> Digitales Anlagenlayout<\/span><\/div><p class='ins-image-box-text '>Bauen Sie auf unserem Fachwissen auf, um 3D-Anlagenlayouts zu erstellen, Arbeitszellen zu entwerfen und NextGen-Technologien zu nutzen, um die Anlagenlogistik zu optimieren<\/p><\/div><\/div><\/div><script type=\"text\/javascript\">\n\t\t(function(jQuery) {jQuery(\"head\").append(\"<style>#ins-image-box6a083cf593f5d .ins-image-box-title-inner {color: #223645;}<\/style>\")\n\t\t\t\t\t})(jQuery);\n\t\t\t\t\t\t<\/script>[\/vc_column_inner][vc_column_inner offset=&#8221;vc_col-lg-4 vc_col-md-4&#8243;]<div id='ins-image-box6a083cf594319' class='ins-image-box-wrapper ins-image-box-style-1 text-center   ins-animated fadeInUp' data-animation-delay=400 style='background-color: #ffffff;'><div class='ins-image-box-inner'><div class='ins-image-box-img text-center'><img src='https:\/\/www.global-csg.com\/wp-content\/uploads\/2021\/06\/process-simulation.jpg' alt='image-box'><\/div><div class='ins-image-content-wrapper last-paragraph-no-margin'><div class='ins-image-box-title margin-10px-bottom'><span class='ins-image-box-title-inner letter-spacing-05 title-font font-weight-500 display-block text-large font-weight-700'> Prozesssimulation<\/span><\/div><p class='ins-image-box-text '>Wir f\u00fchren Ergonomiesimulationen f\u00fcr menschliche Faktoren durch und maximieren den Durchsatz mit Hilfe von Robotersimulationen<\/p><\/div><\/div><\/div><script type=\"text\/javascript\">\n\t\t(function(jQuery) {jQuery(\"head\").append(\"<style>#ins-image-box6a083cf594319 .ins-image-box-title-inner {color: #223645;}<\/style>\")\n\t\t\t\t\t})(jQuery);\n\t\t\t\t\t\t<\/script>[\/vc_column_inner][\/vc_row_inner][vc_empty_space height=&#8221;35px&#8221; el_class=&#8221;empty_space&#8221;][vc_row_inner gap=&#8221;15&#8243;][vc_column_inner offset=&#8221;vc_col-lg-4 vc_col-md-4&#8243;]<div id='ins-image-box6a083cf59471c' class='ins-image-box-wrapper ins-image-box-style-1 text-center   ins-animated fadeInUp' data-animation-delay=200 style='background-color: #ffffff;'><div class='ins-image-box-inner'><div class='ins-image-box-img text-center'><img src='https:\/\/www.global-csg.com\/wp-content\/uploads\/2021\/06\/virtual-manufacturing.jpg' alt='image-box'><\/div><div class='ins-image-content-wrapper last-paragraph-no-margin'><div class='ins-image-box-title margin-10px-bottom'><span class='ins-image-box-title-inner letter-spacing-05 title-font font-weight-500 display-block text-large font-weight-700'> Virtuelle Fertigung<\/span><\/div><p class='ins-image-box-text '>Profitieren Sie von unserer virtuellen Inbetriebnahmeerfahrung in digitalen Umgebungen, um Leistung und Kosten zu optimieren<\/p><\/div><\/div><\/div><script type=\"text\/javascript\">\n\t\t(function(jQuery) {jQuery(\"head\").append(\"<style>#ins-image-box6a083cf59471c .ins-image-box-title-inner {color: #223645;}<\/style>\")\n\t\t\t\t\t})(jQuery);\n\t\t\t\t\t\t<\/script>[\/vc_column_inner][vc_column_inner offset=&#8221;vc_col-lg-4 vc_col-md-4&#8243;]<div id='ins-image-box6a083cf594af0' class='ins-image-box-wrapper ins-image-box-style-1 text-center   ins-animated fadeInUp' data-animation-delay=400 style='background-color: #ffffff;'><div class='ins-image-box-inner'><div class='ins-image-box-img text-center'><img src='https:\/\/www.global-csg.com\/wp-content\/uploads\/2021\/06\/smart-plant-eng.jpg' alt='image-box'><\/div><div class='ins-image-content-wrapper last-paragraph-no-margin'><div class='ins-image-box-title margin-10px-bottom'><span class='ins-image-box-title-inner letter-spacing-05 title-font font-weight-500 display-block text-large font-weight-700'> Intelligente Anlagenaktivierung<\/span><\/div><p class='ins-image-box-text '>Machen Sie Ihre Altanlagen intelligenter, indem Sie unser Fachwissen und unsere Erfahrung mit NextGen-Technologien nutzen<\/p><\/div><\/div><\/div><script type=\"text\/javascript\">\n\t\t(function(jQuery) {jQuery(\"head\").append(\"<style>#ins-image-box6a083cf594af0 .ins-image-box-title-inner {color: #223645;}<\/style>\")\n\t\t\t\t\t})(jQuery);\n\t\t\t\t\t\t<\/script>[\/vc_column_inner][vc_column_inner offset=&#8221;vc_col-lg-4 vc_col-md-4&#8243;]<div id='ins-image-box6a083cf594e99' class='ins-image-box-wrapper ins-image-box-style-1 text-center   ins-animated fadeInUp' data-animation-delay=600 style='background-color: #ffffff;'><div class='ins-image-box-inner'><div class='ins-image-box-img text-center'><img src='https:\/\/www.global-csg.com\/wp-content\/uploads\/2021\/06\/methods-developmen.jpg' alt='image-box'><\/div><div class='ins-image-content-wrapper last-paragraph-no-margin'><div class='ins-image-box-title margin-10px-bottom'><span class='ins-image-box-title-inner letter-spacing-05 title-font font-weight-500 display-block text-large font-weight-700'> Methodenentwicklung<\/span><\/div><p class='ins-image-box-text '>Erweitern Sie die M\u00f6glichkeiten mit unseren ma\u00dfgeschneiderten digitalen Methoden, die speziell auf Ihre Fertigungsanforderungen zugeschnitten sind<\/p><\/div><\/div><\/div><script type=\"text\/javascript\">\n\t\t(function(jQuery) {jQuery(\"head\").append(\"<style>#ins-image-box6a083cf594e99 .ins-image-box-title-inner {color: #223645;}<\/style>\")\n\t\t\t\t\t})(jQuery);\n\t\t\t\t\t\t<\/script>[\/vc_column_inner][\/vc_row_inner][\/vc_column][\/vc_row][vc_row full_width=&#8221;stretch_row&#8221; css=&#8221;.vc_custom_1615286030996{margin-top: 30px !important;}&#8221; el_class=&#8221;large-device-padding&#8221;][vc_column][vc_row_inner][vc_column_inner width=&#8221;1\/6&#8243;][\/vc_column_inner][vc_column_inner width=&#8221;2\/3&#8243;]<div id='ins-heading-6a083cf595197' class='section-heading ins-heading text-center heading-below-border ins-border-solid   vc_custom_1614680231021 '  style='margin-top:0; margin-bottom:0'><h3 class='section-heading-title margin-10px-top  default no-letter-spacing'>Fallstudien<\/h3><\/div><script type=\"text\/javascript\">\n\t\t(function(jQuery) {jQuery(\"head\").append(\"<style>#ins-heading-6a083cf595197.heading-below-border:after, #ins-heading-6a083cf595197.heading-inline-border .section-heading-title:before, #ins-heading-6a083cf595197.heading-inline-border .section-heading-title:after, #ins-heading-6a083cf595197.heading-inline-double-border .section-heading-title:before, #ins-heading-6a083cf595197.heading-inline-double-border .section-heading-title:after {border-color: #156272;}<\/style>\")\n\t\t\t\t\t})(jQuery);\n\t\t\t\t\t\t<\/script>[vc_empty_space height=&#8221;10px&#8221;][\/vc_column_inner][vc_column_inner width=&#8221;1\/6&#8243;][\/vc_column_inner][\/vc_row_inner][vc_row_inner][vc_column_inner]<div class=\"inv-portfolio-element-main-wrapper clearfix inv-portfolio-wapper inv-portfolio-hover-1-wrapper \"> <div class=\"inv-portfolio-element-holder\"> <div class=\"portfolio-article-holder portfolio-grid-inner-holder clearfix\"> <div class=\"grid-sizer\"><\/div> <article class=\"col-md-4 col-lg-4 col-sm-6 col-xs-12 inv-portfolio-hover-1 inv-portfolio-item-holder\" > <div class=\"inv-portfolio-hover-1-content\"> <div class=\"inv-portfolio-hover-1-thumb\" style=\"background-image: url('https:\/\/www.global-csg.com\/wp-content\/uploads\/2021\/05\/hero-21-1024x333.jpg');\"> <div class=\"inv-portfolio-background-overlay\" style=\"background-color: #71cbcc\"><\/div> <div class=\"inv-portfolio-hover-1-overlay-wrapper\"> <div class=\"inv-portfolio-hover-1-overlay-inner\"> <div class=\"inv-portfolio-logo\"><img decoding=\"async\" src=\"\" alt=\"case-studies-logo\"><\/div> <div class=\"inv-portfolio-hover-1-entry-header\"> <div class=\"inv-portfolio-hover-1-entry-content\"> <span class=\"inv-portfolio-hover-1-cats display-block\"> <a href=https:\/\/www.global-csg.com\/case_studies_category\/digital-manufacturing-engineering\/ class=\"position-relative\"><span> Digital Manufacturing Engineering <\/span><\/a> <\/span> <span class=\"inv-portfolio-hover-1-title display-block\"><a href=\"https:\/\/www.global-csg.com\/de\/case_studies\/virtuelle-inbetriebnahme-fuer-die-automobilkarosseriemontage\/\" class=\"title-font display-block\">Virtuelle Inbetriebnahme f\u00fcr die Automobilkarosseriemontage<\/a><\/span> <div class=\"infobox-on-hover-icon\"> <a href=\"https:\/\/www.global-csg.com\/de\/case_studies\/virtuelle-inbetriebnahme-fuer-die-automobilkarosseriemontage\/\"><i class=\"iconsmind-Arrow-OutRight\"><\/i><\/a> <\/div> <\/div> <\/div> <\/div> <\/div> <\/div> <\/div>\n<\/article> <article class=\"col-md-4 col-lg-4 col-sm-6 col-xs-12 inv-portfolio-hover-1 inv-portfolio-item-holder\" > <div class=\"inv-portfolio-hover-1-content\"> <div class=\"inv-portfolio-hover-1-thumb\" style=\"background-image: url('https:\/\/www.global-csg.com\/wp-content\/uploads\/2021\/05\/hero-22-1024x333.jpg');\"> <div class=\"inv-portfolio-background-overlay\" style=\"background-color: #71cbcc\"><\/div> <div class=\"inv-portfolio-hover-1-overlay-wrapper\"> <div class=\"inv-portfolio-hover-1-overlay-inner\"> <div class=\"inv-portfolio-logo\"><img decoding=\"async\" src=\"\" alt=\"case-studies-logo\"><\/div> <div class=\"inv-portfolio-hover-1-entry-header\"> <div class=\"inv-portfolio-hover-1-entry-content\"> <span class=\"inv-portfolio-hover-1-cats display-block\"> <a href=https:\/\/www.global-csg.com\/case_studies_category\/digital-manufacturing-engineering\/ class=\"position-relative\"><span> Digital Manufacturing Engineering <\/span><\/a> <\/span> <span class=\"inv-portfolio-hover-1-title display-block\"><a href=\"https:\/\/www.global-csg.com\/de\/case_studies\/digital-engineering-fuer-das-mig-schweissen-im-automobilbereich\/\" class=\"title-font display-block\">Digital Engineering f\u00fcr das MIG-Schwei\u00dfen im Automobilbereich<\/a><\/span> <div class=\"infobox-on-hover-icon\"> <a href=\"https:\/\/www.global-csg.com\/de\/case_studies\/digital-engineering-fuer-das-mig-schweissen-im-automobilbereich\/\"><i class=\"iconsmind-Arrow-OutRight\"><\/i><\/a> <\/div> <\/div> <\/div> <\/div> <\/div> <\/div> <\/div>\n<\/article> <article class=\"col-md-4 col-lg-4 col-sm-6 col-xs-12 inv-portfolio-hover-1 inv-portfolio-item-holder\" > <div class=\"inv-portfolio-hover-1-content\"> <div class=\"inv-portfolio-hover-1-thumb\" style=\"background-image: url('https:\/\/www.global-csg.com\/wp-content\/uploads\/2021\/05\/hero-23-1024x333.jpg');\"> <div class=\"inv-portfolio-background-overlay\" style=\"background-color: #71cbcc\"><\/div> <div class=\"inv-portfolio-hover-1-overlay-wrapper\"> <div class=\"inv-portfolio-hover-1-overlay-inner\"> <div class=\"inv-portfolio-logo\"><img decoding=\"async\" src=\"\" alt=\"case-studies-logo\"><\/div> <div class=\"inv-portfolio-hover-1-entry-header\"> <div class=\"inv-portfolio-hover-1-entry-content\"> <span class=\"inv-portfolio-hover-1-cats display-block\"> <a href=https:\/\/www.global-csg.com\/case_studies_category\/digital-manufacturing-engineering\/ class=\"position-relative\"><span> Digital Manufacturing Engineering <\/span><\/a> <\/span> <span class=\"inv-portfolio-hover-1-title display-block\"><a href=\"https:\/\/www.global-csg.com\/de\/case_studies\/digitale-roboter-montageautomatisierung-fuer-automobilkarosserien\/\" class=\"title-font display-block\">Digitale Roboter-Montageautomatisierung f\u00fcr Automobilkarosserien<\/a><\/span> <div class=\"infobox-on-hover-icon\"> <a href=\"https:\/\/www.global-csg.com\/de\/case_studies\/digitale-roboter-montageautomatisierung-fuer-automobilkarosserien\/\"><i class=\"iconsmind-Arrow-OutRight\"><\/i><\/a> <\/div> <\/div> <\/div> <\/div> <\/div> <\/div> <\/div>\n<\/article> <\/div> <\/div>\n<\/div>[\/vc_column_inner][\/vc_row_inner][vc_empty_space height=&#8221;54px&#8221;][\/vc_column][\/vc_row][vc_row full_width=&#8221;stretch_row&#8221; disable_element=&#8221;yes&#8221; bg_overlay=&#8221;dark20&#8243; css=&#8221;.vc_custom_1614078033546{background-image: url(https:\/\/www.insigniawpthemes.co.in\/innvoke\/wp-content\/uploads\/2019\/04\/office-image.jpg?id=1189) !important;background-position: center !important;background-repeat: no-repeat !important;background-size: cover !important;}&#8221;][vc_column css=&#8221;.vc_custom_1555563941039{padding-top: 120px !important;padding-bottom: 120px !important;}&#8221;][vc_row_inner][vc_column_inner width=&#8221;1\/4&#8243;][\/vc_column_inner][vc_column_inner width=&#8221;1\/2&#8243; css=&#8221;.vc_custom_1555563932115{padding-top: 50px !important;padding-right: 40px !important;padding-bottom: 20px !important;padding-left: 40px !important;background-color: #ffffff !important;}&#8221;][vc_custom_heading text=&#8221;Kontaktieren Sie uns!&#8221; font_container=&#8221;tag:h3|text_align:center&#8221; use_theme_fonts=&#8221;yes&#8221; css_animation=&#8221;fadeIn&#8221; css=&#8221;.vc_custom_1710024189889{margin-bottom: 20px !important;}&#8221;][vc_custom_heading text=&#8221;Jemanden an seiner Seite zu haben, der ein tiefes und umfassendes Verst\u00e4ndnis von Technologie hat, kann den Unterschied zwischen dem Wachstum Ihres Unternehmens und dem blo\u00dfen \u00dcberleben ausmachen.&#8221; font_container=&#8221;tag:p|font_size:16px|text_align:center|line_height:28px&#8221; use_theme_fonts=&#8221;yes&#8221; css_animation=&#8221;fadeIn&#8221; css=&#8221;.vc_custom_1710024200826{margin-bottom: 30px !important;}&#8221;]<div id='ins-button-6a083cf59a83e' class='ins-button-wrapper text-center 30px 40px  ins-animated fadeInUp' data-animation-delay=200><a class='ins-button title-font letter-spacing-1 text-white pc-border pc-bg btn-radius-default font-weight-600 btn-medium text-uppercase ' href='#'  target='_self'><span>Discover More<\/span><\/a><\/div><script type=\"text\/javascript\">\n\t\t(function(jQuery) {jQuery(\"head\").append(\"<style>#ins-button-6a083cf59a83e .ins-button:hover {background-color: #223645;}#ins-button-6a083cf59a83e .ins-button:hover {border-color: #223645;}#ins-button-6a083cf59a83e.ins-button-wrapper {margin-top: 30px;}#ins-button-6a083cf59a83e.ins-button-wrapper {margin-bottom: 40px;}<\/style>\")\n\t\t\t\t\t})(jQuery);\n\t\t\t\t\t\t<\/script>[\/vc_column_inner][vc_column_inner width=&#8221;1\/4&#8243;][\/vc_column_inner][\/vc_row_inner][\/vc_column][\/vc_row][vc_row full_width=&#8221;stretch_row&#8221; bg_overlay=&#8221;dark40&#8243; css=&#8221;.vc_custom_1629516808687{background-color: #129eba !important;}&#8221; el_class=&#8221;large-device-padding&#8221;][vc_column][vc_empty_space height=&#8221;40px&#8221;][vc_custom_heading text=&#8221;Lassen Sie uns zusammenarbeiten!&#8221; font_container=&#8221;tag:h2|text_align:center|color:%23ffffff&#8221; use_theme_fonts=&#8221;yes&#8221; css_animation=&#8221;fadeIn&#8221; css=&#8221;.vc_custom_1710024296290{margin-bottom: 25px !important;}&#8221;][vc_row_inner][vc_column_inner width=&#8221;1\/6&#8243;][\/vc_column_inner][vc_column_inner width=&#8221;2\/3&#8243;][vc_custom_heading text=&#8221;Nutzen Sie unsere bew\u00e4hrte Erfolgsbilanz, um die Zukunft zu gestalten.&#8221; font_container=&#8221;tag:p|font_size:17px|text_align:center|color:%23ffffff|line_height:28px&#8221; use_theme_fonts=&#8221;yes&#8221; css_animation=&#8221;fadeIn&#8221; css=&#8221;.vc_custom_1710024305644{margin-bottom: 10px !important;padding-right: 12% !important;padding-left: 12% !important;}&#8221;][\/vc_column_inner][vc_column_inner width=&#8221;1\/6&#8243;][\/vc_column_inner][\/vc_row_inner][vc_raw_html]JTNDZGl2JTIwaWQlM0QlMjJpbnMtYnV0dG9uLTYwNjU4NzYxZTEyZGUlMjIlMjBjbGFzcyUzRCUyMmlucy1idXR0b24td3JhcHBlciUyMHRleHQtY2VudGVyJTIwMzBweCUyMGlucy1hbmltYXRlZCUyMGZhZGVJblVwJTIwaW5zLWFuaW1hdGUlMjIlMjBkYXRhLWFuaW1hdGlvbi1kZWxheSUzRCUyMjIwMCUyMiUzRSUzQ2ElMjBjbGFzcyUzRCUyMmlucy1idXR0b24lMjB0aXRsZS1mb250JTIwbGV0dGVyLXNwYWNpbmctMSUyMHRleHQtd2hpdGUlMjBwYy1ib3JkZXIlMjBwYy1iZyUyMGJ0bi1zcXVhcmUlMjBmb250LXdlaWdodC02MDAlMjBidG4tbWVkaXVtJTIwdGV4dC11cHBlcmNhc2UlMjAlMjIlMjBkYXRhLXRvZ2dsZSUzRCUyMm1vZGFsJTIyJTIwZGF0YS10YXJnZXQlM0QlMjIlMjNwb3B1cC1tb2RhbCUyMiUzRVNjaHJlaWJlbiUyMFNpZSUyMHVucyUzQyUyRmElM0UlM0MlMkZkaXYlM0U=[\/vc_raw_html][vc_empty_space height=&#8221;60px&#8221;][\/vc_column][\/vc_row]<\/p>\n","protected":false},"excerpt":{"rendered":"<p>[vc_row full_width=&#8221;stretch_row&#8221; bg_overlay=&#8221;dark20&#8243; css=&#8221;.vc_custom_1622628726813{margin-top: 80px !important;padding-top: 120px !important;padding-bottom: 160px !important;background-image: url(https:\/\/www.global-csg.com\/wp-content\/uploads\/2021\/06\/csg-digital-manufacturing-engineering-banner.jpg?id=3724) !important;background-position: center !important;background-repeat: no-repeat !important;background-size: cover !important;}&#8221; el_class=&#8221;large-device-padding inner-page-banner&#8221;][vc_column][vc_custom_heading [&hellip;]<\/p>\n","protected":false},"author":1,"featured_media":0,"parent":0,"menu_order":0,"comment_status":"closed","ping_status":"closed","template":"","meta":{"footnotes":""},"class_list":["post-13623","page","type-page","status-publish","hentry"],"_links":{"self":[{"href":"https:\/\/www.global-csg.com\/de\/wp-json\/wp\/v2\/pages\/13623","targetHints":{"allow":["GET"]}}],"collection":[{"href":"https:\/\/www.global-csg.com\/de\/wp-json\/wp\/v2\/pages"}],"about":[{"href":"https:\/\/www.global-csg.com\/de\/wp-json\/wp\/v2\/types\/page"}],"author":[{"embeddable":true,"href":"https:\/\/www.global-csg.com\/de\/wp-json\/wp\/v2\/users\/1"}],"replies":[{"embeddable":true,"href":"https:\/\/www.global-csg.com\/de\/wp-json\/wp\/v2\/comments?post=13623"}],"version-history":[{"count":0,"href":"https:\/\/www.global-csg.com\/de\/wp-json\/wp\/v2\/pages\/13623\/revisions"}],"wp:attachment":[{"href":"https:\/\/www.global-csg.com\/de\/wp-json\/wp\/v2\/media?parent=13623"}],"curies":[{"name":"wp","href":"https:\/\/api.w.org\/{rel}","templated":true}]}}