{"id":13420,"date":"2021-02-18T16:59:19","date_gmt":"2021-02-18T11:29:19","guid":{"rendered":"https:\/\/www.global-csg.com\/datenschutzbestimmungen\/"},"modified":"2024-03-19T15:24:53","modified_gmt":"2024-03-19T09:54:53","slug":"datenschutz-richtlinie","status":"publish","type":"page","link":"https:\/\/www.global-csg.com\/de\/datenschutz-richtlinie\/","title":{"rendered":"Datenschutz-Richtlinie"},"content":{"rendered":"<p>[vc_row full_width=&#8221;stretch_row&#8221; disable_element=&#8221;yes&#8221; css=&#8221;.vc_custom_1613646856791{padding-top: 120px !important;padding-bottom: 150px !important;background-image: url(http:\/\/www.bizinventive.club\/creative\/wp-content\/uploads\/2019\/04\/emerson-page-title-2.jpg?id=1560) !important;background-position: center !important;background-repeat: no-repeat !important;background-size: cover !important;}&#8221;][vc_column]<div id='ins-heading-69f0fede72f9a' class='section-heading ins-heading text-center default    '  style='margin-top:0; margin-bottom:0'><h1 class='section-heading-title margin-10px-top  default no-letter-spacing'>Bedingungen und Konditionen<\/h1><\/div><script type=\"text\/javascript\">\n\t\t(function(jQuery) {jQuery(\"head\").append(\"<style>#ins-heading-69f0fede72f9a h1 {color: #ffffff;}<\/style>\")\n\t\t\t\t\t})(jQuery);\n\t\t\t\t\t\t<\/script>[\/vc_column][\/vc_row][vc_row css=&#8221;.vc_custom_1615288730432{padding-bottom: 40px !important;}&#8221; el_class=&#8221;large-device-padding&#8221;][vc_column][vc_column_text]<em>Zuletzt aktualisiert am 1<span style=\"font-size: small;\">. <\/span>Juni 2021 <\/em><\/p>\n<h3>Einf\u00fchrung<\/h3>\n<p>Wir verpflichten uns, die Privatsph\u00e4re unserer Website-Besucher zu sch\u00fctzen, daher erl\u00e4utern wir in dieser Richtlinie, wie wir mit Ihren pers\u00f6nlichen Daten umgehen werden.<\/p>\n<p>Indem Sie unsere Website nutzen und dieser Richtlinie zustimmen, erkl\u00e4ren Sie sich damit einverstanden, dass wir Cookies in \u00dcbereinstimmung mit den Bedingungen dieser Richtlinie verwenden.<\/p>\n<h3>Sammeln von pers\u00f6nlichen Informationen<\/h3>\n<p>Wir k\u00f6nnen die folgenden Arten von personenbezogenen Daten erfassen, speichern und verwenden:<\/p>\n<ul>\n<li>Informationen \u00fcber Ihren Computer und \u00fcber Ihre Besuche und Nutzung dieser Website, einschlie\u00dflich Ihrer IP-Adresse, Ihres geografischen Standorts, des Browsertyps und der Browserversion, des Betriebssystems, der Verweisquelle, der Dauer des Besuchs, der Seitenaufrufe und der Navigationspfade der Website<\/li>\n<li>Informationen, die Sie uns bei der Registrierung auf unserer Website zur Verf\u00fcgung stellen, einschlie\u00dflich Ihrer E-Mail Adresse<\/li>\n<li>Informationen, die Sie uns zur Verf\u00fcgung stellen, um sich f\u00fcr unsere E-Mail-Benachrichtigungen und\/oder Newsletter anzumelden, einschlie\u00dflich Ihres Namens und Ihrer E-Mail-Adresse<\/li>\n<li>Informationen, die Sie uns bei der Nutzung der Dienste auf unserer Website zur Verf\u00fcgung stellen oder die im Zuge der Nutzung dieser Dienste generiert werden, einschlie\u00dflich des Zeitpunkts, der H\u00e4ufigkeit und des Musters der Nutzung dieser Dienste<\/li>\n<li>Informationen, die in Mitteilungen enthalten sind oder sich auf Mitteilungen beziehen, die Sie an uns oder \u00fcber Anfrageformulare oder anderweitig auf unserer Website senden, einschlie\u00dflich des Inhalts der Mitteilung und der mit der Mitteilung verbundenen Metadaten<\/li>\n<li>Bevor Sie die personenbezogenen Daten einer anderen Person an uns weitergeben, m\u00fcssen Sie die Zustimmung dieser Person sowohl f\u00fcr die Weitergabe als auch f\u00fcr die Verarbeitung dieser personenbezogenen Daten in \u00dcbereinstimmung mit dieser Richtlinie einholen<\/li>\n<\/ul>\n<h3>Verwendung Ihrer pers\u00f6nlichen Informationen<\/h3>\n<p>Personenbezogene Daten, die uns \u00fcber unsere Website \u00fcbermittelt werden, werden f\u00fcr die in dieser Richtlinie oder auf den entsprechenden Seiten der Website angegebenen Zwecke verwendet. Wir k\u00f6nnen Ihre pers\u00f6nlichen Daten f\u00fcr die folgenden Zwecke verwenden:<\/p>\n<ul>\n<li>Verwaltung unserer Website und unseres Gesch\u00e4fts<\/li>\n<li>Personalisieren unserer Website f\u00fcr Sie<\/li>\n<li>Die Nutzung von den auf unserer Website verf\u00fcgbaren Dienste zu erm\u00f6glichen<\/li>\n<li>Ihnen E-Mail-Benachrichtigungen zu senden, die Sie ausdr\u00fccklich angefordert haben<\/li>\n<li>Ihnen unseren E-Mail-Newsletter zu senden, wenn Sie ihn angefordert haben<\/li>\n<li>Bearbeitung von Anfragen und Beschwerden, die von Ihnen oder \u00fcber Sie im Zusammenhang mit unserer Website gestellt werden<\/li>\n<li>Unsere Website sicher halten und Betrug verhindern<\/li>\n<\/ul>\n<p>Wenn Sie uns personenbezogene Daten zur Ver\u00f6ffentlichung auf unserer Website \u00fcbermitteln, werden wir diese Daten gem\u00e4\u00df der von Ihnen erteilten Lizenz ver\u00f6ffentlichen und anderweitig nutzen.<\/p>\n<h3>Weitergabe von pers\u00f6nlichen Informationen<\/h3>\n<p>Wir sind berechtigt, Ihre personenbezogenen Daten an unsere Mitarbeiter, F\u00fchrungskr\u00e4fte, Berater und Vertreter weiterzugeben, soweit dies f\u00fcr die in dieser Richtlinie dargelegten Zwecke erforderlich ist. Wir sind berechtigt, Ihre pers\u00f6nlichen Daten an jedes Mitglied unserer Unternehmensgruppe, einschlie\u00dflich verbundener Unternehmen und Tochtergesellschaften, weiterzugeben, soweit dies f\u00fcr die in dieser Richtlinie dargelegten Zwecke erforderlich ist. Wir k\u00f6nnen Ihre pers\u00f6nlichen Daten weitergeben:<\/p>\n<ul>\n<li>Soweit wir dazu gesetzlich verpflichtet sind<\/li>\n<li>Um unsere gesetzlichen Rechte zu begr\u00fcnden, auszu\u00fcben oder zu verteidigen, einschlie\u00dflich der Weitergabe von Informationen an andere zum Zwecke der Betrugsbek\u00e4mpfung und der Verringerung des Kreditrisikos<\/li>\n<li>An den K\u00e4ufer oder potenziellen K\u00e4ufer eines Gesch\u00e4fts oder Verm\u00f6genswerts, den wir verkaufen oder zu verkaufen beabsichtigen<\/li>\n<li>An jede Person, von der wir vern\u00fcnftigerweise annehmen, dass sie bei einem Gericht oder einer anderen zust\u00e4ndigen Beh\u00f6rde die Offenlegung dieser personenbezogenen Daten beantragen k\u00f6nnte, wenn ein solches Gericht oder eine solche Beh\u00f6rde unserer Meinung nach vern\u00fcnftigerweise die Offenlegung dieser personenbezogenen Daten anordnen w\u00fcrde<\/li>\n<\/ul>\n<p>Au\u00dfer in den in dieser Richtlinie genannten F\u00e4llen werden wir Ihre pers\u00f6nlichen Daten nicht an Dritte weitergeben.<\/p>\n<h3>Internationale Daten\u00fcbertragungen<\/h3>\n<p>Die von uns gesammelten Daten k\u00f6nnen in allen L\u00e4ndern, in denen wir t\u00e4tig sind, gespeichert und verarbeitet werden sowie zwischen diesen L\u00e4ndern \u00fcbertragen werden, damit wir die Daten in \u00dcbereinstimmung mit dieser Richtlinie verwenden k\u00f6nnen. Personenbezogene Daten, die Sie auf unserer Website ver\u00f6ffentlichen oder zur Ver\u00f6ffentlichung auf unserer Website einreichen, k\u00f6nnen \u00fcber das Internet weltweit verf\u00fcgbar sein. Wir k\u00f6nnen die Verwendung oder den Missbrauch solcher Informationen durch andere nicht verhindern. Sie erkl\u00e4ren sich ausdr\u00fccklich mit der in diesem Abschnitt beschriebenen Weitergabe personenbezogener Daten einverstanden.<\/p>\n<h3>Ausbewahrung pers\u00f6nlicher Informationen<\/h3>\n<p>In diesem Abschnitt werden unsere Richtlinien und Verfahren zur Datenaufbewahrung dargelegt, die dazu beitragen sollen, dass wir unseren gesetzlichen Verpflichtungen in Bezug auf die Aufbewahrung und L\u00f6schung personenbezogener Daten nachkommen. Personenbezogene Daten, die wir f\u00fcr einen oder mehrere Zwecke verarbeiten, d\u00fcrfen nicht l\u00e4nger aufbewahrt werden, als es f\u00fcr diesen Zweck oder diese Zwecke erforderlich ist. Ungeachtet der anderen Bestimmungen dieses Abschnitts werden wir Dokumente, einschlie\u00dflich elektronischer Dokumente, die personenbezogene Daten enthalten, aufbewahren:<\/p>\n<ul>\n<li>Soweit wir dazu gesetzlich verpflichtet sind<\/li>\n<li>Wenn wir der Meinung sind, dass die Dokumente f\u00fcr ein laufendes oder k\u00fcnftiges Gerichtsverfahren relevant sein k\u00f6nnten und<\/li>\n<li>Um unsere gesetzlichen Rechte zu begr\u00fcnden, auszu\u00fcben oder zu verteidigen, einschlie\u00dflich der Weitergabe von Informationen an andere zum Zwecke der Betrugsbek\u00e4mpfung und der Verringerung des Kreditrisikos<\/li>\n<\/ul>\n<h3>Sicherheit Ihrer pers\u00f6nlichen Daten<\/h3>\n<p>Wir werden angemessene technische und organisatorische Vorkehrungen treffen, um den Verlust, den Missbrauch oder die Ver\u00e4nderung Ihrer pers\u00f6nlichen Daten zu verhindern. Wir speichern alle pers\u00f6nlichen Daten, die Sie uns zur Verf\u00fcgung stellen, auf unseren sicheren, durch Passwort und Firewall gesch\u00fctzten Servern. Sie erkennen an, dass die \u00dcbertragung von Informationen \u00fcber das Internet von Natur aus unsicher ist, und wir k\u00f6nnen die Sicherheit der \u00fcber das Internet gesendeten Daten nicht garantieren.<\/p>\n<h3>Websites von Dritten<\/h3>\n<p>Unsere Website enth\u00e4lt Hyperlinks zu und Angaben \u00fcber Websites von Dritten. Wir haben keine Kontrolle \u00fcber die Datenschutzrichtlinien und -praktiken Dritter und sind f\u00fcr diese nicht verantwortlich.<\/p>\n<h3>Cookies<\/h3>\n<p>Unsere Website verwendet Cookies. Ein Cookie ist eine Datei, die als Kennung eine Zeichenfolge aus Buchstaben und Zahlen enth\u00e4lt, welche von einem Webserver an einen Webbrowser gesendet und von diesem gespeichert wird. Die Kennung wird jedes Mal an den Server zur\u00fcckgeschickt, wenn der Browser eine Seite vom Server anfordert.<\/p>\n<p>Diese Datenschutzrichtlinie kann in regelm\u00e4\u00dfigen Abst\u00e4nden und ohne vorherige Ank\u00fcndigung ge\u00e4ndert und aktualisiert werden, um \u00c4nderungen in unseren Online-Informationspraktiken zu ber\u00fccksichtigen. Wenn \u00c4nderungen an dieser Richtlinie vorgenommen werden, werden diese auf der Website ver\u00f6ffentlicht und das Datum der letzten Aktualisierung am Anfang dieser Richtlinie wird ge\u00e4ndert. Wir ermutigen die Benutzer, diese Richtlinie regelm\u00e4\u00dfig zu \u00fcberpr\u00fcfen, um zu verstehen, wie wir Ihre Daten sch\u00fctzen und verwenden.[\/vc_column_text][\/vc_column][\/vc_row]<\/p>\n","protected":false},"excerpt":{"rendered":"<p>[vc_row full_width=&#8221;stretch_row&#8221; disable_element=&#8221;yes&#8221; css=&#8221;.vc_custom_1613646856791{padding-top: 120px !important;padding-bottom: 150px !important;background-image: url(http:\/\/www.bizinventive.club\/creative\/wp-content\/uploads\/2019\/04\/emerson-page-title-2.jpg?id=1560) !important;background-position: center !important;background-repeat: no-repeat !important;background-size: cover !important;}&#8221;][vc_column][\/vc_column][\/vc_row][vc_row css=&#8221;.vc_custom_1615288730432{padding-bottom: 40px !important;}&#8221; el_class=&#8221;large-device-padding&#8221;][vc_column][vc_column_text]Zuletzt [&hellip;]<\/p>\n","protected":false},"author":1,"featured_media":0,"parent":0,"menu_order":0,"comment_status":"closed","ping_status":"closed","template":"","meta":{"footnotes":""},"class_list":["post-13420","page","type-page","status-publish","hentry"],"_links":{"self":[{"href":"https:\/\/www.global-csg.com\/de\/wp-json\/wp\/v2\/pages\/13420","targetHints":{"allow":["GET"]}}],"collection":[{"href":"https:\/\/www.global-csg.com\/de\/wp-json\/wp\/v2\/pages"}],"about":[{"href":"https:\/\/www.global-csg.com\/de\/wp-json\/wp\/v2\/types\/page"}],"author":[{"embeddable":true,"href":"https:\/\/www.global-csg.com\/de\/wp-json\/wp\/v2\/users\/1"}],"replies":[{"embeddable":true,"href":"https:\/\/www.global-csg.com\/de\/wp-json\/wp\/v2\/comments?post=13420"}],"version-history":[{"count":0,"href":"https:\/\/www.global-csg.com\/de\/wp-json\/wp\/v2\/pages\/13420\/revisions"}],"wp:attachment":[{"href":"https:\/\/www.global-csg.com\/de\/wp-json\/wp\/v2\/media?parent=13420"}],"curies":[{"name":"wp","href":"https:\/\/api.w.org\/{rel}","templated":true}]}}