{"id":13390,"date":"2021-04-01T14:00:26","date_gmt":"2021-04-01T08:30:26","guid":{"rendered":"https:\/\/www.global-csg.com\/digitale-produktentwicklung\/"},"modified":"2024-03-27T11:33:06","modified_gmt":"2024-03-27T06:03:06","slug":"digitale-produktentwicklung","status":"publish","type":"page","link":"https:\/\/www.global-csg.com\/de\/digitale-produktentwicklung\/","title":{"rendered":"Digitale Produktentwicklung"},"content":{"rendered":"<p>[vc_row full_width=&#8221;stretch_row&#8221; css=&#8221;.vc_custom_1622627160483{margin-top: 80px !important;padding-top: 120px !important;padding-bottom: 160px !important;background-image: url(https:\/\/www.global-csg.com\/wp-content\/uploads\/2021\/06\/csg-digital-product-engineering-banner.jpg?id=3684) !important;background-position: center !important;background-repeat: no-repeat !important;background-size: cover !important;}&#8221; el_class=&#8221;large-device-padding inner-page-banner&#8221;][vc_column][vc_custom_heading text=&#8221;Digitale Produktentwicklung&#8221; font_container=&#8221;tag:h1|text_align:center|color:%23ffffff&#8221; use_theme_fonts=&#8221;yes&#8221; css=&#8221;.vc_custom_1614076463917{margin-bottom: 15px !important;}&#8221;][vc_custom_heading text=&#8221;Treiben Sie die Entwicklung neuer Produkte mit digitaler Innovation,<br \/>\nFachwissen und NextGen-Technologien voran&#8221; font_container=&#8221;tag:h4|text_align:center|color:%23ffffff&#8221; use_theme_fonts=&#8221;yes&#8221;][\/vc_column][\/vc_row][vc_row gap=&#8221;20&#8243; equal_height=&#8221;yes&#8221; content_placement=&#8221;middle&#8221; css=&#8221;.vc_custom_1621340233053{margin-top: 36px !important;margin-bottom: 35px !important;}&#8221; el_class=&#8221;large-device-padding services-intro-section&#8221;][vc_column offset=&#8221;vc_col-lg-6 vc_col-md-6&#8243;][vc_single_image image=&#8221;3685&#8243; img_size=&#8221;full&#8221;][\/vc_column][vc_column offset=&#8221;vc_col-lg-6 vc_col-md-6&#8243; el_class=&#8221;services-intro-text&#8221;][vc_custom_heading text=&#8221;\u00dcbersicht&#8221; font_container=&#8221;tag:h6|text_align:left|color:%2336ab9c&#8221; use_theme_fonts=&#8221;yes&#8221; css_animation=&#8221;fadeIn&#8221; el_class=&#8221;text-uppercase letter-spacing-2 font-weight-600&#8243;][vc_custom_heading text=&#8221;Wir unterst\u00fctzen Sie dabei, Ihre Vision f\u00fcr zuk\u00fcnftige Produkte neu zu entwerfen&#8221; font_container=&#8221;tag:h3|text_align:left&#8221; use_theme_fonts=&#8221;yes&#8221; css_animation=&#8221;fadeIn&#8221; css=&#8221;.vc_custom_1710023048259{margin-bottom: 20px !important;}&#8221;][vc_custom_heading text=&#8221;Die Zukunft der Produktentwicklung wird branchen\u00fcbergreifend durch Autonomie, Elektrifizierung, Konnektivit\u00e4t, IoT, Datenanalyse und KI bestimmt. Wir nutzen unser Fachwissen in der Konvergenz von digitaler Technik, eingebetteten Systemen und Softwaretechnologien, um unsere Kunden in die Lage zu versetzen, zukunftsf\u00e4hig zu sein und ihre Vision von Produkten der n\u00e4chsten Generation zu verwirklichen. Wir helfen unseren Kunden dabei, ihre strategischen und operativen Ziele vom Konzept bis zur Produktion auf die effizienteste, kooperativste und kosteng\u00fcnstigste Weise zu erreichen.&#8221; font_container=&#8221;tag:p|font_size:17px|text_align:left|line_height:29px&#8221; use_theme_fonts=&#8221;yes&#8221; css_animation=&#8221;fadeIn&#8221; css=&#8221;.vc_custom_1617265595006{margin-bottom: 30px !important;}&#8221;][\/vc_column][\/vc_row][vc_row full_width=&#8221;stretch_row&#8221; disable_element=&#8221;yes&#8221; bg_overlay=&#8221;dark70&#8243; css=&#8221;.vc_custom_1614076785645{background-image: url(https:\/\/www.insigniawpthemes.co.in\/innvoke\/wp-content\/uploads\/2019\/04\/service-banner.jpg?id=1155) !important;background-position: center !important;background-repeat: no-repeat !important;background-size: cover !important;}&#8221;][vc_column css=&#8221;.vc_custom_1555507892447{padding-top: 100px !important;padding-right: 70px !important;padding-bottom: 90px !important;padding-left: 70px !important;}&#8221;][vc_row_inner][vc_column_inner width=&#8221;1\/6&#8243;][\/vc_column_inner][vc_column_inner width=&#8221;2\/3&#8243;][vc_custom_heading text=&#8221;Die effektive Verwaltung aller IT-Vorg\u00e4nge stellt den reibungslosen Betrieb einer Organisation sicher.&#8221; font_container=&#8221;tag:h2|text_align:center|color:%23ffffff&#8221; use_theme_fonts=&#8221;yes&#8221; css_animation=&#8221;fadeIn&#8221; el_class=&#8221;font-weight-400&#8243;][\/vc_column_inner][vc_column_inner width=&#8221;1\/6&#8243;][\/vc_column_inner][\/vc_row_inner][\/vc_column][\/vc_row][vc_row full_width=&#8221;stretch_row&#8221; css=&#8221;.vc_custom_1623348367043{background-color: #e7eff1 !important;background-position: center !important;background-repeat: no-repeat !important;background-size: cover !important;}&#8221; el_class=&#8221;large-device-padding inner-services&#8221; el_id=&#8221;Dienstleistungen&#8221;][vc_column css=&#8221;.vc_custom_1614077906463{margin-bottom: 78px !important;}&#8221;][vc_empty_space height=&#8221;30px&#8221;][vc_row_inner][vc_column_inner width=&#8221;1\/12&#8243;][\/vc_column_inner][vc_column_inner width=&#8221;5\/6&#8243;]<div id='ins-heading-69e094ecb1f4c' class='section-heading ins-heading text-center heading-below-border ins-border-solid   vc_custom_1710023877352 '  style='margin-top:0; margin-bottom:0'><h3 class='section-heading-title margin-10px-top  default no-letter-spacing'>Unsere Dienstleistungen im Bereich der digitalen Produktentwicklung<\/h3><\/div><script type=\"text\/javascript\">\n\t\t(function(jQuery) {jQuery(\"head\").append(\"<style>#ins-heading-69e094ecb1f4c.heading-below-border:after, #ins-heading-69e094ecb1f4c.heading-inline-border .section-heading-title:before, #ins-heading-69e094ecb1f4c.heading-inline-border .section-heading-title:after, #ins-heading-69e094ecb1f4c.heading-inline-double-border .section-heading-title:before, #ins-heading-69e094ecb1f4c.heading-inline-double-border .section-heading-title:after {border-color: #156272;}<\/style>\")\n\t\t\t\t\t})(jQuery);\n\t\t\t\t\t\t<\/script>[vc_empty_space height=&#8221;10px&#8221;][\/vc_column_inner][vc_column_inner width=&#8221;1\/12&#8243;][\/vc_column_inner][\/vc_row_inner][vc_row_inner gap=&#8221;15&#8243;][vc_column_inner offset=&#8221;vc_col-lg-4 vc_col-md-4&#8243;]<div id='ins-image-box69e094ecb204e' class='ins-image-box-wrapper ins-image-box-style-1 text-center   ins-animated fadeInUp'  style='background-color: #ffffff;'><div class='ins-image-box-inner'><div class='ins-image-box-img text-center'><img src='https:\/\/www.global-csg.com\/wp-content\/uploads\/2021\/06\/new-product-development.jpg' alt='image-box'><\/div><div class='ins-image-content-wrapper last-paragraph-no-margin'><div class='ins-image-box-title margin-10px-bottom'><span class='ins-image-box-title-inner letter-spacing-05 title-font font-weight-500 display-block text-large font-weight-700'> Neue Produktentwicklung<\/span><\/div><p class='ins-image-box-text '>Unsere bew\u00e4hrte Fachkompetenz in allen Branchen und Gr\u00f6\u00dfenordnungen hilft Ihnen, Ihre zuk\u00fcnftigen Produkte in k\u00fcrzester Zeit zu realisieren<\/p><\/div><\/div><\/div><script type=\"text\/javascript\">\n\t\t(function(jQuery) {jQuery(\"head\").append(\"<style>#ins-image-box69e094ecb204e .ins-image-box-title-inner {color: #223645;}<\/style>\")\n\t\t\t\t\t})(jQuery);\n\t\t\t\t\t\t<\/script>[\/vc_column_inner][vc_column_inner offset=&#8221;vc_col-lg-4 vc_col-md-4&#8243;]<div id='ins-image-box69e094ecb2582' class='ins-image-box-wrapper ins-image-box-style-1 text-center   ins-animated fadeInUp' data-animation-delay=200 style='background-color: #ffffff;'><div class='ins-image-box-inner'><div class='ins-image-box-img text-center'><img src='https:\/\/www.global-csg.com\/wp-content\/uploads\/2021\/06\/smart-enablement.jpg' alt='image-box'><\/div><div class='ins-image-content-wrapper last-paragraph-no-margin'><div class='ins-image-box-title margin-10px-bottom'><span class='ins-image-box-title-inner letter-spacing-05 title-font font-weight-500 display-block text-large font-weight-700'> Intelligente Aktivierung<\/span><\/div><p class='ins-image-box-text '>Wir nutzen unsere digitalen Experten, um Ihre konventionellen Produkte mithilfe von NextGen-Technologien intelligent zu gestalten<\/p><\/div><\/div><\/div><script type=\"text\/javascript\">\n\t\t(function(jQuery) {jQuery(\"head\").append(\"<style>#ins-image-box69e094ecb2582 .ins-image-box-title-inner {color: #223645;}<\/style>\")\n\t\t\t\t\t})(jQuery);\n\t\t\t\t\t\t<\/script>[\/vc_column_inner][vc_column_inner offset=&#8221;vc_col-lg-4 vc_col-md-4&#8243;]<div id='ins-image-box69e094ecb2a62' class='ins-image-box-wrapper ins-image-box-style-1 text-center   ins-animated fadeInUp' data-animation-delay=400 style='background-color: #ffffff;'><div class='ins-image-box-inner'><div class='ins-image-box-img text-center'><img src='https:\/\/www.global-csg.com\/wp-content\/uploads\/2021\/06\/engineering-simulation.jpg' alt='image-box'><\/div><div class='ins-image-content-wrapper last-paragraph-no-margin'><div class='ins-image-box-title margin-10px-bottom'><span class='ins-image-box-title-inner letter-spacing-05 title-font font-weight-500 display-block text-large font-weight-700'> Technische Simulation<\/span><\/div><p class='ins-image-box-text '>Wir testen verschiedene Aspekte Ihres Produkts virtuell, um die Leistung zu verbessern und die Kosten erheblich zu senken<\/p><\/div><\/div><\/div><script type=\"text\/javascript\">\n\t\t(function(jQuery) {jQuery(\"head\").append(\"<style>#ins-image-box69e094ecb2a62 .ins-image-box-title-inner {color: #223645;}<\/style>\")\n\t\t\t\t\t})(jQuery);\n\t\t\t\t\t\t<\/script>[\/vc_column_inner][\/vc_row_inner][vc_empty_space height=&#8221;35px&#8221; el_class=&#8221;empty_space&#8221;][vc_row_inner gap=&#8221;15&#8243;][vc_column_inner offset=&#8221;vc_col-lg-4 vc_col-md-4&#8243;]<div id='ins-image-box69e094ecb2ec9' class='ins-image-box-wrapper ins-image-box-style-1 text-center   ins-animated fadeInUp' data-animation-delay=200 style='background-color: #ffffff;'><div class='ins-image-box-inner'><div class='ins-image-box-img text-center'><img src='https:\/\/www.global-csg.com\/wp-content\/uploads\/2021\/06\/product-optimization.jpg' alt='image-box'><\/div><div class='ins-image-content-wrapper last-paragraph-no-margin'><div class='ins-image-box-title margin-10px-bottom'><span class='ins-image-box-title-inner letter-spacing-05 title-font font-weight-500 display-block text-large font-weight-700'> Produktoptimierung<\/span><\/div><p class='ins-image-box-text '>Unsere propriet\u00e4ren Tools erm\u00f6glichen es uns, Ihr Produktdesign zu optimieren, wenn es mit konkurrierenden multifaktoriellen Zielen konfrontiert wird<\/p><\/div><\/div><\/div><script type=\"text\/javascript\">\n\t\t(function(jQuery) {jQuery(\"head\").append(\"<style>#ins-image-box69e094ecb2ec9 .ins-image-box-title-inner {color: #223645;}<\/style>\")\n\t\t\t\t\t})(jQuery);\n\t\t\t\t\t\t<\/script>[\/vc_column_inner][vc_column_inner offset=&#8221;vc_col-lg-4 vc_col-md-4&#8243;]<div id='ins-image-box69e094ecb33e2' class='ins-image-box-wrapper ins-image-box-style-1 text-center   ins-animated fadeInUp' data-animation-delay=400 style='background-color: #ffffff;'><div class='ins-image-box-inner'><div class='ins-image-box-img text-center'><img src='https:\/\/www.global-csg.com\/wp-content\/uploads\/2021\/06\/value-engineering.jpg' alt='image-box'><\/div><div class='ins-image-content-wrapper last-paragraph-no-margin'><div class='ins-image-box-title margin-10px-bottom'><span class='ins-image-box-title-inner letter-spacing-05 title-font font-weight-500 display-block text-large font-weight-700'> Wertoptimierung<\/span><\/div><p class='ins-image-box-text '>Dank unseres fundierten Wissens und unserer umfassenden Datenbanken k\u00f6nnen wir vorhersagen, was Ihr Produkt kosten sollte und wie Sie dorthin gelangen<\/p><\/div><\/div><\/div><script type=\"text\/javascript\">\n\t\t(function(jQuery) {jQuery(\"head\").append(\"<style>#ins-image-box69e094ecb33e2 .ins-image-box-title-inner {color: #223645;}<\/style>\")\n\t\t\t\t\t})(jQuery);\n\t\t\t\t\t\t<\/script>[\/vc_column_inner][vc_column_inner offset=&#8221;vc_col-lg-4 vc_col-md-4&#8243;]<div id='ins-image-box69e094ecb38f0' class='ins-image-box-wrapper ins-image-box-style-1 text-center   ins-animated fadeInUp' data-animation-delay=600 style='background-color: #ffffff;'><div class='ins-image-box-inner'><div class='ins-image-box-img text-center'><img src='https:\/\/www.global-csg.com\/wp-content\/uploads\/2021\/06\/methods-development.jpg' alt='image-box'><\/div><div class='ins-image-content-wrapper last-paragraph-no-margin'><div class='ins-image-box-title margin-10px-bottom'><span class='ins-image-box-title-inner letter-spacing-05 title-font font-weight-500 display-block text-large font-weight-700'> Methodenentwicklung<\/span><\/div><p class='ins-image-box-text '>Wir entwickeln ma\u00dfgeschneiderte digitale Methoden, die speziell auf Ihre Produkt- und Prozessfamilie zugeschnitten sind<\/p><\/div><\/div><\/div><script type=\"text\/javascript\">\n\t\t(function(jQuery) {jQuery(\"head\").append(\"<style>#ins-image-box69e094ecb38f0 .ins-image-box-title-inner {color: #223645;}<\/style>\")\n\t\t\t\t\t})(jQuery);\n\t\t\t\t\t\t<\/script>[\/vc_column_inner][\/vc_row_inner][\/vc_column][\/vc_row][vc_row full_width=&#8221;stretch_row&#8221; css=&#8221;.vc_custom_1615286030996{margin-top: 30px !important;}&#8221; el_class=&#8221;large-device-padding&#8221;][vc_column][vc_row_inner][vc_column_inner width=&#8221;1\/6&#8243;][\/vc_column_inner][vc_column_inner width=&#8221;2\/3&#8243;]<div id='ins-heading-69e094ecb3dbb' class='section-heading ins-heading text-center heading-below-border ins-border-solid   vc_custom_1614680231021 '  style='margin-top:0; margin-bottom:0'><h3 class='section-heading-title margin-10px-top  default no-letter-spacing'>Fallstudien<\/h3><\/div><script type=\"text\/javascript\">\n\t\t(function(jQuery) {jQuery(\"head\").append(\"<style>#ins-heading-69e094ecb3dbb.heading-below-border:after, #ins-heading-69e094ecb3dbb.heading-inline-border .section-heading-title:before, #ins-heading-69e094ecb3dbb.heading-inline-border .section-heading-title:after, #ins-heading-69e094ecb3dbb.heading-inline-double-border .section-heading-title:before, #ins-heading-69e094ecb3dbb.heading-inline-double-border .section-heading-title:after {border-color: #156272;}<\/style>\")\n\t\t\t\t\t})(jQuery);\n\t\t\t\t\t\t<\/script>[vc_empty_space height=&#8221;10px&#8221;][\/vc_column_inner][vc_column_inner width=&#8221;1\/6&#8243;][\/vc_column_inner][\/vc_row_inner][vc_row_inner][vc_column_inner]<div class=\"inv-portfolio-element-main-wrapper clearfix inv-portfolio-wapper inv-portfolio-hover-1-wrapper \"> <div class=\"inv-portfolio-element-holder\"> <div class=\"portfolio-article-holder portfolio-grid-inner-holder clearfix\"> <div class=\"grid-sizer\"><\/div> <article class=\"col-md-4 col-lg-4 col-sm-6 col-xs-12 inv-portfolio-hover-1 inv-portfolio-item-holder\" > <div class=\"inv-portfolio-hover-1-content\"> <div class=\"inv-portfolio-hover-1-thumb\" style=\"background-image: url('https:\/\/www.global-csg.com\/wp-content\/uploads\/2021\/05\/hero-24-1024x333.jpg');\"> <div class=\"inv-portfolio-background-overlay\" style=\"background-color: #71cbcc\"><\/div> <div class=\"inv-portfolio-hover-1-overlay-wrapper\"> <div class=\"inv-portfolio-hover-1-overlay-inner\"> <div class=\"inv-portfolio-logo\"><img decoding=\"async\" src=\"\" alt=\"case-studies-logo\"><\/div> <div class=\"inv-portfolio-hover-1-entry-header\"> <div class=\"inv-portfolio-hover-1-entry-content\"> <span class=\"inv-portfolio-hover-1-cats display-block\"> <a href=https:\/\/www.global-csg.com\/case_studies_category\/digital-product-engineering\/ class=\"position-relative\"><span> Digital Product Engineering <\/span><\/a> <a href=https:\/\/www.global-csg.com\/case_studies_category\/industrial\/ class=\"position-relative\"><span> Industrial <\/span><\/a> <\/span> <span class=\"inv-portfolio-hover-1-title display-block\"><a href=\"https:\/\/www.global-csg.com\/de\/case_studies\/intelligentes-automatisiertes-schweiss-und-inspektionssystem\/\" class=\"title-font display-block\">Intelligentes automatisiertes Schwei\u00df &#8211; und Inspektionssystem<\/a><\/span> <div class=\"infobox-on-hover-icon\"> <a href=\"https:\/\/www.global-csg.com\/de\/case_studies\/intelligentes-automatisiertes-schweiss-und-inspektionssystem\/\"><i class=\"iconsmind-Arrow-OutRight\"><\/i><\/a> <\/div> <\/div> <\/div> <\/div> <\/div> <\/div> <\/div>\n<\/article> <article class=\"col-md-4 col-lg-4 col-sm-6 col-xs-12 inv-portfolio-hover-1 inv-portfolio-item-holder\" > <div class=\"inv-portfolio-hover-1-content\"> <div class=\"inv-portfolio-hover-1-thumb\" style=\"background-image: url('https:\/\/www.global-csg.com\/wp-content\/uploads\/2021\/05\/Adobe-Firefly-Image-Generation-1024x333.webp');\"> <div class=\"inv-portfolio-background-overlay\" style=\"background-color: #71cbcc\"><\/div> <div class=\"inv-portfolio-hover-1-overlay-wrapper\"> <div class=\"inv-portfolio-hover-1-overlay-inner\"> <div class=\"inv-portfolio-logo\"><img decoding=\"async\" src=\"\" alt=\"case-studies-logo\"><\/div> <div class=\"inv-portfolio-hover-1-entry-header\"> <div class=\"inv-portfolio-hover-1-entry-content\"> <span class=\"inv-portfolio-hover-1-cats display-block\"> <a href=https:\/\/www.global-csg.com\/case_studies_category\/digital-product-engineering\/ class=\"position-relative\"><span> Digital Product Engineering <\/span><\/a> <a href=https:\/\/www.global-csg.com\/case_studies_category\/embedded-systems\/ class=\"position-relative\"><span> Embedded Systems <\/span><\/a> <a href=https:\/\/www.global-csg.com\/case_studies_category\/hitech\/ class=\"position-relative\"><span> HiTech <\/span><\/a> <a href=https:\/\/www.global-csg.com\/case_studies_category\/industrial\/ class=\"position-relative\"><span> Industrial <\/span><\/a> <\/span> <span class=\"inv-portfolio-hover-1-title display-block\"><a href=\"https:\/\/www.global-csg.com\/de\/case_studies\/autonom-gefuehrtes-fahrzeug-fuer-rechenzentren\/\" class=\"title-font display-block\">Autonom gef\u00fchrtes Fahrzeug f\u00fcr Rechenzentren<\/a><\/span> <div class=\"infobox-on-hover-icon\"> <a href=\"https:\/\/www.global-csg.com\/de\/case_studies\/autonom-gefuehrtes-fahrzeug-fuer-rechenzentren\/\"><i class=\"iconsmind-Arrow-OutRight\"><\/i><\/a> <\/div> <\/div> <\/div> <\/div> <\/div> <\/div> <\/div>\n<\/article> <article class=\"col-md-4 col-lg-4 col-sm-6 col-xs-12 inv-portfolio-hover-1 inv-portfolio-item-holder\" > <div class=\"inv-portfolio-hover-1-content\"> <div class=\"inv-portfolio-hover-1-thumb\" style=\"background-image: url('https:\/\/www.global-csg.com\/wp-content\/uploads\/2021\/05\/hero-26-1024x333.jpg');\"> <div class=\"inv-portfolio-background-overlay\" style=\"background-color: #71cbcc\"><\/div> <div class=\"inv-portfolio-hover-1-overlay-wrapper\"> <div class=\"inv-portfolio-hover-1-overlay-inner\"> <div class=\"inv-portfolio-logo\"><img decoding=\"async\" src=\"\" alt=\"case-studies-logo\"><\/div> <div class=\"inv-portfolio-hover-1-entry-header\"> <div class=\"inv-portfolio-hover-1-entry-content\"> <span class=\"inv-portfolio-hover-1-cats display-block\"> <a href=https:\/\/www.global-csg.com\/case_studies_category\/digital-product-engineering\/ class=\"position-relative\"><span> Digital Product Engineering <\/span><\/a> <\/span> <span class=\"inv-portfolio-hover-1-title display-block\"><a href=\"https:\/\/www.global-csg.com\/de\/case_studies\/aussenverkleidungsdesign-fuer-suv-und-limousine\/\" class=\"title-font display-block\">Au\u00dfenverkleidungsdesign f\u00fcr SUV und Limousine<\/a><\/span> <div class=\"infobox-on-hover-icon\"> <a href=\"https:\/\/www.global-csg.com\/de\/case_studies\/aussenverkleidungsdesign-fuer-suv-und-limousine\/\"><i class=\"iconsmind-Arrow-OutRight\"><\/i><\/a> <\/div> <\/div> <\/div> <\/div> <\/div> <\/div> <\/div>\n<\/article> <\/div> <\/div>\n<\/div>[\/vc_column_inner][\/vc_row_inner][vc_empty_space height=&#8221;54px&#8221;][\/vc_column][\/vc_row][vc_row full_width=&#8221;stretch_row&#8221; disable_element=&#8221;yes&#8221; bg_overlay=&#8221;dark20&#8243; css=&#8221;.vc_custom_1614078033546{background-image: url(https:\/\/www.insigniawpthemes.co.in\/innvoke\/wp-content\/uploads\/2019\/04\/office-image.jpg?id=1189) !important;background-position: center !important;background-repeat: no-repeat !important;background-size: cover !important;}&#8221;][vc_column css=&#8221;.vc_custom_1555563941039{padding-top: 120px !important;padding-bottom: 120px !important;}&#8221;][vc_row_inner][vc_column_inner width=&#8221;1\/4&#8243;][\/vc_column_inner][vc_column_inner width=&#8221;1\/2&#8243; css=&#8221;.vc_custom_1555563932115{padding-top: 50px !important;padding-right: 40px !important;padding-bottom: 20px !important;padding-left: 40px !important;background-color: #ffffff !important;}&#8221;][vc_custom_heading text=&#8221;Kontaktieren Sie uns!&#8221; font_container=&#8221;tag:h3|text_align:center&#8221; use_theme_fonts=&#8221;yes&#8221; css_animation=&#8221;fadeIn&#8221; css=&#8221;.vc_custom_1710023406745{margin-bottom: 20px !important;}&#8221;][vc_custom_heading text=&#8221;Jemanden an seiner Seite zu haben, der ein tiefes und umfassendes Verst\u00e4ndnis von Technologie hat, kann den Unterschied zwischen dem Wachstum Ihres Unternehmens und dem blo\u00dfen \u00dcberleben ausmachen.&#8221; font_container=&#8221;tag:p|font_size:16px|text_align:center|line_height:28px&#8221; use_theme_fonts=&#8221;yes&#8221; css_animation=&#8221;fadeIn&#8221; css=&#8221;.vc_custom_1710023417431{margin-bottom: 30px !important;}&#8221;]<div id='ins-button-69e094ecbcbee' class='ins-button-wrapper text-center 30px 40px  ins-animated fadeInUp' data-animation-delay=200><a class='ins-button title-font letter-spacing-1 text-white pc-border pc-bg btn-radius-default font-weight-600 btn-medium text-uppercase ' href='#'  target='_self'><span>Discover More<\/span><\/a><\/div><script type=\"text\/javascript\">\n\t\t(function(jQuery) {jQuery(\"head\").append(\"<style>#ins-button-69e094ecbcbee .ins-button:hover {background-color: #223645;}#ins-button-69e094ecbcbee .ins-button:hover {border-color: #223645;}#ins-button-69e094ecbcbee.ins-button-wrapper {margin-top: 30px;}#ins-button-69e094ecbcbee.ins-button-wrapper {margin-bottom: 40px;}<\/style>\")\n\t\t\t\t\t})(jQuery);\n\t\t\t\t\t\t<\/script>[\/vc_column_inner][vc_column_inner width=&#8221;1\/4&#8243;][\/vc_column_inner][\/vc_row_inner][\/vc_column][\/vc_row][vc_row full_width=&#8221;stretch_row&#8221; bg_overlay=&#8221;dark40&#8243; css=&#8221;.vc_custom_1629516838354{background-color: #129eba !important;}&#8221; el_class=&#8221;large-device-padding&#8221;][vc_column][vc_empty_space height=&#8221;40px&#8221;][vc_custom_heading text=&#8221;Lassen Sie uns zusammenarbeiten!&#8221; font_container=&#8221;tag:h2|text_align:center|color:%23ffffff&#8221; use_theme_fonts=&#8221;yes&#8221; css_animation=&#8221;fadeIn&#8221; css=&#8221;.vc_custom_1710023427184{margin-bottom: 25px !important;}&#8221;][vc_row_inner][vc_column_inner width=&#8221;1\/6&#8243;][\/vc_column_inner][vc_column_inner width=&#8221;2\/3&#8243;][vc_custom_heading text=&#8221;Nutzen Sie unsere bew\u00e4hrte Erfolgsbilanz, um die Zukunft zu gestalten.&#8221; font_container=&#8221;tag:p|font_size:17px|text_align:center|color:%23ffffff|line_height:28px&#8221; use_theme_fonts=&#8221;yes&#8221; css_animation=&#8221;fadeIn&#8221; css=&#8221;.vc_custom_1710023433870{margin-bottom: 10px !important;padding-right: 12% !important;padding-left: 12% !important;}&#8221;][\/vc_column_inner][vc_column_inner width=&#8221;1\/6&#8243;][\/vc_column_inner][\/vc_row_inner][vc_raw_html]JTNDZGl2JTIwaWQlM0QlMjJpbnMtYnV0dG9uLTYwNjU4NzYxZTEyZGUlMjIlMjBjbGFzcyUzRCUyMmlucy1idXR0b24td3JhcHBlciUyMHRleHQtY2VudGVyJTIwMzBweCUyMGlucy1hbmltYXRlZCUyMGZhZGVJblVwJTIwaW5zLWFuaW1hdGUlMjIlMjBkYXRhLWFuaW1hdGlvbi1kZWxheSUzRCUyMjIwMCUyMiUzRSUzQ2ElMjBjbGFzcyUzRCUyMmlucy1idXR0b24lMjB0aXRsZS1mb250JTIwbGV0dGVyLXNwYWNpbmctMSUyMHRleHQtd2hpdGUlMjBwYy1ib3JkZXIlMjBwYy1iZyUyMGJ0bi1zcXVhcmUlMjBmb250LXdlaWdodC02MDAlMjBidG4tbWVkaXVtJTIwdGV4dC11cHBlcmNhc2UlMjAlMjIlMjBkYXRhLXRvZ2dsZSUzRCUyMm1vZGFsJTIyJTIwZGF0YS10YXJnZXQlM0QlMjIlMjNwb3B1cC1tb2RhbCUyMiUzRVNjaHJlaWJlbiUyMFNpZSUyMHVucyUzQyUyRmElM0UlM0MlMkZkaXYlM0U=[\/vc_raw_html][vc_empty_space height=&#8221;60px&#8221;][\/vc_column][\/vc_row]<\/p>\n","protected":false},"excerpt":{"rendered":"<p>[vc_row full_width=&#8221;stretch_row&#8221; css=&#8221;.vc_custom_1622627160483{margin-top: 80px !important;padding-top: 120px !important;padding-bottom: 160px !important;background-image: url(https:\/\/www.global-csg.com\/wp-content\/uploads\/2021\/06\/csg-digital-product-engineering-banner.jpg?id=3684) !important;background-position: center !important;background-repeat: no-repeat !important;background-size: cover !important;}&#8221; el_class=&#8221;large-device-padding inner-page-banner&#8221;][vc_column][vc_custom_heading text=&#8221;Digitale [&hellip;]<\/p>\n","protected":false},"author":1,"featured_media":0,"parent":0,"menu_order":0,"comment_status":"closed","ping_status":"closed","template":"","meta":{"footnotes":""},"class_list":["post-13390","page","type-page","status-publish","hentry"],"_links":{"self":[{"href":"https:\/\/www.global-csg.com\/de\/wp-json\/wp\/v2\/pages\/13390","targetHints":{"allow":["GET"]}}],"collection":[{"href":"https:\/\/www.global-csg.com\/de\/wp-json\/wp\/v2\/pages"}],"about":[{"href":"https:\/\/www.global-csg.com\/de\/wp-json\/wp\/v2\/types\/page"}],"author":[{"embeddable":true,"href":"https:\/\/www.global-csg.com\/de\/wp-json\/wp\/v2\/users\/1"}],"replies":[{"embeddable":true,"href":"https:\/\/www.global-csg.com\/de\/wp-json\/wp\/v2\/comments?post=13390"}],"version-history":[{"count":0,"href":"https:\/\/www.global-csg.com\/de\/wp-json\/wp\/v2\/pages\/13390\/revisions"}],"wp:attachment":[{"href":"https:\/\/www.global-csg.com\/de\/wp-json\/wp\/v2\/media?parent=13390"}],"curies":[{"name":"wp","href":"https:\/\/api.w.org\/{rel}","templated":true}]}}