{"id":13361,"date":"2021-03-30T13:39:41","date_gmt":"2021-03-30T08:09:41","guid":{"rendered":"https:\/\/www.global-csg.com\/loesungen\/autopilot-rover\/"},"modified":"2024-03-27T11:44:13","modified_gmt":"2024-03-27T06:14:13","slug":"auto-pilot-rover","status":"publish","type":"page","link":"https:\/\/www.global-csg.com\/de\/loesungen\/auto-pilot-rover\/","title":{"rendered":"AUTO-PILOT ROVER\u00a9"},"content":{"rendered":"<p>[vc_row full_width=&#8221;stretch_row&#8221; bg_overlay=&#8221;dark10&#8243; css=&#8221;.vc_custom_1622640186547{margin-top: 80px !important;padding-top: 160px !important;padding-bottom: 200px !important;background-image: url(https:\/\/www.global-csg.com\/wp-content\/uploads\/2021\/06\/csg-auto-pilot-rover-banner.jpg?id=3791) !important;background-position: center !important;background-repeat: no-repeat !important;background-size: cover !important;}&#8221; el_class=&#8221;large-device-padding inner-page-banner&#8221;][vc_column][vc_custom_heading text=&#8221;AUTO-PILOT ROVER<sup>\u00a9<\/sup>&#8221; font_container=&#8221;tag:h1|text_align:center|color:%23ffffff&#8221; use_theme_fonts=&#8221;yes&#8221; css=&#8221;.vc_custom_1701681864222{margin-bottom: 15px !important;}&#8221;][vc_custom_heading text=&#8221;Autonome Fahrzeuge f\u00fcr Rechenzentren und Lagerh\u00e4user&#8221; font_container=&#8221;tag:h4|text_align:center|color:%23ffffff&#8221; use_theme_fonts=&#8221;yes&#8221; css=&#8221;.vc_custom_1710110867989{margin-bottom: 15px !important;}&#8221;][\/vc_column][\/vc_row][vc_row equal_height=&#8221;yes&#8221; css=&#8221;.vc_custom_1623384015216{margin-top: 50px !important;margin-bottom: 60px !important;}&#8221; el_class=&#8221;large-device-padding solution-inner-intro-section&#8221;][vc_column offset=&#8221;vc_col-lg-5 vc_col-md-5&#8243;][vc_custom_heading text=&#8221;AUTO-PILOT ROVER<sup>\u00a9<\/sup>&#8221; font_container=&#8221;tag:h6|text_align:left|color:%2336ab9c&#8221; use_theme_fonts=&#8221;yes&#8221; css_animation=&#8221;fadeIn&#8221; el_class=&#8221;letter-spacing-2 font-weight-600 text-uppercase&#8221;][vc_custom_heading text=&#8221;Verringert die Anzahl der Mitarbeiter sowie menschliche Fehler in Ihren Rechenzentren und Lagern&#8221; use_theme_fonts=&#8221;yes&#8221; css_animation=&#8221;fadeIn&#8221; css=&#8221;.vc_custom_1710110903767{margin-bottom: 30px !important;}&#8221;][vc_empty_space height=&#8221;40px&#8221; el_class=&#8221;empty_space&#8221;][\/vc_column][vc_column offset=&#8221;vc_col-lg-7 vc_col-md-7&#8243;][vc_custom_heading text=&#8221;Der AUTO-PILOT ROVER<sup>\u00a9<\/sup> von CREATIVE erm\u00f6glicht eine autonome Navigation, eine sichere Auslagerung von Ger\u00e4ten und eine pr\u00e4zise Stapelung in komplexen Umgebungen wie Rechenzentren. Diese NextGen-f\u00e4hige L\u00f6sung erm\u00f6glicht auch die Navigation und die automatische Abfrage und Lagerung von Waren in physischen Lagern. Die Schl\u00fcsselalgorithmen der L\u00f6sung gew\u00e4hrleisten die Vermeidung von Kollisionen, eine sichere Umgebung und den effizientesten und kosteng\u00fcnstigsten Prozess f\u00fcr alle Aufgaben&#8221; font_container=&#8221;tag:p|font_size:17px|text_align:left|color:%231f1f1f|line_height:28px&#8221; use_theme_fonts=&#8221;yes&#8221; css_animation=&#8221;fadeIn&#8221;][\/vc_column][\/vc_row][vc_row full_width=&#8221;stretch_row&#8221; bg_overlay=&#8221;dark10&#8243; css=&#8221;.vc_custom_1623384066695{margin-bottom: 50px !important;background-image: url(https:\/\/www.global-csg.com\/wp-content\/uploads\/2021\/06\/auto-pilot-rover-oneliner.jpg?id=3792) !important;background-position: center !important;background-repeat: no-repeat !important;background-size: cover !important;}&#8221; el_class=&#8221;large-device-padding solutions-bg&#8221;][vc_column css=&#8221;.vc_custom_1555507892447{padding-top: 100px !important;padding-right: 70px !important;padding-bottom: 90px !important;padding-left: 70px !important;}&#8221;][vc_row_inner][vc_column_inner width=&#8221;1\/12&#8243;][\/vc_column_inner][vc_column_inner width=&#8221;5\/6&#8243;][vc_custom_heading text=&#8221;AUTO-PILOT ROVER<sup>\u00a9<\/sup> von CREATIVE erm\u00f6glicht autonome Navigation, Einlagerung und Auslagerung in Rechenzentren und Lagern&#8221; font_container=&#8221;tag:h2|text_align:center|color:%23ffffff&#8221; use_theme_fonts=&#8221;yes&#8221; css_animation=&#8221;fadeIn&#8221; el_class=&#8221;font-weight-500&#8243;][\/vc_column_inner][vc_column_inner width=&#8221;1\/12&#8243;][\/vc_column_inner][\/vc_row_inner][\/vc_column][\/vc_row][vc_row el_class=&#8221;large-device-padding&#8221;][vc_column][vc_row_inner equal_height=&#8221;yes&#8221; content_placement=&#8221;middle&#8221; el_class=&#8221;solutions-offer-row-desktop&#8221;][vc_column_inner width=&#8221;1\/2&#8243;][vc_custom_heading text=&#8221;Highlights der L\u00f6sung&#8221; font_container=&#8221;tag:h3|text_align:left&#8221; use_theme_fonts=&#8221;yes&#8221; css=&#8221;.vc_custom_1614150480740{margin-bottom: 20px !important;}&#8221;][vc_column_text]<\/p>\n<ul>\n<li>Autonome Navigation zu einem bestimmten Ort mit Hilfe von Bildverarbeitungs-, LiDAR- und GPS-Technologien unter sicherer Vermeidung von Kollisionen mit Hindernissen auf seinem Weg<\/li>\n<li>Automatisches Abrufen, pr\u00e4zises Stapeln, Anschlie\u00dfen und\/oder Platzieren von Ger\u00e4ten und Waren in komplexen Umgebungen wie Rechenzentren und physischen Lagern<\/li>\n<li>Navigiert sicher und ohne Kollisionen oder unerw\u00fcnschte Ereignisse zur\u00fcck zum Ursprungsort oder zum n\u00e4chsten angegebenen Ort<\/li>\n<\/ul>\n<p>[\/vc_column_text][\/vc_column_inner][vc_column_inner width=&#8221;1\/2&#8243; css=&#8221;.vc_custom_1622640243885{background-image: url(https:\/\/www.global-csg.com\/wp-content\/uploads\/2021\/06\/auto-pilot-rover-solution-highlights.jpg?id=3793) !important;background-position: center !important;background-repeat: no-repeat !important;background-size: cover !important;}&#8221;][vc_empty_space height=&#8221;300px&#8221;][\/vc_column_inner][\/vc_row_inner][vc_row_inner equal_height=&#8221;yes&#8221; content_placement=&#8221;middle&#8221; el_class=&#8221;solutions-offer-row-mobile&#8221;][vc_column_inner width=&#8221;1\/2&#8243;][vc_custom_heading text=&#8221;Highlights der L\u00f6sung&#8221; font_container=&#8221;tag:h3|text_align:left&#8221; use_theme_fonts=&#8221;yes&#8221; css=&#8221;.vc_custom_1614150480740{margin-bottom: 20px !important;}&#8221;][vc_column_text]<\/p>\n<ul>\n<li>Autonomes Navigieren zu einem bestimmten Ort mit Hilfe von Bildverarbeitungs-, LiDAR- und GPS-Technologien unter sicherer Vermeidung von Kollisionen mit Hindernissen auf seinem Weg<\/li>\n<li>Automatisches Abrufen, pr\u00e4zises Stapeln, Anschlie\u00dfen und \/ oder Platzieren von Ger\u00e4ten \/ Waren in komplexen Umgebungen wie Rechenzentren und physischen Lagern<\/li>\n<li>Navigiert sicher und ohne Kollisionen oder unerw\u00fcnschte Ereignisse zur\u00fcck nach Hause oder zum n\u00e4chsten angegebenen Ort<\/li>\n<\/ul>\n<p>[\/vc_column_text][\/vc_column_inner][vc_column_inner width=&#8221;1\/2&#8243; css=&#8221;.vc_custom_1622640243885{background-image: url(https:\/\/www.global-csg.com\/wp-content\/uploads\/2021\/06\/auto-pilot-rover-solution-highlights.jpg?id=3793) !important;background-position: center !important;background-repeat: no-repeat !important;background-size: cover !important;}&#8221;][vc_empty_space height=&#8221;300px&#8221;][\/vc_column_inner][\/vc_row_inner][vc_empty_space height=&#8221;82px&#8221;][\/vc_column][\/vc_row][vc_row full_width=&#8221;stretch_row_content_no_spaces&#8221; equal_height=&#8221;yes&#8221; content_placement=&#8221;middle&#8221; css=&#8221;.vc_custom_1615286818220{margin-bottom: 72px !important;}&#8221;][vc_column width=&#8221;2\/3&#8243; css=&#8221;.vc_custom_1622640263825{background-image: url(https:\/\/www.global-csg.com\/wp-content\/uploads\/2021\/06\/auto-pilot-issues-addressed.jpg?id=3794) !important;background-position: center !important;background-repeat: no-repeat !important;background-size: cover !important;}&#8221; el_class=&#8221;large-device-padding&#8221;][vc_empty_space height=&#8221;350px&#8221;][\/vc_column][vc_column width=&#8221;1\/3&#8243; css=&#8221;.vc_custom_1623384150033{padding-top: 60px !important;padding-right: 50px !important;padding-bottom: 60px !important;padding-left: 50px !important;background-color: #156272 !important;}&#8221; el_class=&#8221;large-device-padding issues-addressed&#8221;][vc_custom_heading text=&#8221;Verbesserung folgender Probleme:&#8221; font_container=&#8221;tag:h3|text_align:left|color:%23ffffff&#8221; use_theme_fonts=&#8221;yes&#8221; css_animation=&#8221;fadeIn&#8221; css=&#8221;.vc_custom_1710111038329{margin-bottom: 20px !important;}&#8221;][vc_column_text]<\/p>\n<ul>\n<li style=\"color: #fff;\">Die Lagerung und Wiederbeschaffung von Servern und physischen G\u00fctern ist ein sehr teurer, sich wiederholender und arbeitsintensiver Prozess<\/li>\n<li style=\"color: #fff;\">Menschliches Versagen in Rechenzentren und physischen Lagern f\u00fchrt zu erheblichem Verlust von Kundenvertrauen und Gewinnen<\/li>\n<li style=\"color: #fff;\">Das Management von menschenzentrierten 7X24-Operationen ist von Natur aus schwierig<\/li>\n<li style=\"color: #fff;\">Geringere Rentabilit\u00e4t und Kapitalrendite<\/li>\n<\/ul>\n<p>[\/vc_column_text][\/vc_column][\/vc_row][vc_row full_width=&#8221;stretch_row&#8221; el_class=&#8221;large-device-padding&#8221;][vc_column][vc_custom_heading text=&#8221;Vorteile&#8221; font_container=&#8221;tag:h2|text_align:center&#8221; use_theme_fonts=&#8221;yes&#8221; css_animation=&#8221;fadeIn&#8221; css=&#8221;.vc_custom_1710111072574{margin-bottom: 20px !important;}&#8221;][vc_separator color=&#8221;custom&#8221; border_width=&#8221;3&#8243; el_width=&#8221;10&#8243; accent_color=&#8221;#156272&#8243;][vc_row_inner gap=&#8221;30&#8243;][vc_column_inner width=&#8221;1\/2&#8243;]<div id='ins-icon-69f281566b64e' class='ins-float-icon-wrapper margin-20px-bottom ins-icon-box-align-left-basic   ins-animated fadeInUp' ><div class='ins-float-icon-inner custom-icon-box-img-main position-relative'><img src='https:\/\/www.global-csg.com\/wp-content\/uploads\/2021\/06\/1-3.png' alt='custom-icon'><\/div><div class='ins-float-icon-box-content ins-float-custom-icon-box-content'><div class='last-paragraph-no-margin'><p class='ins-float-icon-box-text  default'>Sehr effektiver Betrieb rund um die Uhr in Rechenzentren und physischen Lagerh\u00e4usern<\/p><\/div><\/div><\/div><script type=\"text\/javascript\">\n\t\t(function(jQuery) {\n\t\t\t\t\t})(jQuery);\n\t\t\t\t\t\t<\/script>[\/vc_column_inner][vc_column_inner width=&#8221;1\/2&#8243;]<div id='ins-icon-69f281566b9e0' class='ins-float-icon-wrapper margin-20px-bottom ins-icon-box-align-left-basic   ins-animated fadeInUp' ><div class='ins-float-icon-inner custom-icon-box-img-main position-relative'><img src='https:\/\/www.global-csg.com\/wp-content\/uploads\/2021\/06\/2-3.png' alt='custom-icon'><\/div><div class='ins-float-icon-box-content ins-float-custom-icon-box-content'><div class='last-paragraph-no-margin'><p class='ins-float-icon-box-text  default'>Beseitigt die Plackerei, wiederholt geringf\u00fcgige Aufgaben auszuf\u00fchren<\/p><\/div><\/div><\/div><script type=\"text\/javascript\">\n\t\t(function(jQuery) {\n\t\t\t\t\t})(jQuery);\n\t\t\t\t\t\t<\/script>[\/vc_column_inner][\/vc_row_inner][vc_row_inner gap=&#8221;30&#8243;][vc_column_inner width=&#8221;1\/2&#8243;]<div id='ins-icon-69f281566bd84' class='ins-float-icon-wrapper margin-20px-bottom ins-icon-box-align-left-basic   ins-animated fadeInUp' data-animation-delay=200><div class='ins-float-icon-inner custom-icon-box-img-main position-relative'><img src='https:\/\/www.global-csg.com\/wp-content\/uploads\/2021\/06\/3-3.png' alt='custom-icon'><\/div><div class='ins-float-icon-box-content ins-float-custom-icon-box-content'><div class='last-paragraph-no-margin'><p class='ins-float-icon-box-text  default'>Eliminiert den Personalaufwand und menschliches Versagen<\/p><\/div><\/div><\/div><script type=\"text\/javascript\">\n\t\t(function(jQuery) {\n\t\t\t\t\t})(jQuery);\n\t\t\t\t\t\t<\/script>[\/vc_column_inner][vc_column_inner width=&#8221;1\/2&#8243;]<div id='ins-icon-69f281566c153' class='ins-float-icon-wrapper margin-20px-bottom ins-icon-box-align-left-basic   ins-animated fadeInUp' data-animation-delay=200><div class='ins-float-icon-inner custom-icon-box-img-main position-relative'><img src='https:\/\/www.global-csg.com\/wp-content\/uploads\/2021\/06\/4-3.png' alt='custom-icon'><\/div><div class='ins-float-icon-box-content ins-float-custom-icon-box-content'><div class='last-paragraph-no-margin'><p class='ins-float-icon-box-text  default'>F\u00fchrt alle Aufgaben auf die effizienteste und kosteng\u00fcnstigste Weise aus<\/p><\/div><\/div><\/div><script type=\"text\/javascript\">\n\t\t(function(jQuery) {\n\t\t\t\t\t})(jQuery);\n\t\t\t\t\t\t<\/script>[\/vc_column_inner][\/vc_row_inner][vc_row_inner gap=&#8221;30&#8243;][vc_column_inner width=&#8221;1\/2&#8243;]<div id='ins-icon-69f281566c4f9' class='ins-float-icon-wrapper margin-20px-bottom ins-icon-box-align-left-basic   ins-animated fadeInUp' data-animation-delay=400><div class='ins-float-icon-inner custom-icon-box-img-main position-relative'><img src='https:\/\/www.global-csg.com\/wp-content\/uploads\/2021\/06\/5-1.png' alt='custom-icon'><\/div><div class='ins-float-icon-box-content ins-float-custom-icon-box-content'><div class='last-paragraph-no-margin'><p class='ins-float-icon-box-text  default'>Bietet verbesserte Rentabilit\u00e4t und h\u00f6chste Kapitalrendite<\/p><\/div><\/div><\/div><script type=\"text\/javascript\">\n\t\t(function(jQuery) {\n\t\t\t\t\t})(jQuery);\n\t\t\t\t\t\t<\/script>[\/vc_column_inner][vc_column_inner width=&#8221;1\/2&#8243; offset=&#8221;vc_hidden-xs&#8221;][\/vc_column_inner][\/vc_row_inner][vc_empty_space height=&#8221;42px&#8221;][\/vc_column][\/vc_row][vc_row full_width=&#8221;stretch_row&#8221; bg_overlay=&#8221;dark40&#8243; css=&#8221;.vc_custom_1629517025602{background-color: #129eba !important;}&#8221; el_class=&#8221;large-device-padding&#8221;][vc_column][vc_empty_space height=&#8221;40px&#8221;][vc_custom_heading text=&#8221;Lassen Sie uns zusammenarbeiten!&#8221; font_container=&#8221;tag:h2|text_align:center|color:%23ffffff&#8221; use_theme_fonts=&#8221;yes&#8221; css_animation=&#8221;fadeIn&#8221; css=&#8221;.vc_custom_1710111128042{margin-bottom: 25px !important;}&#8221;][vc_row_inner][vc_column_inner width=&#8221;1\/6&#8243;][\/vc_column_inner][vc_column_inner width=&#8221;2\/3&#8243;][vc_custom_heading text=&#8221;Nutzen Sie unsere bew\u00e4hrten Plattformen und L\u00f6sungen, um die Zukunft zu gestalten.&#8221; font_container=&#8221;tag:p|font_size:17px|text_align:center|color:%23ffffff|line_height:28px&#8221; use_theme_fonts=&#8221;yes&#8221; css_animation=&#8221;fadeIn&#8221; css=&#8221;.vc_custom_1710111135694{margin-bottom: 10px !important;padding-right: 12% !important;padding-left: 12% !important;}&#8221;][\/vc_column_inner][vc_column_inner width=&#8221;1\/6&#8243;][\/vc_column_inner][\/vc_row_inner][vc_raw_html]JTNDZGl2JTIwaWQlM0QlMjJpbnMtYnV0dG9uLTYwNjU4NzYxZTEyZGUlMjIlMjBjbGFzcyUzRCUyMmlucy1idXR0b24td3JhcHBlciUyMHRleHQtY2VudGVyJTIwMzBweCUyMGlucy1hbmltYXRlZCUyMGZhZGVJblVwJTIwaW5zLWFuaW1hdGUlMjIlMjBkYXRhLWFuaW1hdGlvbi1kZWxheSUzRCUyMjIwMCUyMiUzRSUzQ2ElMjBjbGFzcyUzRCUyMmlucy1idXR0b24lMjB0aXRsZS1mb250JTIwbGV0dGVyLXNwYWNpbmctMSUyMHRleHQtd2hpdGUlMjBwYy1ib3JkZXIlMjBwYy1iZyUyMGJ0bi1zcXVhcmUlMjBmb250LXdlaWdodC02MDAlMjBidG4tbWVkaXVtJTIwdGV4dC11cHBlcmNhc2UlMjAlMjIlMjBkYXRhLXRvZ2dsZSUzRCUyMm1vZGFsJTIyJTIwZGF0YS10YXJnZXQlM0QlMjIlMjNwb3B1cC1tb2RhbCUyMiUzRVNjaHJlaWJlbiUyMFNpZSUyMHVucyUzQyUyRmElM0UlM0MlMkZkaXYlM0U=[\/vc_raw_html][vc_empty_space height=&#8221;60px&#8221;][\/vc_column][\/vc_row]<\/p>\n","protected":false},"excerpt":{"rendered":"<p>[vc_row full_width=&#8221;stretch_row&#8221; bg_overlay=&#8221;dark10&#8243; css=&#8221;.vc_custom_1622640186547{margin-top: 80px !important;padding-top: 160px !important;padding-bottom: 200px !important;background-image: url(https:\/\/www.global-csg.com\/wp-content\/uploads\/2021\/06\/csg-auto-pilot-rover-banner.jpg?id=3791) !important;background-position: center !important;background-repeat: no-repeat !important;background-size: cover !important;}&#8221; el_class=&#8221;large-device-padding inner-page-banner&#8221;][vc_column][vc_custom_heading [&hellip;]<\/p>\n","protected":false},"author":1,"featured_media":0,"parent":13288,"menu_order":0,"comment_status":"closed","ping_status":"closed","template":"","meta":{"footnotes":""},"class_list":["post-13361","page","type-page","status-publish","hentry"],"_links":{"self":[{"href":"https:\/\/www.global-csg.com\/de\/wp-json\/wp\/v2\/pages\/13361","targetHints":{"allow":["GET"]}}],"collection":[{"href":"https:\/\/www.global-csg.com\/de\/wp-json\/wp\/v2\/pages"}],"about":[{"href":"https:\/\/www.global-csg.com\/de\/wp-json\/wp\/v2\/types\/page"}],"author":[{"embeddable":true,"href":"https:\/\/www.global-csg.com\/de\/wp-json\/wp\/v2\/users\/1"}],"replies":[{"embeddable":true,"href":"https:\/\/www.global-csg.com\/de\/wp-json\/wp\/v2\/comments?post=13361"}],"version-history":[{"count":0,"href":"https:\/\/www.global-csg.com\/de\/wp-json\/wp\/v2\/pages\/13361\/revisions"}],"up":[{"embeddable":true,"href":"https:\/\/www.global-csg.com\/de\/wp-json\/wp\/v2\/pages\/13288"}],"wp:attachment":[{"href":"https:\/\/www.global-csg.com\/de\/wp-json\/wp\/v2\/media?parent=13361"}],"curies":[{"name":"wp","href":"https:\/\/api.w.org\/{rel}","templated":true}]}}