{"id":13313,"date":"2021-02-18T17:17:32","date_gmt":"2021-02-18T11:47:32","guid":{"rendered":"https:\/\/www.global-csg.com\/cookie-richtlinie\/"},"modified":"2024-03-27T10:09:12","modified_gmt":"2024-03-27T04:39:12","slug":"cookie-richtlinie","status":"publish","type":"page","link":"https:\/\/www.global-csg.com\/de\/cookie-richtlinie\/","title":{"rendered":"Cookie-Richtlinie"},"content":{"rendered":"<p>[vc_row full_width=&#8221;stretch_row&#8221; disable_element=&#8221;yes&#8221; css=&#8221;.vc_custom_1613646856791{padding-top: 120px !important;padding-bottom: 150px !important;background-image: url(https:\/\/www.bizinventive.club\/creative\/wp-content\/uploads\/2019\/04\/emerson-page-title-2.jpg?id=1560) !important;background-position: center !important;background-repeat: no-repeat !important;background-size: cover !important;}&#8221;][vc_column]<div id='ins-heading-69f336ebd6e34' class='section-heading ins-heading text-center default    '  style='margin-top:0; margin-bottom:0'><h1 class='section-heading-title margin-10px-top  default no-letter-spacing'>Bedingungen und Konditionen<\/h1><\/div><script type=\"text\/javascript\">\n\t\t(function(jQuery) {jQuery(\"head\").append(\"<style>#ins-heading-69f336ebd6e34 h1 {color: #ffffff;}<\/style>\")\n\t\t\t\t\t})(jQuery);\n\t\t\t\t\t\t<\/script>[\/vc_column][\/vc_row][vc_row css=&#8221;.vc_custom_1615288893577{padding-bottom: 40px !important;}&#8221; el_class=&#8221;large-device-padding&#8221;][vc_column][vc_column_text]<strong><em>Zuletzt aktualisiert am<sup>1.<\/sup> Juni 2021<\/em><\/strong><\/p>\n<p>Wir verwenden kleine Textdateien, so genannte <strong>Cookies<\/strong>, die wir auf Ihrem Ger\u00e4t ablegen, das Sie f\u00fcr den Zugriff auf unsere Website verwenden. Wir tun dies, um Ihr Ger\u00e4t w\u00e4hrend einer Sitzung oder bei Ihren zuk\u00fcnftigen Besuchen auf unserer Website zu erkennen, um eine bessere Benutzererfahrung zu bieten. In der Regel verwenden wir die folgenden Arten von Cookies:<\/p>\n<h3>Sitzungs-Cookies<\/h3>\n<p>Sitzungscookies bleiben nur so lange bestehen, wie eine Browsersitzung aktiv ist, und sollen dem Benutzer Unannehmlichkeiten beim Surfen ersparen. Diese Cookies erm\u00f6glichen es Websites, die Aktionen eines Nutzers w\u00e4hrend einer Browsersitzung zu verkn\u00fcpfen, und verfallen am Ende der Browsersitzung. Sitzungscookies helfen dem Nutzer auch bei der Navigation auf der Website und erm\u00f6glichen ihm den Zugang zu sicheren Teilen der Website, wenn er angemeldet ist.<\/p>\n<h3>Dauerhafte Cookies<\/h3>\n<p>Dauerhafte Cookies werden auf dem Ger\u00e4t eines Nutzers auch nach Beendigung einer Browsing-Sitzung gespeichert. Es hilft dabei, die Pr\u00e4ferenzen oder Aktionen des Benutzers abzurufen. Dauerhafte Cookies werden f\u00fcr verschiedene Zwecke verwendet, z. B. um die Sprach- und Regionaleinstellungen des Besuchers am Ende jeder Browsing-Sitzung zu speichern. Wir nutzen die Dienste von Drittanbietern von Analysediensten, um Cookies zu analysieren, um eine Verhaltensanalyse durchzuf\u00fchren, um die Benutzererfahrung und den Komfort zu verbessern und um den Besuchern gezielte und relevante Inhalte zu bieten. Je nach Art und Einstellung Ihres Browsers werden Cookies m\u00f6glicherweise standardm\u00e4\u00dfig akzeptiert. Sie k\u00f6nnen die Einstellungen Ihres Browsers \u00e4ndern, um bestehende Cookies zu l\u00f6schen oder zu verhindern, dass zuk\u00fcnftige Cookies automatisch akzeptiert werden. Wenn Sie Cookies deaktivieren, sind bestimmte Teile und Funktionen unserer Website m\u00f6glicherweise nicht verf\u00fcgbar. Weitere Informationen \u00fcber Cookies finden Sie unter <a href=\"http:\/\/www.aboutcookies.org\/\">www.aboutcookies.org.<\/a> Sie k\u00f6nnen alle Cookies l\u00f6schen, die sich bereits in Ihrem Browser befinden, indem Sie den Browserverlauf l\u00f6schen.<\/p>\n<h3>Cookies von Dritten<\/h3>\n<p>Wir verwenden Cookies von Drittanbietern, um Einblicke in unsere Website zu erhalten, um zielgerichtete Werbekampagnen durchzuf\u00fchren, um die Wirksamkeit unserer Werbekampagnen zu messen und um die Werbung f\u00fcr Sie relevanter zu gestalten. Diese Unternehmen verwenden Cookies, um Informationen \u00fcber Ihre Surfaktivit\u00e4ten auf unseren Websites zu sammeln, z. B. die von Ihnen besuchten Seiten, die von Ihnen angeklickten Links, die von Ihnen heruntergeladenen Inhalte und die Dauer Ihres Aufenthalts auf unseren Websites. Wenn Sie auf unserer Website surfen, k\u00f6nnen Sie unsere Werbung sehen, w\u00e4hrend Sie auf den Websites unserer Werbepartner und\/oder deren Netzwerk-Websites surfen. Um den Erhalt solcher Werbung abzulehnen, m\u00fcssen Sie Ihre Einstellungen auf unseren Partner-Websites vornehmen. Alternativ k\u00f6nnen Sie auch die Websites der Netzwerkwerbeinitiative oder der Digital Advertising Alliance besuchen, um sich abzumelden.<\/p>\n<p>Weitere Informationen dar\u00fcber, wie diese Unternehmen in unserem Namen Daten sammeln und verwenden, finden Sie in ihren Datenschutz-\/Cookie-Richtlinien und anderen Details in der nachstehenden Tabelle:<\/p>\n<p>&nbsp;<\/p>\n<table width=\"100%\">\n<thead>\n<tr>\n<td><strong>Dritte Unternehmen<\/strong><\/td>\n<td><strong>Zweck<\/strong><\/td>\n<td><strong>Geltende Datenschutz-\/Cookie-Richtlinie Link<\/strong><\/td>\n<\/tr>\n<\/thead>\n<tbody>\n<tr>\n<td>Blukai<\/td>\n<td>Gezielte, relevante Werbung anzeigen<\/td>\n<td><a href=\"https:\/\/www.oracle.com\/legal\/privacy\/marketing-cloud-data-cloud-privacy-policy.html\">https:\/\/www.oracle.com\/legal\/privacy\/marketing-cloud-data-cloud-privacy-policy.html<\/a><br \/>\nAbmeldung: <a href=\"http:\/\/www.bluekai.com\/consumers.php#optout\">http:\/\/www.bluekai.com\/consumers.php#optout<\/a><\/td>\n<\/tr>\n<tr>\n<td>Eloqua<\/td>\n<td>Personalisierte E-Mail-basierte Interaktionen<\/td>\n<td><a href=\"https:\/\/www.oracle.com\/legal\/privacy\/marketing-cloud-data-cloud-privacy-policy.html\">https:\/\/www.oracle.com\/legal\/privacy\/marketing-cloud-data-cloud-privacy-policy.html<\/a><br \/>\nAbmeldung: <a href=\"https:\/\/www.oracle.com\/marketingcloud\/opt-status.html\">https:\/\/www.oracle.com\/marketingcloud\/opt-status.html<\/a><\/td>\n<\/tr>\n<tr>\n<td>DemandBase<\/td>\n<td>Gezielte, relevante Werbung anzeigen<\/td>\n<td><a href=\"https:\/\/www.demandbase.com\/privacy-policy\/\">https:\/\/www.demandbase.com\/privacy-policy\/<\/a><br \/>\nAbmeldung: DAA <a href=\"http:\/\/www.aboutads.info\/choices\/\">http:\/\/www.aboutads.info\/choices\/<\/a><\/td>\n<\/tr>\n<tr>\n<td>Adobe<\/td>\n<td>F\u00fcr Website-Analytik und Tag-Management zur Personalisierung der Website, zur Messung der Effektivit\u00e4t der Webpr\u00e4senz und von Werbeprogrammen<\/td>\n<td><a href=\"https:\/\/www.adobe.com\/privacy\/policy.html\">https:\/\/www.adobe.com\/privacy\/policy.html<\/a><br \/>\nAbmeldung: DAA: <a href=\"http:\/\/www.aboutads.info\/choices\/\">http:\/\/www.aboutads.info\/choices\/<\/a><br \/>\nNAI: <a href=\"http:\/\/optout.networkadvertising.org\/\">http:\/\/optout.networkadvertising.org\/<\/a><\/td>\n<\/tr>\n<tr>\n<td>Google<\/td>\n<td>Gezielte, relevante Werbung und gezielte Werbung f\u00fcr die Besucher unserer Websites anzeigen<\/td>\n<td><a href=\"https:\/\/policies.google.com\/privacy\">https:\/\/policies.google.com\/privacy<\/a><br \/>\nAbmeldung: <a href=\"https:\/\/adssettings.google.com\/\">https:\/\/adssettings.google.com\/<\/a><br \/>\nNAI: <a href=\"http:\/\/optout.networkadvertising.org\/\">http:\/\/optout.networkadvertising.org\/<\/a><br \/>\nDAA: <a href=\"http:\/\/optout.aboutads.info\/\">http:\/\/optout.aboutads.info\/<\/a><\/td>\n<\/tr>\n<tr>\n<td>Facebook<\/td>\n<td>Gezielte, relevante Werbung anzeigen<\/td>\n<td><a href=\"https:\/\/www.facebook.com\/privacy\/explanation\">https:\/\/www.facebook.com\/privacy\/explanation<\/a><br \/>\nAbmeldung: <a href=\"https:\/\/www.facebook.com\/help\/568137493302217\">https:\/\/www.facebook.com\/help\/568137493302217<\/a><\/td>\n<\/tr>\n<tr>\n<td>LinkedIn<\/td>\n<td>Gezielte, relevante Werbung und gezielte Werbung f\u00fcr die Besucher unserer Websites anzeigen<\/td>\n<td><a href=\"https:\/\/www.linkedin.com\/legal\/privacy-policy\">https:\/\/www.linkedin.com\/legal\/privacy-policy<\/a><br \/>\nAbmeldung: <a href=\"https:\/\/www.linkedin.com\/help\/linkedin\/answer\/62931\/manage-advertising-preferences\">https:\/\/www.linkedin.com\/help\/linkedin\/answer\/62931\/manage-advertising-preferences<\/a><\/td>\n<\/tr>\n<tr>\n<td>Kwanzoo<\/td>\n<td>Gezielte, relevante Werbung anzeigen<\/td>\n<td><a href=\"http:\/\/www.kwanzoo.com\/cms\/privacy\/\">http:\/\/www.kwanzoo.com\/cms\/privacy\/<\/a><\/td>\n<\/tr>\n<tr>\n<td>Youtube<\/td>\n<td>Zeigen Sie gezielte, relevante Werbung an. Eingebettete Videos auf unseren Websites anzeigen<\/td>\n<td><a href=\"https:\/\/policies.google.com\/privacy\">https:\/\/policies.google.com\/privacy<\/a><br \/>\nAbmeldung: <a href=\"https:\/\/adssettings.google.com\/\">https:\/\/adssettings.google.com\/<\/a><br \/>\nNAI: <a href=\"http:\/\/optout.networkadvertising.org\/\">http:\/\/optout.networkadvertising.org\/<\/a><br \/>\nDAA: <a href=\"http:\/\/optout.aboutads.info\/\">http:\/\/optout.aboutads.info\/<\/a><\/td>\n<\/tr>\n<tr>\n<td>Tintup<\/td>\n<td>Anzeige relevanter, zusammengefasster Inhalte aus sozialen Medien auf unseren Websites<\/td>\n<td><a href=\"https:\/\/www.tintup.com\/privacy\">https:\/\/www.tintup.com\/privacy<\/a><\/td>\n<\/tr>\n<tr>\n<td>hier<\/td>\n<td>Um Inhalte unserer Websites in sozialen Medien zu teilen<\/td>\n<td><a href=\"http:\/\/www.addthis.com\/privacy\/privacy-policy\">http:\/\/www.addthis.com\/privacy\/privacy-policy<\/a><br \/>\nAbmeldung: <a href=\"http:\/\/www.addthis.com\/privacy\/opt-out\">http:\/\/www.addthis.com\/privacy\/opt-out<\/a><\/td>\n<\/tr>\n<tr>\n<td>Twitter<\/td>\n<td>Gezielte, relevante Werbung und gezielte Werbung f\u00fcr die Besucher unserer Websites anzeigen<\/td>\n<td><a href=\"https:\/\/twitter.com\/en\/privacy\">https:\/\/twitter.com\/en\/privacy<\/a><br \/>\nAbmeldung: <a href=\"https:\/\/twitter.com\/personalization\">https:\/\/twitter.com\/personalization<\/a><br \/>\nDAA: <a href=\"http:\/\/optout.aboutads.info\/\">http:\/\/optout.aboutads.info\/<\/a><\/td>\n<\/tr>\n<\/tbody>\n<\/table>\n<p>&nbsp;<\/p>\n<h3>Aufbewahrung von Cookies<\/h3>\n<p>Die mit Hilfe von Cookies (mit Ausnahme der Cookies von Drittanbietern) gesammelten Informationen werden f\u00fcr einen Zeitraum von maximal 2 Jahren gespeichert. Die Aufbewahrungsfrist f\u00fcr Cookies von Drittanbietern ist in deren Datenschutz-\/Cookie-Richtlinien angegeben (als Hyperlink in der obigen Tabelle verf\u00fcgbar).<\/p>\n<h3>Wie Sie uns kontaktieren k\u00f6nnen<\/h3>\n<p>Wenn Sie Fragen zu unseren Datenschutzpraktiken oder dieser Cookie-Richtlinie haben oder diese Cookie-Richtlinie in einem anderen Format anfordern m\u00f6chten, kontaktieren Sie uns bitte unter: <strong><br \/>\n<a href=\"mailto:info@global-csg.com\">info@global-csg.com<\/a><br \/>\n<\/strong>[\/vc_column_text][\/vc_column][\/vc_row]<\/p>\n","protected":false},"excerpt":{"rendered":"<p>[vc_row full_width=&#8221;stretch_row&#8221; disable_element=&#8221;yes&#8221; css=&#8221;.vc_custom_1613646856791{padding-top: 120px !important;padding-bottom: 150px !important;background-image: url(https:\/\/www.bizinventive.club\/creative\/wp-content\/uploads\/2019\/04\/emerson-page-title-2.jpg?id=1560) !important;background-position: center !important;background-repeat: no-repeat !important;background-size: cover !important;}&#8221;][vc_column][\/vc_column][\/vc_row][vc_row css=&#8221;.vc_custom_1615288893577{padding-bottom: 40px !important;}&#8221; el_class=&#8221;large-device-padding&#8221;][vc_column][vc_column_text]Zuletzt [&hellip;]<\/p>\n","protected":false},"author":1,"featured_media":0,"parent":0,"menu_order":0,"comment_status":"closed","ping_status":"closed","template":"","meta":{"footnotes":""},"class_list":["post-13313","page","type-page","status-publish","hentry"],"_links":{"self":[{"href":"https:\/\/www.global-csg.com\/de\/wp-json\/wp\/v2\/pages\/13313","targetHints":{"allow":["GET"]}}],"collection":[{"href":"https:\/\/www.global-csg.com\/de\/wp-json\/wp\/v2\/pages"}],"about":[{"href":"https:\/\/www.global-csg.com\/de\/wp-json\/wp\/v2\/types\/page"}],"author":[{"embeddable":true,"href":"https:\/\/www.global-csg.com\/de\/wp-json\/wp\/v2\/users\/1"}],"replies":[{"embeddable":true,"href":"https:\/\/www.global-csg.com\/de\/wp-json\/wp\/v2\/comments?post=13313"}],"version-history":[{"count":0,"href":"https:\/\/www.global-csg.com\/de\/wp-json\/wp\/v2\/pages\/13313\/revisions"}],"wp:attachment":[{"href":"https:\/\/www.global-csg.com\/de\/wp-json\/wp\/v2\/media?parent=13313"}],"curies":[{"name":"wp","href":"https:\/\/api.w.org\/{rel}","templated":true}]}}