{"id":13289,"date":"2021-04-01T13:42:56","date_gmt":"2021-04-01T08:12:56","guid":{"rendered":"https:\/\/www.global-csg.com\/branchen\/transport\/"},"modified":"2024-03-27T11:30:03","modified_gmt":"2024-03-27T06:00:03","slug":"transport","status":"publish","type":"page","link":"https:\/\/www.global-csg.com\/de\/branchen\/transport\/","title":{"rendered":"Transport"},"content":{"rendered":"<p>[vc_row full_width=&#8221;stretch_row&#8221; css=&#8221;.vc_custom_1711514093050{padding-top: 120px !important;padding-bottom: 160px !important;background-image: url(https:\/\/www.global-csg.com\/wp-content\/uploads\/2021\/06\/csg-transportation-banner.jpg?id=3649) !important;background-position: center !important;background-repeat: no-repeat !important;background-size: cover !important;}&#8221; el_class=&#8221;large-device-padding inner-page-banner&#8221;][vc_column][vc_custom_heading text=&#8221;Transport&#8221; font_container=&#8221;tag:h1|text_align:center|color:%23ffffff&#8221; use_theme_fonts=&#8221;yes&#8221; css=&#8221;.vc_custom_1617264855348{margin-bottom: 15px !important;}&#8221;][vc_custom_heading text=&#8221;F\u00f6rderung der digitalen Innovation durch Fachwissen und<br \/>\nNextGen-Technologien&#8221; font_container=&#8221;tag:h4|text_align:center|color:%23ffffff&#8221; use_theme_fonts=&#8221;yes&#8221;][\/vc_column][\/vc_row][vc_row el_class=&#8221;large-device-padding&#8221;][vc_column][vc_empty_space height=&#8221;35px&#8221;][vc_row_inner equal_height=&#8221;yes&#8221; content_placement=&#8221;middle&#8221; gap=&#8221;30&#8243;][vc_column_inner offset=&#8221;vc_col-lg-6 vc_col-md-6&#8243;][vc_custom_heading text=&#8221;Digitale Exzellenz zur Gestaltung der Zukunft nutzen&#8221; font_container=&#8221;tag:h3|text_align:left&#8221; use_theme_fonts=&#8221;yes&#8221; css_animation=&#8221;fadeIn&#8221; css=&#8221;.vc_custom_1622463673974{margin-bottom: 30px !important;}&#8221;][vc_custom_heading text=&#8221;Die Digitalisierung erm\u00f6glicht radikale Ver\u00e4nderungen in der gesamten Transportbranche und versetzt Unternehmen in diesem Bereich in die Lage, strategische, kommerzielle und operative Spitzenleistungen zu erzielen. Die Digitalisierung verschiedener Gesch\u00e4ftsbereiche hilft Unternehmen nicht nur bei der Unterst\u00fctzung ihrer Kunden in verschiedenen Landschaften, sondern erleichtert ihnen auch die \u00c4nderung bestehender Prozesse, die Einf\u00fchrung neuer Initiativen, die Einf\u00fchrung einzigartiger Kulturen und die Umstrukturierung der Kundenerfahrungen aus den gewonnenen Erkenntnissen.&#8221; font_container=&#8221;tag:p|font_size:17px|text_align:left|line_height:28px&#8221; use_theme_fonts=&#8221;yes&#8221; css_animation=&#8221;fadeIn&#8221;][\/vc_column_inner][vc_column_inner el_class=&#8221;industry-intro&#8221; css=&#8221;.vc_custom_1621337204057{border-top-width: 1px !important;border-right-width: 1px !important;border-bottom-width: 1px !important;border-left-width: 1px !important;padding-top: 50px !important;padding-right: 45px !important;padding-bottom: 20px !important;padding-left: 45px !important;background-color: #f7f9fb !important;border-left-color: #e5e7f2 !important;border-left-style: solid !important;border-right-color: #e5e7f2 !important;border-right-style: solid !important;border-top-color: #e5e7f2 !important;border-top-style: solid !important;border-bottom-color: #e5e7f2 !important;border-bottom-style: solid !important;border-radius: 4px !important;}&#8221; offset=&#8221;vc_col-lg-6 vc_col-md-6&#8243;][vc_custom_heading text=&#8221;Digitale Innovation erm\u00f6glicht&#8221; font_container=&#8221;tag:h5|text_align:left&#8221; use_theme_fonts=&#8221;yes&#8221; css_animation=&#8221;fadeIn&#8221; css=&#8221;.vc_custom_1622463751018{margin-bottom: 25px !important;}&#8221;]<div id='ins-list-icon-69e73e1e3584a' class='ins-simple-icon-list margin-20px-bottom ins-icon-list-simple list-icon-medium select   ins-animated fadeIn' data-animation-delay=200><ul class='ins-simple-icon-list-inner list-style-none no-padding'><li class='ins-list-style margin-15px-bottom position-relative'><i class='ins-icon-list-icon margin-10px-right display-inline-block position-absolute left-0 fas fa-caret-right'><\/i> Electrification<\/li><li class='ins-list-style margin-15px-bottom position-relative'><i class='ins-icon-list-icon margin-10px-right display-inline-block position-absolute left-0 fas fa-caret-right'><\/i> Autonomy<\/li><li class='ins-list-style margin-15px-bottom position-relative'><i class='ins-icon-list-icon margin-10px-right display-inline-block position-absolute left-0 fas fa-caret-right'><\/i> Connectivity<\/li><li class='ins-list-style margin-15px-bottom position-relative'><i class='ins-icon-list-icon margin-10px-right display-inline-block position-absolute left-0 fas fa-caret-right'><\/i> Shared Mobility<\/li><\/ul><\/div><script type=\"text\/javascript\">\n\t\t(function(jQuery) {\n\t\t\t\t\t})(jQuery);\n\t\t\t\t\t\t<\/script>[\/vc_column_inner][\/vc_row_inner][vc_empty_space height=&#8221;70px&#8221;][\/vc_column][\/vc_row][vc_row full_width=&#8221;stretch_row_content_no_spaces&#8221; equal_height=&#8221;yes&#8221; content_placement=&#8221;middle&#8221; el_id=&#8221;Automobil&#8221;][vc_column width=&#8221;1\/2&#8243; css=&#8221;.vc_custom_1622612931122{background-image: url(https:\/\/www.global-csg.com\/wp-content\/uploads\/2021\/06\/csg-automotive.jpg?id=3650) !important;background-position: center !important;background-repeat: no-repeat !important;background-size: cover !important;}&#8221;][vc_empty_space height=&#8221;350px&#8221;][\/vc_column][vc_column width=&#8221;1\/2&#8243; css=&#8221;.vc_custom_1621337603790{padding-top: 12% !important;padding-bottom: 12% !important;padding-left: 12% !important;background-color: #f7f9fb !important;}&#8221; el_class=&#8221;industries-offer&#8221;]<div id='ins-heading-69e73e1e3596c' class='section-heading ins-heading text-left heading-below-border    vc_custom_1614679569330 '  style='margin-top:0; margin-bottom:0'><h3 class='section-heading-title margin-10px-top  default no-letter-spacing'>Automotive<\/h3><\/div><script type=\"text\/javascript\">\n\t\t(function(jQuery) {jQuery(\"head\").append(\"<style>#ins-heading-69e73e1e3596c.heading-below-border:after, #ins-heading-69e73e1e3596c.heading-inline-border .section-heading-title:before, #ins-heading-69e73e1e3596c.heading-inline-border .section-heading-title:after, #ins-heading-69e73e1e3596c.heading-inline-double-border .section-heading-title:before, #ins-heading-69e73e1e3596c.heading-inline-double-border .section-heading-title:after {border-color: #156272;}<\/style>\")\n\t\t\t\t\t})(jQuery);\n\t\t\t\t\t\t<\/script>[vc_custom_heading text=&#8221;Der Automobilverkehr wird heute in erster Linie durch eine umweltfreundlichere und sicherere Zukunft angetrieben, die durch Elektrifizierung, autonome Navigation, Konnektivit\u00e4t und gemeinsame Mobilit\u00e4t erm\u00f6glicht wird. Unsere Kunden sind gro\u00dfe Automobilmarken in den USA, Europa und Japan, die mit unerm\u00fcdlicher Leidenschaft an der Spitze von Sicherheit, Komfort und Fahrerlebnis stehen.&#8221; font_container=&#8221;tag:p|font_size:18px|text_align:left|line_height:30px&#8221; use_theme_fonts=&#8221;yes&#8221; css_animation=&#8221;fadeIn&#8221; css=&#8221;.vc_custom_1622463836607{padding-right: 20% !important;}&#8221;][vc_custom_heading text=&#8221;Wir beschleunigen die Elektrifizierung durch unser Know-how in den Bereichen Systemintegration und -steuerung, Leistungselektronik und Batteriesystemtechnik. Wir nutzen unsere nachgewiesene Erfolgsbilanz bei NextGen-Technologien, um Innovationen in den Bereichen autonome Navigation, Konnektivit\u00e4t und gemeinsame Mobilit\u00e4t voranzutreiben. Wir bef\u00e4higen unsere sehr anspruchsvollen Kunden, durch unser Fachwissen vom Konzept bis zur Produktion Gesch\u00e4ftsergebnisse zu erzielen.&#8221; font_container=&#8221;tag:p|font_size:18px|text_align:left|line_height:30px&#8221; use_theme_fonts=&#8221;yes&#8221; css_animation=&#8221;fadeIn&#8221; css=&#8221;.vc_custom_1622463818536{padding-right: 20% !important;}&#8221;][\/vc_column][\/vc_row][vc_row full_width=&#8221;stretch_row_content_no_spaces&#8221; equal_height=&#8221;yes&#8221; content_placement=&#8221;middle&#8221; el_class=&#8221;industries-offer-row-desktop&#8221; el_id=&#8221;Schienenverkehr&#8221;][vc_column width=&#8221;1\/2&#8243; css=&#8221;.vc_custom_1621338042768{padding-top: 12% !important;padding-bottom: 12% !important;padding-left: 12% !important;background-color: #f7f9fb !important;}&#8221; el_class=&#8221;industries-offer&#8221;]<div id='ins-heading-69e73e1e35a60' class='section-heading ins-heading text-left heading-below-border    vc_custom_1614679581197 '  style='margin-top:0; margin-bottom:0'><h3 class='section-heading-title margin-10px-top  default no-letter-spacing'>Rail Transportation<\/h3><\/div><script type=\"text\/javascript\">\n\t\t(function(jQuery) {jQuery(\"head\").append(\"<style>#ins-heading-69e73e1e35a60.heading-below-border:after, #ins-heading-69e73e1e35a60.heading-inline-border .section-heading-title:before, #ins-heading-69e73e1e35a60.heading-inline-border .section-heading-title:after, #ins-heading-69e73e1e35a60.heading-inline-double-border .section-heading-title:before, #ins-heading-69e73e1e35a60.heading-inline-double-border .section-heading-title:after {border-color: #156272;}<\/style>\")\n\t\t\t\t\t})(jQuery);\n\t\t\t\t\t\t<\/script>[vc_custom_heading text=&#8221;Die traditionelle, anlagenintensive globale Bahnindustrie erlebt derzeit eine Renaissance, bei der digitale Automatisierung, intelligentes Enablement und Datenanalyse genutzt werden, um Agilit\u00e4t, Flexibilit\u00e4t und Interaktivit\u00e4t bei gleichzeitiger Kostensenkung zu gew\u00e4hrleisten. Wir bef\u00e4higen Erstausr\u00fcster und Betreiber, diese Ziele zu erreichen und die Sicherheit, Zuverl\u00e4ssigkeit, Kommunikation und Effizienz mit unseren hochmodernen digitalen L\u00f6sungen zu verbessern.&#8221; font_container=&#8221;tag:p|font_size:18px|text_align:left|line_height:30px&#8221; use_theme_fonts=&#8221;yes&#8221; css_animation=&#8221;fadeIn&#8221; css=&#8221;.vc_custom_1620022767112{padding-right: 20% !important;}&#8221;][\/vc_column][vc_column width=&#8221;1\/2&#8243; css=&#8221;.vc_custom_1622612953524{background-image: url(https:\/\/www.global-csg.com\/wp-content\/uploads\/2021\/06\/csg-rail-transport.jpg?id=3651) !important;background-position: center !important;background-repeat: no-repeat !important;background-size: cover !important;}&#8221;][vc_empty_space height=&#8221;350px&#8221;][\/vc_column][\/vc_row][vc_row full_width=&#8221;stretch_row_content_no_spaces&#8221; equal_height=&#8221;yes&#8221; content_placement=&#8221;middle&#8221; el_class=&#8221;industries-offer-row-mobile&#8221;][vc_column width=&#8221;1\/2&#8243; css=&#8221;.vc_custom_1622612972987{background-image: url(https:\/\/www.global-csg.com\/wp-content\/uploads\/2021\/06\/csg-rail-transport.jpg?id=3651) !important;background-position: center !important;background-repeat: no-repeat !important;background-size: cover !important;}&#8221;][vc_empty_space height=&#8221;350px&#8221;][\/vc_column][vc_column width=&#8221;1\/2&#8243; css=&#8221;.vc_custom_1621338042768{padding-top: 12% !important;padding-bottom: 12% !important;padding-left: 12% !important;background-color: #f7f9fb !important;}&#8221; el_class=&#8221;industries-offer&#8221;]<div id='ins-heading-69e73e1e35b47' class='section-heading ins-heading text-left heading-below-border    vc_custom_1614679581197 '  style='margin-top:0; margin-bottom:0'><h3 class='section-heading-title margin-10px-top  default no-letter-spacing'>Rail Transportation<\/h3><\/div><script type=\"text\/javascript\">\n\t\t(function(jQuery) {jQuery(\"head\").append(\"<style>#ins-heading-69e73e1e35b47.heading-below-border:after, #ins-heading-69e73e1e35b47.heading-inline-border .section-heading-title:before, #ins-heading-69e73e1e35b47.heading-inline-border .section-heading-title:after, #ins-heading-69e73e1e35b47.heading-inline-double-border .section-heading-title:before, #ins-heading-69e73e1e35b47.heading-inline-double-border .section-heading-title:after {border-color: #156272;}<\/style>\")\n\t\t\t\t\t})(jQuery);\n\t\t\t\t\t\t<\/script>[vc_custom_heading text=&#8221;Die traditionelle, anlagenintensive globale Bahnindustrie erlebt derzeit eine Renaissance, bei der digitale Automatisierung, intelligentes Enablement und Datenanalyse genutzt werden, um Agilit\u00e4t, Flexibilit\u00e4t und Interaktivit\u00e4t bei gleichzeitiger Kostensenkung zu gew\u00e4hrleisten. Wir bef\u00e4higen Erstausr\u00fcster und Betreiber, diese Ziele zu erreichen und die Sicherheit, Zuverl\u00e4ssigkeit, Kommunikation und Effizienz mit unseren hochmodernen digitalen L\u00f6sungen zu verbessern.&#8221; font_container=&#8221;tag:p|font_size:18px|text_align:left|line_height:30px&#8221; use_theme_fonts=&#8221;yes&#8221; css_animation=&#8221;fadeIn&#8221; css=&#8221;.vc_custom_1620022767112{padding-right: 20% !important;}&#8221;][\/vc_column][\/vc_row][vc_row full_width=&#8221;stretch_row_content_no_spaces&#8221; equal_height=&#8221;yes&#8221; content_placement=&#8221;middle&#8221; el_id=&#8221;Off-Highway-Fahrzeuge&#8221;][vc_column width=&#8221;1\/2&#8243; css=&#8221;.vc_custom_1622612994242{background-image: url(https:\/\/www.global-csg.com\/wp-content\/uploads\/2021\/06\/csg-off-highway-vehicles.jpg?id=3652) !important;background-position: center !important;background-repeat: no-repeat !important;background-size: cover !important;}&#8221;][vc_empty_space height=&#8221;350px&#8221;][\/vc_column][vc_column width=&#8221;1\/2&#8243; css=&#8221;.vc_custom_1621338242031{padding-top: 12% !important;padding-bottom: 12% !important;padding-left: 12% !important;background-color: #f7f9fb !important;}&#8221; el_class=&#8221;industries-offer&#8221;]<div id='ins-heading-69e73e1e35c52' class='section-heading ins-heading text-left heading-below-border    vc_custom_1617265291746 '  style='margin-top:0; margin-bottom:0'><h3 class='section-heading-title margin-10px-top  default no-letter-spacing'>Off-Highway Vehicles<\/h3><\/div><script type=\"text\/javascript\">\n\t\t(function(jQuery) {jQuery(\"head\").append(\"<style>#ins-heading-69e73e1e35c52.heading-below-border:after, #ins-heading-69e73e1e35c52.heading-inline-border .section-heading-title:before, #ins-heading-69e73e1e35c52.heading-inline-border .section-heading-title:after, #ins-heading-69e73e1e35c52.heading-inline-double-border .section-heading-title:before, #ins-heading-69e73e1e35c52.heading-inline-double-border .section-heading-title:after {border-color: #156272;}<\/style>\")\n\t\t\t\t\t})(jQuery);\n\t\t\t\t\t\t<\/script>[vc_custom_heading text=&#8221;Off-Highway-Fahrzeuge profitieren von den Innovationen der Automobilindustrie in den Bereichen autonome Navigation, Konnektivit\u00e4t und gemeinsame Mobilit\u00e4t. Wir helfen unseren Kunden, diese Ziele mit unseren firmeneigenen L\u00f6sungen und unserem umfassenden Fachwissen zu erreichen. Dar\u00fcber hinaus erm\u00f6glichen wir unseren Kunden, eine bessere Kraftstoffeffizienz zu erzielen, die Sicherheit und den Komfort des Fahrers zu verbessern und gleichzeitig die Gesamtbetriebskosten f\u00fcr das Produkt zu senken.&#8221; font_container=&#8221;tag:p|font_size:18px|text_align:left|line_height:30px&#8221; use_theme_fonts=&#8221;yes&#8221; css_animation=&#8221;fadeIn&#8221; css=&#8221;.vc_custom_1622463888496{padding-right: 20% !important;}&#8221;][\/vc_column][\/vc_row][vc_row full_width=&#8221;stretch_row&#8221; el_class=&#8221;large-device-padding&#8221;][vc_column][vc_empty_space height=&#8221;56px&#8221;][vc_row_inner][vc_column_inner width=&#8221;1\/6&#8243;][\/vc_column_inner][vc_column_inner width=&#8221;2\/3&#8243;]<div id='ins-heading-69e73e1e35d32' class='section-heading ins-heading text-center heading-below-border    vc_custom_1614679615935 '  style='margin-top:0; margin-bottom:0'><h3 class='section-heading-title margin-10px-top  default no-letter-spacing'>Fallstudien<\/h3><\/div><script type=\"text\/javascript\">\n\t\t(function(jQuery) {jQuery(\"head\").append(\"<style>#ins-heading-69e73e1e35d32.heading-below-border:after, #ins-heading-69e73e1e35d32.heading-inline-border .section-heading-title:before, #ins-heading-69e73e1e35d32.heading-inline-border .section-heading-title:after, #ins-heading-69e73e1e35d32.heading-inline-double-border .section-heading-title:before, #ins-heading-69e73e1e35d32.heading-inline-double-border .section-heading-title:after {border-color: #156272;}<\/style>\")\n\t\t\t\t\t})(jQuery);\n\t\t\t\t\t\t<\/script>[\/vc_column_inner][vc_column_inner width=&#8221;1\/6&#8243;][\/vc_column_inner][\/vc_row_inner][vc_row_inner][vc_column_inner]<div class=\"inv-portfolio-element-main-wrapper clearfix inv-portfolio-wapper inv-portfolio-hover-1-wrapper \"> <div class=\"inv-portfolio-element-holder\"> <div class=\"portfolio-article-holder portfolio-grid-inner-holder clearfix\"> <div class=\"grid-sizer\"><\/div> <article class=\"col-md-4 col-lg-4 col-sm-6 col-xs-12 inv-portfolio-hover-1 inv-portfolio-item-holder\" > <div class=\"inv-portfolio-hover-1-content\"> <div class=\"inv-portfolio-hover-1-thumb\" style=\"background-image: url('https:\/\/www.global-csg.com\/wp-content\/uploads\/2021\/05\/hero-8-1024x333.jpg');\"> <div class=\"inv-portfolio-background-overlay\" style=\"background-color: #71cbcc\"><\/div> <div class=\"inv-portfolio-hover-1-overlay-wrapper\"> <div class=\"inv-portfolio-hover-1-overlay-inner\"> <div class=\"inv-portfolio-logo\"><img decoding=\"async\" src=\"\" alt=\"case-studies-logo\"><\/div> <div class=\"inv-portfolio-hover-1-entry-header\"> <div class=\"inv-portfolio-hover-1-entry-content\"> <span class=\"inv-portfolio-hover-1-cats display-block\"> <a href=https:\/\/www.global-csg.com\/case_studies_category\/transportation\/ class=\"position-relative\"><span> Transportation <\/span><\/a> <\/span> <span class=\"inv-portfolio-hover-1-title display-block\"><a href=\"https:\/\/www.global-csg.com\/de\/case_studies\/design-und-homologation-von-berufs-lkw-fahrgestellen\/\" class=\"title-font display-block\">Design und Homologation von Berufs-Lkw-Fahrgestellen<\/a><\/span> <div class=\"infobox-on-hover-icon\"> <a href=\"https:\/\/www.global-csg.com\/de\/case_studies\/design-und-homologation-von-berufs-lkw-fahrgestellen\/\"><i class=\"iconsmind-Arrow-OutRight\"><\/i><\/a> <\/div> <\/div> <\/div> <\/div> <\/div> <\/div> <\/div>\n<\/article> <article class=\"col-md-4 col-lg-4 col-sm-6 col-xs-12 inv-portfolio-hover-1 inv-portfolio-item-holder\" > <div class=\"inv-portfolio-hover-1-content\"> <div class=\"inv-portfolio-hover-1-thumb\" style=\"background-image: url('https:\/\/www.global-csg.com\/wp-content\/uploads\/2021\/05\/hero-9-1024x333.jpg');\"> <div class=\"inv-portfolio-background-overlay\" style=\"background-color: #71cbcc\"><\/div> <div class=\"inv-portfolio-hover-1-overlay-wrapper\"> <div class=\"inv-portfolio-hover-1-overlay-inner\"> <div class=\"inv-portfolio-logo\"><img decoding=\"async\" src=\"\" alt=\"case-studies-logo\"><\/div> <div class=\"inv-portfolio-hover-1-entry-header\"> <div class=\"inv-portfolio-hover-1-entry-content\"> <span class=\"inv-portfolio-hover-1-cats display-block\"> <a href=https:\/\/www.global-csg.com\/case_studies_category\/transportation\/ class=\"position-relative\"><span> Transportation <\/span><\/a> <\/span> <span class=\"inv-portfolio-hover-1-title display-block\"><a href=\"https:\/\/www.global-csg.com\/de\/case_studies\/rohbau-und-verschlusstechnik-fuer-limousinen\/\" class=\"title-font display-block\">Rohbau- und Verschlusstechnik f\u00fcr Limousinen<\/a><\/span> <div class=\"infobox-on-hover-icon\"> <a href=\"https:\/\/www.global-csg.com\/de\/case_studies\/rohbau-und-verschlusstechnik-fuer-limousinen\/\"><i class=\"iconsmind-Arrow-OutRight\"><\/i><\/a> <\/div> <\/div> <\/div> <\/div> <\/div> <\/div> <\/div>\n<\/article> <article class=\"col-md-4 col-lg-4 col-sm-6 col-xs-12 inv-portfolio-hover-1 inv-portfolio-item-holder\" > <div class=\"inv-portfolio-hover-1-content\"> <div class=\"inv-portfolio-hover-1-thumb\" style=\"background-image: url('https:\/\/www.global-csg.com\/wp-content\/uploads\/2021\/05\/hero-13-1024x333.jpg');\"> <div class=\"inv-portfolio-background-overlay\" style=\"background-color: #71cbcc\"><\/div> <div class=\"inv-portfolio-hover-1-overlay-wrapper\"> <div class=\"inv-portfolio-hover-1-overlay-inner\"> <div class=\"inv-portfolio-logo\"><img decoding=\"async\" src=\"\" alt=\"case-studies-logo\"><\/div> <div class=\"inv-portfolio-hover-1-entry-header\"> <div class=\"inv-portfolio-hover-1-entry-content\"> <span class=\"inv-portfolio-hover-1-cats display-block\"> <a href=https:\/\/www.global-csg.com\/case_studies_category\/embedded-systems\/ class=\"position-relative\"><span> Embedded Systems <\/span><\/a> <a href=https:\/\/www.global-csg.com\/case_studies_category\/hitech\/ class=\"position-relative\"><span> HiTech <\/span><\/a> <a href=https:\/\/www.global-csg.com\/case_studies_category\/transportation\/ class=\"position-relative\"><span> Transportation <\/span><\/a> <\/span> <span class=\"inv-portfolio-hover-1-title display-block\"><a href=\"https:\/\/www.global-csg.com\/de\/case_studies\/intelligenter-autonomer-roboter-zum-laden-von-elektrofahrzeugen\/\" class=\"title-font display-block\">Intelligenter autonomer Roboter zum Laden von Elektrofahrzeugen<\/a><\/span> <div class=\"infobox-on-hover-icon\"> <a href=\"https:\/\/www.global-csg.com\/de\/case_studies\/intelligenter-autonomer-roboter-zum-laden-von-elektrofahrzeugen\/\"><i class=\"iconsmind-Arrow-OutRight\"><\/i><\/a> <\/div> <\/div> <\/div> <\/div> <\/div> <\/div> <\/div>\n<\/article> <\/div> <\/div>\n<\/div>[\/vc_column_inner][\/vc_row_inner][vc_empty_space height=&#8221;54px&#8221;][\/vc_column][\/vc_row][vc_row full_width=&#8221;stretch_row&#8221; disable_element=&#8221;yes&#8221; bg_overlay=&#8221;dark20&#8243; css=&#8221;.vc_custom_1614081177616{background-image: url(https:\/\/www.insigniawpthemes.co.in\/innvoke\/wp-content\/uploads\/2019\/04\/office-image.jpg?id=1189) !important;background-position: center !important;background-repeat: no-repeat !important;background-size: cover !important;}&#8221;][vc_column css=&#8221;.vc_custom_1555563941039{padding-top: 120px !important;padding-bottom: 120px !important;}&#8221;][vc_row_inner][vc_column_inner width=&#8221;1\/4&#8243;][\/vc_column_inner][vc_column_inner width=&#8221;1\/2&#8243; css=&#8221;.vc_custom_1555563932115{padding-top: 50px !important;padding-right: 40px !important;padding-bottom: 20px !important;padding-left: 40px !important;background-color: #ffffff !important;}&#8221;][vc_custom_heading text=&#8221;Kontakt aufnehmen&#8221; font_container=&#8221;tag:h3|text_align:center&#8221; use_theme_fonts=&#8221;yes&#8221; css_animation=&#8221;fadeIn&#8221; css=&#8221;.vc_custom_1556189238194{margin-bottom: 20px !important;}&#8221;][vc_custom_heading text=&#8221;Jemanden an seiner Seite zu haben, der ein tiefes und umfassendes Verst\u00e4ndnis von Technologie hat, kann den Unterschied zwischen dem Gedeihen Ihres Unternehmens und dem blo\u00dfen \u00dcberleben ausmachen.&#8221; font_container=&#8221;tag:p|font_size:16px|text_align:center|line_height:28px&#8221; use_theme_fonts=&#8221;yes&#8221; css_animation=&#8221;fadeIn&#8221; css=&#8221;.vc_custom_1556189244564{margin-bottom: 30px !important;}&#8221;]<div id='ins-button-69e73e1e3e848' class='ins-button-wrapper text-center 30px 40px  ins-animated fadeInUp' data-animation-delay=200><a class='ins-button title-font letter-spacing-1 text-white pc-border pc-bg btn-radius-default font-weight-600 btn-medium text-uppercase ' href='#'  target='_self'><span>Discover More<\/span><\/a><\/div><script type=\"text\/javascript\">\n\t\t(function(jQuery) {jQuery(\"head\").append(\"<style>#ins-button-69e73e1e3e848 .ins-button:hover {background-color: #223645;}#ins-button-69e73e1e3e848 .ins-button:hover {border-color: #223645;}#ins-button-69e73e1e3e848.ins-button-wrapper {margin-top: 30px;}#ins-button-69e73e1e3e848.ins-button-wrapper {margin-bottom: 40px;}<\/style>\")\n\t\t\t\t\t})(jQuery);\n\t\t\t\t\t\t<\/script>[\/vc_column_inner][vc_column_inner width=&#8221;1\/4&#8243;][\/vc_column_inner][\/vc_row_inner][\/vc_column][\/vc_row][vc_row full_width=&#8221;stretch_row&#8221; bg_overlay=&#8221;dark40&#8243; css=&#8221;.vc_custom_1629516010164{background-color: #129eba !important;}&#8221; el_class=&#8221;large-device-padding&#8221;][vc_column][vc_empty_space height=&#8221;40px&#8221;][vc_custom_heading text=&#8221;Lassen Sie uns zusammenarbeiten&#8221; font_container=&#8221;tag:h2|text_align:center|color:%23ffffff&#8221; use_theme_fonts=&#8221;yes&#8221; css_animation=&#8221;fadeIn&#8221; css=&#8221;.vc_custom_1617867489331{margin-bottom: 25px !important;}&#8221;][vc_row_inner][vc_column_inner width=&#8221;1\/6&#8243;][\/vc_column_inner][vc_column_inner width=&#8221;2\/3&#8243;][vc_custom_heading text=&#8221;Nutzen Sie unser bew\u00e4hrtes Fachwissen in verschiedenen Branchen, um die Zukunft zu gestalten.&#8221; font_container=&#8221;tag:p|font_size:17px|text_align:center|color:%23ffffff|line_height:28px&#8221; use_theme_fonts=&#8221;yes&#8221; css_animation=&#8221;fadeIn&#8221; css=&#8221;.vc_custom_1617867507326{margin-bottom: 10px !important;padding-right: 12% !important;padding-left: 12% !important;}&#8221;][\/vc_column_inner][vc_column_inner width=&#8221;1\/6&#8243;][\/vc_column_inner][\/vc_row_inner][vc_raw_html]JTNDZGl2JTIwaWQlM0QlMjJpbnMtYnV0dG9uLTYwNjU4NzYxZTEyZGUlMjIlMjBjbGFzcyUzRCUyMmlucy1idXR0b24td3JhcHBlciUyMHRleHQtY2VudGVyJTIwMzBweCUyMGlucy1hbmltYXRlZCUyMGZhZGVJblVwJTIwaW5zLWFuaW1hdGUlMjIlMjBkYXRhLWFuaW1hdGlvbi1kZWxheSUzRCUyMjIwMCUyMiUzRSUzQ2ElMjBjbGFzcyUzRCUyMmlucy1idXR0b24lMjB0aXRsZS1mb250JTIwbGV0dGVyLXNwYWNpbmctMSUyMHRleHQtd2hpdGUlMjBwYy1ib3JkZXIlMjBwYy1iZyUyMGJ0bi1zcXVhcmUlMjBmb250LXdlaWdodC02MDAlMjBidG4tbWVkaXVtJTIwdGV4dC11cHBlcmNhc2UlMjAlMjIlMjBkYXRhLXRvZ2dsZSUzRCUyMm1vZGFsJTIyJTIwZGF0YS10YXJnZXQlM0QlMjIlMjNwb3B1cC1tb2RhbCUyMiUzRVNjaHJlaWJlbiUyMFNpZSUyMHVucyUzQyUyRmElM0UlM0MlMkZkaXYlM0U=[\/vc_raw_html][vc_empty_space height=&#8221;60px&#8221;][\/vc_column][\/vc_row]<\/p>\n","protected":false},"excerpt":{"rendered":"<p>[vc_row full_width=&#8221;stretch_row&#8221; css=&#8221;.vc_custom_1711514093050{padding-top: 120px !important;padding-bottom: 160px !important;background-image: url(https:\/\/www.global-csg.com\/wp-content\/uploads\/2021\/06\/csg-transportation-banner.jpg?id=3649) !important;background-position: center !important;background-repeat: no-repeat !important;background-size: cover !important;}&#8221; el_class=&#8221;large-device-padding inner-page-banner&#8221;][vc_column][vc_custom_heading text=&#8221;Transport&#8221; font_container=&#8221;tag:h1|text_align:center|color:%23ffffff&#8221; use_theme_fonts=&#8221;yes&#8221; [&hellip;]<\/p>\n","protected":false},"author":1,"featured_media":0,"parent":13270,"menu_order":0,"comment_status":"closed","ping_status":"closed","template":"","meta":{"footnotes":""},"class_list":["post-13289","page","type-page","status-publish","hentry"],"_links":{"self":[{"href":"https:\/\/www.global-csg.com\/de\/wp-json\/wp\/v2\/pages\/13289","targetHints":{"allow":["GET"]}}],"collection":[{"href":"https:\/\/www.global-csg.com\/de\/wp-json\/wp\/v2\/pages"}],"about":[{"href":"https:\/\/www.global-csg.com\/de\/wp-json\/wp\/v2\/types\/page"}],"author":[{"embeddable":true,"href":"https:\/\/www.global-csg.com\/de\/wp-json\/wp\/v2\/users\/1"}],"replies":[{"embeddable":true,"href":"https:\/\/www.global-csg.com\/de\/wp-json\/wp\/v2\/comments?post=13289"}],"version-history":[{"count":0,"href":"https:\/\/www.global-csg.com\/de\/wp-json\/wp\/v2\/pages\/13289\/revisions"}],"up":[{"embeddable":true,"href":"https:\/\/www.global-csg.com\/de\/wp-json\/wp\/v2\/pages\/13270"}],"wp:attachment":[{"href":"https:\/\/www.global-csg.com\/de\/wp-json\/wp\/v2\/media?parent=13289"}],"curies":[{"name":"wp","href":"https:\/\/api.w.org\/{rel}","templated":true}]}}